{"id":12430,"date":"2025-01-28T13:34:04","date_gmt":"2025-01-28T12:34:04","guid":{"rendered":"https:\/\/combi-pro.com\/?post_type=product&#038;p=12430"},"modified":"2026-04-13T20:35:16","modified_gmt":"2026-04-13T18:35:16","slug":"ssz280k-richmond-kids-softshell-kids","status":"publish","type":"product","link":"https:\/\/combi-pro.com\/fr\/boutique\/ssz280k-richmond-kids-softshell-kids\/","title":{"rendered":"Richmond softshell enfants \u2013 r\u00e9sistant \u00e0 l&#039;eau SSZ280K | MUKUA"},"content":{"rendered":"<p class=\"\" data-start=\"466\" data-end=\"498\"><strong data-start=\"466\" data-end=\"498\">Caract\u00e9ristiques principales:<\/strong><\/p>\n<ul>\n<li data-start=\"502\" data-end=\"566\">Tissu softshell d\u00e9perlant pour une protection l\u00e9g\u00e8re.<\/li>\n<li data-start=\"569\" data-end=\"617\">Doublure en polaire douce et chaude.<\/li>\n<li data-start=\"620\" data-end=\"676\">Fermeture \u00e0 glissi\u00e8re sur le devant avec prot\u00e8ge-menton.<\/li>\n<li data-start=\"679\" data-end=\"736\">Trois poches zipp\u00e9es pour plus de fonctionnalit\u00e9.<\/li>\n<li data-start=\"739\" data-end=\"791\">Fermetures \u00e9clair ton sur ton pour une finition nette.<\/li>\n<li data-start=\"794\" data-end=\"854\">Dos plus long et arrondi pour une meilleure couverture.<\/li>\n<li data-start=\"857\" data-end=\"916\">Poign\u00e9e \u00e0 l'int\u00e9rieur du collier pour le suspendre facilement.<\/li>\n<li data-start=\"919\" data-end=\"992\">\u00c9galement disponible en version unisexe (RICHMOND) et f\u00e9minine (RICHMOND WOMAN).<\/li>\n<\/ul>\n<p class=\"\" data-start=\"994\" data-end=\"1060\"><strong data-start=\"994\" data-end=\"1012\">Certification: <\/strong><\/p>\n<ul>\n<li data-start=\"994\" data-end=\"1060\">Con\u00e7u pour un usage quotidien et professionnel.<\/li>\n<\/ul>\n<p class=\"\" data-start=\"1062\" data-end=\"1250\"><strong data-start=\"1062\" data-end=\"1073\">Tissu:<\/strong><\/p>\n<ul>\n<li data-start=\"1062\" data-end=\"1250\">Shell : Softshell - 94 % polyester \/ 6 % \u00e9lasthanne.<\/li>\n<li data-start=\"1062\" data-end=\"1250\">Doublure : Polaire - 100 % polyester \/ 280 g\/m\u00b2.<\/li>\n<li data-start=\"1062\" data-end=\"1250\">Tissu chaud, souple, r\u00e9sistant au vent et \u00e0 l'humidit\u00e9.<\/li>\n<\/ul>\n<p class=\"\" data-start=\"1252\" data-end=\"1423\"><strong data-start=\"1252\" data-end=\"1272\">Recommandations: <\/strong><\/p>\n<ul>\n<li data-start=\"1252\" data-end=\"1423\">Parfait pour les excursions, les activit\u00e9s scolaires en plein air, l'utilisation quotidienne pendant la saison froide ou comme v\u00eatement d'ext\u00e9rieur fonctionnel et \u00e0 la mode pour les enfants.<\/li>\n<\/ul>\n<p><img decoding=\"async\" class=\"alignnone wp-image-14960\" src=\"https:\/\/combi-pro.com\/wp-content\/uploads\/2025\/01\/impresion-mukua-300x300.jpg\" alt=\"\" width=\"60\" height=\"60\" srcset=\"https:\/\/combi-pro.com\/wp-content\/uploads\/2025\/01\/impresion-mukua-300x300.jpg 300w, https:\/\/combi-pro.com\/wp-content\/uploads\/2025\/01\/impresion-mukua-100x100.jpg 100w, https:\/\/combi-pro.com\/wp-content\/uploads\/2025\/01\/impresion-mukua-64x64.jpg 64w, https:\/\/combi-pro.com\/wp-content\/uploads\/2025\/01\/impresion-mukua-150x150.jpg 150w, https:\/\/combi-pro.com\/wp-content\/uploads\/2025\/01\/impresion-mukua-12x12.jpg 12w, https:\/\/combi-pro.com\/wp-content\/uploads\/2025\/01\/impresion-mukua.jpg 427w\" sizes=\"(max-width: 60px) 100vw, 60px\" \/> <img decoding=\"async\" class=\"alignnone wp-image-14962\" src=\"https:\/\/combi-pro.com\/wp-content\/uploads\/2025\/01\/bordado-mukua.jpg\" alt=\"\" width=\"60\" height=\"60\" srcset=\"https:\/\/combi-pro.com\/wp-content\/uploads\/2025\/01\/bordado-mukua.jpg 427w, https:\/\/combi-pro.com\/wp-content\/uploads\/2025\/01\/bordado-mukua-100x100.jpg 100w, https:\/\/combi-pro.com\/wp-content\/uploads\/2025\/01\/bordado-mukua-64x64.jpg 64w, https:\/\/combi-pro.com\/wp-content\/uploads\/2025\/01\/bordado-mukua-300x300.jpg 300w, https:\/\/combi-pro.com\/wp-content\/uploads\/2025\/01\/bordado-mukua-150x150.jpg 150w, https:\/\/combi-pro.com\/wp-content\/uploads\/2025\/01\/bordado-mukua-12x12.jpg 12w\" sizes=\"(max-width: 60px) 100vw, 60px\" \/><\/p>","protected":false},"excerpt":{"rendered":"<p>La veste softshell RICHMOND KIDS offre une excellente protection contre le vent et l'humidit\u00e9 l\u00e9g\u00e8re, alliant fonctionnalit\u00e9, confort thermique et libert\u00e9 de mouvement. Id\u00e9ale pour l'\u00e9cole et les activit\u00e9s de plein air, c'est un v\u00eatement polyvalent et durable adapt\u00e9 au rythme des plus jeunes.<\/p>\n<p><strong>GUIDE DES TAILLES<\/strong><\/p>\n<p><img fetchpriority=\"high\" decoding=\"async\" class=\"alignnone wp-image-18003 size-full\" src=\"https:\/\/combi-pro.com\/wp-content\/uploads\/2025\/01\/Design-sans-titre-38.png\" alt=\"\" width=\"500\" height=\"131\" srcset=\"https:\/\/combi-pro.com\/wp-content\/uploads\/2025\/01\/Design-sans-titre-38.png 500w, https:\/\/combi-pro.com\/wp-content\/uploads\/2025\/01\/Design-sans-titre-38-300x79.png 300w, https:\/\/combi-pro.com\/wp-content\/uploads\/2025\/01\/Design-sans-titre-38-18x5.png 18w, https:\/\/combi-pro.com\/wp-content\/uploads\/2025\/01\/Design-sans-titre-38-450x118.png 450w, https:\/\/combi-pro.com\/wp-content\/uploads\/2025\/01\/Design-sans-titre-38-64x17.png 64w\" sizes=\"(max-width: 500px) 100vw, 500px\" \/><\/p>","protected":false},"featured_media":12438,"template":"","meta":{"site-sidebar-layout":"default","site-content-layout":"","ast-site-content-layout":"default","site-content-style":"default","site-sidebar-style":"default","ast-global-header-display":"","ast-banner-title-visibility":"","ast-main-header-display":"","ast-hfb-above-header-display":"","ast-hfb-below-header-display":"","ast-hfb-mobile-header-display":"","site-post-title":"","ast-breadcrumbs-content":"","ast-featured-img":"","footer-sml-layout":"","ast-disable-related-posts":"","theme-transparent-header-meta":"default","adv-header-id-meta":"","stick-header-meta":"","header-above-stick-meta":"","header-main-stick-meta":"","header-below-stick-meta":"","astra-migrate-meta-layouts":"set","ast-page-background-enabled":"default","ast-page-background-meta":{"desktop":{"background-color":"","background-image":"","background-repeat":"repeat","background-position":"center center","background-size":"auto","background-attachment":"scroll","background-type":"","background-media":"","overlay-type":"","overlay-color":"","overlay-opacity":"","overlay-gradient":""},"tablet":{"background-color":"","background-image":"","background-repeat":"repeat","background-position":"center center","background-size":"auto","background-attachment":"scroll","background-type":"","background-media":"","overlay-type":"","overlay-color":"","overlay-opacity":"","overlay-gradient":""},"mobile":{"background-color":"","background-image":"","background-repeat":"repeat","background-position":"center center","background-size":"auto","background-attachment":"scroll","background-type":"","background-media":"","overlay-type":"","overlay-color":"","overlay-opacity":"","overlay-gradient":""}},"ast-content-background-meta":{"desktop":{"background-color":"var(--ast-global-color-5)","background-image":"","background-repeat":"repeat","background-position":"center center","background-size":"auto","background-attachment":"scroll","background-type":"","background-media":"","overlay-type":"","overlay-color":"","overlay-opacity":"","overlay-gradient":""},"tablet":{"background-color":"var(--ast-global-color-5)","background-image":"","background-repeat":"repeat","background-position":"center center","background-size":"auto","background-attachment":"scroll","background-type":"","background-media":"","overlay-type":"","overlay-color":"","overlay-opacity":"","overlay-gradient":""},"mobile":{"background-color":"var(--ast-global-color-5)","background-image":"","background-repeat":"repeat","background-position":"center center","background-size":"auto","background-attachment":"scroll","background-type":"","background-media":"","overlay-type":"","overlay-color":"","overlay-opacity":"","overlay-gradient":""}}},"product_brand":[444],"product_cat":[345,340],"product_tag":[],"class_list":{"0":"post-12430","1":"product","2":"type-product","3":"status-publish","4":"has-post-thumbnail","6":"product_brand-mukua","7":"product_cat-outerwear","8":"product_cat-textil-promocional","9":"desktop-align-center","10":"tablet-align-left","11":"mobile-align-left","13":"first","14":"outofstock","15":"taxable","16":"shipping-taxable","17":"purchasable","18":"product-type-variable"},"_links":{"self":[{"href":"https:\/\/combi-pro.com\/fr\/wp-json\/wp\/v2\/product\/12430","targetHints":{"allow":["GET"]}}],"collection":[{"href":"https:\/\/combi-pro.com\/fr\/wp-json\/wp\/v2\/product"}],"about":[{"href":"https:\/\/combi-pro.com\/fr\/wp-json\/wp\/v2\/types\/product"}],"wp:featuredmedia":[{"embeddable":true,"href":"https:\/\/combi-pro.com\/fr\/wp-json\/wp\/v2\/media\/12438"}],"wp:attachment":[{"href":"https:\/\/combi-pro.com\/fr\/wp-json\/wp\/v2\/media?parent=12430"}],"wp:term":[{"taxonomy":"product_brand","embeddable":true,"href":"https:\/\/combi-pro.com\/fr\/wp-json\/wp\/v2\/product_brand?post=12430"},{"taxonomy":"product_cat","embeddable":true,"href":"https:\/\/combi-pro.com\/fr\/wp-json\/wp\/v2\/product_cat?post=12430"},{"taxonomy":"product_tag","embeddable":true,"href":"https:\/\/combi-pro.com\/fr\/wp-json\/wp\/v2\/product_tag?post=12430"}],"curies":[{"name":"wp","href":"https:\/\/api.w.org\/{rel}","templated":true}]}}