{"id":12476,"date":"2025-01-28T15:28:53","date_gmt":"2025-01-28T14:28:53","guid":{"rendered":"https:\/\/combi-pro.com\/?post_type=product&#038;p=12476"},"modified":"2026-01-26T13:23:28","modified_gmt":"2026-01-26T12:23:28","slug":"wz70k-stockton-kids-windbreaker-kids","status":"publish","type":"product","link":"https:\/\/combi-pro.com\/fr\/boutique\/wz70k-stockton-kids-windbreaker-kids\/","title":{"rendered":"Coupe-vent pour enfants STOCKTON KIDS WZ70K | MUKUA"},"content":{"rendered":"<div class=\"data item\" role=\"tablist\">\n<p class=\"\" data-start=\"452\" data-end=\"484\"><strong data-start=\"452\" data-end=\"484\">Caract\u00e9ristiques principales:<\/strong><\/p>\n<ul>\n<li data-start=\"488\" data-end=\"561\">Le tissu d\u00e9perlant offre une protection l\u00e9g\u00e8re contre la pluie.<\/li>\n<li data-start=\"564\" data-end=\"644\">Se replie sur lui-m\u00eame dans la poche gauche pour un transport facile.<\/li>\n<li data-start=\"647\" data-end=\"689\">Fermeture frontale avec zip invers\u00e9.<\/li>\n<li data-start=\"692\" data-end=\"753\">Deux poches lat\u00e9rales avec fermeture \u00e0 glissi\u00e8re et tirette.<\/li>\n<li data-start=\"756\" data-end=\"800\">Bordure \u00e9lastiqu\u00e9e ton sur ton aux poignets et \u00e0 la capuche.<\/li>\n<li data-start=\"803\" data-end=\"848\">Le bas du v\u00eatement est termin\u00e9 par un ourlet.<\/li>\n<li data-start=\"851\" data-end=\"902\">\u00c9galement disponible en version unisexe : STOCKTON.<\/li>\n<\/ul>\n<p class=\"\" data-start=\"904\" data-end=\"970\"><strong data-start=\"904\" data-end=\"922\">Certification: <\/strong><\/p>\n<ul>\n<li data-start=\"904\" data-end=\"970\">Con\u00e7u pour un usage quotidien et professionnel.<\/li>\n<\/ul>\n<p class=\"\" data-start=\"972\" data-end=\"1068\"><strong data-start=\"972\" data-end=\"983\">Tissu: <\/strong><\/p>\n<ul>\n<li data-start=\"972\" data-end=\"1068\">Taffetas - 100 polyester % \/ 70 g\/m\u00b2.<\/li>\n<li data-start=\"972\" data-end=\"1068\">L\u00e9ger, compact et facile \u00e0 ranger.<\/li>\n<\/ul>\n<p class=\"\" data-start=\"1070\" data-end=\"1239\"><strong data-start=\"1070\" data-end=\"1090\">Recommandations: <\/strong><\/p>\n<ul>\n<li data-start=\"1070\" data-end=\"1239\">Parfait pour les \u00e9coliers, les sorties en plein air, les excursions ou comme v\u00eatement de protection de base par temps venteux ou sous une pluie l\u00e9g\u00e8re.<\/li>\n<\/ul>\n<p data-start=\"1070\" data-end=\"1239\"><img decoding=\"async\" class=\"alignnone wp-image-14960\" src=\"https:\/\/combi-pro.com\/wp-content\/uploads\/2025\/01\/impresion-mukua-300x300.jpg\" alt=\"\" width=\"60\" height=\"60\" srcset=\"https:\/\/combi-pro.com\/wp-content\/uploads\/2025\/01\/impresion-mukua-300x300.jpg 300w, https:\/\/combi-pro.com\/wp-content\/uploads\/2025\/01\/impresion-mukua-100x100.jpg 100w, https:\/\/combi-pro.com\/wp-content\/uploads\/2025\/01\/impresion-mukua-64x64.jpg 64w, https:\/\/combi-pro.com\/wp-content\/uploads\/2025\/01\/impresion-mukua-150x150.jpg 150w, https:\/\/combi-pro.com\/wp-content\/uploads\/2025\/01\/impresion-mukua-12x12.jpg 12w, https:\/\/combi-pro.com\/wp-content\/uploads\/2025\/01\/impresion-mukua.jpg 427w\" sizes=\"(max-width: 60px) 100vw, 60px\" \/> <img decoding=\"async\" class=\"alignnone wp-image-14962\" src=\"https:\/\/combi-pro.com\/wp-content\/uploads\/2025\/01\/bordado-mukua.jpg\" alt=\"\" width=\"60\" height=\"60\" srcset=\"https:\/\/combi-pro.com\/wp-content\/uploads\/2025\/01\/bordado-mukua.jpg 427w, https:\/\/combi-pro.com\/wp-content\/uploads\/2025\/01\/bordado-mukua-100x100.jpg 100w, https:\/\/combi-pro.com\/wp-content\/uploads\/2025\/01\/bordado-mukua-64x64.jpg 64w, https:\/\/combi-pro.com\/wp-content\/uploads\/2025\/01\/bordado-mukua-300x300.jpg 300w, https:\/\/combi-pro.com\/wp-content\/uploads\/2025\/01\/bordado-mukua-150x150.jpg 150w, https:\/\/combi-pro.com\/wp-content\/uploads\/2025\/01\/bordado-mukua-12x12.jpg 12w\" sizes=\"(max-width: 60px) 100vw, 60px\" \/><\/p>\n<\/div>","protected":false},"excerpt":{"rendered":"<p>Le coupe-vent STOCKTON KIDS est un v\u00eatement l\u00e9ger, pratique et fonctionnel con\u00e7u pour prot\u00e9ger les petits du vent et de l'humidit\u00e9 l\u00e9g\u00e8re. Sa conception pliable et son tissu taffetas en font un v\u00eatement indispensable pour l'\u00e9cole de tous les jours, les sorties ou les activit\u00e9s de plein air.<\/p>\n<p><strong>GUIDE DES TAILLES<\/strong><\/p>\n<p><img fetchpriority=\"high\" decoding=\"async\" class=\"alignnone wp-image-17999 size-full\" src=\"https:\/\/combi-pro.com\/wp-content\/uploads\/2025\/01\/Design-sans-titre-35.png\" alt=\"\" width=\"500\" height=\"131\" srcset=\"https:\/\/combi-pro.com\/wp-content\/uploads\/2025\/01\/Design-sans-titre-35.png 500w, https:\/\/combi-pro.com\/wp-content\/uploads\/2025\/01\/Design-sans-titre-35-300x79.png 300w, https:\/\/combi-pro.com\/wp-content\/uploads\/2025\/01\/Design-sans-titre-35-18x5.png 18w, https:\/\/combi-pro.com\/wp-content\/uploads\/2025\/01\/Design-sans-titre-35-450x118.png 450w, https:\/\/combi-pro.com\/wp-content\/uploads\/2025\/01\/Design-sans-titre-35-64x17.png 64w\" sizes=\"(max-width: 500px) 100vw, 500px\" \/><\/p>\n<p>&nbsp;<\/p>","protected":false},"featured_media":12488,"template":"","meta":{"site-sidebar-layout":"default","site-content-layout":"","ast-site-content-layout":"default","site-content-style":"default","site-sidebar-style":"default","ast-global-header-display":"","ast-banner-title-visibility":"","ast-main-header-display":"","ast-hfb-above-header-display":"","ast-hfb-below-header-display":"","ast-hfb-mobile-header-display":"","site-post-title":"","ast-breadcrumbs-content":"","ast-featured-img":"","footer-sml-layout":"","ast-disable-related-posts":"","theme-transparent-header-meta":"default","adv-header-id-meta":"","stick-header-meta":"","header-above-stick-meta":"","header-main-stick-meta":"","header-below-stick-meta":"","astra-migrate-meta-layouts":"set","ast-page-background-enabled":"default","ast-page-background-meta":{"desktop":{"background-color":"","background-image":"","background-repeat":"repeat","background-position":"center center","background-size":"auto","background-attachment":"scroll","background-type":"","background-media":"","overlay-type":"","overlay-color":"","overlay-opacity":"","overlay-gradient":""},"tablet":{"background-color":"","background-image":"","background-repeat":"repeat","background-position":"center center","background-size":"auto","background-attachment":"scroll","background-type":"","background-media":"","overlay-type":"","overlay-color":"","overlay-opacity":"","overlay-gradient":""},"mobile":{"background-color":"","background-image":"","background-repeat":"repeat","background-position":"center center","background-size":"auto","background-attachment":"scroll","background-type":"","background-media":"","overlay-type":"","overlay-color":"","overlay-opacity":"","overlay-gradient":""}},"ast-content-background-meta":{"desktop":{"background-color":"var(--ast-global-color-5)","background-image":"","background-repeat":"repeat","background-position":"center center","background-size":"auto","background-attachment":"scroll","background-type":"","background-media":"","overlay-type":"","overlay-color":"","overlay-opacity":"","overlay-gradient":""},"tablet":{"background-color":"var(--ast-global-color-5)","background-image":"","background-repeat":"repeat","background-position":"center center","background-size":"auto","background-attachment":"scroll","background-type":"","background-media":"","overlay-type":"","overlay-color":"","overlay-opacity":"","overlay-gradient":""},"mobile":{"background-color":"var(--ast-global-color-5)","background-image":"","background-repeat":"repeat","background-position":"center center","background-size":"auto","background-attachment":"scroll","background-type":"","background-media":"","overlay-type":"","overlay-color":"","overlay-opacity":"","overlay-gradient":""}}},"product_brand":[442],"product_cat":[345,340],"product_tag":[],"class_list":{"0":"post-12476","1":"product","2":"type-product","3":"status-publish","4":"has-post-thumbnail","6":"product_brand-velilla","7":"product_cat-outerwear","8":"product_cat-textil-promocional","9":"desktop-align-center","10":"tablet-align-left","11":"mobile-align-left","13":"first","14":"instock","15":"taxable","16":"shipping-taxable","17":"purchasable","18":"product-type-variable","19":"has-default-attributes"},"_links":{"self":[{"href":"https:\/\/combi-pro.com\/fr\/wp-json\/wp\/v2\/product\/12476","targetHints":{"allow":["GET"]}}],"collection":[{"href":"https:\/\/combi-pro.com\/fr\/wp-json\/wp\/v2\/product"}],"about":[{"href":"https:\/\/combi-pro.com\/fr\/wp-json\/wp\/v2\/types\/product"}],"wp:featuredmedia":[{"embeddable":true,"href":"https:\/\/combi-pro.com\/fr\/wp-json\/wp\/v2\/media\/12488"}],"wp:attachment":[{"href":"https:\/\/combi-pro.com\/fr\/wp-json\/wp\/v2\/media?parent=12476"}],"wp:term":[{"taxonomy":"product_brand","embeddable":true,"href":"https:\/\/combi-pro.com\/fr\/wp-json\/wp\/v2\/product_brand?post=12476"},{"taxonomy":"product_cat","embeddable":true,"href":"https:\/\/combi-pro.com\/fr\/wp-json\/wp\/v2\/product_cat?post=12476"},{"taxonomy":"product_tag","embeddable":true,"href":"https:\/\/combi-pro.com\/fr\/wp-json\/wp\/v2\/product_tag?post=12476"}],"curies":[{"name":"wp","href":"https:\/\/api.w.org\/{rel}","templated":true}]}}