{"id":12621,"date":"2025-01-29T11:11:37","date_gmt":"2025-01-29T10:11:37","guid":{"rendered":"https:\/\/combi-pro.com\/?post_type=product&#038;p=12621"},"modified":"2026-05-02T20:00:06","modified_gmt":"2026-05-02T18:00:06","slug":"mk620v-avalon-sweat-a-col-ras-du-cou","status":"publish","type":"product","link":"https:\/\/combi-pro.com\/fr\/boutique\/mk620v-avalon-sweat-a-col-ras-du-cou\/","title":{"rendered":"AVALON sweat-shirt unisexe \u00e0 col ras du cou MK620V | MUKUA"},"content":{"rendered":"<div class=\"data item\" role=\"tablist\">\n<p class=\"\" data-start=\"437\" data-end=\"469\"><strong data-start=\"437\" data-end=\"469\">Caract\u00e9ristiques principales:<\/strong><\/p>\n<ul>\n<li data-start=\"473\" data-end=\"513\">Molleton matelass\u00e9 doux, confortable et chaud.<\/li>\n<li data-start=\"516\" data-end=\"592\">Col, poignets et ceinture en c\u00f4tes 2\u00d71 avec \u00e9lasthanne.<\/li>\n<li data-start=\"595\" data-end=\"654\">Ruban de couture \u00e0 chevrons \u00e0 l'int\u00e9rieur du col.<\/li>\n<li data-start=\"657\" data-end=\"677\">Coupe Regular Fit.<\/li>\n<li data-start=\"680\" data-end=\"732\">\u00c9galement disponible en version enfant : AVALON KIDS.<\/li>\n<\/ul>\n<p class=\"\" data-start=\"734\" data-end=\"800\"><strong data-start=\"734\" data-end=\"752\">Certification: <\/strong><\/p>\n<ul>\n<li data-start=\"734\" data-end=\"800\">Con\u00e7u pour un usage quotidien et professionnel.<\/li>\n<\/ul>\n<p class=\"\" data-start=\"802\" data-end=\"991\"><strong data-start=\"802\" data-end=\"813\">Tissu:<\/strong><\/p>\n<ul>\n<li data-start=\"802\" data-end=\"991\">Polaire matelass\u00e9e - 60 % coton \/ 40 % polyester \/ 270 g\/m\u00b2.<\/li>\n<li data-start=\"802\" data-end=\"991\">Couleur gris chin\u00e9 : 60 % coton \/ 30 % polyester \/ 10 % viscose.<\/li>\n<li data-start=\"802\" data-end=\"991\">Tissu chaud, r\u00e9sistant et facile \u00e0 entretenir.<\/li>\n<\/ul>\n<p class=\"\" data-start=\"993\" data-end=\"1160\"><strong data-start=\"993\" data-end=\"1013\">Recommandations: <\/strong><\/p>\n<ul>\n<li data-start=\"993\" data-end=\"1160\">Id\u00e9al pour les uniformes de travail, le personnel en ext\u00e9rieur, les activit\u00e9s promotionnelles ou comme v\u00eatement d'ext\u00e9rieur confortable et polyvalent pour les climats plus frais.<\/li>\n<\/ul>\n<p data-start=\"993\" data-end=\"1160\"><img decoding=\"async\" class=\"alignnone wp-image-14962\" src=\"https:\/\/combi-pro.com\/wp-content\/uploads\/2025\/01\/bordado-mukua.jpg\" alt=\"\" width=\"60\" height=\"60\" srcset=\"https:\/\/combi-pro.com\/wp-content\/uploads\/2025\/01\/bordado-mukua.jpg 427w, https:\/\/combi-pro.com\/wp-content\/uploads\/2025\/01\/bordado-mukua-100x100.jpg 100w, https:\/\/combi-pro.com\/wp-content\/uploads\/2025\/01\/bordado-mukua-64x64.jpg 64w, https:\/\/combi-pro.com\/wp-content\/uploads\/2025\/01\/bordado-mukua-300x300.jpg 300w, https:\/\/combi-pro.com\/wp-content\/uploads\/2025\/01\/bordado-mukua-150x150.jpg 150w, https:\/\/combi-pro.com\/wp-content\/uploads\/2025\/01\/bordado-mukua-12x12.jpg 12w\" sizes=\"(max-width: 60px) 100vw, 60px\" \/> <img decoding=\"async\" class=\"alignnone wp-image-14960\" src=\"https:\/\/combi-pro.com\/wp-content\/uploads\/2025\/01\/impresion-mukua-300x300.jpg\" alt=\"\" width=\"60\" height=\"60\" srcset=\"https:\/\/combi-pro.com\/wp-content\/uploads\/2025\/01\/impresion-mukua-300x300.jpg 300w, https:\/\/combi-pro.com\/wp-content\/uploads\/2025\/01\/impresion-mukua-100x100.jpg 100w, https:\/\/combi-pro.com\/wp-content\/uploads\/2025\/01\/impresion-mukua-64x64.jpg 64w, https:\/\/combi-pro.com\/wp-content\/uploads\/2025\/01\/impresion-mukua-150x150.jpg 150w, https:\/\/combi-pro.com\/wp-content\/uploads\/2025\/01\/impresion-mukua-12x12.jpg 12w, https:\/\/combi-pro.com\/wp-content\/uploads\/2025\/01\/impresion-mukua.jpg 427w\" sizes=\"(max-width: 60px) 100vw, 60px\" \/><\/p>\n<\/div>","protected":false},"excerpt":{"rendered":"<p>Le sweat AVALON est un v\u00eatement basique, chaud et fonctionnel, id\u00e9al pour un usage professionnel ou quotidien. Son tissu molletonn\u00e9 apporte douceur et confort thermique, tandis que son col ras du cou classique s'adapte \u00e0 de multiples contextes d'utilisation.<\/p>\n<p><strong>GUIDE DES TAILLES<\/strong><\/p>\n<p><img fetchpriority=\"high\" decoding=\"async\" class=\"alignnone wp-image-18021 size-full\" src=\"https:\/\/combi-pro.com\/wp-content\/uploads\/2025\/01\/Design-sans-titre-54.png\" alt=\"\" width=\"500\" height=\"131\" srcset=\"https:\/\/combi-pro.com\/wp-content\/uploads\/2025\/01\/Design-sans-titre-54.png 500w, https:\/\/combi-pro.com\/wp-content\/uploads\/2025\/01\/Design-sans-titre-54-300x79.png 300w, https:\/\/combi-pro.com\/wp-content\/uploads\/2025\/01\/Design-sans-titre-54-18x5.png 18w, https:\/\/combi-pro.com\/wp-content\/uploads\/2025\/01\/Design-sans-titre-54-450x118.png 450w, https:\/\/combi-pro.com\/wp-content\/uploads\/2025\/01\/Design-sans-titre-54-64x17.png 64w\" sizes=\"(max-width: 500px) 100vw, 500px\" \/><\/p>\n<p>&nbsp;<\/p>\n<p>&nbsp;<\/p>","protected":false},"featured_media":12644,"template":"","meta":{"site-sidebar-layout":"default","site-content-layout":"","ast-site-content-layout":"default","site-content-style":"default","site-sidebar-style":"default","ast-global-header-display":"","ast-banner-title-visibility":"","ast-main-header-display":"","ast-hfb-above-header-display":"","ast-hfb-below-header-display":"","ast-hfb-mobile-header-display":"","site-post-title":"","ast-breadcrumbs-content":"","ast-featured-img":"","footer-sml-layout":"","ast-disable-related-posts":"","theme-transparent-header-meta":"default","adv-header-id-meta":"","stick-header-meta":"","header-above-stick-meta":"","header-main-stick-meta":"","header-below-stick-meta":"","astra-migrate-meta-layouts":"set","ast-page-background-enabled":"default","ast-page-background-meta":{"desktop":{"background-color":"","background-image":"","background-repeat":"repeat","background-position":"center center","background-size":"auto","background-attachment":"scroll","background-type":"","background-media":"","overlay-type":"","overlay-color":"","overlay-opacity":"","overlay-gradient":""},"tablet":{"background-color":"","background-image":"","background-repeat":"repeat","background-position":"center center","background-size":"auto","background-attachment":"scroll","background-type":"","background-media":"","overlay-type":"","overlay-color":"","overlay-opacity":"","overlay-gradient":""},"mobile":{"background-color":"","background-image":"","background-repeat":"repeat","background-position":"center center","background-size":"auto","background-attachment":"scroll","background-type":"","background-media":"","overlay-type":"","overlay-color":"","overlay-opacity":"","overlay-gradient":""}},"ast-content-background-meta":{"desktop":{"background-color":"var(--ast-global-color-5)","background-image":"","background-repeat":"repeat","background-position":"center center","background-size":"auto","background-attachment":"scroll","background-type":"","background-media":"","overlay-type":"","overlay-color":"","overlay-opacity":"","overlay-gradient":""},"tablet":{"background-color":"var(--ast-global-color-5)","background-image":"","background-repeat":"repeat","background-position":"center center","background-size":"auto","background-attachment":"scroll","background-type":"","background-media":"","overlay-type":"","overlay-color":"","overlay-opacity":"","overlay-gradient":""},"mobile":{"background-color":"var(--ast-global-color-5)","background-image":"","background-repeat":"repeat","background-position":"center center","background-size":"auto","background-attachment":"scroll","background-type":"","background-media":"","overlay-type":"","overlay-color":"","overlay-opacity":"","overlay-gradient":""}}},"product_brand":[444],"product_cat":[343,340],"product_tag":[],"class_list":{"0":"post-12621","1":"product","2":"type-product","3":"status-publish","4":"has-post-thumbnail","6":"product_brand-mukua","7":"product_cat-sudaderas-textil-promocional","8":"product_cat-textil-promocional","9":"desktop-align-center","10":"tablet-align-left","11":"mobile-align-left","13":"first","14":"instock","15":"taxable","16":"shipping-taxable","17":"purchasable","18":"product-type-variable"},"_links":{"self":[{"href":"https:\/\/combi-pro.com\/fr\/wp-json\/wp\/v2\/product\/12621","targetHints":{"allow":["GET"]}}],"collection":[{"href":"https:\/\/combi-pro.com\/fr\/wp-json\/wp\/v2\/product"}],"about":[{"href":"https:\/\/combi-pro.com\/fr\/wp-json\/wp\/v2\/types\/product"}],"wp:featuredmedia":[{"embeddable":true,"href":"https:\/\/combi-pro.com\/fr\/wp-json\/wp\/v2\/media\/12644"}],"wp:attachment":[{"href":"https:\/\/combi-pro.com\/fr\/wp-json\/wp\/v2\/media?parent=12621"}],"wp:term":[{"taxonomy":"product_brand","embeddable":true,"href":"https:\/\/combi-pro.com\/fr\/wp-json\/wp\/v2\/product_brand?post=12621"},{"taxonomy":"product_cat","embeddable":true,"href":"https:\/\/combi-pro.com\/fr\/wp-json\/wp\/v2\/product_cat?post=12621"},{"taxonomy":"product_tag","embeddable":true,"href":"https:\/\/combi-pro.com\/fr\/wp-json\/wp\/v2\/product_tag?post=12621"}],"curies":[{"name":"wp","href":"https:\/\/api.w.org\/{rel}","templated":true}]}}