{"id":12786,"date":"2025-01-29T22:20:04","date_gmt":"2025-01-29T21:20:04","guid":{"rendered":"https:\/\/combi-pro.com\/?post_type=product&#038;p=12786"},"modified":"2026-03-10T01:05:03","modified_gmt":"2026-03-10T00:05:03","slug":"sf270u-byron-hooded-zip-up-sweatshirt-hoodie","status":"publish","type":"product","link":"https:\/\/combi-pro.com\/fr\/boutique\/sf270u-byron-hooded-zip-up-sweatshirt-hoodie\/","title":{"rendered":"BYRON SF270U sweat-shirt zipp\u00e9 unisexe \u00e0 capuche - MUKUA"},"content":{"rendered":"<div class=\"data item\" role=\"tablist\">\n<p class=\"\" data-start=\"505\" data-end=\"537\"><strong data-start=\"505\" data-end=\"537\">Caract\u00e9ristiques principales:<\/strong><\/p>\n<ul>\n<li data-start=\"541\" data-end=\"581\">Molleton matelass\u00e9 doux, confortable et chaud.<\/li>\n<li data-start=\"584\" data-end=\"641\">Capuche \u00e0 3 panneaux doubl\u00e9e d'un tissu en jersey simple.<\/li>\n<li data-start=\"644\" data-end=\"701\">Fermeture \u00e0 glissi\u00e8re en nylon robuste pour une fermeture pratique.<\/li>\n<li data-start=\"704\" data-end=\"779\">Poches kangourou avec passepoil aux fentes et coutures renforc\u00e9es.<\/li>\n<li data-start=\"782\" data-end=\"850\">Poignets et ceinture en c\u00f4tes 2\u00d71 avec \u00e9lasthanne.<\/li>\n<li data-start=\"853\" data-end=\"922\">Coutures renforc\u00e9es par une bande de jersey \u00e0 l'int\u00e9rieur du col.<\/li>\n<li data-start=\"925\" data-end=\"945\">Coupe Regular Fit.<\/li>\n<li data-start=\"948\" data-end=\"999\">\u00c9galement disponible en version pour enfants : BYRON KIDS.<\/li>\n<\/ul>\n<p class=\"\" data-start=\"1001\" data-end=\"1067\"><strong data-start=\"1001\" data-end=\"1019\">Certification: <\/strong><\/p>\n<ul>\n<li data-start=\"1001\" data-end=\"1067\">Con\u00e7u pour un usage quotidien et professionnel.<\/li>\n<\/ul>\n<p class=\"\" data-start=\"1069\" data-end=\"1263\"><strong data-start=\"1069\" data-end=\"1080\">Tissu:<\/strong><\/p>\n<ul>\n<li data-start=\"1069\" data-end=\"1263\">Polaire matelass\u00e9e - 60 % coton \/ 40 % polyester \/ 270 g\/m\u00b2.<\/li>\n<li data-start=\"1069\" data-end=\"1263\">Couleur gris chin\u00e9 : 60 % coton \/ 30 % polyester \/ 10 % viscose.<\/li>\n<li data-start=\"1069\" data-end=\"1263\">Tissu chaud, r\u00e9sistant et facile \u00e0 entretenir.<\/li>\n<\/ul>\n<p class=\"\" data-start=\"1265\" data-end=\"1435\"><strong data-start=\"1265\" data-end=\"1285\">Recommandations: <\/strong><\/p>\n<ul>\n<li data-start=\"1265\" data-end=\"1435\">Id\u00e9al pour les \u00e9quipes de travail, le personnel en ext\u00e9rieur, les uniformes d'entreprise ou comme v\u00eatement d\u00e9contract\u00e9 polyvalent pour un usage quotidien pendant les saisons plus froides.<\/li>\n<\/ul>\n<p data-start=\"1265\" data-end=\"1435\"><img decoding=\"async\" class=\"alignnone wp-image-14960\" src=\"https:\/\/combi-pro.com\/wp-content\/uploads\/2025\/01\/impresion-mukua-300x300.jpg\" alt=\"\" width=\"60\" height=\"60\" srcset=\"https:\/\/combi-pro.com\/wp-content\/uploads\/2025\/01\/impresion-mukua-300x300.jpg 300w, https:\/\/combi-pro.com\/wp-content\/uploads\/2025\/01\/impresion-mukua-100x100.jpg 100w, https:\/\/combi-pro.com\/wp-content\/uploads\/2025\/01\/impresion-mukua-64x64.jpg 64w, https:\/\/combi-pro.com\/wp-content\/uploads\/2025\/01\/impresion-mukua-150x150.jpg 150w, https:\/\/combi-pro.com\/wp-content\/uploads\/2025\/01\/impresion-mukua-12x12.jpg 12w, https:\/\/combi-pro.com\/wp-content\/uploads\/2025\/01\/impresion-mukua.jpg 427w\" sizes=\"(max-width: 60px) 100vw, 60px\" \/> <img decoding=\"async\" class=\"alignnone wp-image-14962\" src=\"https:\/\/combi-pro.com\/wp-content\/uploads\/2025\/01\/bordado-mukua.jpg\" alt=\"\" width=\"60\" height=\"60\" srcset=\"https:\/\/combi-pro.com\/wp-content\/uploads\/2025\/01\/bordado-mukua.jpg 427w, https:\/\/combi-pro.com\/wp-content\/uploads\/2025\/01\/bordado-mukua-100x100.jpg 100w, https:\/\/combi-pro.com\/wp-content\/uploads\/2025\/01\/bordado-mukua-64x64.jpg 64w, https:\/\/combi-pro.com\/wp-content\/uploads\/2025\/01\/bordado-mukua-300x300.jpg 300w, https:\/\/combi-pro.com\/wp-content\/uploads\/2025\/01\/bordado-mukua-150x150.jpg 150w, https:\/\/combi-pro.com\/wp-content\/uploads\/2025\/01\/bordado-mukua-12x12.jpg 12w\" sizes=\"(max-width: 60px) 100vw, 60px\" \/><\/p>\n<\/div>","protected":false},"excerpt":{"rendered":"<p>Le sweat-shirt zipp\u00e9 \u00e0 capuche BYRON est con\u00e7u pour apporter chaleur, fonctionnalit\u00e9 et style dans les climats plus frais. Fabriqu\u00e9 \u00e0 partir d'un m\u00e9lange coton-polyester molletonn\u00e9, il offre une excellente durabilit\u00e9 et un grand confort, id\u00e9al pour un usage professionnel ou personnel.<\/p>\n<p><strong>GUIDE DES TAILLES<\/strong><\/p>\n<p><img fetchpriority=\"high\" decoding=\"async\" class=\"alignnone wp-image-18020 size-full\" src=\"https:\/\/combi-pro.com\/wp-content\/uploads\/2025\/01\/Design-sans-titre-53.png\" alt=\"\" width=\"500\" height=\"131\" srcset=\"https:\/\/combi-pro.com\/wp-content\/uploads\/2025\/01\/Design-sans-titre-53.png 500w, https:\/\/combi-pro.com\/wp-content\/uploads\/2025\/01\/Design-sans-titre-53-300x79.png 300w, https:\/\/combi-pro.com\/wp-content\/uploads\/2025\/01\/Design-sans-titre-53-18x5.png 18w, https:\/\/combi-pro.com\/wp-content\/uploads\/2025\/01\/Design-sans-titre-53-450x118.png 450w, https:\/\/combi-pro.com\/wp-content\/uploads\/2025\/01\/Design-sans-titre-53-64x17.png 64w\" sizes=\"(max-width: 500px) 100vw, 500px\" \/><\/p>","protected":false},"featured_media":12814,"template":"","meta":{"site-sidebar-layout":"default","site-content-layout":"","ast-site-content-layout":"default","site-content-style":"default","site-sidebar-style":"default","ast-global-header-display":"","ast-banner-title-visibility":"","ast-main-header-display":"","ast-hfb-above-header-display":"","ast-hfb-below-header-display":"","ast-hfb-mobile-header-display":"","site-post-title":"","ast-breadcrumbs-content":"","ast-featured-img":"","footer-sml-layout":"","ast-disable-related-posts":"","theme-transparent-header-meta":"default","adv-header-id-meta":"","stick-header-meta":"","header-above-stick-meta":"","header-main-stick-meta":"","header-below-stick-meta":"","astra-migrate-meta-layouts":"set","ast-page-background-enabled":"default","ast-page-background-meta":{"desktop":{"background-color":"","background-image":"","background-repeat":"repeat","background-position":"center center","background-size":"auto","background-attachment":"scroll","background-type":"","background-media":"","overlay-type":"","overlay-color":"","overlay-opacity":"","overlay-gradient":""},"tablet":{"background-color":"","background-image":"","background-repeat":"repeat","background-position":"center center","background-size":"auto","background-attachment":"scroll","background-type":"","background-media":"","overlay-type":"","overlay-color":"","overlay-opacity":"","overlay-gradient":""},"mobile":{"background-color":"","background-image":"","background-repeat":"repeat","background-position":"center center","background-size":"auto","background-attachment":"scroll","background-type":"","background-media":"","overlay-type":"","overlay-color":"","overlay-opacity":"","overlay-gradient":""}},"ast-content-background-meta":{"desktop":{"background-color":"var(--ast-global-color-5)","background-image":"","background-repeat":"repeat","background-position":"center center","background-size":"auto","background-attachment":"scroll","background-type":"","background-media":"","overlay-type":"","overlay-color":"","overlay-opacity":"","overlay-gradient":""},"tablet":{"background-color":"var(--ast-global-color-5)","background-image":"","background-repeat":"repeat","background-position":"center center","background-size":"auto","background-attachment":"scroll","background-type":"","background-media":"","overlay-type":"","overlay-color":"","overlay-opacity":"","overlay-gradient":""},"mobile":{"background-color":"var(--ast-global-color-5)","background-image":"","background-repeat":"repeat","background-position":"center center","background-size":"auto","background-attachment":"scroll","background-type":"","background-media":"","overlay-type":"","overlay-color":"","overlay-opacity":"","overlay-gradient":""}}},"product_brand":[444],"product_cat":[343,340],"product_tag":[],"class_list":{"0":"post-12786","1":"product","2":"type-product","3":"status-publish","4":"has-post-thumbnail","6":"product_brand-mukua","7":"product_cat-sudaderas-textil-promocional","8":"product_cat-textil-promocional","9":"desktop-align-center","10":"tablet-align-left","11":"mobile-align-left","13":"first","14":"instock","15":"taxable","16":"shipping-taxable","17":"purchasable","18":"product-type-variable"},"_links":{"self":[{"href":"https:\/\/combi-pro.com\/fr\/wp-json\/wp\/v2\/product\/12786","targetHints":{"allow":["GET"]}}],"collection":[{"href":"https:\/\/combi-pro.com\/fr\/wp-json\/wp\/v2\/product"}],"about":[{"href":"https:\/\/combi-pro.com\/fr\/wp-json\/wp\/v2\/types\/product"}],"wp:featuredmedia":[{"embeddable":true,"href":"https:\/\/combi-pro.com\/fr\/wp-json\/wp\/v2\/media\/12814"}],"wp:attachment":[{"href":"https:\/\/combi-pro.com\/fr\/wp-json\/wp\/v2\/media?parent=12786"}],"wp:term":[{"taxonomy":"product_brand","embeddable":true,"href":"https:\/\/combi-pro.com\/fr\/wp-json\/wp\/v2\/product_brand?post=12786"},{"taxonomy":"product_cat","embeddable":true,"href":"https:\/\/combi-pro.com\/fr\/wp-json\/wp\/v2\/product_cat?post=12786"},{"taxonomy":"product_tag","embeddable":true,"href":"https:\/\/combi-pro.com\/fr\/wp-json\/wp\/v2\/product_tag?post=12786"}],"curies":[{"name":"wp","href":"https:\/\/api.w.org\/{rel}","templated":true}]}}