{"id":12859,"date":"2025-01-30T12:00:10","date_gmt":"2025-01-30T11:00:10","guid":{"rendered":"https:\/\/combi-pro.com\/?post_type=product&#038;p=12859"},"modified":"2026-04-13T20:38:01","modified_gmt":"2026-04-13T18:38:01","slug":"scn300w-sweat-shirt-a-col-ras-du-cou-ocs-pour-femmes","status":"publish","type":"product","link":"https:\/\/combi-pro.com\/fr\/boutique\/scn300w-sweat-shirt-a-col-ras-du-cou-ocs-pour-femmes\/","title":{"rendered":"Sweat-shirt unisexe \u00e0 manches longues DUNE SCN300U | MUKUA"},"content":{"rendered":"<div class=\"data item\" role=\"tablist\">\n<p class=\"\" data-start=\"501\" data-end=\"533\"><strong data-start=\"501\" data-end=\"533\">Caract\u00e9ristiques principales:<\/strong><\/p>\n<ul>\n<li data-start=\"537\" data-end=\"577\">Molleton matelass\u00e9 doux, confortable et chaud.<\/li>\n<li data-start=\"580\" data-end=\"643\">Col, poignets et ceinture en tricot c\u00f4tel\u00e9 1\u00d71.<\/li>\n<li data-start=\"646\" data-end=\"728\">Coutures \u00e0 chevrons \u00e0 l'int\u00e9rieur du col pour une plus grande durabilit\u00e9.<\/li>\n<li data-start=\"731\" data-end=\"796\">Sans \u00e9tiquette de marque sur le col, id\u00e9al pour la personnalisation.<\/li>\n<li data-start=\"799\" data-end=\"819\">Coupe Regular Fit.<\/li>\n<li data-start=\"822\" data-end=\"890\">\u00c9galement disponible en version femme (DUNE WOMAN) et en version enfant (DUNE KIDS).<\/li>\n<\/ul>\n<p class=\"\" data-start=\"892\" data-end=\"958\"><strong data-start=\"892\" data-end=\"910\">Certification: <\/strong><\/p>\n<ul>\n<li data-start=\"892\" data-end=\"958\">Con\u00e7u pour un usage quotidien et professionnel.<\/li>\n<\/ul>\n<p class=\"\" data-start=\"960\" data-end=\"1119\"><strong data-start=\"960\" data-end=\"971\">Tissu:<\/strong><\/p>\n<ul>\n<li data-start=\"960\" data-end=\"1119\">Eponge - 85 % coton biologique Ringspun \/ 15 % polyester recycl\u00e9 \/ 300 g\/m\u00b2.<\/li>\n<li data-start=\"960\" data-end=\"1119\">Tissu \u00e9pais, chaud et respectueux de l'environnement.<\/li>\n<\/ul>\n<p class=\"\" data-start=\"1121\" data-end=\"1275\"><strong data-start=\"1121\" data-end=\"1141\">Recommandations: <\/strong><\/p>\n<ul>\n<li data-start=\"1121\" data-end=\"1275\">Id\u00e9al pour les uniformes durables, les \u00e9quipes de travail en ext\u00e9rieur, l'\u00e9cole ou comme v\u00eatement d'\u00e9chauffement de base pour les climats plus frais.<\/li>\n<\/ul>\n<p data-start=\"1121\" data-end=\"1275\"><img decoding=\"async\" class=\"alignnone wp-image-14960\" src=\"https:\/\/combi-pro.com\/wp-content\/uploads\/2025\/01\/impresion-mukua-300x300.jpg\" alt=\"\" width=\"60\" height=\"60\" srcset=\"https:\/\/combi-pro.com\/wp-content\/uploads\/2025\/01\/impresion-mukua-300x300.jpg 300w, https:\/\/combi-pro.com\/wp-content\/uploads\/2025\/01\/impresion-mukua-100x100.jpg 100w, https:\/\/combi-pro.com\/wp-content\/uploads\/2025\/01\/impresion-mukua-64x64.jpg 64w, https:\/\/combi-pro.com\/wp-content\/uploads\/2025\/01\/impresion-mukua-150x150.jpg 150w, https:\/\/combi-pro.com\/wp-content\/uploads\/2025\/01\/impresion-mukua-12x12.jpg 12w, https:\/\/combi-pro.com\/wp-content\/uploads\/2025\/01\/impresion-mukua.jpg 427w\" sizes=\"(max-width: 60px) 100vw, 60px\" \/> <img decoding=\"async\" class=\"alignnone wp-image-14962\" src=\"https:\/\/combi-pro.com\/wp-content\/uploads\/2025\/01\/bordado-mukua.jpg\" alt=\"\" width=\"60\" height=\"60\" srcset=\"https:\/\/combi-pro.com\/wp-content\/uploads\/2025\/01\/bordado-mukua.jpg 427w, https:\/\/combi-pro.com\/wp-content\/uploads\/2025\/01\/bordado-mukua-100x100.jpg 100w, https:\/\/combi-pro.com\/wp-content\/uploads\/2025\/01\/bordado-mukua-64x64.jpg 64w, https:\/\/combi-pro.com\/wp-content\/uploads\/2025\/01\/bordado-mukua-300x300.jpg 300w, https:\/\/combi-pro.com\/wp-content\/uploads\/2025\/01\/bordado-mukua-150x150.jpg 150w, https:\/\/combi-pro.com\/wp-content\/uploads\/2025\/01\/bordado-mukua-12x12.jpg 12w\" sizes=\"(max-width: 60px) 100vw, 60px\" \/><\/p>\n<\/div>","protected":false},"excerpt":{"rendered":"<p>Le sweat-shirt DUNE est une option durable, chaude et polyvalente \u00e0 porter au quotidien. Dot\u00e9 d'un col ras du cou classique et fabriqu\u00e9 \u00e0 partir de coton biologique et de polyester recycl\u00e9 matelass\u00e9, il offre confort, durabilit\u00e9 et respect de l'environnement.<\/p>\n<p><img decoding=\"async\" class=\"alignnone size-full wp-image-15389\" src=\"https:\/\/combi-pro.com\/wp-content\/uploads\/2025\/01\/Textile-Exchange-RECYCLED_0.png\" alt=\"\" width=\"114\" height=\"40\" srcset=\"https:\/\/combi-pro.com\/wp-content\/uploads\/2025\/01\/Textile-Exchange-RECYCLED_0.png 114w, https:\/\/combi-pro.com\/wp-content\/uploads\/2025\/01\/Textile-Exchange-RECYCLED_0-64x22.png 64w, https:\/\/combi-pro.com\/wp-content\/uploads\/2025\/01\/Textile-Exchange-RECYCLED_0-18x6.png 18w\" sizes=\"(max-width: 114px) 100vw, 114px\" \/> <img loading=\"lazy\" decoding=\"async\" class=\"alignnone size-full wp-image-15388\" src=\"https:\/\/combi-pro.com\/wp-content\/uploads\/2025\/01\/Textile-Exchange-BLENDED_0.png\" alt=\"\" width=\"116\" height=\"40\" srcset=\"https:\/\/combi-pro.com\/wp-content\/uploads\/2025\/01\/Textile-Exchange-BLENDED_0.png 116w, https:\/\/combi-pro.com\/wp-content\/uploads\/2025\/01\/Textile-Exchange-BLENDED_0-64x22.png 64w, https:\/\/combi-pro.com\/wp-content\/uploads\/2025\/01\/Textile-Exchange-BLENDED_0-18x6.png 18w\" sizes=\"(max-width: 116px) 100vw, 116px\" \/> <img loading=\"lazy\" decoding=\"async\" class=\"alignnone size-full wp-image-15281\" src=\"https:\/\/combi-pro.com\/wp-content\/uploads\/2025\/01\/OEKOTEX-31_0.png\" alt=\"\" width=\"91\" height=\"40\" srcset=\"https:\/\/combi-pro.com\/wp-content\/uploads\/2025\/01\/OEKOTEX-31_0.png 91w, https:\/\/combi-pro.com\/wp-content\/uploads\/2025\/01\/OEKOTEX-31_0-64x28.png 64w, https:\/\/combi-pro.com\/wp-content\/uploads\/2025\/01\/OEKOTEX-31_0-18x8.png 18w\" sizes=\"(max-width: 91px) 100vw, 91px\" \/><\/p>\n<p><strong>GUIDE DES TAILLES<\/strong><\/p>\n<p><img loading=\"lazy\" decoding=\"async\" class=\"alignnone wp-image-17710 size-full\" src=\"https:\/\/combi-pro.com\/wp-content\/uploads\/2025\/01\/Design-sans-titre-9.png\" alt=\"\" width=\"500\" height=\"220\" srcset=\"https:\/\/combi-pro.com\/wp-content\/uploads\/2025\/01\/Design-sans-titre-9.png 500w, https:\/\/combi-pro.com\/wp-content\/uploads\/2025\/01\/Design-sans-titre-9-450x198.png 450w, https:\/\/combi-pro.com\/wp-content\/uploads\/2025\/01\/Design-sans-titre-9-64x28.png 64w, https:\/\/combi-pro.com\/wp-content\/uploads\/2025\/01\/Design-sans-titre-9-300x132.png 300w, https:\/\/combi-pro.com\/wp-content\/uploads\/2025\/01\/Design-sans-titre-9-18x8.png 18w\" sizes=\"(max-width: 500px) 100vw, 500px\" \/><\/p>\n<p>&nbsp;<\/p>","protected":false},"featured_media":12851,"template":"","meta":{"site-sidebar-layout":"default","site-content-layout":"","ast-site-content-layout":"default","site-content-style":"default","site-sidebar-style":"default","ast-global-header-display":"","ast-banner-title-visibility":"","ast-main-header-display":"","ast-hfb-above-header-display":"","ast-hfb-below-header-display":"","ast-hfb-mobile-header-display":"","site-post-title":"","ast-breadcrumbs-content":"","ast-featured-img":"","footer-sml-layout":"","ast-disable-related-posts":"","theme-transparent-header-meta":"default","adv-header-id-meta":"","stick-header-meta":"","header-above-stick-meta":"","header-main-stick-meta":"","header-below-stick-meta":"","astra-migrate-meta-layouts":"set","ast-page-background-enabled":"default","ast-page-background-meta":{"desktop":{"background-color":"","background-image":"","background-repeat":"repeat","background-position":"center center","background-size":"auto","background-attachment":"scroll","background-type":"","background-media":"","overlay-type":"","overlay-color":"","overlay-opacity":"","overlay-gradient":""},"tablet":{"background-color":"","background-image":"","background-repeat":"repeat","background-position":"center center","background-size":"auto","background-attachment":"scroll","background-type":"","background-media":"","overlay-type":"","overlay-color":"","overlay-opacity":"","overlay-gradient":""},"mobile":{"background-color":"","background-image":"","background-repeat":"repeat","background-position":"center center","background-size":"auto","background-attachment":"scroll","background-type":"","background-media":"","overlay-type":"","overlay-color":"","overlay-opacity":"","overlay-gradient":""}},"ast-content-background-meta":{"desktop":{"background-color":"var(--ast-global-color-5)","background-image":"","background-repeat":"repeat","background-position":"center center","background-size":"auto","background-attachment":"scroll","background-type":"","background-media":"","overlay-type":"","overlay-color":"","overlay-opacity":"","overlay-gradient":""},"tablet":{"background-color":"var(--ast-global-color-5)","background-image":"","background-repeat":"repeat","background-position":"center center","background-size":"auto","background-attachment":"scroll","background-type":"","background-media":"","overlay-type":"","overlay-color":"","overlay-opacity":"","overlay-gradient":""},"mobile":{"background-color":"var(--ast-global-color-5)","background-image":"","background-repeat":"repeat","background-position":"center center","background-size":"auto","background-attachment":"scroll","background-type":"","background-media":"","overlay-type":"","overlay-color":"","overlay-opacity":"","overlay-gradient":""}}},"product_brand":[444],"product_cat":[344,343,340],"product_tag":[],"class_list":{"0":"post-12859","1":"product","2":"type-product","3":"status-publish","4":"has-post-thumbnail","6":"product_brand-mukua","7":"product_cat-gama-natura","8":"product_cat-sudaderas-textil-promocional","9":"product_cat-textil-promocional","10":"desktop-align-center","11":"tablet-align-left","12":"mobile-align-left","14":"first","15":"outofstock","16":"taxable","17":"shipping-taxable","18":"purchasable","19":"product-type-variable"},"_links":{"self":[{"href":"https:\/\/combi-pro.com\/fr\/wp-json\/wp\/v2\/product\/12859","targetHints":{"allow":["GET"]}}],"collection":[{"href":"https:\/\/combi-pro.com\/fr\/wp-json\/wp\/v2\/product"}],"about":[{"href":"https:\/\/combi-pro.com\/fr\/wp-json\/wp\/v2\/types\/product"}],"wp:featuredmedia":[{"embeddable":true,"href":"https:\/\/combi-pro.com\/fr\/wp-json\/wp\/v2\/media\/12851"}],"wp:attachment":[{"href":"https:\/\/combi-pro.com\/fr\/wp-json\/wp\/v2\/media?parent=12859"}],"wp:term":[{"taxonomy":"product_brand","embeddable":true,"href":"https:\/\/combi-pro.com\/fr\/wp-json\/wp\/v2\/product_brand?post=12859"},{"taxonomy":"product_cat","embeddable":true,"href":"https:\/\/combi-pro.com\/fr\/wp-json\/wp\/v2\/product_cat?post=12859"},{"taxonomy":"product_tag","embeddable":true,"href":"https:\/\/combi-pro.com\/fr\/wp-json\/wp\/v2\/product_tag?post=12859"}],"curies":[{"name":"wp","href":"https:\/\/api.w.org\/{rel}","templated":true}]}}