{"id":12893,"date":"2025-01-30T13:06:01","date_gmt":"2025-01-30T12:06:01","guid":{"rendered":"https:\/\/combi-pro.com\/?post_type=product&#038;p=12893"},"modified":"2026-04-13T20:38:20","modified_gmt":"2026-04-13T18:38:20","slug":"shn300k-reef-kids-sweat-a-capuche-ocs-kids","status":"publish","type":"product","link":"https:\/\/combi-pro.com\/fr\/boutique\/shn300k-reef-kids-sweat-a-capuche-ocs-kids\/","title":{"rendered":"Sweat \u00e0 capuche pour enfants REEF KIDS SHN300K | MUKUA"},"content":{"rendered":"<div class=\"data item\" role=\"tablist\">\n<p class=\"\" data-start=\"518\" data-end=\"550\"><strong data-start=\"518\" data-end=\"550\">Caract\u00e9ristiques principales:<\/strong><\/p>\n<ul>\n<li data-start=\"554\" data-end=\"594\">Molleton matelass\u00e9 doux, confortable et chaud.<\/li>\n<li data-start=\"597\" data-end=\"648\">Capuche \u00e0 2 panneaux doubl\u00e9e du m\u00eame tissu.<\/li>\n<li data-start=\"651\" data-end=\"720\">Poche kangourou avec passepoil sur les a\u00e9rations et coutures renforc\u00e9es.<\/li>\n<li data-start=\"723\" data-end=\"778\">Poignets et ceinture c\u00f4tel\u00e9s 1\u00d71.<\/li>\n<li data-start=\"781\" data-end=\"850\">Coutures renforc\u00e9es avec bande \u00e0 chevrons \u00e0 l'int\u00e9rieur du col.<\/li>\n<li data-start=\"853\" data-end=\"918\">Sans \u00e9tiquette de marque sur le col, id\u00e9al pour la personnalisation.<\/li>\n<li data-start=\"921\" data-end=\"986\">\u00c9galement disponible en version unisexe (REEF) et f\u00e9minine (REEF WOMAN).<\/li>\n<\/ul>\n<p class=\"\" data-start=\"988\" data-end=\"1054\"><strong data-start=\"988\" data-end=\"1006\">Certification: <\/strong><\/p>\n<ul>\n<li data-start=\"988\" data-end=\"1054\">Con\u00e7u pour un usage quotidien et professionnel.<\/li>\n<\/ul>\n<p class=\"\" data-start=\"1056\" data-end=\"1215\"><strong data-start=\"1056\" data-end=\"1067\">Tissu:<\/strong><\/p>\n<ul>\n<li data-start=\"1056\" data-end=\"1215\">Eponge - 85 % coton biologique Ringspun \/ 15 % polyester recycl\u00e9 \/ 300 g\/m\u00b2.<\/li>\n<li data-start=\"1056\" data-end=\"1215\">Tissu \u00e9pais, chaud et respectueux de l'environnement.<\/li>\n<\/ul>\n<p class=\"\" data-start=\"1217\" data-end=\"1394\"><strong data-start=\"1217\" data-end=\"1237\">Recommandations: <\/strong><\/p>\n<ul>\n<li data-start=\"1217\" data-end=\"1394\">Parfait pour les uniformes scolaires durables, la randonn\u00e9e, les activit\u00e9s de plein air ou l'utilisation quotidienne par temps froid o\u00f9 la chaleur et le confort sont n\u00e9cessaires.<\/li>\n<\/ul>\n<p data-start=\"1217\" data-end=\"1394\"><img decoding=\"async\" class=\"alignnone wp-image-14962\" src=\"https:\/\/combi-pro.com\/wp-content\/uploads\/2025\/01\/bordado-mukua.jpg\" alt=\"\" width=\"60\" height=\"60\" srcset=\"https:\/\/combi-pro.com\/wp-content\/uploads\/2025\/01\/bordado-mukua.jpg 427w, https:\/\/combi-pro.com\/wp-content\/uploads\/2025\/01\/bordado-mukua-100x100.jpg 100w, https:\/\/combi-pro.com\/wp-content\/uploads\/2025\/01\/bordado-mukua-64x64.jpg 64w, https:\/\/combi-pro.com\/wp-content\/uploads\/2025\/01\/bordado-mukua-300x300.jpg 300w, https:\/\/combi-pro.com\/wp-content\/uploads\/2025\/01\/bordado-mukua-150x150.jpg 150w, https:\/\/combi-pro.com\/wp-content\/uploads\/2025\/01\/bordado-mukua-12x12.jpg 12w\" sizes=\"(max-width: 60px) 100vw, 60px\" \/> <img decoding=\"async\" class=\"alignnone wp-image-14960\" src=\"https:\/\/combi-pro.com\/wp-content\/uploads\/2025\/01\/impresion-mukua-300x300.jpg\" alt=\"\" width=\"60\" height=\"60\" srcset=\"https:\/\/combi-pro.com\/wp-content\/uploads\/2025\/01\/impresion-mukua-300x300.jpg 300w, https:\/\/combi-pro.com\/wp-content\/uploads\/2025\/01\/impresion-mukua-100x100.jpg 100w, https:\/\/combi-pro.com\/wp-content\/uploads\/2025\/01\/impresion-mukua-64x64.jpg 64w, https:\/\/combi-pro.com\/wp-content\/uploads\/2025\/01\/impresion-mukua-150x150.jpg 150w, https:\/\/combi-pro.com\/wp-content\/uploads\/2025\/01\/impresion-mukua-12x12.jpg 12w, https:\/\/combi-pro.com\/wp-content\/uploads\/2025\/01\/impresion-mukua.jpg 427w\" sizes=\"(max-width: 60px) 100vw, 60px\" \/><\/p>\n<\/div>","protected":false},"excerpt":{"rendered":"<p>Le sweat \u00e0 capuche REEF KIDS est con\u00e7u pour apporter chaleur, douceur et libert\u00e9 de mouvement aux plus petits. Fabriqu\u00e9 \u00e0 partir de mat\u00e9riaux durables, il allie fonctionnalit\u00e9, durabilit\u00e9 et confort dans un v\u00eatement id\u00e9al pour les activit\u00e9s quotidiennes \u00e0 l'\u00e9cole ou en plein air.<\/p>\n<p><img decoding=\"async\" class=\"alignnone size-full wp-image-15389\" src=\"https:\/\/combi-pro.com\/wp-content\/uploads\/2025\/01\/Textile-Exchange-RECYCLED_0.png\" alt=\"\" width=\"114\" height=\"40\" srcset=\"https:\/\/combi-pro.com\/wp-content\/uploads\/2025\/01\/Textile-Exchange-RECYCLED_0.png 114w, https:\/\/combi-pro.com\/wp-content\/uploads\/2025\/01\/Textile-Exchange-RECYCLED_0-64x22.png 64w, https:\/\/combi-pro.com\/wp-content\/uploads\/2025\/01\/Textile-Exchange-RECYCLED_0-18x6.png 18w\" sizes=\"(max-width: 114px) 100vw, 114px\" \/> <img loading=\"lazy\" decoding=\"async\" class=\"alignnone size-full wp-image-15388\" src=\"https:\/\/combi-pro.com\/wp-content\/uploads\/2025\/01\/Textile-Exchange-BLENDED_0.png\" alt=\"\" width=\"116\" height=\"40\" srcset=\"https:\/\/combi-pro.com\/wp-content\/uploads\/2025\/01\/Textile-Exchange-BLENDED_0.png 116w, https:\/\/combi-pro.com\/wp-content\/uploads\/2025\/01\/Textile-Exchange-BLENDED_0-64x22.png 64w, https:\/\/combi-pro.com\/wp-content\/uploads\/2025\/01\/Textile-Exchange-BLENDED_0-18x6.png 18w\" sizes=\"(max-width: 116px) 100vw, 116px\" \/> <img loading=\"lazy\" decoding=\"async\" class=\"alignnone size-full wp-image-15281\" src=\"https:\/\/combi-pro.com\/wp-content\/uploads\/2025\/01\/OEKOTEX-31_0.png\" alt=\"\" width=\"91\" height=\"40\" srcset=\"https:\/\/combi-pro.com\/wp-content\/uploads\/2025\/01\/OEKOTEX-31_0.png 91w, https:\/\/combi-pro.com\/wp-content\/uploads\/2025\/01\/OEKOTEX-31_0-64x28.png 64w, https:\/\/combi-pro.com\/wp-content\/uploads\/2025\/01\/OEKOTEX-31_0-18x8.png 18w\" sizes=\"(max-width: 91px) 100vw, 91px\" \/><\/p>\n<p><strong>GUIDE DES TAILLES<\/strong><\/p>\n<p><img loading=\"lazy\" decoding=\"async\" class=\"alignnone wp-image-18009 size-full\" src=\"https:\/\/combi-pro.com\/wp-content\/uploads\/2025\/01\/Design-sans-titre-42.png\" alt=\"\" width=\"500\" height=\"131\" srcset=\"https:\/\/combi-pro.com\/wp-content\/uploads\/2025\/01\/Design-sans-titre-42.png 500w, https:\/\/combi-pro.com\/wp-content\/uploads\/2025\/01\/Design-sans-titre-42-300x79.png 300w, https:\/\/combi-pro.com\/wp-content\/uploads\/2025\/01\/Design-sans-titre-42-18x5.png 18w, https:\/\/combi-pro.com\/wp-content\/uploads\/2025\/01\/Design-sans-titre-42-450x118.png 450w, https:\/\/combi-pro.com\/wp-content\/uploads\/2025\/01\/Design-sans-titre-42-64x17.png 64w\" sizes=\"(max-width: 500px) 100vw, 500px\" \/><\/p>","protected":false},"featured_media":12911,"template":"","meta":{"site-sidebar-layout":"default","site-content-layout":"","ast-site-content-layout":"default","site-content-style":"default","site-sidebar-style":"default","ast-global-header-display":"","ast-banner-title-visibility":"","ast-main-header-display":"","ast-hfb-above-header-display":"","ast-hfb-below-header-display":"","ast-hfb-mobile-header-display":"","site-post-title":"","ast-breadcrumbs-content":"","ast-featured-img":"","footer-sml-layout":"","ast-disable-related-posts":"","theme-transparent-header-meta":"default","adv-header-id-meta":"","stick-header-meta":"","header-above-stick-meta":"","header-main-stick-meta":"","header-below-stick-meta":"","astra-migrate-meta-layouts":"set","ast-page-background-enabled":"default","ast-page-background-meta":{"desktop":{"background-color":"","background-image":"","background-repeat":"repeat","background-position":"center center","background-size":"auto","background-attachment":"scroll","background-type":"","background-media":"","overlay-type":"","overlay-color":"","overlay-opacity":"","overlay-gradient":""},"tablet":{"background-color":"","background-image":"","background-repeat":"repeat","background-position":"center center","background-size":"auto","background-attachment":"scroll","background-type":"","background-media":"","overlay-type":"","overlay-color":"","overlay-opacity":"","overlay-gradient":""},"mobile":{"background-color":"","background-image":"","background-repeat":"repeat","background-position":"center center","background-size":"auto","background-attachment":"scroll","background-type":"","background-media":"","overlay-type":"","overlay-color":"","overlay-opacity":"","overlay-gradient":""}},"ast-content-background-meta":{"desktop":{"background-color":"var(--ast-global-color-5)","background-image":"","background-repeat":"repeat","background-position":"center center","background-size":"auto","background-attachment":"scroll","background-type":"","background-media":"","overlay-type":"","overlay-color":"","overlay-opacity":"","overlay-gradient":""},"tablet":{"background-color":"var(--ast-global-color-5)","background-image":"","background-repeat":"repeat","background-position":"center center","background-size":"auto","background-attachment":"scroll","background-type":"","background-media":"","overlay-type":"","overlay-color":"","overlay-opacity":"","overlay-gradient":""},"mobile":{"background-color":"var(--ast-global-color-5)","background-image":"","background-repeat":"repeat","background-position":"center center","background-size":"auto","background-attachment":"scroll","background-type":"","background-media":"","overlay-type":"","overlay-color":"","overlay-opacity":"","overlay-gradient":""}}},"product_brand":[444],"product_cat":[344,343,340],"product_tag":[],"class_list":{"0":"post-12893","1":"product","2":"type-product","3":"status-publish","4":"has-post-thumbnail","6":"product_brand-mukua","7":"product_cat-gama-natura","8":"product_cat-sudaderas-textil-promocional","9":"product_cat-textil-promocional","10":"desktop-align-center","11":"tablet-align-left","12":"mobile-align-left","14":"first","15":"instock","16":"taxable","17":"shipping-taxable","18":"purchasable","19":"product-type-variable"},"_links":{"self":[{"href":"https:\/\/combi-pro.com\/fr\/wp-json\/wp\/v2\/product\/12893","targetHints":{"allow":["GET"]}}],"collection":[{"href":"https:\/\/combi-pro.com\/fr\/wp-json\/wp\/v2\/product"}],"about":[{"href":"https:\/\/combi-pro.com\/fr\/wp-json\/wp\/v2\/types\/product"}],"wp:featuredmedia":[{"embeddable":true,"href":"https:\/\/combi-pro.com\/fr\/wp-json\/wp\/v2\/media\/12911"}],"wp:attachment":[{"href":"https:\/\/combi-pro.com\/fr\/wp-json\/wp\/v2\/media?parent=12893"}],"wp:term":[{"taxonomy":"product_brand","embeddable":true,"href":"https:\/\/combi-pro.com\/fr\/wp-json\/wp\/v2\/product_brand?post=12893"},{"taxonomy":"product_cat","embeddable":true,"href":"https:\/\/combi-pro.com\/fr\/wp-json\/wp\/v2\/product_cat?post=12893"},{"taxonomy":"product_tag","embeddable":true,"href":"https:\/\/combi-pro.com\/fr\/wp-json\/wp\/v2\/product_tag?post=12893"}],"curies":[{"name":"wp","href":"https:\/\/api.w.org\/{rel}","templated":true}]}}