{"id":12933,"date":"2025-01-30T13:49:52","date_gmt":"2025-01-30T12:49:52","guid":{"rendered":"https:\/\/combi-pro.com\/?post_type=product&#038;p=12933"},"modified":"2026-05-13T17:52:17","modified_gmt":"2026-05-13T15:52:17","slug":"shn300w-reef-woman-sweatshirt-a-capuche-ocs-womens","status":"publish","type":"product","link":"https:\/\/combi-pro.com\/fr\/boutique\/shn300w-reef-woman-sweatshirt-a-capuche-ocs-womens\/","title":{"rendered":"Sweat \u00e0 capuche femme REEF WOMAN SHN300W | MUKUA"},"content":{"rendered":"<div class=\"data item\" role=\"tablist\">\n<p class=\"\" data-start=\"567\" data-end=\"599\"><strong data-start=\"567\" data-end=\"599\">Caract\u00e9ristiques principales:<\/strong><\/p>\n<ul>\n<li data-start=\"603\" data-end=\"643\">Molleton matelass\u00e9 doux, confortable et chaud.<\/li>\n<li data-start=\"646\" data-end=\"697\">Capuche \u00e0 2 panneaux doubl\u00e9e du m\u00eame tissu.<\/li>\n<li data-start=\"700\" data-end=\"762\">Lacets plats ton sur ton pour un style discret et fonctionnel.<\/li>\n<li data-start=\"765\" data-end=\"834\">Poche kangourou avec passepoil sur les a\u00e9rations et coutures renforc\u00e9es.<\/li>\n<li data-start=\"837\" data-end=\"905\">Poignets et ceinture en c\u00f4tes 1\u00d71 avec \u00e9lasthanne.<\/li>\n<li data-start=\"908\" data-end=\"977\">Coutures renforc\u00e9es avec bande \u00e0 chevrons \u00e0 l'int\u00e9rieur du col.<\/li>\n<li data-start=\"980\" data-end=\"1045\">Sans \u00e9tiquette de marque sur le col, id\u00e9al pour la personnalisation.<\/li>\n<li data-start=\"1048\" data-end=\"1111\">\u00c9galement disponible en versions unisexe (REEF) et enfant (REEF KIDS).<\/li>\n<\/ul>\n<p class=\"\" data-start=\"1113\" data-end=\"1179\"><strong data-start=\"1113\" data-end=\"1131\">Certification: <\/strong><\/p>\n<ul>\n<li data-start=\"1113\" data-end=\"1179\">Con\u00e7u pour un usage quotidien et professionnel.<\/li>\n<\/ul>\n<p class=\"\" data-start=\"1181\" data-end=\"1347\"><strong data-start=\"1181\" data-end=\"1192\">Tissu: <\/strong><\/p>\n<ul>\n<li data-start=\"1181\" data-end=\"1347\">Eponge - 85 % coton biologique Ringspun \/ 15 % polyester recycl\u00e9 \/ 300 g\/m\u00b2.<\/li>\n<li data-start=\"1181\" data-end=\"1347\">Tissu \u00e9pais, doux, chaud et respectueux de l'environnement.<\/li>\n<\/ul>\n<p class=\"\" data-start=\"1349\" data-end=\"1527\"><strong data-start=\"1349\" data-end=\"1369\">Recommandations: <\/strong><\/p>\n<ul>\n<li data-start=\"1349\" data-end=\"1527\">Parfait pour les uniformes durables, le personnel en ext\u00e9rieur, les \u00e9v\u00e9nements de marque \u00e9co-responsables ou comme v\u00eatement d'ext\u00e9rieur confortable et \u00e0 la mode pour la vie de tous les jours.<\/li>\n<\/ul>\n<p data-start=\"1349\" data-end=\"1527\"><img decoding=\"async\" class=\"alignnone wp-image-14962\" src=\"https:\/\/combi-pro.com\/wp-content\/uploads\/2025\/01\/bordado-mukua.jpg\" alt=\"\" width=\"60\" height=\"60\" srcset=\"https:\/\/combi-pro.com\/wp-content\/uploads\/2025\/01\/bordado-mukua.jpg 427w, https:\/\/combi-pro.com\/wp-content\/uploads\/2025\/01\/bordado-mukua-100x100.jpg 100w, https:\/\/combi-pro.com\/wp-content\/uploads\/2025\/01\/bordado-mukua-64x64.jpg 64w, https:\/\/combi-pro.com\/wp-content\/uploads\/2025\/01\/bordado-mukua-300x300.jpg 300w, https:\/\/combi-pro.com\/wp-content\/uploads\/2025\/01\/bordado-mukua-150x150.jpg 150w, https:\/\/combi-pro.com\/wp-content\/uploads\/2025\/01\/bordado-mukua-12x12.jpg 12w\" sizes=\"(max-width: 60px) 100vw, 60px\" \/> <img decoding=\"async\" class=\"alignnone wp-image-14960\" src=\"https:\/\/combi-pro.com\/wp-content\/uploads\/2025\/01\/impresion-mukua-300x300.jpg\" alt=\"\" width=\"60\" height=\"60\" srcset=\"https:\/\/combi-pro.com\/wp-content\/uploads\/2025\/01\/impresion-mukua-300x300.jpg 300w, https:\/\/combi-pro.com\/wp-content\/uploads\/2025\/01\/impresion-mukua-100x100.jpg 100w, https:\/\/combi-pro.com\/wp-content\/uploads\/2025\/01\/impresion-mukua-64x64.jpg 64w, https:\/\/combi-pro.com\/wp-content\/uploads\/2025\/01\/impresion-mukua-150x150.jpg 150w, https:\/\/combi-pro.com\/wp-content\/uploads\/2025\/01\/impresion-mukua-12x12.jpg 12w, https:\/\/combi-pro.com\/wp-content\/uploads\/2025\/01\/impresion-mukua.jpg 427w\" sizes=\"(max-width: 60px) 100vw, 60px\" \/><\/p>\n<\/div>","protected":false},"excerpt":{"rendered":"<p>Le sweat \u00e0 capuche REEF WOMAN allie durabilit\u00e9, confort thermique et fonctionnalit\u00e9 dans un design con\u00e7u pour la silhouette f\u00e9minine. Fabriqu\u00e9 en coton biologique et en polyester recycl\u00e9, il est id\u00e9al pour les climats plus frais et pour tous ceux qui recherchent un v\u00eatement confortable, chaud et responsable.<\/p>\n<p><img decoding=\"async\" class=\"alignnone size-full wp-image-15389\" src=\"https:\/\/combi-pro.com\/wp-content\/uploads\/2025\/01\/Textile-Exchange-RECYCLED_0.png\" alt=\"\" width=\"114\" height=\"40\" srcset=\"https:\/\/combi-pro.com\/wp-content\/uploads\/2025\/01\/Textile-Exchange-RECYCLED_0.png 114w, https:\/\/combi-pro.com\/wp-content\/uploads\/2025\/01\/Textile-Exchange-RECYCLED_0-64x22.png 64w, https:\/\/combi-pro.com\/wp-content\/uploads\/2025\/01\/Textile-Exchange-RECYCLED_0-18x6.png 18w\" sizes=\"(max-width: 114px) 100vw, 114px\" \/> <img loading=\"lazy\" decoding=\"async\" class=\"alignnone size-full wp-image-15281\" src=\"https:\/\/combi-pro.com\/wp-content\/uploads\/2025\/01\/OEKOTEX-31_0.png\" alt=\"\" width=\"91\" height=\"40\" srcset=\"https:\/\/combi-pro.com\/wp-content\/uploads\/2025\/01\/OEKOTEX-31_0.png 91w, https:\/\/combi-pro.com\/wp-content\/uploads\/2025\/01\/OEKOTEX-31_0-64x28.png 64w, https:\/\/combi-pro.com\/wp-content\/uploads\/2025\/01\/OEKOTEX-31_0-18x8.png 18w\" sizes=\"(max-width: 91px) 100vw, 91px\" \/> <img loading=\"lazy\" decoding=\"async\" class=\"alignnone size-full wp-image-15388\" src=\"https:\/\/combi-pro.com\/wp-content\/uploads\/2025\/01\/Textile-Exchange-BLENDED_0.png\" alt=\"\" width=\"116\" height=\"40\" srcset=\"https:\/\/combi-pro.com\/wp-content\/uploads\/2025\/01\/Textile-Exchange-BLENDED_0.png 116w, https:\/\/combi-pro.com\/wp-content\/uploads\/2025\/01\/Textile-Exchange-BLENDED_0-64x22.png 64w, https:\/\/combi-pro.com\/wp-content\/uploads\/2025\/01\/Textile-Exchange-BLENDED_0-18x6.png 18w\" sizes=\"(max-width: 116px) 100vw, 116px\" \/><\/p>\n<p><strong>GUIDE DES TAILLES<\/strong><\/p>\n<p><img loading=\"lazy\" decoding=\"async\" class=\"alignnone wp-image-18008 size-full\" src=\"https:\/\/combi-pro.com\/wp-content\/uploads\/2025\/01\/Design-sans-titre-41.png\" alt=\"\" width=\"500\" height=\"131\" srcset=\"https:\/\/combi-pro.com\/wp-content\/uploads\/2025\/01\/Design-sans-titre-41.png 500w, https:\/\/combi-pro.com\/wp-content\/uploads\/2025\/01\/Design-sans-titre-41-300x79.png 300w, https:\/\/combi-pro.com\/wp-content\/uploads\/2025\/01\/Design-sans-titre-41-18x5.png 18w, https:\/\/combi-pro.com\/wp-content\/uploads\/2025\/01\/Design-sans-titre-41-450x118.png 450w, https:\/\/combi-pro.com\/wp-content\/uploads\/2025\/01\/Design-sans-titre-41-64x17.png 64w\" sizes=\"(max-width: 500px) 100vw, 500px\" \/><\/p>\n<p>&nbsp;<\/p>","protected":false},"featured_media":12943,"template":"","meta":{"site-sidebar-layout":"default","site-content-layout":"","ast-site-content-layout":"default","site-content-style":"default","site-sidebar-style":"default","ast-global-header-display":"","ast-banner-title-visibility":"","ast-main-header-display":"","ast-hfb-above-header-display":"","ast-hfb-below-header-display":"","ast-hfb-mobile-header-display":"","site-post-title":"","ast-breadcrumbs-content":"","ast-featured-img":"","footer-sml-layout":"","ast-disable-related-posts":"","theme-transparent-header-meta":"default","adv-header-id-meta":"","stick-header-meta":"","header-above-stick-meta":"","header-main-stick-meta":"","header-below-stick-meta":"","astra-migrate-meta-layouts":"set","ast-page-background-enabled":"default","ast-page-background-meta":{"desktop":{"background-color":"","background-image":"","background-repeat":"repeat","background-position":"center center","background-size":"auto","background-attachment":"scroll","background-type":"","background-media":"","overlay-type":"","overlay-color":"","overlay-opacity":"","overlay-gradient":""},"tablet":{"background-color":"","background-image":"","background-repeat":"repeat","background-position":"center center","background-size":"auto","background-attachment":"scroll","background-type":"","background-media":"","overlay-type":"","overlay-color":"","overlay-opacity":"","overlay-gradient":""},"mobile":{"background-color":"","background-image":"","background-repeat":"repeat","background-position":"center center","background-size":"auto","background-attachment":"scroll","background-type":"","background-media":"","overlay-type":"","overlay-color":"","overlay-opacity":"","overlay-gradient":""}},"ast-content-background-meta":{"desktop":{"background-color":"var(--ast-global-color-5)","background-image":"","background-repeat":"repeat","background-position":"center center","background-size":"auto","background-attachment":"scroll","background-type":"","background-media":"","overlay-type":"","overlay-color":"","overlay-opacity":"","overlay-gradient":""},"tablet":{"background-color":"var(--ast-global-color-5)","background-image":"","background-repeat":"repeat","background-position":"center center","background-size":"auto","background-attachment":"scroll","background-type":"","background-media":"","overlay-type":"","overlay-color":"","overlay-opacity":"","overlay-gradient":""},"mobile":{"background-color":"var(--ast-global-color-5)","background-image":"","background-repeat":"repeat","background-position":"center center","background-size":"auto","background-attachment":"scroll","background-type":"","background-media":"","overlay-type":"","overlay-color":"","overlay-opacity":"","overlay-gradient":""}}},"product_brand":[444],"product_cat":[344,343,340],"product_tag":[],"class_list":{"0":"post-12933","1":"product","2":"type-product","3":"status-publish","4":"has-post-thumbnail","6":"product_brand-mukua","7":"product_cat-gama-natura","8":"product_cat-sudaderas-textil-promocional","9":"product_cat-textil-promocional","10":"desktop-align-center","11":"tablet-align-left","12":"mobile-align-left","14":"first","15":"instock","16":"taxable","17":"shipping-taxable","18":"purchasable","19":"product-type-variable","20":"has-default-attributes"},"_links":{"self":[{"href":"https:\/\/combi-pro.com\/fr\/wp-json\/wp\/v2\/product\/12933","targetHints":{"allow":["GET"]}}],"collection":[{"href":"https:\/\/combi-pro.com\/fr\/wp-json\/wp\/v2\/product"}],"about":[{"href":"https:\/\/combi-pro.com\/fr\/wp-json\/wp\/v2\/types\/product"}],"wp:featuredmedia":[{"embeddable":true,"href":"https:\/\/combi-pro.com\/fr\/wp-json\/wp\/v2\/media\/12943"}],"wp:attachment":[{"href":"https:\/\/combi-pro.com\/fr\/wp-json\/wp\/v2\/media?parent=12933"}],"wp:term":[{"taxonomy":"product_brand","embeddable":true,"href":"https:\/\/combi-pro.com\/fr\/wp-json\/wp\/v2\/product_brand?post=12933"},{"taxonomy":"product_cat","embeddable":true,"href":"https:\/\/combi-pro.com\/fr\/wp-json\/wp\/v2\/product_cat?post=12933"},{"taxonomy":"product_tag","embeddable":true,"href":"https:\/\/combi-pro.com\/fr\/wp-json\/wp\/v2\/product_tag?post=12933"}],"curies":[{"name":"wp","href":"https:\/\/api.w.org\/{rel}","templated":true}]}}