{"id":13007,"date":"2025-01-30T14:41:57","date_gmt":"2025-01-30T13:41:57","guid":{"rendered":"https:\/\/combi-pro.com\/?post_type=product&#038;p=13007"},"modified":"2026-04-13T20:39:21","modified_gmt":"2026-04-13T18:39:21","slug":"sz270u-cooper-sweatshirt-zippe","status":"publish","type":"product","link":"https:\/\/combi-pro.com\/fr\/boutique\/sz270u-cooper-sweatshirt-zippe\/","title":{"rendered":"COOPER SZ270U sweat \u00e0 capuche zipp\u00e9 unisexe | MUKUA"},"content":{"rendered":"<div class=\"data item\" role=\"tablist\">\n<p class=\"\" data-start=\"544\" data-end=\"576\"><strong data-start=\"544\" data-end=\"576\">Caract\u00e9ristiques principales:<\/strong><\/p>\n<ul>\n<li data-start=\"580\" data-end=\"620\">Molleton matelass\u00e9 doux, confortable et chaud.<\/li>\n<li data-start=\"623\" data-end=\"668\">Fermeture \u00e9clair en nylon durable et fonctionnelle.<\/li>\n<li data-start=\"671\" data-end=\"746\">Poches kangourou avec passepoil aux fentes et coutures renforc\u00e9es.<\/li>\n<li data-start=\"749\" data-end=\"825\">Col, poignets et ceinture en c\u00f4tes 2\u00d71 avec \u00e9lasthanne.<\/li>\n<li data-start=\"828\" data-end=\"897\">Coutures renforc\u00e9es par une bande de jersey \u00e0 l'int\u00e9rieur du col.<\/li>\n<li data-start=\"900\" data-end=\"920\">Coupe Regular Fit.<\/li>\n<li data-start=\"923\" data-end=\"975\">\u00c9galement disponible en version pour enfants : COOPER KIDS.<\/li>\n<\/ul>\n<p class=\"\" data-start=\"977\" data-end=\"1043\"><strong data-start=\"977\" data-end=\"995\">Certification: <\/strong><\/p>\n<ul>\n<li data-start=\"977\" data-end=\"1043\">Con\u00e7u pour un usage quotidien et professionnel.<\/li>\n<\/ul>\n<p class=\"\" data-start=\"1045\" data-end=\"1246\"><strong data-start=\"1045\" data-end=\"1056\">Tissu:<\/strong><\/p>\n<ul>\n<li data-start=\"1045\" data-end=\"1246\">Polaire matelass\u00e9e - 60 % coton \/ 40 % polyester \/ 270 g\/m\u00b2.<\/li>\n<li data-start=\"1045\" data-end=\"1246\">Couleur gris chin\u00e9 : 60 % coton \/ 30 % polyester \/ 10 % viscose.<\/li>\n<li data-start=\"1045\" data-end=\"1246\">Tissu chaud, durable et confortable pour une utilisation quotidienne.<\/li>\n<\/ul>\n<p class=\"\" data-start=\"1248\" data-end=\"1423\"><strong data-start=\"1248\" data-end=\"1268\">Recommandations: <\/strong><\/p>\n<ul>\n<li data-start=\"1248\" data-end=\"1423\">Id\u00e9al pour les uniformes scolaires, l'utilisation en ext\u00e9rieur par les entreprises, le personnel logistique ou comme v\u00eatement d'ext\u00e9rieur confortable et fonctionnel pour les \u00e9quipes de travail.<\/li>\n<\/ul>\n<p data-start=\"1248\" data-end=\"1423\"><img decoding=\"async\" class=\"alignnone wp-image-14962\" src=\"https:\/\/combi-pro.com\/wp-content\/uploads\/2025\/01\/bordado-mukua.jpg\" alt=\"\" width=\"60\" height=\"60\" srcset=\"https:\/\/combi-pro.com\/wp-content\/uploads\/2025\/01\/bordado-mukua.jpg 427w, https:\/\/combi-pro.com\/wp-content\/uploads\/2025\/01\/bordado-mukua-100x100.jpg 100w, https:\/\/combi-pro.com\/wp-content\/uploads\/2025\/01\/bordado-mukua-64x64.jpg 64w, https:\/\/combi-pro.com\/wp-content\/uploads\/2025\/01\/bordado-mukua-300x300.jpg 300w, https:\/\/combi-pro.com\/wp-content\/uploads\/2025\/01\/bordado-mukua-150x150.jpg 150w, https:\/\/combi-pro.com\/wp-content\/uploads\/2025\/01\/bordado-mukua-12x12.jpg 12w\" sizes=\"(max-width: 60px) 100vw, 60px\" \/> <img decoding=\"async\" class=\"alignnone wp-image-14960\" src=\"https:\/\/combi-pro.com\/wp-content\/uploads\/2025\/01\/impresion-mukua-300x300.jpg\" alt=\"\" width=\"60\" height=\"60\" srcset=\"https:\/\/combi-pro.com\/wp-content\/uploads\/2025\/01\/impresion-mukua-300x300.jpg 300w, https:\/\/combi-pro.com\/wp-content\/uploads\/2025\/01\/impresion-mukua-100x100.jpg 100w, https:\/\/combi-pro.com\/wp-content\/uploads\/2025\/01\/impresion-mukua-64x64.jpg 64w, https:\/\/combi-pro.com\/wp-content\/uploads\/2025\/01\/impresion-mukua-150x150.jpg 150w, https:\/\/combi-pro.com\/wp-content\/uploads\/2025\/01\/impresion-mukua-12x12.jpg 12w, https:\/\/combi-pro.com\/wp-content\/uploads\/2025\/01\/impresion-mukua.jpg 427w\" sizes=\"(max-width: 60px) 100vw, 60px\" \/><\/p>\n<\/div>","protected":false},"excerpt":{"rendered":"<p>Le sweat-shirt zipp\u00e9 COOPER est con\u00e7u pour offrir confort, chaleur et fonctionnalit\u00e9 au quotidien. Fabriqu\u00e9 \u00e0 partir d'un m\u00e9lange coton-polyester molletonn\u00e9, il pr\u00e9sente des d\u00e9tails renforc\u00e9s pour une meilleure durabilit\u00e9, ce qui le rend id\u00e9al pour les climats plus frais et les environnements professionnels ou scolaires.<\/p>\n<p><strong>GUIDE DES TAILLES<\/strong><\/p>\n<p><img fetchpriority=\"high\" decoding=\"async\" class=\"alignnone wp-image-18020 size-full\" src=\"https:\/\/combi-pro.com\/wp-content\/uploads\/2025\/01\/Design-sans-titre-53.png\" alt=\"\" width=\"500\" height=\"131\" srcset=\"https:\/\/combi-pro.com\/wp-content\/uploads\/2025\/01\/Design-sans-titre-53.png 500w, https:\/\/combi-pro.com\/wp-content\/uploads\/2025\/01\/Design-sans-titre-53-300x79.png 300w, https:\/\/combi-pro.com\/wp-content\/uploads\/2025\/01\/Design-sans-titre-53-18x5.png 18w, https:\/\/combi-pro.com\/wp-content\/uploads\/2025\/01\/Design-sans-titre-53-450x118.png 450w, https:\/\/combi-pro.com\/wp-content\/uploads\/2025\/01\/Design-sans-titre-53-64x17.png 64w\" sizes=\"(max-width: 500px) 100vw, 500px\" \/><\/p>\n<p>&nbsp;<\/p>","protected":false},"featured_media":13039,"template":"","meta":{"site-sidebar-layout":"default","site-content-layout":"","ast-site-content-layout":"default","site-content-style":"default","site-sidebar-style":"default","ast-global-header-display":"","ast-banner-title-visibility":"","ast-main-header-display":"","ast-hfb-above-header-display":"","ast-hfb-below-header-display":"","ast-hfb-mobile-header-display":"","site-post-title":"","ast-breadcrumbs-content":"","ast-featured-img":"","footer-sml-layout":"","ast-disable-related-posts":"","theme-transparent-header-meta":"default","adv-header-id-meta":"","stick-header-meta":"","header-above-stick-meta":"","header-main-stick-meta":"","header-below-stick-meta":"","astra-migrate-meta-layouts":"set","ast-page-background-enabled":"default","ast-page-background-meta":{"desktop":{"background-color":"","background-image":"","background-repeat":"repeat","background-position":"center center","background-size":"auto","background-attachment":"scroll","background-type":"","background-media":"","overlay-type":"","overlay-color":"","overlay-opacity":"","overlay-gradient":""},"tablet":{"background-color":"","background-image":"","background-repeat":"repeat","background-position":"center center","background-size":"auto","background-attachment":"scroll","background-type":"","background-media":"","overlay-type":"","overlay-color":"","overlay-opacity":"","overlay-gradient":""},"mobile":{"background-color":"","background-image":"","background-repeat":"repeat","background-position":"center center","background-size":"auto","background-attachment":"scroll","background-type":"","background-media":"","overlay-type":"","overlay-color":"","overlay-opacity":"","overlay-gradient":""}},"ast-content-background-meta":{"desktop":{"background-color":"var(--ast-global-color-5)","background-image":"","background-repeat":"repeat","background-position":"center center","background-size":"auto","background-attachment":"scroll","background-type":"","background-media":"","overlay-type":"","overlay-color":"","overlay-opacity":"","overlay-gradient":""},"tablet":{"background-color":"var(--ast-global-color-5)","background-image":"","background-repeat":"repeat","background-position":"center center","background-size":"auto","background-attachment":"scroll","background-type":"","background-media":"","overlay-type":"","overlay-color":"","overlay-opacity":"","overlay-gradient":""},"mobile":{"background-color":"var(--ast-global-color-5)","background-image":"","background-repeat":"repeat","background-position":"center center","background-size":"auto","background-attachment":"scroll","background-type":"","background-media":"","overlay-type":"","overlay-color":"","overlay-opacity":"","overlay-gradient":""}}},"product_brand":[444],"product_cat":[343,340],"product_tag":[],"class_list":{"0":"post-13007","1":"product","2":"type-product","3":"status-publish","4":"has-post-thumbnail","6":"product_brand-mukua","7":"product_cat-sudaderas-textil-promocional","8":"product_cat-textil-promocional","9":"desktop-align-center","10":"tablet-align-left","11":"mobile-align-left","13":"first","14":"instock","15":"taxable","16":"shipping-taxable","17":"purchasable","18":"product-type-variable"},"_links":{"self":[{"href":"https:\/\/combi-pro.com\/fr\/wp-json\/wp\/v2\/product\/13007","targetHints":{"allow":["GET"]}}],"collection":[{"href":"https:\/\/combi-pro.com\/fr\/wp-json\/wp\/v2\/product"}],"about":[{"href":"https:\/\/combi-pro.com\/fr\/wp-json\/wp\/v2\/types\/product"}],"wp:featuredmedia":[{"embeddable":true,"href":"https:\/\/combi-pro.com\/fr\/wp-json\/wp\/v2\/media\/13039"}],"wp:attachment":[{"href":"https:\/\/combi-pro.com\/fr\/wp-json\/wp\/v2\/media?parent=13007"}],"wp:term":[{"taxonomy":"product_brand","embeddable":true,"href":"https:\/\/combi-pro.com\/fr\/wp-json\/wp\/v2\/product_brand?post=13007"},{"taxonomy":"product_cat","embeddable":true,"href":"https:\/\/combi-pro.com\/fr\/wp-json\/wp\/v2\/product_cat?post=13007"},{"taxonomy":"product_tag","embeddable":true,"href":"https:\/\/combi-pro.com\/fr\/wp-json\/wp\/v2\/product_tag?post=13007"}],"curies":[{"name":"wp","href":"https:\/\/api.w.org\/{rel}","templated":true}]}}