{"id":13054,"date":"2025-01-30T16:12:01","date_gmt":"2025-01-30T15:12:01","guid":{"rendered":"https:\/\/combi-pro.com\/?post_type=product&#038;p=13054"},"modified":"2026-05-08T22:41:43","modified_gmt":"2026-05-08T20:41:43","slug":"scn300w-dune-femme-sweat-shirt-a-col-ras-du-cou-ocs-femmes-2","status":"publish","type":"product","link":"https:\/\/combi-pro.com\/fr\/boutique\/scn300w-dune-femme-sweat-shirt-a-col-ras-du-cou-ocs-femmes-2\/","title":{"rendered":"Sweat femme DUNE WOMAN SCN300W | MUKUA"},"content":{"rendered":"<div class=\"data item\" role=\"tablist\">\n<p class=\"\" data-start=\"512\" data-end=\"544\"><strong data-start=\"512\" data-end=\"544\">Caract\u00e9ristiques principales:<\/strong><\/p>\n<ul>\n<li data-start=\"548\" data-end=\"588\">Molleton matelass\u00e9 doux, confortable et chaud.<\/li>\n<li data-start=\"591\" data-end=\"654\">Col, poignets et ceinture en tricot c\u00f4tel\u00e9 1\u00d71, ind\u00e9formable.<\/li>\n<li data-start=\"657\" data-end=\"739\">Coutures \u00e0 chevrons \u00e0 l'int\u00e9rieur du col pour une finition impeccable.<\/li>\n<li data-start=\"742\" data-end=\"807\">Sans \u00e9tiquette de marque sur le col, id\u00e9al pour la personnalisation.<\/li>\n<li data-start=\"810\" data-end=\"830\">Coupe Regular Fit.<\/li>\n<li data-start=\"833\" data-end=\"896\">\u00c9galement disponible en version unisexe (DUNE) et en version pour enfants (DUNE KIDS).<\/li>\n<\/ul>\n<p class=\"\" data-start=\"898\" data-end=\"964\"><strong data-start=\"898\" data-end=\"916\">Certification: <\/strong><\/p>\n<ul>\n<li data-start=\"898\" data-end=\"964\">Con\u00e7u pour un usage quotidien et professionnel.<\/li>\n<\/ul>\n<p class=\"\" data-start=\"966\" data-end=\"1132\"><strong data-start=\"966\" data-end=\"977\">Tissu: <\/strong><\/p>\n<ul>\n<li data-start=\"966\" data-end=\"1132\">Eponge - 85 % coton biologique Ringspun \/ 15 % polyester recycl\u00e9 \/ 300 g\/m\u00b2.<\/li>\n<li data-start=\"966\" data-end=\"1132\">Tissu \u00e9pais, doux et chaud, respectueux de l'environnement.<\/li>\n<\/ul>\n<p class=\"\" data-start=\"1134\" data-end=\"1317\"><strong data-start=\"1134\" data-end=\"1154\">Recommandations: <\/strong><\/p>\n<ul>\n<li data-start=\"1134\" data-end=\"1317\">Id\u00e9al pour les uniformes durables, l'utilisation en ext\u00e9rieur par les entreprises, les \u00e9quipes de travail en saison fra\u00eeche ou les activit\u00e9s promotionnelles respectueuses de l'environnement.<\/li>\n<\/ul>\n<p data-start=\"1134\" data-end=\"1317\"><img decoding=\"async\" class=\"alignnone wp-image-14962\" src=\"https:\/\/combi-pro.com\/wp-content\/uploads\/2025\/01\/bordado-mukua.jpg\" alt=\"\" width=\"60\" height=\"60\" srcset=\"https:\/\/combi-pro.com\/wp-content\/uploads\/2025\/01\/bordado-mukua.jpg 427w, https:\/\/combi-pro.com\/wp-content\/uploads\/2025\/01\/bordado-mukua-100x100.jpg 100w, https:\/\/combi-pro.com\/wp-content\/uploads\/2025\/01\/bordado-mukua-64x64.jpg 64w, https:\/\/combi-pro.com\/wp-content\/uploads\/2025\/01\/bordado-mukua-300x300.jpg 300w, https:\/\/combi-pro.com\/wp-content\/uploads\/2025\/01\/bordado-mukua-150x150.jpg 150w, https:\/\/combi-pro.com\/wp-content\/uploads\/2025\/01\/bordado-mukua-12x12.jpg 12w\" sizes=\"(max-width: 60px) 100vw, 60px\" \/> <img decoding=\"async\" class=\"alignnone wp-image-14960\" src=\"https:\/\/combi-pro.com\/wp-content\/uploads\/2025\/01\/impresion-mukua-300x300.jpg\" alt=\"\" width=\"60\" height=\"60\" srcset=\"https:\/\/combi-pro.com\/wp-content\/uploads\/2025\/01\/impresion-mukua-300x300.jpg 300w, https:\/\/combi-pro.com\/wp-content\/uploads\/2025\/01\/impresion-mukua-100x100.jpg 100w, https:\/\/combi-pro.com\/wp-content\/uploads\/2025\/01\/impresion-mukua-64x64.jpg 64w, https:\/\/combi-pro.com\/wp-content\/uploads\/2025\/01\/impresion-mukua-150x150.jpg 150w, https:\/\/combi-pro.com\/wp-content\/uploads\/2025\/01\/impresion-mukua-12x12.jpg 12w, https:\/\/combi-pro.com\/wp-content\/uploads\/2025\/01\/impresion-mukua.jpg 427w\" sizes=\"(max-width: 60px) 100vw, 60px\" \/><\/p>\n<\/div>","protected":false},"excerpt":{"rendered":"<p>Le sweat-shirt DUNE WOMAN offre une combinaison parfaite de durabilit\u00e9, de chaleur et de confort. Avec un design intemporel et une coupe r\u00e9guli\u00e8re adapt\u00e9e \u00e0 la silhouette f\u00e9minine, il est fabriqu\u00e9 \u00e0 partir de coton biologique et de molleton de polyester recycl\u00e9, id\u00e9al pour les temps frais ou l'entre-saison.<\/p>\n<p><img decoding=\"async\" class=\"alignnone size-full wp-image-15388\" src=\"https:\/\/combi-pro.com\/wp-content\/uploads\/2025\/01\/Textile-Exchange-BLENDED_0.png\" alt=\"\" width=\"116\" height=\"40\" srcset=\"https:\/\/combi-pro.com\/wp-content\/uploads\/2025\/01\/Textile-Exchange-BLENDED_0.png 116w, https:\/\/combi-pro.com\/wp-content\/uploads\/2025\/01\/Textile-Exchange-BLENDED_0-64x22.png 64w, https:\/\/combi-pro.com\/wp-content\/uploads\/2025\/01\/Textile-Exchange-BLENDED_0-18x6.png 18w\" sizes=\"(max-width: 116px) 100vw, 116px\" \/> <img loading=\"lazy\" decoding=\"async\" class=\"alignnone size-full wp-image-15389\" src=\"https:\/\/combi-pro.com\/wp-content\/uploads\/2025\/01\/Textile-Exchange-RECYCLED_0.png\" alt=\"\" width=\"114\" height=\"40\" srcset=\"https:\/\/combi-pro.com\/wp-content\/uploads\/2025\/01\/Textile-Exchange-RECYCLED_0.png 114w, https:\/\/combi-pro.com\/wp-content\/uploads\/2025\/01\/Textile-Exchange-RECYCLED_0-64x22.png 64w, https:\/\/combi-pro.com\/wp-content\/uploads\/2025\/01\/Textile-Exchange-RECYCLED_0-18x6.png 18w\" sizes=\"(max-width: 114px) 100vw, 114px\" \/>\u00a0<img loading=\"lazy\" decoding=\"async\" class=\"alignnone size-full wp-image-15280\" src=\"https:\/\/combi-pro.com\/wp-content\/uploads\/2025\/01\/Textile-Exchange-ORGANIC_0.png\" alt=\"\" width=\"123\" height=\"40\" srcset=\"https:\/\/combi-pro.com\/wp-content\/uploads\/2025\/01\/Textile-Exchange-ORGANIC_0.png 123w, https:\/\/combi-pro.com\/wp-content\/uploads\/2025\/01\/Textile-Exchange-ORGANIC_0-64x21.png 64w, https:\/\/combi-pro.com\/wp-content\/uploads\/2025\/01\/Textile-Exchange-ORGANIC_0-18x6.png 18w\" sizes=\"(max-width: 123px) 100vw, 123px\" \/><\/p>\n<p><strong>GUIDE DES TAILLES<\/strong><\/p>\n<p><img loading=\"lazy\" decoding=\"async\" class=\"alignnone wp-image-18008 size-full\" src=\"https:\/\/combi-pro.com\/wp-content\/uploads\/2025\/01\/Design-sans-titre-41.png\" alt=\"\" width=\"500\" height=\"131\" srcset=\"https:\/\/combi-pro.com\/wp-content\/uploads\/2025\/01\/Design-sans-titre-41.png 500w, https:\/\/combi-pro.com\/wp-content\/uploads\/2025\/01\/Design-sans-titre-41-300x79.png 300w, https:\/\/combi-pro.com\/wp-content\/uploads\/2025\/01\/Design-sans-titre-41-18x5.png 18w, https:\/\/combi-pro.com\/wp-content\/uploads\/2025\/01\/Design-sans-titre-41-450x118.png 450w, https:\/\/combi-pro.com\/wp-content\/uploads\/2025\/01\/Design-sans-titre-41-64x17.png 64w\" sizes=\"(max-width: 500px) 100vw, 500px\" \/><\/p>\n<p>&nbsp;<\/p>","protected":false},"featured_media":13069,"template":"","meta":{"site-sidebar-layout":"default","site-content-layout":"","ast-site-content-layout":"default","site-content-style":"default","site-sidebar-style":"default","ast-global-header-display":"","ast-banner-title-visibility":"","ast-main-header-display":"","ast-hfb-above-header-display":"","ast-hfb-below-header-display":"","ast-hfb-mobile-header-display":"","site-post-title":"","ast-breadcrumbs-content":"","ast-featured-img":"","footer-sml-layout":"","ast-disable-related-posts":"","theme-transparent-header-meta":"default","adv-header-id-meta":"","stick-header-meta":"","header-above-stick-meta":"","header-main-stick-meta":"","header-below-stick-meta":"","astra-migrate-meta-layouts":"set","ast-page-background-enabled":"default","ast-page-background-meta":{"desktop":{"background-color":"","background-image":"","background-repeat":"repeat","background-position":"center center","background-size":"auto","background-attachment":"scroll","background-type":"","background-media":"","overlay-type":"","overlay-color":"","overlay-opacity":"","overlay-gradient":""},"tablet":{"background-color":"","background-image":"","background-repeat":"repeat","background-position":"center center","background-size":"auto","background-attachment":"scroll","background-type":"","background-media":"","overlay-type":"","overlay-color":"","overlay-opacity":"","overlay-gradient":""},"mobile":{"background-color":"","background-image":"","background-repeat":"repeat","background-position":"center center","background-size":"auto","background-attachment":"scroll","background-type":"","background-media":"","overlay-type":"","overlay-color":"","overlay-opacity":"","overlay-gradient":""}},"ast-content-background-meta":{"desktop":{"background-color":"var(--ast-global-color-5)","background-image":"","background-repeat":"repeat","background-position":"center center","background-size":"auto","background-attachment":"scroll","background-type":"","background-media":"","overlay-type":"","overlay-color":"","overlay-opacity":"","overlay-gradient":""},"tablet":{"background-color":"var(--ast-global-color-5)","background-image":"","background-repeat":"repeat","background-position":"center center","background-size":"auto","background-attachment":"scroll","background-type":"","background-media":"","overlay-type":"","overlay-color":"","overlay-opacity":"","overlay-gradient":""},"mobile":{"background-color":"var(--ast-global-color-5)","background-image":"","background-repeat":"repeat","background-position":"center center","background-size":"auto","background-attachment":"scroll","background-type":"","background-media":"","overlay-type":"","overlay-color":"","overlay-opacity":"","overlay-gradient":""}}},"product_brand":[444],"product_cat":[344,343,340],"product_tag":[],"class_list":{"0":"post-13054","1":"product","2":"type-product","3":"status-publish","4":"has-post-thumbnail","6":"product_brand-mukua","7":"product_cat-gama-natura","8":"product_cat-sudaderas-textil-promocional","9":"product_cat-textil-promocional","10":"desktop-align-center","11":"tablet-align-left","12":"mobile-align-left","14":"first","15":"instock","16":"taxable","17":"shipping-taxable","18":"purchasable","19":"product-type-variable"},"_links":{"self":[{"href":"https:\/\/combi-pro.com\/fr\/wp-json\/wp\/v2\/product\/13054","targetHints":{"allow":["GET"]}}],"collection":[{"href":"https:\/\/combi-pro.com\/fr\/wp-json\/wp\/v2\/product"}],"about":[{"href":"https:\/\/combi-pro.com\/fr\/wp-json\/wp\/v2\/types\/product"}],"wp:featuredmedia":[{"embeddable":true,"href":"https:\/\/combi-pro.com\/fr\/wp-json\/wp\/v2\/media\/13069"}],"wp:attachment":[{"href":"https:\/\/combi-pro.com\/fr\/wp-json\/wp\/v2\/media?parent=13054"}],"wp:term":[{"taxonomy":"product_brand","embeddable":true,"href":"https:\/\/combi-pro.com\/fr\/wp-json\/wp\/v2\/product_brand?post=13054"},{"taxonomy":"product_cat","embeddable":true,"href":"https:\/\/combi-pro.com\/fr\/wp-json\/wp\/v2\/product_cat?post=13054"},{"taxonomy":"product_tag","embeddable":true,"href":"https:\/\/combi-pro.com\/fr\/wp-json\/wp\/v2\/product_tag?post=13054"}],"curies":[{"name":"wp","href":"https:\/\/api.w.org\/{rel}","templated":true}]}}