{"id":13075,"date":"2025-01-30T20:58:41","date_gmt":"2025-01-30T19:58:41","guid":{"rendered":"https:\/\/combi-pro.com\/?post_type=product&#038;p=13075"},"modified":"2026-04-13T20:39:33","modified_gmt":"2026-04-13T18:39:33","slug":"mk214wv-nobby-polo-femme-manches-courtes-210","status":"publish","type":"product","link":"https:\/\/combi-pro.com\/fr\/boutique\/mk214wv-nobby-polo-femme-manches-courtes-210\/","title":{"rendered":"Polo manches courtes femme NOBBY MK214WV | MUKUA"},"content":{"rendered":"<div class=\"data item\" role=\"tablist\">\n<p class=\"\" data-start=\"507\" data-end=\"539\"><strong data-start=\"507\" data-end=\"539\">Caract\u00e9ristiques principales:<\/strong><\/p>\n<ul>\n<li data-start=\"543\" data-end=\"610\">Patte de boutonnage avec 3 boutons pour une fermeture fonctionnelle et \u00e9l\u00e9gante.<\/li>\n<li data-start=\"613\" data-end=\"704\">Coutures renforc\u00e9es \u00e0 l'int\u00e9rieur du col pour plus de durabilit\u00e9 et de stabilit\u00e9.<\/li>\n<li data-start=\"707\" data-end=\"774\">Col et manches en c\u00f4tes 1\u00d71 pour la structure et le confort.<\/li>\n<li data-start=\"777\" data-end=\"848\">Coutures lat\u00e9rales avec fentes inf\u00e9rieures pour une meilleure mobilit\u00e9.<\/li>\n<li data-start=\"851\" data-end=\"916\">Des manches plus courtes et plus serr\u00e9es, adapt\u00e9es \u00e0 la silhouette f\u00e9minine.<\/li>\n<li data-start=\"919\" data-end=\"959\">Coupe \u00e9troite, moderne et flatteuse.<\/li>\n<li data-start=\"962\" data-end=\"1007\">\u00c9galement disponible en version unisexe : Gibson.<\/li>\n<\/ul>\n<p class=\"\" data-start=\"1009\" data-end=\"1075\"><strong data-start=\"1009\" data-end=\"1027\">Certification:<\/strong><\/p>\n<ul>\n<li data-start=\"1009\" data-end=\"1075\">Con\u00e7u pour un usage quotidien et professionnel.<\/li>\n<\/ul>\n<p class=\"\" data-start=\"1077\" data-end=\"1239\"><strong data-start=\"1077\" data-end=\"1088\">Tissu: <\/strong><\/p>\n<ul>\n<li data-start=\"1077\" data-end=\"1239\">Tricot piqu\u00e9 - 35 % coton Ringspun \/ 65 % polyester \/ 210 g\/m\u00b2.<\/li>\n<li data-start=\"1077\" data-end=\"1239\">Tissu r\u00e9sistant, respirant et facile d'entretien, id\u00e9al pour un usage fr\u00e9quent.<\/li>\n<\/ul>\n<p class=\"\" data-start=\"1241\" data-end=\"1440\"><strong data-start=\"1241\" data-end=\"1261\">Recommandations: <\/strong><\/p>\n<ul>\n<li data-start=\"1241\" data-end=\"1440\">Parfait pour les uniformes d'entreprise, le commerce de d\u00e9tail, le service \u00e0 la client\u00e8le, l'h\u00f4tellerie ou tout autre environnement professionnel n\u00e9cessitant un v\u00eatement confortable, durable et bien ajust\u00e9.<\/li>\n<\/ul>\n<p data-start=\"1241\" data-end=\"1440\"><img decoding=\"async\" class=\"alignnone wp-image-14960\" src=\"https:\/\/combi-pro.com\/wp-content\/uploads\/2025\/01\/impresion-mukua-300x300.jpg\" alt=\"\" width=\"60\" height=\"60\" srcset=\"https:\/\/combi-pro.com\/wp-content\/uploads\/2025\/01\/impresion-mukua-300x300.jpg 300w, https:\/\/combi-pro.com\/wp-content\/uploads\/2025\/01\/impresion-mukua-100x100.jpg 100w, https:\/\/combi-pro.com\/wp-content\/uploads\/2025\/01\/impresion-mukua-64x64.jpg 64w, https:\/\/combi-pro.com\/wp-content\/uploads\/2025\/01\/impresion-mukua-150x150.jpg 150w, https:\/\/combi-pro.com\/wp-content\/uploads\/2025\/01\/impresion-mukua-12x12.jpg 12w, https:\/\/combi-pro.com\/wp-content\/uploads\/2025\/01\/impresion-mukua.jpg 427w\" sizes=\"(max-width: 60px) 100vw, 60px\" \/> <img decoding=\"async\" class=\"alignnone wp-image-14962\" src=\"https:\/\/combi-pro.com\/wp-content\/uploads\/2025\/01\/bordado-mukua.jpg\" alt=\"\" width=\"60\" height=\"60\" srcset=\"https:\/\/combi-pro.com\/wp-content\/uploads\/2025\/01\/bordado-mukua.jpg 427w, https:\/\/combi-pro.com\/wp-content\/uploads\/2025\/01\/bordado-mukua-100x100.jpg 100w, https:\/\/combi-pro.com\/wp-content\/uploads\/2025\/01\/bordado-mukua-64x64.jpg 64w, https:\/\/combi-pro.com\/wp-content\/uploads\/2025\/01\/bordado-mukua-300x300.jpg 300w, https:\/\/combi-pro.com\/wp-content\/uploads\/2025\/01\/bordado-mukua-150x150.jpg 150w, https:\/\/combi-pro.com\/wp-content\/uploads\/2025\/01\/bordado-mukua-12x12.jpg 12w\" sizes=\"(max-width: 60px) 100vw, 60px\" \/><\/p>\n<\/div>","protected":false},"excerpt":{"rendered":"<p>Le polo \u00e0 manches courtes NOBBY a \u00e9t\u00e9 con\u00e7u pour offrir un look professionnel, une coupe flatteuse et une grande durabilit\u00e9 au quotidien. Avec sa coupe ajust\u00e9e et son tissu en m\u00e9lange coton\/polyester Ringspun, il est id\u00e9al pour les femmes qui recherchent le confort et le style dans les environnements de travail.<\/p>\n<p><strong>GUIDE DES TAILLES<\/strong><\/p>\n<p><img fetchpriority=\"high\" decoding=\"async\" class=\"alignnone wp-image-18014 size-full\" src=\"https:\/\/combi-pro.com\/wp-content\/uploads\/2025\/01\/Design-sans-titre-47.png\" alt=\"\" width=\"500\" height=\"131\" srcset=\"https:\/\/combi-pro.com\/wp-content\/uploads\/2025\/01\/Design-sans-titre-47.png 500w, https:\/\/combi-pro.com\/wp-content\/uploads\/2025\/01\/Design-sans-titre-47-300x79.png 300w, https:\/\/combi-pro.com\/wp-content\/uploads\/2025\/01\/Design-sans-titre-47-18x5.png 18w, https:\/\/combi-pro.com\/wp-content\/uploads\/2025\/01\/Design-sans-titre-47-450x118.png 450w, https:\/\/combi-pro.com\/wp-content\/uploads\/2025\/01\/Design-sans-titre-47-64x17.png 64w\" sizes=\"(max-width: 500px) 100vw, 500px\" \/><\/p>\n<p>&nbsp;<\/p>","protected":false},"featured_media":13077,"template":"","meta":{"site-sidebar-layout":"default","site-content-layout":"","ast-site-content-layout":"default","site-content-style":"default","site-sidebar-style":"default","ast-global-header-display":"","ast-banner-title-visibility":"","ast-main-header-display":"","ast-hfb-above-header-display":"","ast-hfb-below-header-display":"","ast-hfb-mobile-header-display":"","site-post-title":"","ast-breadcrumbs-content":"","ast-featured-img":"","footer-sml-layout":"","ast-disable-related-posts":"","theme-transparent-header-meta":"default","adv-header-id-meta":"","stick-header-meta":"","header-above-stick-meta":"","header-main-stick-meta":"","header-below-stick-meta":"","astra-migrate-meta-layouts":"set","ast-page-background-enabled":"default","ast-page-background-meta":{"desktop":{"background-color":"","background-image":"","background-repeat":"repeat","background-position":"center center","background-size":"auto","background-attachment":"scroll","background-type":"","background-media":"","overlay-type":"","overlay-color":"","overlay-opacity":"","overlay-gradient":""},"tablet":{"background-color":"","background-image":"","background-repeat":"repeat","background-position":"center center","background-size":"auto","background-attachment":"scroll","background-type":"","background-media":"","overlay-type":"","overlay-color":"","overlay-opacity":"","overlay-gradient":""},"mobile":{"background-color":"","background-image":"","background-repeat":"repeat","background-position":"center center","background-size":"auto","background-attachment":"scroll","background-type":"","background-media":"","overlay-type":"","overlay-color":"","overlay-opacity":"","overlay-gradient":""}},"ast-content-background-meta":{"desktop":{"background-color":"var(--ast-global-color-5)","background-image":"","background-repeat":"repeat","background-position":"center center","background-size":"auto","background-attachment":"scroll","background-type":"","background-media":"","overlay-type":"","overlay-color":"","overlay-opacity":"","overlay-gradient":""},"tablet":{"background-color":"var(--ast-global-color-5)","background-image":"","background-repeat":"repeat","background-position":"center center","background-size":"auto","background-attachment":"scroll","background-type":"","background-media":"","overlay-type":"","overlay-color":"","overlay-opacity":"","overlay-gradient":""},"mobile":{"background-color":"var(--ast-global-color-5)","background-image":"","background-repeat":"repeat","background-position":"center center","background-size":"auto","background-attachment":"scroll","background-type":"","background-media":"","overlay-type":"","overlay-color":"","overlay-opacity":"","overlay-gradient":""}}},"product_brand":[444],"product_cat":[342,340],"product_tag":[],"class_list":{"0":"post-13075","1":"product","2":"type-product","3":"status-publish","4":"has-post-thumbnail","6":"product_brand-mukua","7":"product_cat-polos-textil-promocional","8":"product_cat-textil-promocional","9":"desktop-align-center","10":"tablet-align-left","11":"mobile-align-left","13":"first","14":"outofstock","15":"taxable","16":"shipping-taxable","17":"purchasable","18":"product-type-variable"},"_links":{"self":[{"href":"https:\/\/combi-pro.com\/fr\/wp-json\/wp\/v2\/product\/13075","targetHints":{"allow":["GET"]}}],"collection":[{"href":"https:\/\/combi-pro.com\/fr\/wp-json\/wp\/v2\/product"}],"about":[{"href":"https:\/\/combi-pro.com\/fr\/wp-json\/wp\/v2\/types\/product"}],"wp:featuredmedia":[{"embeddable":true,"href":"https:\/\/combi-pro.com\/fr\/wp-json\/wp\/v2\/media\/13077"}],"wp:attachment":[{"href":"https:\/\/combi-pro.com\/fr\/wp-json\/wp\/v2\/media?parent=13075"}],"wp:term":[{"taxonomy":"product_brand","embeddable":true,"href":"https:\/\/combi-pro.com\/fr\/wp-json\/wp\/v2\/product_brand?post=13075"},{"taxonomy":"product_cat","embeddable":true,"href":"https:\/\/combi-pro.com\/fr\/wp-json\/wp\/v2\/product_cat?post=13075"},{"taxonomy":"product_tag","embeddable":true,"href":"https:\/\/combi-pro.com\/fr\/wp-json\/wp\/v2\/product_tag?post=13075"}],"curies":[{"name":"wp","href":"https:\/\/api.w.org\/{rel}","templated":true}]}}