{"id":13107,"date":"2025-01-30T21:34:59","date_gmt":"2025-01-30T20:34:59","guid":{"rendered":"https:\/\/combi-pro.com\/?post_type=product&#038;p=13107"},"modified":"2026-05-08T22:42:06","modified_gmt":"2026-05-08T20:42:06","slug":"ps200kw-mackay-kids-polo-manches-courtes-kids","status":"publish","type":"product","link":"https:\/\/combi-pro.com\/fr\/boutique\/ps200kw-mackay-kids-polo-manches-courtes-kids\/","title":{"rendered":"Polo \u00e0 manches courtes pour gar\u00e7on MACKAY KIDS PS200KW | MUKUA"},"content":{"rendered":"<div class=\"data item\" role=\"tablist\">\n<p class=\"\" data-start=\"417\" data-end=\"449\"><strong data-start=\"417\" data-end=\"449\">Caract\u00e9ristiques principales:<\/strong><\/p>\n<ul>\n<li data-start=\"453\" data-end=\"505\">Patte de boutonnage \u00e0 2 boutons adapt\u00e9e \u00e0 la taille des enfants.<\/li>\n<li data-start=\"508\" data-end=\"599\">Le recouvrement des coutures renforc\u00e9 \u00e0 l'int\u00e9rieur du col \u00e9vite les d\u00e9formations \u00e0 l'usage.<\/li>\n<li data-start=\"602\" data-end=\"677\">Col et manches en c\u00f4tes 1\u00d71 avec \u00e9lasthanne pour une coupe ajust\u00e9e et confortable.<\/li>\n<li data-start=\"680\" data-end=\"758\">Coutures lat\u00e9rales avec fentes inf\u00e9rieures pour plus de confort et de mobilit\u00e9.<\/li>\n<li data-start=\"761\" data-end=\"830\">\u00c9galement disponible en version unisexe (MACKAY) et f\u00e9minine (MACKAY WOMAN).<\/li>\n<\/ul>\n<p class=\"\" data-start=\"832\" data-end=\"965\"><strong data-start=\"832\" data-end=\"850\">Certification:<\/strong><\/p>\n<ul>\n<li data-start=\"832\" data-end=\"965\">Con\u00e7u pour une utilisation quotidienne par les gar\u00e7ons et les filles.<\/li>\n<\/ul>\n<p class=\"\" data-start=\"967\" data-end=\"1111\"><strong data-start=\"967\" data-end=\"978\">Tissu: <\/strong><\/p>\n<ul>\n<li data-start=\"967\" data-end=\"1111\">Tricot piqu\u00e9 - 100 % coton Ringspun pr\u00e9r\u00e9tr\u00e9ci \/ 210 g\/m\u00b2.<\/li>\n<li data-start=\"967\" data-end=\"1111\">Tissu souple, respirant et durable, id\u00e9al pour un usage intensif.<\/li>\n<\/ul>\n<p class=\"\" data-start=\"1113\" data-end=\"1300\"><strong data-start=\"1113\" data-end=\"1133\">Recommandations: <\/strong><\/p>\n<ul>\n<li data-start=\"1113\" data-end=\"1300\">Parfait pour les uniformes scolaires, les activit\u00e9s extrascolaires, les excursions ou l'usage quotidien. Il offre confort, r\u00e9sistance et esth\u00e9tique soign\u00e9e aux petits.<\/li>\n<\/ul>\n<p data-start=\"1113\" data-end=\"1300\"><img decoding=\"async\" class=\"alignnone wp-image-14962\" src=\"https:\/\/combi-pro.com\/wp-content\/uploads\/2025\/01\/bordado-mukua.jpg\" alt=\"\" width=\"60\" height=\"60\" srcset=\"https:\/\/combi-pro.com\/wp-content\/uploads\/2025\/01\/bordado-mukua.jpg 427w, https:\/\/combi-pro.com\/wp-content\/uploads\/2025\/01\/bordado-mukua-100x100.jpg 100w, https:\/\/combi-pro.com\/wp-content\/uploads\/2025\/01\/bordado-mukua-64x64.jpg 64w, https:\/\/combi-pro.com\/wp-content\/uploads\/2025\/01\/bordado-mukua-300x300.jpg 300w, https:\/\/combi-pro.com\/wp-content\/uploads\/2025\/01\/bordado-mukua-150x150.jpg 150w, https:\/\/combi-pro.com\/wp-content\/uploads\/2025\/01\/bordado-mukua-12x12.jpg 12w\" sizes=\"(max-width: 60px) 100vw, 60px\" \/> <img decoding=\"async\" class=\"alignnone wp-image-14960\" src=\"https:\/\/combi-pro.com\/wp-content\/uploads\/2025\/01\/impresion-mukua-300x300.jpg\" alt=\"\" width=\"60\" height=\"60\" srcset=\"https:\/\/combi-pro.com\/wp-content\/uploads\/2025\/01\/impresion-mukua-300x300.jpg 300w, https:\/\/combi-pro.com\/wp-content\/uploads\/2025\/01\/impresion-mukua-100x100.jpg 100w, https:\/\/combi-pro.com\/wp-content\/uploads\/2025\/01\/impresion-mukua-64x64.jpg 64w, https:\/\/combi-pro.com\/wp-content\/uploads\/2025\/01\/impresion-mukua-150x150.jpg 150w, https:\/\/combi-pro.com\/wp-content\/uploads\/2025\/01\/impresion-mukua-12x12.jpg 12w, https:\/\/combi-pro.com\/wp-content\/uploads\/2025\/01\/impresion-mukua.jpg 427w\" sizes=\"(max-width: 60px) 100vw, 60px\" \/><\/p>\n<\/div>","protected":false},"excerpt":{"rendered":"<p>Le polo \u00e0 manches courtes MACKAY KIDS est con\u00e7u pour offrir aux petits un v\u00eatement confortable, durable et de style classique. Fabriqu\u00e9 en coton piqu\u00e9 Ringspun pr\u00e9r\u00e9tr\u00e9ci, il est id\u00e9al pour l'\u00e9cole, les activit\u00e9s de plein air ou comme uniforme pour enfants.<\/p>\n<p><strong>GUIDE DES TAILLES<\/strong><\/p>\n<p><img fetchpriority=\"high\" decoding=\"async\" class=\"alignnone wp-image-18012 size-full\" src=\"https:\/\/combi-pro.com\/wp-content\/uploads\/2025\/01\/Design-sans-titre-45.png\" alt=\"\" width=\"500\" height=\"131\" srcset=\"https:\/\/combi-pro.com\/wp-content\/uploads\/2025\/01\/Design-sans-titre-45.png 500w, https:\/\/combi-pro.com\/wp-content\/uploads\/2025\/01\/Design-sans-titre-45-300x79.png 300w, https:\/\/combi-pro.com\/wp-content\/uploads\/2025\/01\/Design-sans-titre-45-18x5.png 18w, https:\/\/combi-pro.com\/wp-content\/uploads\/2025\/01\/Design-sans-titre-45-450x118.png 450w, https:\/\/combi-pro.com\/wp-content\/uploads\/2025\/01\/Design-sans-titre-45-64x17.png 64w\" sizes=\"(max-width: 500px) 100vw, 500px\" \/><\/p>\n<p>&nbsp;<\/p>","protected":false},"featured_media":13109,"template":"","meta":{"site-sidebar-layout":"default","site-content-layout":"","ast-site-content-layout":"default","site-content-style":"default","site-sidebar-style":"default","ast-global-header-display":"","ast-banner-title-visibility":"","ast-main-header-display":"","ast-hfb-above-header-display":"","ast-hfb-below-header-display":"","ast-hfb-mobile-header-display":"","site-post-title":"","ast-breadcrumbs-content":"","ast-featured-img":"","footer-sml-layout":"","ast-disable-related-posts":"","theme-transparent-header-meta":"default","adv-header-id-meta":"","stick-header-meta":"","header-above-stick-meta":"","header-main-stick-meta":"","header-below-stick-meta":"","astra-migrate-meta-layouts":"set","ast-page-background-enabled":"default","ast-page-background-meta":{"desktop":{"background-color":"","background-image":"","background-repeat":"repeat","background-position":"center center","background-size":"auto","background-attachment":"scroll","background-type":"","background-media":"","overlay-type":"","overlay-color":"","overlay-opacity":"","overlay-gradient":""},"tablet":{"background-color":"","background-image":"","background-repeat":"repeat","background-position":"center center","background-size":"auto","background-attachment":"scroll","background-type":"","background-media":"","overlay-type":"","overlay-color":"","overlay-opacity":"","overlay-gradient":""},"mobile":{"background-color":"","background-image":"","background-repeat":"repeat","background-position":"center center","background-size":"auto","background-attachment":"scroll","background-type":"","background-media":"","overlay-type":"","overlay-color":"","overlay-opacity":"","overlay-gradient":""}},"ast-content-background-meta":{"desktop":{"background-color":"var(--ast-global-color-5)","background-image":"","background-repeat":"repeat","background-position":"center center","background-size":"auto","background-attachment":"scroll","background-type":"","background-media":"","overlay-type":"","overlay-color":"","overlay-opacity":"","overlay-gradient":""},"tablet":{"background-color":"var(--ast-global-color-5)","background-image":"","background-repeat":"repeat","background-position":"center center","background-size":"auto","background-attachment":"scroll","background-type":"","background-media":"","overlay-type":"","overlay-color":"","overlay-opacity":"","overlay-gradient":""},"mobile":{"background-color":"var(--ast-global-color-5)","background-image":"","background-repeat":"repeat","background-position":"center center","background-size":"auto","background-attachment":"scroll","background-type":"","background-media":"","overlay-type":"","overlay-color":"","overlay-opacity":"","overlay-gradient":""}}},"product_brand":[444],"product_cat":[342,340],"product_tag":[],"class_list":{"0":"post-13107","1":"product","2":"type-product","3":"status-publish","4":"has-post-thumbnail","6":"product_brand-mukua","7":"product_cat-polos-textil-promocional","8":"product_cat-textil-promocional","9":"desktop-align-center","10":"tablet-align-left","11":"mobile-align-left","13":"first","14":"instock","15":"taxable","16":"shipping-taxable","17":"purchasable","18":"product-type-variable"},"_links":{"self":[{"href":"https:\/\/combi-pro.com\/fr\/wp-json\/wp\/v2\/product\/13107","targetHints":{"allow":["GET"]}}],"collection":[{"href":"https:\/\/combi-pro.com\/fr\/wp-json\/wp\/v2\/product"}],"about":[{"href":"https:\/\/combi-pro.com\/fr\/wp-json\/wp\/v2\/types\/product"}],"wp:featuredmedia":[{"embeddable":true,"href":"https:\/\/combi-pro.com\/fr\/wp-json\/wp\/v2\/media\/13109"}],"wp:attachment":[{"href":"https:\/\/combi-pro.com\/fr\/wp-json\/wp\/v2\/media?parent=13107"}],"wp:term":[{"taxonomy":"product_brand","embeddable":true,"href":"https:\/\/combi-pro.com\/fr\/wp-json\/wp\/v2\/product_brand?post=13107"},{"taxonomy":"product_cat","embeddable":true,"href":"https:\/\/combi-pro.com\/fr\/wp-json\/wp\/v2\/product_cat?post=13107"},{"taxonomy":"product_tag","embeddable":true,"href":"https:\/\/combi-pro.com\/fr\/wp-json\/wp\/v2\/product_tag?post=13107"}],"curies":[{"name":"wp","href":"https:\/\/api.w.org\/{rel}","templated":true}]}}