{"id":13114,"date":"2025-01-30T21:46:05","date_gmt":"2025-01-30T20:46:05","guid":{"rendered":"https:\/\/combi-pro.com\/?post_type=product&#038;p=13114"},"modified":"2026-05-13T17:54:44","modified_gmt":"2026-05-13T15:54:44","slug":"pl200uw-hobart-polo-unisexe-manches-longues","status":"publish","type":"product","link":"https:\/\/combi-pro.com\/fr\/boutique\/pl200uw-hobart-polo-unisexe-manches-longues\/","title":{"rendered":"Polo unisexe \u00e0 manches longues HOBART PL200UW | MUKUA"},"content":{"rendered":"<div class=\"data item\" role=\"tablist\">\n<p class=\"\" data-start=\"424\" data-end=\"456\"><strong data-start=\"424\" data-end=\"456\">Caract\u00e9ristiques principales:<\/strong><\/p>\n<ul>\n<li data-start=\"460\" data-end=\"526\">Patte de boutonnage avec 3 boutons pour une coupe classique et fonctionnelle.<\/li>\n<li data-start=\"529\" data-end=\"618\">Coutures renforc\u00e9es \u00e0 l'int\u00e9rieur du col pour \u00e9viter les d\u00e9formations \u00e0 l'usage.<\/li>\n<li data-start=\"621\" data-end=\"686\">Col et manches en c\u00f4tes 1\u00d71 pour la structure et le confort.<\/li>\n<li data-start=\"689\" data-end=\"751\">Poignets en \u00e9lasthanne pour plus d'extensibilit\u00e9 et de durabilit\u00e9.<\/li>\n<li data-start=\"754\" data-end=\"828\">Coutures lat\u00e9rales avec fentes inf\u00e9rieures pour faciliter les mouvements.<\/li>\n<li data-start=\"831\" data-end=\"889\">Coupe r\u00e9guli\u00e8re, adaptable \u00e0 toutes les morphologies.<\/li>\n<li data-start=\"892\" data-end=\"946\">\u00c9galement disponible en version f\u00e9minine : HOBART WOMAN.<\/li>\n<\/ul>\n<p class=\"\" data-start=\"948\" data-end=\"1103\"><strong data-start=\"948\" data-end=\"966\">Certification: <\/strong><\/p>\n<ul>\n<li data-start=\"948\" data-end=\"1103\">Con\u00e7u pour une utilisation quotidienne dans des environnements de travail non industriels.<\/li>\n<\/ul>\n<p class=\"\" data-start=\"1105\" data-end=\"1263\"><strong data-start=\"1105\" data-end=\"1116\">Tissu: <\/strong><\/p>\n<ul>\n<li data-start=\"1105\" data-end=\"1263\">Tricot piqu\u00e9 - 100 % coton Ringspun pr\u00e9r\u00e9tr\u00e9ci \/ 210 g\/m\u00b2. Tissu r\u00e9sistant, naturel et respirant, id\u00e9al pour les climats temp\u00e9r\u00e9s ou frais.<\/li>\n<\/ul>\n<p class=\"\" data-start=\"1265\" data-end=\"1445\"><strong data-start=\"1265\" data-end=\"1285\">Recommandations: <\/strong><\/p>\n<ul>\n<li data-start=\"1265\" data-end=\"1445\">Parfait pour les uniformes d'entreprise, de vente au d\u00e9tail, de logistique ou de service, lorsqu'un v\u00eatement confortable, durable et d'un style professionnel intemporel est requis.<\/li>\n<\/ul>\n<p data-start=\"1265\" data-end=\"1445\"><img decoding=\"async\" class=\"alignnone wp-image-14962\" src=\"https:\/\/combi-pro.com\/wp-content\/uploads\/2025\/01\/bordado-mukua.jpg\" alt=\"\" width=\"60\" height=\"60\" srcset=\"https:\/\/combi-pro.com\/wp-content\/uploads\/2025\/01\/bordado-mukua.jpg 427w, https:\/\/combi-pro.com\/wp-content\/uploads\/2025\/01\/bordado-mukua-100x100.jpg 100w, https:\/\/combi-pro.com\/wp-content\/uploads\/2025\/01\/bordado-mukua-64x64.jpg 64w, https:\/\/combi-pro.com\/wp-content\/uploads\/2025\/01\/bordado-mukua-300x300.jpg 300w, https:\/\/combi-pro.com\/wp-content\/uploads\/2025\/01\/bordado-mukua-150x150.jpg 150w, https:\/\/combi-pro.com\/wp-content\/uploads\/2025\/01\/bordado-mukua-12x12.jpg 12w\" sizes=\"(max-width: 60px) 100vw, 60px\" \/> <img decoding=\"async\" class=\"alignnone wp-image-14960\" src=\"https:\/\/combi-pro.com\/wp-content\/uploads\/2025\/01\/impresion-mukua-300x300.jpg\" alt=\"\" width=\"60\" height=\"60\" srcset=\"https:\/\/combi-pro.com\/wp-content\/uploads\/2025\/01\/impresion-mukua-300x300.jpg 300w, https:\/\/combi-pro.com\/wp-content\/uploads\/2025\/01\/impresion-mukua-100x100.jpg 100w, https:\/\/combi-pro.com\/wp-content\/uploads\/2025\/01\/impresion-mukua-64x64.jpg 64w, https:\/\/combi-pro.com\/wp-content\/uploads\/2025\/01\/impresion-mukua-150x150.jpg 150w, https:\/\/combi-pro.com\/wp-content\/uploads\/2025\/01\/impresion-mukua-12x12.jpg 12w, https:\/\/combi-pro.com\/wp-content\/uploads\/2025\/01\/impresion-mukua.jpg 427w\" sizes=\"(max-width: 60px) 100vw, 60px\" \/><\/p>\n<\/div>","protected":false},"excerpt":{"rendered":"<p>Le polo \u00e0 manches longues HOBART est con\u00e7u pour le confort, le style et la durabilit\u00e9 dans les environnements professionnels. Fabriqu\u00e9 en piqu\u00e9 de coton 100 % Ringspun pr\u00e9r\u00e9tr\u00e9ci, il offre un toucher doux, une excellente respirabilit\u00e9 et une tenue confortable tout au long de la journ\u00e9e.<\/p>\n<p><strong>GUIDE DES TAILLES<\/strong><\/p>\n<p><img fetchpriority=\"high\" decoding=\"async\" class=\"alignnone wp-image-18017 size-full\" src=\"https:\/\/combi-pro.com\/wp-content\/uploads\/2025\/01\/Design-sans-titre-50.png\" alt=\"\" width=\"500\" height=\"131\" srcset=\"https:\/\/combi-pro.com\/wp-content\/uploads\/2025\/01\/Design-sans-titre-50.png 500w, https:\/\/combi-pro.com\/wp-content\/uploads\/2025\/01\/Design-sans-titre-50-300x79.png 300w, https:\/\/combi-pro.com\/wp-content\/uploads\/2025\/01\/Design-sans-titre-50-18x5.png 18w, https:\/\/combi-pro.com\/wp-content\/uploads\/2025\/01\/Design-sans-titre-50-450x118.png 450w, https:\/\/combi-pro.com\/wp-content\/uploads\/2025\/01\/Design-sans-titre-50-64x17.png 64w\" sizes=\"(max-width: 500px) 100vw, 500px\" \/><\/p>\n<p>&nbsp;<\/p>","protected":false},"featured_media":13116,"template":"","meta":{"site-sidebar-layout":"default","site-content-layout":"","ast-site-content-layout":"default","site-content-style":"default","site-sidebar-style":"default","ast-global-header-display":"","ast-banner-title-visibility":"","ast-main-header-display":"","ast-hfb-above-header-display":"","ast-hfb-below-header-display":"","ast-hfb-mobile-header-display":"","site-post-title":"","ast-breadcrumbs-content":"","ast-featured-img":"","footer-sml-layout":"","ast-disable-related-posts":"","theme-transparent-header-meta":"default","adv-header-id-meta":"","stick-header-meta":"","header-above-stick-meta":"","header-main-stick-meta":"","header-below-stick-meta":"","astra-migrate-meta-layouts":"set","ast-page-background-enabled":"default","ast-page-background-meta":{"desktop":{"background-color":"","background-image":"","background-repeat":"repeat","background-position":"center center","background-size":"auto","background-attachment":"scroll","background-type":"","background-media":"","overlay-type":"","overlay-color":"","overlay-opacity":"","overlay-gradient":""},"tablet":{"background-color":"","background-image":"","background-repeat":"repeat","background-position":"center center","background-size":"auto","background-attachment":"scroll","background-type":"","background-media":"","overlay-type":"","overlay-color":"","overlay-opacity":"","overlay-gradient":""},"mobile":{"background-color":"","background-image":"","background-repeat":"repeat","background-position":"center center","background-size":"auto","background-attachment":"scroll","background-type":"","background-media":"","overlay-type":"","overlay-color":"","overlay-opacity":"","overlay-gradient":""}},"ast-content-background-meta":{"desktop":{"background-color":"var(--ast-global-color-5)","background-image":"","background-repeat":"repeat","background-position":"center center","background-size":"auto","background-attachment":"scroll","background-type":"","background-media":"","overlay-type":"","overlay-color":"","overlay-opacity":"","overlay-gradient":""},"tablet":{"background-color":"var(--ast-global-color-5)","background-image":"","background-repeat":"repeat","background-position":"center center","background-size":"auto","background-attachment":"scroll","background-type":"","background-media":"","overlay-type":"","overlay-color":"","overlay-opacity":"","overlay-gradient":""},"mobile":{"background-color":"var(--ast-global-color-5)","background-image":"","background-repeat":"repeat","background-position":"center center","background-size":"auto","background-attachment":"scroll","background-type":"","background-media":"","overlay-type":"","overlay-color":"","overlay-opacity":"","overlay-gradient":""}}},"product_brand":[444],"product_cat":[342,340],"product_tag":[],"class_list":{"0":"post-13114","1":"product","2":"type-product","3":"status-publish","4":"has-post-thumbnail","6":"product_brand-mukua","7":"product_cat-polos-textil-promocional","8":"product_cat-textil-promocional","9":"desktop-align-center","10":"tablet-align-left","11":"mobile-align-left","13":"first","14":"instock","15":"taxable","16":"shipping-taxable","17":"purchasable","18":"product-type-variable"},"_links":{"self":[{"href":"https:\/\/combi-pro.com\/fr\/wp-json\/wp\/v2\/product\/13114","targetHints":{"allow":["GET"]}}],"collection":[{"href":"https:\/\/combi-pro.com\/fr\/wp-json\/wp\/v2\/product"}],"about":[{"href":"https:\/\/combi-pro.com\/fr\/wp-json\/wp\/v2\/types\/product"}],"wp:featuredmedia":[{"embeddable":true,"href":"https:\/\/combi-pro.com\/fr\/wp-json\/wp\/v2\/media\/13116"}],"wp:attachment":[{"href":"https:\/\/combi-pro.com\/fr\/wp-json\/wp\/v2\/media?parent=13114"}],"wp:term":[{"taxonomy":"product_brand","embeddable":true,"href":"https:\/\/combi-pro.com\/fr\/wp-json\/wp\/v2\/product_brand?post=13114"},{"taxonomy":"product_cat","embeddable":true,"href":"https:\/\/combi-pro.com\/fr\/wp-json\/wp\/v2\/product_cat?post=13114"},{"taxonomy":"product_tag","embeddable":true,"href":"https:\/\/combi-pro.com\/fr\/wp-json\/wp\/v2\/product_tag?post=13114"}],"curies":[{"name":"wp","href":"https:\/\/api.w.org\/{rel}","templated":true}]}}