{"id":13123,"date":"2025-01-30T21:49:39","date_gmt":"2025-01-30T20:49:39","guid":{"rendered":"https:\/\/combi-pro.com\/?post_type=product&#038;p=13123"},"modified":"2026-05-13T17:57:06","modified_gmt":"2026-05-13T15:57:06","slug":"mk214cv-polo-a-manches-courtes-pour-femmes-210-copie","status":"publish","type":"product","link":"https:\/\/combi-pro.com\/fr\/boutique\/mk214cv-polo-a-manches-courtes-pour-femmes-210-copie\/","title":{"rendered":"Polo unisexe \u00e0 manches courtes GIBSON MK215CV | MUKUA"},"content":{"rendered":"<div class=\"data item\" role=\"tablist\">\n<p class=\"\" data-start=\"441\" data-end=\"473\"><strong data-start=\"441\" data-end=\"473\">Caract\u00e9ristiques principales:<\/strong><\/p>\n<ul>\n<li data-start=\"477\" data-end=\"546\">Patte de boutonnage avec 3 boutons pour une fermeture traditionnelle et pratique.<\/li>\n<li data-start=\"549\" data-end=\"640\">Le recouvrement des coutures renforc\u00e9 \u00e0 l'int\u00e9rieur du col \u00e9vite les d\u00e9formations \u00e0 l'usage.<\/li>\n<li data-start=\"643\" data-end=\"717\">Le col et les manches en c\u00f4tes 1\u00d71 assurent un ajustement confortable.<\/li>\n<li data-start=\"720\" data-end=\"800\">Coutures lat\u00e9rales avec fentes inf\u00e9rieures pour une plus grande libert\u00e9 de mouvement.<\/li>\n<li data-start=\"803\" data-end=\"880\">Coupe r\u00e9guli\u00e8re, adapt\u00e9e \u00e0 tous les profils et \u00e0 une utilisation prolong\u00e9e.<\/li>\n<li data-start=\"883\" data-end=\"922\">Disponible en version f\u00e9minine : Nobby.<\/li>\n<\/ul>\n<p class=\"\" data-start=\"924\" data-end=\"1082\"><strong data-start=\"924\" data-end=\"942\">Certification: <\/strong><\/p>\n<ul>\n<li data-start=\"924\" data-end=\"1082\">Con\u00e7u pour un look quotidien professionnel et confortable.<\/li>\n<\/ul>\n<p class=\"\" data-start=\"1084\" data-end=\"1295\"><strong data-start=\"1084\" data-end=\"1095\">Tissu: <\/strong><\/p>\n<ul>\n<li data-start=\"1084\" data-end=\"1295\">Tricot piqu\u00e9 - 35 % coton Ringspun \/ 65 % polyester \/ 210 g\/m\u00b2.<\/li>\n<li data-start=\"1084\" data-end=\"1295\">Couleur Gris chin\u00e9 : 85 % coton - 15 % viscose.<\/li>\n<li data-start=\"1084\" data-end=\"1295\">Tissu durable, respirant et facile \u00e0 entretenir, id\u00e9al pour un usage fr\u00e9quent.<\/li>\n<\/ul>\n<p class=\"\" data-start=\"1297\" data-end=\"1474\"><strong data-start=\"1297\" data-end=\"1317\">Recommandations: <\/strong><\/p>\n<ul>\n<li data-start=\"1297\" data-end=\"1474\">Parfait pour les uniformes d'affaires, de commerce, de service, de transport ou de logistique. Donne une image professionnelle sans sacrifier la fonctionnalit\u00e9 ou le confort.<\/li>\n<\/ul>\n<p data-start=\"1297\" data-end=\"1474\"><img decoding=\"async\" class=\"alignnone wp-image-14962\" src=\"https:\/\/combi-pro.com\/wp-content\/uploads\/2025\/01\/bordado-mukua.jpg\" alt=\"\" width=\"60\" height=\"60\" srcset=\"https:\/\/combi-pro.com\/wp-content\/uploads\/2025\/01\/bordado-mukua.jpg 427w, https:\/\/combi-pro.com\/wp-content\/uploads\/2025\/01\/bordado-mukua-100x100.jpg 100w, https:\/\/combi-pro.com\/wp-content\/uploads\/2025\/01\/bordado-mukua-64x64.jpg 64w, https:\/\/combi-pro.com\/wp-content\/uploads\/2025\/01\/bordado-mukua-300x300.jpg 300w, https:\/\/combi-pro.com\/wp-content\/uploads\/2025\/01\/bordado-mukua-150x150.jpg 150w, https:\/\/combi-pro.com\/wp-content\/uploads\/2025\/01\/bordado-mukua-12x12.jpg 12w\" sizes=\"(max-width: 60px) 100vw, 60px\" \/> <img decoding=\"async\" class=\"alignnone wp-image-14960\" src=\"https:\/\/combi-pro.com\/wp-content\/uploads\/2025\/01\/impresion-mukua-300x300.jpg\" alt=\"\" width=\"60\" height=\"60\" srcset=\"https:\/\/combi-pro.com\/wp-content\/uploads\/2025\/01\/impresion-mukua-300x300.jpg 300w, https:\/\/combi-pro.com\/wp-content\/uploads\/2025\/01\/impresion-mukua-100x100.jpg 100w, https:\/\/combi-pro.com\/wp-content\/uploads\/2025\/01\/impresion-mukua-64x64.jpg 64w, https:\/\/combi-pro.com\/wp-content\/uploads\/2025\/01\/impresion-mukua-150x150.jpg 150w, https:\/\/combi-pro.com\/wp-content\/uploads\/2025\/01\/impresion-mukua-12x12.jpg 12w, https:\/\/combi-pro.com\/wp-content\/uploads\/2025\/01\/impresion-mukua.jpg 427w\" sizes=\"(max-width: 60px) 100vw, 60px\" \/><\/p>\n<\/div>","protected":false},"excerpt":{"rendered":"<p>Le polo \u00e0 manches courtes GIBSON allie robustesse, style classique et facilit\u00e9 d'entretien dans un v\u00eatement con\u00e7u pour l'environnement professionnel. Avec son tissu en m\u00e9lange coton-polyester et sa conception fonctionnelle, il offre un look professionnel sans compromis sur le confort et la durabilit\u00e9.<\/p>\n<p><strong>GUIDE DES TAILLES<\/strong><\/p>\n<p><img fetchpriority=\"high\" decoding=\"async\" class=\"alignnone wp-image-18015 size-full\" src=\"https:\/\/combi-pro.com\/wp-content\/uploads\/2025\/01\/Design-sans-titre-48.png\" alt=\"\" width=\"500\" height=\"131\" srcset=\"https:\/\/combi-pro.com\/wp-content\/uploads\/2025\/01\/Design-sans-titre-48.png 500w, https:\/\/combi-pro.com\/wp-content\/uploads\/2025\/01\/Design-sans-titre-48-300x79.png 300w, https:\/\/combi-pro.com\/wp-content\/uploads\/2025\/01\/Design-sans-titre-48-18x5.png 18w, https:\/\/combi-pro.com\/wp-content\/uploads\/2025\/01\/Design-sans-titre-48-450x118.png 450w, https:\/\/combi-pro.com\/wp-content\/uploads\/2025\/01\/Design-sans-titre-48-64x17.png 64w\" sizes=\"(max-width: 500px) 100vw, 500px\" \/><\/p>\n<p>&nbsp;<\/p>","protected":false},"featured_media":13153,"template":"","meta":{"site-sidebar-layout":"default","site-content-layout":"","ast-site-content-layout":"default","site-content-style":"default","site-sidebar-style":"default","ast-global-header-display":"","ast-banner-title-visibility":"","ast-main-header-display":"","ast-hfb-above-header-display":"","ast-hfb-below-header-display":"","ast-hfb-mobile-header-display":"","site-post-title":"","ast-breadcrumbs-content":"","ast-featured-img":"","footer-sml-layout":"","ast-disable-related-posts":"","theme-transparent-header-meta":"default","adv-header-id-meta":"","stick-header-meta":"","header-above-stick-meta":"","header-main-stick-meta":"","header-below-stick-meta":"","astra-migrate-meta-layouts":"set","ast-page-background-enabled":"default","ast-page-background-meta":{"desktop":{"background-color":"","background-image":"","background-repeat":"repeat","background-position":"center center","background-size":"auto","background-attachment":"scroll","background-type":"","background-media":"","overlay-type":"","overlay-color":"","overlay-opacity":"","overlay-gradient":""},"tablet":{"background-color":"","background-image":"","background-repeat":"repeat","background-position":"center center","background-size":"auto","background-attachment":"scroll","background-type":"","background-media":"","overlay-type":"","overlay-color":"","overlay-opacity":"","overlay-gradient":""},"mobile":{"background-color":"","background-image":"","background-repeat":"repeat","background-position":"center center","background-size":"auto","background-attachment":"scroll","background-type":"","background-media":"","overlay-type":"","overlay-color":"","overlay-opacity":"","overlay-gradient":""}},"ast-content-background-meta":{"desktop":{"background-color":"var(--ast-global-color-5)","background-image":"","background-repeat":"repeat","background-position":"center center","background-size":"auto","background-attachment":"scroll","background-type":"","background-media":"","overlay-type":"","overlay-color":"","overlay-opacity":"","overlay-gradient":""},"tablet":{"background-color":"var(--ast-global-color-5)","background-image":"","background-repeat":"repeat","background-position":"center center","background-size":"auto","background-attachment":"scroll","background-type":"","background-media":"","overlay-type":"","overlay-color":"","overlay-opacity":"","overlay-gradient":""},"mobile":{"background-color":"var(--ast-global-color-5)","background-image":"","background-repeat":"repeat","background-position":"center center","background-size":"auto","background-attachment":"scroll","background-type":"","background-media":"","overlay-type":"","overlay-color":"","overlay-opacity":"","overlay-gradient":""}}},"product_brand":[444],"product_cat":[342,340],"product_tag":[],"class_list":{"0":"post-13123","1":"product","2":"type-product","3":"status-publish","4":"has-post-thumbnail","6":"product_brand-mukua","7":"product_cat-polos-textil-promocional","8":"product_cat-textil-promocional","9":"desktop-align-center","10":"tablet-align-left","11":"mobile-align-left","13":"first","14":"instock","15":"taxable","16":"shipping-taxable","17":"purchasable","18":"product-type-variable","19":"has-default-attributes"},"_links":{"self":[{"href":"https:\/\/combi-pro.com\/fr\/wp-json\/wp\/v2\/product\/13123","targetHints":{"allow":["GET"]}}],"collection":[{"href":"https:\/\/combi-pro.com\/fr\/wp-json\/wp\/v2\/product"}],"about":[{"href":"https:\/\/combi-pro.com\/fr\/wp-json\/wp\/v2\/types\/product"}],"wp:featuredmedia":[{"embeddable":true,"href":"https:\/\/combi-pro.com\/fr\/wp-json\/wp\/v2\/media\/13153"}],"wp:attachment":[{"href":"https:\/\/combi-pro.com\/fr\/wp-json\/wp\/v2\/media?parent=13123"}],"wp:term":[{"taxonomy":"product_brand","embeddable":true,"href":"https:\/\/combi-pro.com\/fr\/wp-json\/wp\/v2\/product_brand?post=13123"},{"taxonomy":"product_cat","embeddable":true,"href":"https:\/\/combi-pro.com\/fr\/wp-json\/wp\/v2\/product_cat?post=13123"},{"taxonomy":"product_tag","embeddable":true,"href":"https:\/\/combi-pro.com\/fr\/wp-json\/wp\/v2\/product_tag?post=13123"}],"curies":[{"name":"wp","href":"https:\/\/api.w.org\/{rel}","templated":true}]}}