{"id":13167,"date":"2025-01-30T22:19:42","date_gmt":"2025-01-30T21:19:42","guid":{"rendered":"https:\/\/combi-pro.com\/?post_type=product&#038;p=13167"},"modified":"2026-05-13T17:57:29","modified_gmt":"2026-05-13T15:57:29","slug":"mk242cv-clifton-polo-manches-longues-210","status":"publish","type":"product","link":"https:\/\/combi-pro.com\/fr\/boutique\/mk242cv-clifton-polo-manches-longues-210\/","title":{"rendered":"Polo unisexe \u00e0 manches longues CLIFTON MK242CV | MUKUA"},"content":{"rendered":"<div class=\"data item\" role=\"tablist\">\n<p class=\"\" data-start=\"435\" data-end=\"467\"><strong data-start=\"435\" data-end=\"467\">Caract\u00e9ristiques principales:<\/strong><\/p>\n<ul>\n<li data-start=\"471\" data-end=\"537\">Patte de boutonnage avec 3 boutons pour une fermeture pratique et \u00e9l\u00e9gante.<\/li>\n<li data-start=\"540\" data-end=\"632\">Couverture de couture renforc\u00e9e \u00e0 l'int\u00e9rieur du col, qui emp\u00eache la d\u00e9formation \u00e0 l'usage.<\/li>\n<li data-start=\"635\" data-end=\"691\">Col c\u00f4tel\u00e9 1\u00d71 pour un ajustement confortable et durable.<\/li>\n<li data-start=\"694\" data-end=\"768\">Les poignets en \u00e9lasthanne offrent une plus grande \u00e9lasticit\u00e9 et \u00e9vitent les d\u00e9formations.<\/li>\n<li data-start=\"771\" data-end=\"844\">Coutures lat\u00e9rales avec fentes inf\u00e9rieures pour faciliter les mouvements.<\/li>\n<li data-start=\"847\" data-end=\"932\">Coupe r\u00e9guli\u00e8re, id\u00e9ale pour une utilisation prolong\u00e9e et adaptable \u00e0 tous les profils.<\/li>\n<\/ul>\n<p class=\"\" data-start=\"934\" data-end=\"1088\"><strong data-start=\"934\" data-end=\"952\">Certification: <\/strong><\/p>\n<ul>\n<li data-start=\"934\" data-end=\"1088\">Con\u00e7u pour une utilisation quotidienne dans des environnements professionnels non industriels.<\/li>\n<\/ul>\n<p class=\"\" data-start=\"1090\" data-end=\"1303\"><strong data-start=\"1090\" data-end=\"1101\">Tissu: <\/strong><\/p>\n<ul>\n<li data-start=\"1090\" data-end=\"1303\">Tricot piqu\u00e9 - 35 % coton Ringspun \/ 65 % polyester \/ 210 g\/m\u00b2.<\/li>\n<li data-start=\"1090\" data-end=\"1303\">Couleur Gris chin\u00e9 : 85 % coton - 15 % viscose.<\/li>\n<li data-start=\"1090\" data-end=\"1303\">Tissu r\u00e9sistant, respirant et facile d'entretien, id\u00e9al pour un usage fr\u00e9quent.<\/li>\n<\/ul>\n<p class=\"\" data-start=\"1305\" data-end=\"1542\"><strong data-start=\"1305\" data-end=\"1325\">Recommandations: <\/strong><\/p>\n<ul>\n<li data-start=\"1305\" data-end=\"1542\">Parfait pour les uniformes d'entreprise, le service \u00e0 la client\u00e8le, le transport, la logistique ou le travail en ext\u00e9rieur dans les stations interm\u00e9diaires. Donne une image professionnelle sans sacrifier le confort ou la praticit\u00e9.<\/li>\n<\/ul>\n<p data-start=\"1305\" data-end=\"1542\"><img decoding=\"async\" class=\"alignnone wp-image-14962\" src=\"https:\/\/combi-pro.com\/wp-content\/uploads\/2025\/01\/bordado-mukua.jpg\" alt=\"\" width=\"60\" height=\"60\" srcset=\"https:\/\/combi-pro.com\/wp-content\/uploads\/2025\/01\/bordado-mukua.jpg 427w, https:\/\/combi-pro.com\/wp-content\/uploads\/2025\/01\/bordado-mukua-100x100.jpg 100w, https:\/\/combi-pro.com\/wp-content\/uploads\/2025\/01\/bordado-mukua-64x64.jpg 64w, https:\/\/combi-pro.com\/wp-content\/uploads\/2025\/01\/bordado-mukua-300x300.jpg 300w, https:\/\/combi-pro.com\/wp-content\/uploads\/2025\/01\/bordado-mukua-150x150.jpg 150w, https:\/\/combi-pro.com\/wp-content\/uploads\/2025\/01\/bordado-mukua-12x12.jpg 12w\" sizes=\"(max-width: 60px) 100vw, 60px\" \/> <img decoding=\"async\" class=\"alignnone wp-image-14960\" src=\"https:\/\/combi-pro.com\/wp-content\/uploads\/2025\/01\/impresion-mukua-300x300.jpg\" alt=\"\" width=\"60\" height=\"60\" srcset=\"https:\/\/combi-pro.com\/wp-content\/uploads\/2025\/01\/impresion-mukua-300x300.jpg 300w, https:\/\/combi-pro.com\/wp-content\/uploads\/2025\/01\/impresion-mukua-100x100.jpg 100w, https:\/\/combi-pro.com\/wp-content\/uploads\/2025\/01\/impresion-mukua-64x64.jpg 64w, https:\/\/combi-pro.com\/wp-content\/uploads\/2025\/01\/impresion-mukua-150x150.jpg 150w, https:\/\/combi-pro.com\/wp-content\/uploads\/2025\/01\/impresion-mukua-12x12.jpg 12w, https:\/\/combi-pro.com\/wp-content\/uploads\/2025\/01\/impresion-mukua.jpg 427w\" sizes=\"(max-width: 60px) 100vw, 60px\" \/><\/p>\n<\/div>","protected":false},"excerpt":{"rendered":"<p class=\"\" data-start=\"59\" data-end=\"240\">Le polo \u00e0 manches longues CLIFTON allie confort thermique, r\u00e9sistance et style. Son tissu piqu\u00e9 de polyester et de coton Ringspun offre durabilit\u00e9, douceur et facilit\u00e9 d'entretien.<\/p>\n<p><strong>GUIDE DES TAILLES<\/strong><\/p>\n<p><img fetchpriority=\"high\" decoding=\"async\" class=\"alignnone wp-image-18016 size-full\" src=\"https:\/\/combi-pro.com\/wp-content\/uploads\/2025\/01\/Design-sans-titre-49.png\" alt=\"\" width=\"500\" height=\"131\" srcset=\"https:\/\/combi-pro.com\/wp-content\/uploads\/2025\/01\/Design-sans-titre-49.png 500w, https:\/\/combi-pro.com\/wp-content\/uploads\/2025\/01\/Design-sans-titre-49-300x79.png 300w, https:\/\/combi-pro.com\/wp-content\/uploads\/2025\/01\/Design-sans-titre-49-18x5.png 18w, https:\/\/combi-pro.com\/wp-content\/uploads\/2025\/01\/Design-sans-titre-49-450x118.png 450w, https:\/\/combi-pro.com\/wp-content\/uploads\/2025\/01\/Design-sans-titre-49-64x17.png 64w\" sizes=\"(max-width: 500px) 100vw, 500px\" \/><\/p>\n<p>&nbsp;<\/p>\n<p>&nbsp;<\/p>","protected":false},"featured_media":13170,"template":"","meta":{"site-sidebar-layout":"default","site-content-layout":"","ast-site-content-layout":"default","site-content-style":"default","site-sidebar-style":"default","ast-global-header-display":"","ast-banner-title-visibility":"","ast-main-header-display":"","ast-hfb-above-header-display":"","ast-hfb-below-header-display":"","ast-hfb-mobile-header-display":"","site-post-title":"","ast-breadcrumbs-content":"","ast-featured-img":"","footer-sml-layout":"","ast-disable-related-posts":"","theme-transparent-header-meta":"default","adv-header-id-meta":"","stick-header-meta":"","header-above-stick-meta":"","header-main-stick-meta":"","header-below-stick-meta":"","astra-migrate-meta-layouts":"set","ast-page-background-enabled":"default","ast-page-background-meta":{"desktop":{"background-color":"","background-image":"","background-repeat":"repeat","background-position":"center center","background-size":"auto","background-attachment":"scroll","background-type":"","background-media":"","overlay-type":"","overlay-color":"","overlay-opacity":"","overlay-gradient":""},"tablet":{"background-color":"","background-image":"","background-repeat":"repeat","background-position":"center center","background-size":"auto","background-attachment":"scroll","background-type":"","background-media":"","overlay-type":"","overlay-color":"","overlay-opacity":"","overlay-gradient":""},"mobile":{"background-color":"","background-image":"","background-repeat":"repeat","background-position":"center center","background-size":"auto","background-attachment":"scroll","background-type":"","background-media":"","overlay-type":"","overlay-color":"","overlay-opacity":"","overlay-gradient":""}},"ast-content-background-meta":{"desktop":{"background-color":"var(--ast-global-color-5)","background-image":"","background-repeat":"repeat","background-position":"center center","background-size":"auto","background-attachment":"scroll","background-type":"","background-media":"","overlay-type":"","overlay-color":"","overlay-opacity":"","overlay-gradient":""},"tablet":{"background-color":"var(--ast-global-color-5)","background-image":"","background-repeat":"repeat","background-position":"center center","background-size":"auto","background-attachment":"scroll","background-type":"","background-media":"","overlay-type":"","overlay-color":"","overlay-opacity":"","overlay-gradient":""},"mobile":{"background-color":"var(--ast-global-color-5)","background-image":"","background-repeat":"repeat","background-position":"center center","background-size":"auto","background-attachment":"scroll","background-type":"","background-media":"","overlay-type":"","overlay-color":"","overlay-opacity":"","overlay-gradient":""}}},"product_brand":[444],"product_cat":[342,340],"product_tag":[],"class_list":{"0":"post-13167","1":"product","2":"type-product","3":"status-publish","4":"has-post-thumbnail","6":"product_brand-mukua","7":"product_cat-polos-textil-promocional","8":"product_cat-textil-promocional","9":"desktop-align-center","10":"tablet-align-left","11":"mobile-align-left","13":"first","14":"instock","15":"taxable","16":"shipping-taxable","17":"purchasable","18":"product-type-variable","19":"has-default-attributes"},"_links":{"self":[{"href":"https:\/\/combi-pro.com\/fr\/wp-json\/wp\/v2\/product\/13167","targetHints":{"allow":["GET"]}}],"collection":[{"href":"https:\/\/combi-pro.com\/fr\/wp-json\/wp\/v2\/product"}],"about":[{"href":"https:\/\/combi-pro.com\/fr\/wp-json\/wp\/v2\/types\/product"}],"wp:featuredmedia":[{"embeddable":true,"href":"https:\/\/combi-pro.com\/fr\/wp-json\/wp\/v2\/media\/13170"}],"wp:attachment":[{"href":"https:\/\/combi-pro.com\/fr\/wp-json\/wp\/v2\/media?parent=13167"}],"wp:term":[{"taxonomy":"product_brand","embeddable":true,"href":"https:\/\/combi-pro.com\/fr\/wp-json\/wp\/v2\/product_brand?post=13167"},{"taxonomy":"product_cat","embeddable":true,"href":"https:\/\/combi-pro.com\/fr\/wp-json\/wp\/v2\/product_cat?post=13167"},{"taxonomy":"product_tag","embeddable":true,"href":"https:\/\/combi-pro.com\/fr\/wp-json\/wp\/v2\/product_tag?post=13167"}],"curies":[{"name":"wp","href":"https:\/\/api.w.org\/{rel}","templated":true}]}}