{"id":13189,"date":"2025-01-30T22:43:24","date_gmt":"2025-01-30T21:43:24","guid":{"rendered":"https:\/\/combi-pro.com\/?post_type=product&#038;p=13189"},"modified":"2026-05-13T17:57:48","modified_gmt":"2026-05-13T15:57:48","slug":"ps160w-bogan-woman-polo-shirt-manches-courtes-femmes","status":"publish","type":"product","link":"https:\/\/combi-pro.com\/fr\/boutique\/ps160w-bogan-woman-polo-shirt-manches-courtes-femmes\/","title":{"rendered":"Polo manches courtes femme BOGAN WOMAN PS160W | MUKUA"},"content":{"rendered":"<div class=\"data item\" role=\"tablist\">\n<p class=\"\" data-start=\"467\" data-end=\"499\"><strong data-start=\"467\" data-end=\"499\">Caract\u00e9ristiques principales:<\/strong><\/p>\n<ul>\n<li data-start=\"503\" data-end=\"576\">Tissu Coolpass pour la respirabilit\u00e9 et le contr\u00f4le thermique.<\/li>\n<li data-start=\"579\" data-end=\"636\">Patte de boutonnage \u00e0 3 boutons pour une coupe classique et \u00e9l\u00e9gante.<\/li>\n<li data-start=\"639\" data-end=\"728\">Coutures renforc\u00e9es \u00e0 l'int\u00e9rieur du col pour plus de durabilit\u00e9 et de stabilit\u00e9.<\/li>\n<li data-start=\"731\" data-end=\"788\">Le col c\u00f4tel\u00e9 1\u00d71 assure confort et durabilit\u00e9.<\/li>\n<li data-start=\"791\" data-end=\"871\">Coutures lat\u00e9rales avec fentes inf\u00e9rieures pour une plus grande libert\u00e9 de mouvement.<\/li>\n<li data-start=\"874\" data-end=\"946\">Coupe r\u00e9guli\u00e8re, con\u00e7ue pour le confort et la f\u00e9minit\u00e9.<\/li>\n<li data-start=\"949\" data-end=\"994\">\u00c9galement disponible en version unisexe (BOGAN).<\/li>\n<\/ul>\n<p class=\"\" data-start=\"996\" data-end=\"1152\"><strong data-start=\"996\" data-end=\"1014\">Certification: <\/strong><\/p>\n<ul>\n<li data-start=\"996\" data-end=\"1152\">Con\u00e7u pour les environnements chauds et les activit\u00e9s d'intensit\u00e9 mod\u00e9r\u00e9e.<\/li>\n<\/ul>\n<p class=\"\" data-start=\"1154\" data-end=\"1292\"><strong data-start=\"1154\" data-end=\"1165\">Tissu: <\/strong><\/p>\n<ul>\n<li data-start=\"1154\" data-end=\"1292\">Micro Bird Eye - 100 polyester % \/ 160 g\/m\u00b2.<\/li>\n<li data-start=\"1154\" data-end=\"1292\">Tissu technique l\u00e9ger, respirant et \u00e0 s\u00e9chage rapide avec technologie Coolpass.<\/li>\n<\/ul>\n<p class=\"\" data-start=\"1294\" data-end=\"1509\"><strong data-start=\"1294\" data-end=\"1314\">Recommandations: <\/strong><\/p>\n<ul>\n<li data-start=\"1294\" data-end=\"1509\">Parfait pour le travail en ext\u00e9rieur, le service \u00e0 la client\u00e8le, l'h\u00f4tellerie, la logistique et toute activit\u00e9 professionnelle n\u00e9cessitant fra\u00eecheur, respirabilit\u00e9 et libert\u00e9 de mouvement.<\/li>\n<\/ul>\n<p data-start=\"1294\" data-end=\"1509\"><img decoding=\"async\" class=\"alignnone wp-image-14960\" src=\"https:\/\/combi-pro.com\/wp-content\/uploads\/2025\/01\/impresion-mukua-300x300.jpg\" alt=\"\" width=\"60\" height=\"60\" srcset=\"https:\/\/combi-pro.com\/wp-content\/uploads\/2025\/01\/impresion-mukua-300x300.jpg 300w, https:\/\/combi-pro.com\/wp-content\/uploads\/2025\/01\/impresion-mukua-100x100.jpg 100w, https:\/\/combi-pro.com\/wp-content\/uploads\/2025\/01\/impresion-mukua-64x64.jpg 64w, https:\/\/combi-pro.com\/wp-content\/uploads\/2025\/01\/impresion-mukua-150x150.jpg 150w, https:\/\/combi-pro.com\/wp-content\/uploads\/2025\/01\/impresion-mukua-12x12.jpg 12w, https:\/\/combi-pro.com\/wp-content\/uploads\/2025\/01\/impresion-mukua.jpg 427w\" sizes=\"(max-width: 60px) 100vw, 60px\" \/> <img decoding=\"async\" class=\"alignnone wp-image-14962\" src=\"https:\/\/combi-pro.com\/wp-content\/uploads\/2025\/01\/bordado-mukua.jpg\" alt=\"\" width=\"60\" height=\"60\" srcset=\"https:\/\/combi-pro.com\/wp-content\/uploads\/2025\/01\/bordado-mukua.jpg 427w, https:\/\/combi-pro.com\/wp-content\/uploads\/2025\/01\/bordado-mukua-100x100.jpg 100w, https:\/\/combi-pro.com\/wp-content\/uploads\/2025\/01\/bordado-mukua-64x64.jpg 64w, https:\/\/combi-pro.com\/wp-content\/uploads\/2025\/01\/bordado-mukua-300x300.jpg 300w, https:\/\/combi-pro.com\/wp-content\/uploads\/2025\/01\/bordado-mukua-150x150.jpg 150w, https:\/\/combi-pro.com\/wp-content\/uploads\/2025\/01\/bordado-mukua-12x12.jpg 12w\" sizes=\"(max-width: 60px) 100vw, 60px\" \/><\/p>\n<\/div>","protected":false},"excerpt":{"rendered":"<p class=\"\" data-start=\"52\" data-end=\"221\">Le polo \u00e0 manches courtes BOGAN WOMAN, avec le tissu technique Micro Bird Eye et la technologie Coolpass, offre fra\u00eecheur, confort et une coupe f\u00e9minine pour toute la journ\u00e9e de travail.<\/p>\n<p><img decoding=\"async\" class=\"alignnone size-full wp-image-15282\" src=\"https:\/\/combi-pro.com\/wp-content\/uploads\/2025\/01\/COOLPASS_0.png\" alt=\"\" width=\"39\" height=\"40\" srcset=\"https:\/\/combi-pro.com\/wp-content\/uploads\/2025\/01\/COOLPASS_0.png 39w, https:\/\/combi-pro.com\/wp-content\/uploads\/2025\/01\/COOLPASS_0-12x12.png 12w\" sizes=\"(max-width: 39px) 100vw, 39px\" \/><\/p>\n<p><strong>GUIDE DES TAILLES<\/strong><\/p>\n<p><img loading=\"lazy\" decoding=\"async\" class=\"alignnone wp-image-18013 size-full\" src=\"https:\/\/combi-pro.com\/wp-content\/uploads\/2025\/01\/Design-sans-titre-46.png\" alt=\"\" width=\"500\" height=\"131\" srcset=\"https:\/\/combi-pro.com\/wp-content\/uploads\/2025\/01\/Design-sans-titre-46.png 500w, https:\/\/combi-pro.com\/wp-content\/uploads\/2025\/01\/Design-sans-titre-46-300x79.png 300w, https:\/\/combi-pro.com\/wp-content\/uploads\/2025\/01\/Design-sans-titre-46-18x5.png 18w, https:\/\/combi-pro.com\/wp-content\/uploads\/2025\/01\/Design-sans-titre-46-450x118.png 450w, https:\/\/combi-pro.com\/wp-content\/uploads\/2025\/01\/Design-sans-titre-46-64x17.png 64w\" sizes=\"(max-width: 500px) 100vw, 500px\" \/><\/p>","protected":false},"featured_media":13206,"template":"","meta":{"site-sidebar-layout":"default","site-content-layout":"","ast-site-content-layout":"default","site-content-style":"default","site-sidebar-style":"default","ast-global-header-display":"","ast-banner-title-visibility":"","ast-main-header-display":"","ast-hfb-above-header-display":"","ast-hfb-below-header-display":"","ast-hfb-mobile-header-display":"","site-post-title":"","ast-breadcrumbs-content":"","ast-featured-img":"","footer-sml-layout":"","ast-disable-related-posts":"","theme-transparent-header-meta":"default","adv-header-id-meta":"","stick-header-meta":"","header-above-stick-meta":"","header-main-stick-meta":"","header-below-stick-meta":"","astra-migrate-meta-layouts":"set","ast-page-background-enabled":"default","ast-page-background-meta":{"desktop":{"background-color":"","background-image":"","background-repeat":"repeat","background-position":"center center","background-size":"auto","background-attachment":"scroll","background-type":"","background-media":"","overlay-type":"","overlay-color":"","overlay-opacity":"","overlay-gradient":""},"tablet":{"background-color":"","background-image":"","background-repeat":"repeat","background-position":"center center","background-size":"auto","background-attachment":"scroll","background-type":"","background-media":"","overlay-type":"","overlay-color":"","overlay-opacity":"","overlay-gradient":""},"mobile":{"background-color":"","background-image":"","background-repeat":"repeat","background-position":"center center","background-size":"auto","background-attachment":"scroll","background-type":"","background-media":"","overlay-type":"","overlay-color":"","overlay-opacity":"","overlay-gradient":""}},"ast-content-background-meta":{"desktop":{"background-color":"var(--ast-global-color-5)","background-image":"","background-repeat":"repeat","background-position":"center center","background-size":"auto","background-attachment":"scroll","background-type":"","background-media":"","overlay-type":"","overlay-color":"","overlay-opacity":"","overlay-gradient":""},"tablet":{"background-color":"var(--ast-global-color-5)","background-image":"","background-repeat":"repeat","background-position":"center center","background-size":"auto","background-attachment":"scroll","background-type":"","background-media":"","overlay-type":"","overlay-color":"","overlay-opacity":"","overlay-gradient":""},"mobile":{"background-color":"var(--ast-global-color-5)","background-image":"","background-repeat":"repeat","background-position":"center center","background-size":"auto","background-attachment":"scroll","background-type":"","background-media":"","overlay-type":"","overlay-color":"","overlay-opacity":"","overlay-gradient":""}}},"product_brand":[444],"product_cat":[342,340],"product_tag":[],"class_list":{"0":"post-13189","1":"product","2":"type-product","3":"status-publish","4":"has-post-thumbnail","6":"product_brand-mukua","7":"product_cat-polos-textil-promocional","8":"product_cat-textil-promocional","9":"desktop-align-center","10":"tablet-align-left","11":"mobile-align-left","13":"first","14":"instock","15":"taxable","16":"shipping-taxable","17":"purchasable","18":"product-type-variable"},"_links":{"self":[{"href":"https:\/\/combi-pro.com\/fr\/wp-json\/wp\/v2\/product\/13189","targetHints":{"allow":["GET"]}}],"collection":[{"href":"https:\/\/combi-pro.com\/fr\/wp-json\/wp\/v2\/product"}],"about":[{"href":"https:\/\/combi-pro.com\/fr\/wp-json\/wp\/v2\/types\/product"}],"wp:featuredmedia":[{"embeddable":true,"href":"https:\/\/combi-pro.com\/fr\/wp-json\/wp\/v2\/media\/13206"}],"wp:attachment":[{"href":"https:\/\/combi-pro.com\/fr\/wp-json\/wp\/v2\/media?parent=13189"}],"wp:term":[{"taxonomy":"product_brand","embeddable":true,"href":"https:\/\/combi-pro.com\/fr\/wp-json\/wp\/v2\/product_brand?post=13189"},{"taxonomy":"product_cat","embeddable":true,"href":"https:\/\/combi-pro.com\/fr\/wp-json\/wp\/v2\/product_cat?post=13189"},{"taxonomy":"product_tag","embeddable":true,"href":"https:\/\/combi-pro.com\/fr\/wp-json\/wp\/v2\/product_tag?post=13189"}],"curies":[{"name":"wp","href":"https:\/\/api.w.org\/{rel}","templated":true}]}}