{"id":13238,"date":"2025-01-30T23:28:38","date_gmt":"2025-01-30T22:28:38","guid":{"rendered":"https:\/\/combi-pro.com\/?post_type=product&#038;p=13238"},"modified":"2026-05-08T22:43:59","modified_gmt":"2026-05-08T20:43:59","slug":"pl200uc-hobart-polo-unisexe-manches-longues","status":"publish","type":"product","link":"https:\/\/combi-pro.com\/fr\/boutique\/pl200uc-hobart-polo-unisexe-manches-longues\/","title":{"rendered":"Polo unisexe \u00e0 manches longues HOBART PL200UC | MUKUA"},"content":{"rendered":"<div class=\"data item\" role=\"tablist\">\n<p class=\"\" data-start=\"460\" data-end=\"492\"><strong data-start=\"460\" data-end=\"492\">Caract\u00e9ristiques principales:<\/strong><\/p>\n<ul>\n<li data-start=\"496\" data-end=\"562\">Patte de boutonnage avec 3 boutons pour une coupe \u00e9l\u00e9gante et pratique.<\/li>\n<li data-start=\"565\" data-end=\"653\">Couverture de couture renforc\u00e9e \u00e0 l'int\u00e9rieur du col, qui emp\u00eache la d\u00e9formation \u00e0 l'usage.<\/li>\n<li data-start=\"656\" data-end=\"751\">Col et poignets en c\u00f4tes 1\u00d71, avec \u00e9lasthanne aux poignets pour plus d'extensibilit\u00e9 et de durabilit\u00e9.<\/li>\n<li data-start=\"754\" data-end=\"833\">Coutures lat\u00e9rales avec fentes inf\u00e9rieures pour plus de confort et de mobilit\u00e9.<\/li>\n<li data-start=\"836\" data-end=\"900\">Coupe \u00e9troite, con\u00e7ue pour mettre en valeur la silhouette f\u00e9minine.<\/li>\n<li data-start=\"903\" data-end=\"949\">\u00c9galement disponible en version unisexe (HOBART).<\/li>\n<\/ul>\n<p class=\"\" data-start=\"951\" data-end=\"1098\"><strong data-start=\"951\" data-end=\"969\">Certification: <\/strong><\/p>\n<ul>\n<li data-start=\"951\" data-end=\"1098\">Con\u00e7ue pour un confort thermique et une mise en forme professionnelle.<\/li>\n<\/ul>\n<p class=\"\" data-start=\"1100\" data-end=\"1224\"><strong data-start=\"1100\" data-end=\"1111\">Tissu: <\/strong><\/p>\n<ul>\n<li data-start=\"1100\" data-end=\"1224\">Tricot piqu\u00e9 - 100 % coton Ringspun pr\u00e9r\u00e9tr\u00e9ci \/ 210 g\/m\u00b2.<\/li>\n<li data-start=\"1100\" data-end=\"1224\">Tissu r\u00e9sistant, respirant et doux au toucher.<\/li>\n<\/ul>\n<p class=\"\" data-start=\"1226\" data-end=\"1439\"><strong data-start=\"1226\" data-end=\"1246\">Recommandations: <\/strong><\/p>\n<ul>\n<li data-start=\"1226\" data-end=\"1439\">Id\u00e9al pour les environnements professionnels, les uniformes de l'h\u00f4tellerie ou de la vente au d\u00e9tail, et les activit\u00e9s quotidiennes pendant les saisons plus fra\u00eeches. Parfait pour les femmes qui recherchent le confort sans faire de compromis sur le style.<\/li>\n<\/ul>\n<p data-start=\"1226\" data-end=\"1439\"><img decoding=\"async\" class=\"alignnone wp-image-14960\" src=\"https:\/\/combi-pro.com\/wp-content\/uploads\/2025\/01\/impresion-mukua-300x300.jpg\" alt=\"\" width=\"60\" height=\"60\" srcset=\"https:\/\/combi-pro.com\/wp-content\/uploads\/2025\/01\/impresion-mukua-300x300.jpg 300w, https:\/\/combi-pro.com\/wp-content\/uploads\/2025\/01\/impresion-mukua-100x100.jpg 100w, https:\/\/combi-pro.com\/wp-content\/uploads\/2025\/01\/impresion-mukua-64x64.jpg 64w, https:\/\/combi-pro.com\/wp-content\/uploads\/2025\/01\/impresion-mukua-150x150.jpg 150w, https:\/\/combi-pro.com\/wp-content\/uploads\/2025\/01\/impresion-mukua-12x12.jpg 12w, https:\/\/combi-pro.com\/wp-content\/uploads\/2025\/01\/impresion-mukua.jpg 427w\" sizes=\"(max-width: 60px) 100vw, 60px\" \/> <img decoding=\"async\" class=\"alignnone wp-image-14962\" src=\"https:\/\/combi-pro.com\/wp-content\/uploads\/2025\/01\/bordado-mukua.jpg\" alt=\"\" width=\"60\" height=\"60\" srcset=\"https:\/\/combi-pro.com\/wp-content\/uploads\/2025\/01\/bordado-mukua.jpg 427w, https:\/\/combi-pro.com\/wp-content\/uploads\/2025\/01\/bordado-mukua-100x100.jpg 100w, https:\/\/combi-pro.com\/wp-content\/uploads\/2025\/01\/bordado-mukua-64x64.jpg 64w, https:\/\/combi-pro.com\/wp-content\/uploads\/2025\/01\/bordado-mukua-300x300.jpg 300w, https:\/\/combi-pro.com\/wp-content\/uploads\/2025\/01\/bordado-mukua-150x150.jpg 150w, https:\/\/combi-pro.com\/wp-content\/uploads\/2025\/01\/bordado-mukua-12x12.jpg 12w\" sizes=\"(max-width: 60px) 100vw, 60px\" \/><\/p>\n<\/div>","protected":false},"excerpt":{"rendered":"<p class=\"\" data-start=\"57\" data-end=\"235\">Le polo \u00e0 manches longues HOBART WOMAN, avec sa coupe f\u00e9minine et son piqu\u00e9 de coton Ringspun pr\u00e9-r\u00e9tr\u00e9ci, offre style et confort dans les climats frais ou les environnements professionnels exigeants.<\/p>\n<p><strong>GUIDE DES TAILLES<\/strong><\/p>\n<p><img fetchpriority=\"high\" decoding=\"async\" class=\"alignnone wp-image-18017 size-full\" src=\"https:\/\/combi-pro.com\/wp-content\/uploads\/2025\/01\/Design-sans-titre-50.png\" alt=\"\" width=\"500\" height=\"131\" srcset=\"https:\/\/combi-pro.com\/wp-content\/uploads\/2025\/01\/Design-sans-titre-50.png 500w, https:\/\/combi-pro.com\/wp-content\/uploads\/2025\/01\/Design-sans-titre-50-300x79.png 300w, https:\/\/combi-pro.com\/wp-content\/uploads\/2025\/01\/Design-sans-titre-50-18x5.png 18w, https:\/\/combi-pro.com\/wp-content\/uploads\/2025\/01\/Design-sans-titre-50-450x118.png 450w, https:\/\/combi-pro.com\/wp-content\/uploads\/2025\/01\/Design-sans-titre-50-64x17.png 64w\" sizes=\"(max-width: 500px) 100vw, 500px\" \/><\/p>\n<p>&nbsp;<\/p>\n<p>&nbsp;<\/p>","protected":false},"featured_media":13272,"template":"","meta":{"site-sidebar-layout":"default","site-content-layout":"","ast-site-content-layout":"default","site-content-style":"default","site-sidebar-style":"default","ast-global-header-display":"","ast-banner-title-visibility":"","ast-main-header-display":"","ast-hfb-above-header-display":"","ast-hfb-below-header-display":"","ast-hfb-mobile-header-display":"","site-post-title":"","ast-breadcrumbs-content":"","ast-featured-img":"","footer-sml-layout":"","ast-disable-related-posts":"","theme-transparent-header-meta":"default","adv-header-id-meta":"","stick-header-meta":"","header-above-stick-meta":"","header-main-stick-meta":"","header-below-stick-meta":"","astra-migrate-meta-layouts":"set","ast-page-background-enabled":"default","ast-page-background-meta":{"desktop":{"background-color":"","background-image":"","background-repeat":"repeat","background-position":"center center","background-size":"auto","background-attachment":"scroll","background-type":"","background-media":"","overlay-type":"","overlay-color":"","overlay-opacity":"","overlay-gradient":""},"tablet":{"background-color":"","background-image":"","background-repeat":"repeat","background-position":"center center","background-size":"auto","background-attachment":"scroll","background-type":"","background-media":"","overlay-type":"","overlay-color":"","overlay-opacity":"","overlay-gradient":""},"mobile":{"background-color":"","background-image":"","background-repeat":"repeat","background-position":"center center","background-size":"auto","background-attachment":"scroll","background-type":"","background-media":"","overlay-type":"","overlay-color":"","overlay-opacity":"","overlay-gradient":""}},"ast-content-background-meta":{"desktop":{"background-color":"var(--ast-global-color-5)","background-image":"","background-repeat":"repeat","background-position":"center center","background-size":"auto","background-attachment":"scroll","background-type":"","background-media":"","overlay-type":"","overlay-color":"","overlay-opacity":"","overlay-gradient":""},"tablet":{"background-color":"var(--ast-global-color-5)","background-image":"","background-repeat":"repeat","background-position":"center center","background-size":"auto","background-attachment":"scroll","background-type":"","background-media":"","overlay-type":"","overlay-color":"","overlay-opacity":"","overlay-gradient":""},"mobile":{"background-color":"var(--ast-global-color-5)","background-image":"","background-repeat":"repeat","background-position":"center center","background-size":"auto","background-attachment":"scroll","background-type":"","background-media":"","overlay-type":"","overlay-color":"","overlay-opacity":"","overlay-gradient":""}}},"product_brand":[444],"product_cat":[342,340],"product_tag":[],"class_list":{"0":"post-13238","1":"product","2":"type-product","3":"status-publish","4":"has-post-thumbnail","6":"product_brand-mukua","7":"product_cat-polos-textil-promocional","8":"product_cat-textil-promocional","9":"desktop-align-center","10":"tablet-align-left","11":"mobile-align-left","13":"first","14":"instock","15":"taxable","16":"shipping-taxable","17":"purchasable","18":"product-type-variable"},"_links":{"self":[{"href":"https:\/\/combi-pro.com\/fr\/wp-json\/wp\/v2\/product\/13238","targetHints":{"allow":["GET"]}}],"collection":[{"href":"https:\/\/combi-pro.com\/fr\/wp-json\/wp\/v2\/product"}],"about":[{"href":"https:\/\/combi-pro.com\/fr\/wp-json\/wp\/v2\/types\/product"}],"wp:featuredmedia":[{"embeddable":true,"href":"https:\/\/combi-pro.com\/fr\/wp-json\/wp\/v2\/media\/13272"}],"wp:attachment":[{"href":"https:\/\/combi-pro.com\/fr\/wp-json\/wp\/v2\/media?parent=13238"}],"wp:term":[{"taxonomy":"product_brand","embeddable":true,"href":"https:\/\/combi-pro.com\/fr\/wp-json\/wp\/v2\/product_brand?post=13238"},{"taxonomy":"product_cat","embeddable":true,"href":"https:\/\/combi-pro.com\/fr\/wp-json\/wp\/v2\/product_cat?post=13238"},{"taxonomy":"product_tag","embeddable":true,"href":"https:\/\/combi-pro.com\/fr\/wp-json\/wp\/v2\/product_tag?post=13238"}],"curies":[{"name":"wp","href":"https:\/\/api.w.org\/{rel}","templated":true}]}}