{"id":13364,"date":"2025-01-31T00:04:59","date_gmt":"2025-01-30T23:04:59","guid":{"rendered":"https:\/\/combi-pro.com\/?post_type=product&#038;p=13364"},"modified":"2026-05-13T18:00:18","modified_gmt":"2026-05-13T16:00:18","slug":"ps200wc-mackay-woman-polo-shirt-a-manches-courtes-pour-femmes","status":"publish","type":"product","link":"https:\/\/combi-pro.com\/fr\/boutique\/ps200wc-mackay-woman-polo-shirt-a-manches-courtes-pour-femmes\/","title":{"rendered":"Polo mackay femmes manches courtes Slim Fit PS200WC | MUKUA"},"content":{"rendered":"<div class=\"data item\" role=\"tablist\">\n<p class=\"\" data-start=\"509\" data-end=\"541\"><strong data-start=\"509\" data-end=\"541\">Caract\u00e9ristiques principales:<\/strong><\/p>\n<ul>\n<li data-start=\"545\" data-end=\"599\">Patte de boutonnage avec 3 boutons pour une fermeture classique.<\/li>\n<li data-start=\"602\" data-end=\"678\">Coutures renforc\u00e9es \u00e0 l'int\u00e9rieur du col pour \u00e9viter les d\u00e9formations.<\/li>\n<li data-start=\"681\" data-end=\"748\">Col et manches en c\u00f4tes 1\u00d71 avec \u00e9lasthanne pour un ajustement confortable.<\/li>\n<li data-start=\"751\" data-end=\"824\">Coutures lat\u00e9rales avec fentes inf\u00e9rieures pour faciliter les mouvements.<\/li>\n<li data-start=\"827\" data-end=\"888\">Manches plus courtes et plus fines, adapt\u00e9es \u00e0 une coupe f\u00e9minine.<\/li>\n<li data-start=\"891\" data-end=\"908\">Slim Fit.<\/li>\n<li data-start=\"911\" data-end=\"978\">\u00c9galement disponible en version unisexe (MACKAY) et en version pour enfants (MACKAY KIDS).<\/li>\n<\/ul>\n<p class=\"\" data-start=\"980\" data-end=\"1046\"><strong data-start=\"980\" data-end=\"998\">Certification:<\/strong><\/p>\n<ul>\n<li data-start=\"980\" data-end=\"1046\">Con\u00e7u pour un usage quotidien et professionnel.<\/li>\n<\/ul>\n<p class=\"\" data-start=\"1048\" data-end=\"1195\"><strong data-start=\"1048\" data-end=\"1059\">Tissu:<\/strong><\/p>\n<ul>\n<li data-start=\"1048\" data-end=\"1195\">Tricot piqu\u00e9 - 100 % coton Ringspun pr\u00e9r\u00e9tr\u00e9ci \/ 210 g\/m\u00b2.<\/li>\n<li data-start=\"1048\" data-end=\"1195\">Tissu naturel, respirant et r\u00e9sistant, id\u00e9al pour un usage fr\u00e9quent.<\/li>\n<\/ul>\n<p class=\"\" data-start=\"1197\" data-end=\"1399\"><strong data-start=\"1197\" data-end=\"1217\">Recommandations:<\/strong><\/p>\n<ul>\n<li data-start=\"1197\" data-end=\"1399\">Parfait pour les uniformes dans l'h\u00f4tellerie, la vente au d\u00e9tail, le service \u00e0 la client\u00e8le ou tout autre environnement professionnel o\u00f9 une coupe \u00e9l\u00e9gante et f\u00e9minine et un confort durable sont requis.<\/li>\n<\/ul>\n<\/div>","protected":false},"excerpt":{"rendered":"<p>Le polo MACKAY WOMAN a \u00e9t\u00e9 con\u00e7u pour offrir une combinaison parfaite de style, de confort et de durabilit\u00e9 adapt\u00e9e \u00e0 la silhouette f\u00e9minine. Dot\u00e9 d'une coupe ajust\u00e9e et d'une maille piqu\u00e9e en coton 100 % pr\u00e9r\u00e9tr\u00e9ci, il est id\u00e9al pour les professionnels, les entreprises et les tenues de tous les jours.<\/p>\n<p><strong>GUIDE DES TAILLES<\/strong><\/p>\n<p><img fetchpriority=\"high\" decoding=\"async\" class=\"alignnone wp-image-18011 size-full\" src=\"https:\/\/combi-pro.com\/wp-content\/uploads\/2025\/01\/Design-sans-titre-44.png\" alt=\"\" width=\"500\" height=\"131\" srcset=\"https:\/\/combi-pro.com\/wp-content\/uploads\/2025\/01\/Design-sans-titre-44.png 500w, https:\/\/combi-pro.com\/wp-content\/uploads\/2025\/01\/Design-sans-titre-44-300x79.png 300w, https:\/\/combi-pro.com\/wp-content\/uploads\/2025\/01\/Design-sans-titre-44-18x5.png 18w, https:\/\/combi-pro.com\/wp-content\/uploads\/2025\/01\/Design-sans-titre-44-450x118.png 450w, https:\/\/combi-pro.com\/wp-content\/uploads\/2025\/01\/Design-sans-titre-44-64x17.png 64w\" sizes=\"(max-width: 500px) 100vw, 500px\" \/><\/p>\n<p>&nbsp;<\/p>\n<p>&nbsp;<\/p>","protected":false},"featured_media":13384,"template":"","meta":{"site-sidebar-layout":"default","site-content-layout":"","ast-site-content-layout":"default","site-content-style":"default","site-sidebar-style":"default","ast-global-header-display":"","ast-banner-title-visibility":"","ast-main-header-display":"","ast-hfb-above-header-display":"","ast-hfb-below-header-display":"","ast-hfb-mobile-header-display":"","site-post-title":"","ast-breadcrumbs-content":"","ast-featured-img":"","footer-sml-layout":"","ast-disable-related-posts":"","theme-transparent-header-meta":"default","adv-header-id-meta":"","stick-header-meta":"","header-above-stick-meta":"","header-main-stick-meta":"","header-below-stick-meta":"","astra-migrate-meta-layouts":"set","ast-page-background-enabled":"default","ast-page-background-meta":{"desktop":{"background-color":"","background-image":"","background-repeat":"repeat","background-position":"center center","background-size":"auto","background-attachment":"scroll","background-type":"","background-media":"","overlay-type":"","overlay-color":"","overlay-opacity":"","overlay-gradient":""},"tablet":{"background-color":"","background-image":"","background-repeat":"repeat","background-position":"center center","background-size":"auto","background-attachment":"scroll","background-type":"","background-media":"","overlay-type":"","overlay-color":"","overlay-opacity":"","overlay-gradient":""},"mobile":{"background-color":"","background-image":"","background-repeat":"repeat","background-position":"center center","background-size":"auto","background-attachment":"scroll","background-type":"","background-media":"","overlay-type":"","overlay-color":"","overlay-opacity":"","overlay-gradient":""}},"ast-content-background-meta":{"desktop":{"background-color":"var(--ast-global-color-5)","background-image":"","background-repeat":"repeat","background-position":"center center","background-size":"auto","background-attachment":"scroll","background-type":"","background-media":"","overlay-type":"","overlay-color":"","overlay-opacity":"","overlay-gradient":""},"tablet":{"background-color":"var(--ast-global-color-5)","background-image":"","background-repeat":"repeat","background-position":"center center","background-size":"auto","background-attachment":"scroll","background-type":"","background-media":"","overlay-type":"","overlay-color":"","overlay-opacity":"","overlay-gradient":""},"mobile":{"background-color":"var(--ast-global-color-5)","background-image":"","background-repeat":"repeat","background-position":"center center","background-size":"auto","background-attachment":"scroll","background-type":"","background-media":"","overlay-type":"","overlay-color":"","overlay-opacity":"","overlay-gradient":""}}},"product_brand":[444],"product_cat":[342,340],"product_tag":[],"class_list":{"0":"post-13364","1":"product","2":"type-product","3":"status-publish","4":"has-post-thumbnail","6":"product_brand-mukua","7":"product_cat-polos-textil-promocional","8":"product_cat-textil-promocional","9":"desktop-align-center","10":"tablet-align-left","11":"mobile-align-left","13":"first","14":"instock","15":"taxable","16":"shipping-taxable","17":"purchasable","18":"product-type-variable"},"_links":{"self":[{"href":"https:\/\/combi-pro.com\/fr\/wp-json\/wp\/v2\/product\/13364","targetHints":{"allow":["GET"]}}],"collection":[{"href":"https:\/\/combi-pro.com\/fr\/wp-json\/wp\/v2\/product"}],"about":[{"href":"https:\/\/combi-pro.com\/fr\/wp-json\/wp\/v2\/types\/product"}],"wp:featuredmedia":[{"embeddable":true,"href":"https:\/\/combi-pro.com\/fr\/wp-json\/wp\/v2\/media\/13384"}],"wp:attachment":[{"href":"https:\/\/combi-pro.com\/fr\/wp-json\/wp\/v2\/media?parent=13364"}],"wp:term":[{"taxonomy":"product_brand","embeddable":true,"href":"https:\/\/combi-pro.com\/fr\/wp-json\/wp\/v2\/product_brand?post=13364"},{"taxonomy":"product_cat","embeddable":true,"href":"https:\/\/combi-pro.com\/fr\/wp-json\/wp\/v2\/product_cat?post=13364"},{"taxonomy":"product_tag","embeddable":true,"href":"https:\/\/combi-pro.com\/fr\/wp-json\/wp\/v2\/product_tag?post=13364"}],"curies":[{"name":"wp","href":"https:\/\/api.w.org\/{rel}","templated":true}]}}