{"id":13398,"date":"2025-01-31T00:17:53","date_gmt":"2025-01-30T23:17:53","guid":{"rendered":"https:\/\/combi-pro.com\/?post_type=product&#038;p=13398"},"modified":"2026-05-02T20:07:36","modified_gmt":"2026-05-02T18:07:36","slug":"ps2001u-polo-mackay-manches-courtes-210","status":"publish","type":"product","link":"https:\/\/combi-pro.com\/fr\/boutique\/ps2001u-polo-mackay-manches-courtes-210\/","title":{"rendered":"Polo manches courtes en coton mackay PS2001U | MUKUA"},"content":{"rendered":"<div class=\"data item\" role=\"tablist\">\n<p class=\"\" data-start=\"486\" data-end=\"518\"><strong data-start=\"486\" data-end=\"518\">Caract\u00e9ristiques principales:<\/strong><\/p>\n<ul>\n<li data-start=\"522\" data-end=\"588\">Patte de boutonnage avec 3 boutons pour une coupe classique et fonctionnelle.<\/li>\n<li data-start=\"591\" data-end=\"683\">Couverture de couture renforc\u00e9e \u00e0 l'int\u00e9rieur du col, qui emp\u00eache la d\u00e9formation \u00e0 l'usage.<\/li>\n<li data-start=\"686\" data-end=\"764\">Col et manches en c\u00f4tes 1\u00d71 avec \u00e9lasthanne pour un ajustement confortable et durable.<\/li>\n<li data-start=\"767\" data-end=\"858\">Coutures lat\u00e9rales avec fentes inf\u00e9rieures pour faciliter le mouvement et le style.<\/li>\n<li data-start=\"861\" data-end=\"939\">Coupe r\u00e9guli\u00e8re qui s'adapte facilement aux diff\u00e9rentes morphologies.<\/li>\n<li data-start=\"942\" data-end=\"1006\">Disponible en version femme (MACKAY WOMAN) et en version enfant (MACKAY KIDS).<\/li>\n<\/ul>\n<p class=\"\" data-start=\"1008\" data-end=\"1142\"><strong data-start=\"1008\" data-end=\"1026\">Certification: <\/strong><\/p>\n<ul>\n<li data-start=\"1008\" data-end=\"1142\">Con\u00e7u pour une utilisation quotidienne et professionnelle.<\/li>\n<\/ul>\n<p class=\"\" data-start=\"1144\" data-end=\"1272\"><strong data-start=\"1144\" data-end=\"1155\">Tissu: <\/strong><\/p>\n<ul>\n<li data-start=\"1144\" data-end=\"1272\">Tricot piqu\u00e9 - 100 % coton Ringspun pr\u00e9r\u00e9tr\u00e9ci \/ 210 g\/m\u00b2.<\/li>\n<li data-start=\"1144\" data-end=\"1272\">Tissu r\u00e9sistant, respirant et agr\u00e9able au toucher.<\/li>\n<\/ul>\n<p class=\"\" data-start=\"1274\" data-end=\"1459\"><strong data-start=\"1274\" data-end=\"1294\">Recommandations: <\/strong><\/p>\n<ul>\n<li data-start=\"1274\" data-end=\"1459\">Id\u00e9al pour les uniformes d'entreprise, l'h\u00f4tellerie, le service \u00e0 la client\u00e8le, la vente au d\u00e9tail ou les \u00e9v\u00e9nements o\u00f9 une image professionnelle est requise avec un v\u00eatement confortable et durable.<\/li>\n<\/ul>\n<p data-start=\"1274\" data-end=\"1459\"><img decoding=\"async\" class=\"alignnone wp-image-14962\" src=\"https:\/\/combi-pro.com\/wp-content\/uploads\/2025\/01\/bordado-mukua.jpg\" alt=\"\" width=\"60\" height=\"60\" srcset=\"https:\/\/combi-pro.com\/wp-content\/uploads\/2025\/01\/bordado-mukua.jpg 427w, https:\/\/combi-pro.com\/wp-content\/uploads\/2025\/01\/bordado-mukua-100x100.jpg 100w, https:\/\/combi-pro.com\/wp-content\/uploads\/2025\/01\/bordado-mukua-64x64.jpg 64w, https:\/\/combi-pro.com\/wp-content\/uploads\/2025\/01\/bordado-mukua-300x300.jpg 300w, https:\/\/combi-pro.com\/wp-content\/uploads\/2025\/01\/bordado-mukua-150x150.jpg 150w, https:\/\/combi-pro.com\/wp-content\/uploads\/2025\/01\/bordado-mukua-12x12.jpg 12w\" sizes=\"(max-width: 60px) 100vw, 60px\" \/> \u00a0<img decoding=\"async\" class=\"alignnone wp-image-14960\" src=\"https:\/\/combi-pro.com\/wp-content\/uploads\/2025\/01\/impresion-mukua-300x300.jpg\" alt=\"\" width=\"60\" height=\"60\" srcset=\"https:\/\/combi-pro.com\/wp-content\/uploads\/2025\/01\/impresion-mukua-300x300.jpg 300w, https:\/\/combi-pro.com\/wp-content\/uploads\/2025\/01\/impresion-mukua-100x100.jpg 100w, https:\/\/combi-pro.com\/wp-content\/uploads\/2025\/01\/impresion-mukua-64x64.jpg 64w, https:\/\/combi-pro.com\/wp-content\/uploads\/2025\/01\/impresion-mukua-150x150.jpg 150w, https:\/\/combi-pro.com\/wp-content\/uploads\/2025\/01\/impresion-mukua-12x12.jpg 12w, https:\/\/combi-pro.com\/wp-content\/uploads\/2025\/01\/impresion-mukua.jpg 427w\" sizes=\"(max-width: 60px) 100vw, 60px\" \/><\/p>\n<\/div>","protected":false},"excerpt":{"rendered":"<p>Le polo \u00e0 manches courtes Mackay allie \u00e9l\u00e9gance, confort et durabilit\u00e9. Son piqu\u00e9 de coton Ringspun pr\u00e9r\u00e9tr\u00e9ci et sa coupe classique en font un v\u00eatement id\u00e9al pour le travail et la vie de tous les jours.<\/p>\n<p><strong>GUIDE DES TAILLES<\/strong><\/p>\n<p><img fetchpriority=\"high\" decoding=\"async\" class=\"alignnone wp-image-18010 size-full\" src=\"https:\/\/combi-pro.com\/wp-content\/uploads\/2025\/01\/Design-sans-titre-43.png\" alt=\"\" width=\"500\" height=\"131\" srcset=\"https:\/\/combi-pro.com\/wp-content\/uploads\/2025\/01\/Design-sans-titre-43.png 500w, https:\/\/combi-pro.com\/wp-content\/uploads\/2025\/01\/Design-sans-titre-43-300x79.png 300w, https:\/\/combi-pro.com\/wp-content\/uploads\/2025\/01\/Design-sans-titre-43-18x5.png 18w, https:\/\/combi-pro.com\/wp-content\/uploads\/2025\/01\/Design-sans-titre-43-450x118.png 450w, https:\/\/combi-pro.com\/wp-content\/uploads\/2025\/01\/Design-sans-titre-43-64x17.png 64w\" sizes=\"(max-width: 500px) 100vw, 500px\" \/><\/p>\n<p>&nbsp;<\/p>\n<p>&nbsp;<\/p>","protected":false},"featured_media":13431,"template":"","meta":{"site-sidebar-layout":"default","site-content-layout":"","ast-site-content-layout":"default","site-content-style":"default","site-sidebar-style":"default","ast-global-header-display":"","ast-banner-title-visibility":"","ast-main-header-display":"","ast-hfb-above-header-display":"","ast-hfb-below-header-display":"","ast-hfb-mobile-header-display":"","site-post-title":"","ast-breadcrumbs-content":"","ast-featured-img":"","footer-sml-layout":"","ast-disable-related-posts":"","theme-transparent-header-meta":"default","adv-header-id-meta":"","stick-header-meta":"","header-above-stick-meta":"","header-main-stick-meta":"","header-below-stick-meta":"","astra-migrate-meta-layouts":"set","ast-page-background-enabled":"default","ast-page-background-meta":{"desktop":{"background-color":"","background-image":"","background-repeat":"repeat","background-position":"center center","background-size":"auto","background-attachment":"scroll","background-type":"","background-media":"","overlay-type":"","overlay-color":"","overlay-opacity":"","overlay-gradient":""},"tablet":{"background-color":"","background-image":"","background-repeat":"repeat","background-position":"center center","background-size":"auto","background-attachment":"scroll","background-type":"","background-media":"","overlay-type":"","overlay-color":"","overlay-opacity":"","overlay-gradient":""},"mobile":{"background-color":"","background-image":"","background-repeat":"repeat","background-position":"center center","background-size":"auto","background-attachment":"scroll","background-type":"","background-media":"","overlay-type":"","overlay-color":"","overlay-opacity":"","overlay-gradient":""}},"ast-content-background-meta":{"desktop":{"background-color":"var(--ast-global-color-5)","background-image":"","background-repeat":"repeat","background-position":"center center","background-size":"auto","background-attachment":"scroll","background-type":"","background-media":"","overlay-type":"","overlay-color":"","overlay-opacity":"","overlay-gradient":""},"tablet":{"background-color":"var(--ast-global-color-5)","background-image":"","background-repeat":"repeat","background-position":"center center","background-size":"auto","background-attachment":"scroll","background-type":"","background-media":"","overlay-type":"","overlay-color":"","overlay-opacity":"","overlay-gradient":""},"mobile":{"background-color":"var(--ast-global-color-5)","background-image":"","background-repeat":"repeat","background-position":"center center","background-size":"auto","background-attachment":"scroll","background-type":"","background-media":"","overlay-type":"","overlay-color":"","overlay-opacity":"","overlay-gradient":""}}},"product_brand":[444],"product_cat":[342,340],"product_tag":[],"class_list":{"0":"post-13398","1":"product","2":"type-product","3":"status-publish","4":"has-post-thumbnail","6":"product_brand-mukua","7":"product_cat-polos-textil-promocional","8":"product_cat-textil-promocional","9":"desktop-align-center","10":"tablet-align-left","11":"mobile-align-left","13":"first","14":"instock","15":"taxable","16":"shipping-taxable","17":"purchasable","18":"product-type-variable","19":"has-default-attributes"},"_links":{"self":[{"href":"https:\/\/combi-pro.com\/fr\/wp-json\/wp\/v2\/product\/13398","targetHints":{"allow":["GET"]}}],"collection":[{"href":"https:\/\/combi-pro.com\/fr\/wp-json\/wp\/v2\/product"}],"about":[{"href":"https:\/\/combi-pro.com\/fr\/wp-json\/wp\/v2\/types\/product"}],"wp:featuredmedia":[{"embeddable":true,"href":"https:\/\/combi-pro.com\/fr\/wp-json\/wp\/v2\/media\/13431"}],"wp:attachment":[{"href":"https:\/\/combi-pro.com\/fr\/wp-json\/wp\/v2\/media?parent=13398"}],"wp:term":[{"taxonomy":"product_brand","embeddable":true,"href":"https:\/\/combi-pro.com\/fr\/wp-json\/wp\/v2\/product_brand?post=13398"},{"taxonomy":"product_cat","embeddable":true,"href":"https:\/\/combi-pro.com\/fr\/wp-json\/wp\/v2\/product_cat?post=13398"},{"taxonomy":"product_tag","embeddable":true,"href":"https:\/\/combi-pro.com\/fr\/wp-json\/wp\/v2\/product_tag?post=13398"}],"curies":[{"name":"wp","href":"https:\/\/api.w.org\/{rel}","templated":true}]}}