{"id":13513,"date":"2025-01-31T13:31:08","date_gmt":"2025-01-31T12:31:08","guid":{"rendered":"https:\/\/combi-pro.com\/?post_type=product&#038;p=13513"},"modified":"2026-05-13T18:02:26","modified_gmt":"2026-05-13T16:02:26","slug":"tsn165wc-coast-woman-short-sleeve-t-shirt-ocs-womens","status":"publish","type":"product","link":"https:\/\/combi-pro.com\/fr\/boutique\/tsn165wc-coast-woman-short-sleeve-t-shirt-ocs-womens\/","title":{"rendered":"T-shirt femme \u00e0 manches courtes en coton bio TSN165WC | MUKUA"},"content":{"rendered":"<div class=\"data item\" role=\"tablist\">\n<p class=\"\" data-start=\"451\" data-end=\"483\"><strong data-start=\"451\" data-end=\"483\">Caract\u00e9ristiques principales:<\/strong><\/p>\n<ul>\n<li data-start=\"487\" data-end=\"543\">Col rond en tricot c\u00f4tel\u00e9 1\u00d71, confortable et durable.<\/li>\n<li data-start=\"546\" data-end=\"631\">Coutures renforc\u00e9es d'une \u00e9paule \u00e0 l'autre, ce qui \u00e9vite les d\u00e9formations \u00e0 l'usage.<\/li>\n<li data-start=\"634\" data-end=\"691\">Coutures lat\u00e9rales pour une coupe f\u00e9minine et anatomique.<\/li>\n<li data-start=\"694\" data-end=\"738\">Toucher doux, id\u00e9al pour une utilisation prolong\u00e9e.<\/li>\n<li data-start=\"741\" data-end=\"809\">Sans \u00e9tiquette de marque sur le col, parfait pour la personnalisation.<\/li>\n<li data-start=\"812\" data-end=\"866\">Coupe Medium Fit adapt\u00e9e \u00e0 la silhouette f\u00e9minine.<\/li>\n<li data-start=\"869\" data-end=\"934\">\u00c9galement disponible en version unisexe (COAST) et en version pour enfants (COAST KIDS).<\/li>\n<\/ul>\n<p class=\"\" data-start=\"936\" data-end=\"1135\"><strong data-start=\"936\" data-end=\"954\">Certification: <\/strong><\/p>\n<ul>\n<li data-start=\"936\" data-end=\"1135\">Le produit est conforme \u00e0 la norme OCS (Organic Content Standard), garantissant l'utilisation de coton biologique respectueux de l'environnement. Ne contient pas d'\u00e9l\u00e9ments de haute visibilit\u00e9.<\/li>\n<\/ul>\n<p class=\"\" data-start=\"1137\" data-end=\"1246\"><strong data-start=\"1137\" data-end=\"1148\">Tissu: <\/strong><\/p>\n<ul>\n<li data-start=\"1137\" data-end=\"1246\">Single Jersey - 100 % coton biologique Ringspun \/ 165 g\/m\u00b2. Tissu doux, naturel et r\u00e9sistant.<\/li>\n<\/ul>\n<p class=\"\" data-start=\"1248\" data-end=\"1443\"><strong data-start=\"1248\" data-end=\"1268\">Recommandations: <\/strong><\/p>\n<ul>\n<li data-start=\"1248\" data-end=\"1443\">Id\u00e9al pour les femmes travaillant dans le commerce de d\u00e9tail, l'h\u00f4tellerie, le service \u00e0 la client\u00e8le ou pour les entreprises et les activit\u00e9s promotionnelles n\u00e9cessitant un v\u00eatement confortable, \u00e9thique et personnalisable.<\/li>\n<\/ul>\n<p data-start=\"1248\" data-end=\"1443\"><img decoding=\"async\" class=\"alignnone wp-image-14962\" src=\"https:\/\/combi-pro.com\/wp-content\/uploads\/2025\/01\/bordado-mukua-300x300.jpg\" alt=\"\" width=\"60\" height=\"60\" srcset=\"https:\/\/combi-pro.com\/wp-content\/uploads\/2025\/01\/bordado-mukua-300x300.jpg 300w, https:\/\/combi-pro.com\/wp-content\/uploads\/2025\/01\/bordado-mukua-100x100.jpg 100w, https:\/\/combi-pro.com\/wp-content\/uploads\/2025\/01\/bordado-mukua-64x64.jpg 64w, https:\/\/combi-pro.com\/wp-content\/uploads\/2025\/01\/bordado-mukua-150x150.jpg 150w, https:\/\/combi-pro.com\/wp-content\/uploads\/2025\/01\/bordado-mukua-12x12.jpg 12w, https:\/\/combi-pro.com\/wp-content\/uploads\/2025\/01\/bordado-mukua.jpg 427w\" sizes=\"(max-width: 60px) 100vw, 60px\" \/> <img decoding=\"async\" class=\"alignnone wp-image-14960\" src=\"https:\/\/combi-pro.com\/wp-content\/uploads\/2025\/01\/impresion-mukua-300x300.jpg\" alt=\"\" width=\"60\" height=\"60\" srcset=\"https:\/\/combi-pro.com\/wp-content\/uploads\/2025\/01\/impresion-mukua-300x300.jpg 300w, https:\/\/combi-pro.com\/wp-content\/uploads\/2025\/01\/impresion-mukua-100x100.jpg 100w, https:\/\/combi-pro.com\/wp-content\/uploads\/2025\/01\/impresion-mukua-64x64.jpg 64w, https:\/\/combi-pro.com\/wp-content\/uploads\/2025\/01\/impresion-mukua-150x150.jpg 150w, https:\/\/combi-pro.com\/wp-content\/uploads\/2025\/01\/impresion-mukua-12x12.jpg 12w, https:\/\/combi-pro.com\/wp-content\/uploads\/2025\/01\/impresion-mukua.jpg 427w\" sizes=\"(max-width: 60px) 100vw, 60px\" \/><\/p>\n<\/div>","protected":false},"excerpt":{"rendered":"<article class=\"text-token-text-primary w-full\" dir=\"auto\" data-testid=\"conversation-turn-32\" data-scroll-anchor=\"true\">\n<div class=\"text-base my-auto mx-auto py-5 [--thread-content-margin:--spacing(4)] @[37rem]:[--thread-content-margin:--spacing(6)] @[72rem]:[--thread-content-margin:--spacing(16)] px-(--thread-content-margin)\">\n<div class=\"[--thread-content-max-width:32rem] @[34rem]:[--thread-content-max-width:40rem] @[64rem]:[--thread-content-max-width:48rem] mx-auto flex max-w-(--thread-content-max-width) flex-1 text-base gap-4 md:gap-5 lg:gap-6 group\/turn-messages focus-visible:outline-hidden\" tabindex=\"-1\">\n<div class=\"group\/conversation-turn relative flex w-full min-w-0 flex-col agent-turn\">\n<div class=\"relative flex-col gap-1 md:gap-3\">\n<div class=\"flex max-w-full flex-col grow\">\n<div class=\"min-h-8 text-message relative flex w-full flex-col items-end gap-2 text-start break-words whitespace-normal [.text-message+&amp;]:mt-5\" dir=\"auto\" data-message-author-role=\"assistant\" data-message-id=\"d767d11b-b9cc-4be6-b07a-0b8348b3f0dc\" data-message-model-slug=\"gpt-4o\">\n<div class=\"flex w-full flex-col gap-1 empty:hidden first:pt-[3px]\">\n<div class=\"markdown prose dark:prose-invert w-full break-words light\"><span style=\"font-size: 16px;\">La camiseta de manga corta Coast Woman, en algod\u00f3n org\u00e1nico Ringspun, ofrece suavidad, comodidad y un corte femenino ideal para el uso diario o profesional.<\/span><\/div>\n<\/div>\n<\/div>\n<\/div>\n<\/div>\n<\/div>\n<\/div>\n<\/div>\n<\/article>\n<p><img decoding=\"async\" class=\"alignnone wp-image-15281\" src=\"https:\/\/combi-pro.com\/wp-content\/uploads\/2025\/01\/OEKOTEX-31_0.png\" alt=\"\" width=\"91\" height=\"40\" srcset=\"https:\/\/combi-pro.com\/wp-content\/uploads\/2025\/01\/OEKOTEX-31_0.png 91w, https:\/\/combi-pro.com\/wp-content\/uploads\/2025\/01\/OEKOTEX-31_0-64x28.png 64w, https:\/\/combi-pro.com\/wp-content\/uploads\/2025\/01\/OEKOTEX-31_0-18x8.png 18w\" sizes=\"(max-width: 91px) 100vw, 91px\" \/> <img loading=\"lazy\" decoding=\"async\" class=\"alignnone wp-image-15280 size-full\" src=\"https:\/\/combi-pro.com\/wp-content\/uploads\/2025\/01\/Textile-Exchange-ORGANIC_0.png\" alt=\"\" width=\"123\" height=\"40\" srcset=\"https:\/\/combi-pro.com\/wp-content\/uploads\/2025\/01\/Textile-Exchange-ORGANIC_0.png 123w, https:\/\/combi-pro.com\/wp-content\/uploads\/2025\/01\/Textile-Exchange-ORGANIC_0-64x21.png 64w, https:\/\/combi-pro.com\/wp-content\/uploads\/2025\/01\/Textile-Exchange-ORGANIC_0-18x6.png 18w\" sizes=\"(max-width: 123px) 100vw, 123px\" \/><\/p>\n<p><strong>GU\u00cdA DE TALLAS<\/strong><\/p>\n<p><img loading=\"lazy\" decoding=\"async\" class=\"alignnone wp-image-17984 size-full\" src=\"https:\/\/combi-pro.com\/wp-content\/uploads\/2025\/01\/Design-sans-titre-25.png\" alt=\"\" width=\"500\" height=\"131\" srcset=\"https:\/\/combi-pro.com\/wp-content\/uploads\/2025\/01\/Design-sans-titre-25.png 500w, https:\/\/combi-pro.com\/wp-content\/uploads\/2025\/01\/Design-sans-titre-25-300x79.png 300w, https:\/\/combi-pro.com\/wp-content\/uploads\/2025\/01\/Design-sans-titre-25-18x5.png 18w, https:\/\/combi-pro.com\/wp-content\/uploads\/2025\/01\/Design-sans-titre-25-450x118.png 450w, https:\/\/combi-pro.com\/wp-content\/uploads\/2025\/01\/Design-sans-titre-25-64x17.png 64w\" sizes=\"(max-width: 500px) 100vw, 500px\" \/><\/p>\n<p>&nbsp;<\/p>\n<p>&nbsp;<\/p>\n","protected":false},"featured_media":13525,"template":"","meta":{"site-sidebar-layout":"default","site-content-layout":"","ast-site-content-layout":"default","site-content-style":"default","site-sidebar-style":"default","ast-global-header-display":"","ast-banner-title-visibility":"","ast-main-header-display":"","ast-hfb-above-header-display":"","ast-hfb-below-header-display":"","ast-hfb-mobile-header-display":"","site-post-title":"","ast-breadcrumbs-content":"","ast-featured-img":"","footer-sml-layout":"","ast-disable-related-posts":"","theme-transparent-header-meta":"default","adv-header-id-meta":"","stick-header-meta":"","header-above-stick-meta":"","header-main-stick-meta":"","header-below-stick-meta":"","astra-migrate-meta-layouts":"set","ast-page-background-enabled":"default","ast-page-background-meta":{"desktop":{"background-color":"","background-image":"","background-repeat":"repeat","background-position":"center center","background-size":"auto","background-attachment":"scroll","background-type":"","background-media":"","overlay-type":"","overlay-color":"","overlay-opacity":"","overlay-gradient":""},"tablet":{"background-color":"","background-image":"","background-repeat":"repeat","background-position":"center center","background-size":"auto","background-attachment":"scroll","background-type":"","background-media":"","overlay-type":"","overlay-color":"","overlay-opacity":"","overlay-gradient":""},"mobile":{"background-color":"","background-image":"","background-repeat":"repeat","background-position":"center center","background-size":"auto","background-attachment":"scroll","background-type":"","background-media":"","overlay-type":"","overlay-color":"","overlay-opacity":"","overlay-gradient":""}},"ast-content-background-meta":{"desktop":{"background-color":"var(--ast-global-color-5)","background-image":"","background-repeat":"repeat","background-position":"center center","background-size":"auto","background-attachment":"scroll","background-type":"","background-media":"","overlay-type":"","overlay-color":"","overlay-opacity":"","overlay-gradient":""},"tablet":{"background-color":"var(--ast-global-color-5)","background-image":"","background-repeat":"repeat","background-position":"center center","background-size":"auto","background-attachment":"scroll","background-type":"","background-media":"","overlay-type":"","overlay-color":"","overlay-opacity":"","overlay-gradient":""},"mobile":{"background-color":"var(--ast-global-color-5)","background-image":"","background-repeat":"repeat","background-position":"center center","background-size":"auto","background-attachment":"scroll","background-type":"","background-media":"","overlay-type":"","overlay-color":"","overlay-opacity":"","overlay-gradient":""}}},"product_brand":[444],"product_cat":[348,344,340],"product_tag":[],"class_list":{"0":"post-13513","1":"product","2":"type-product","3":"status-publish","4":"has-post-thumbnail","6":"product_brand-mukua","7":"product_cat-camisetas-textil-promocional","8":"product_cat-gama-natura","9":"product_cat-textil-promocional","10":"desktop-align-center","11":"tablet-align-left","12":"mobile-align-left","14":"first","15":"instock","16":"taxable","17":"shipping-taxable","18":"purchasable","19":"product-type-variable","20":"has-default-attributes"},"_links":{"self":[{"href":"https:\/\/combi-pro.com\/fr\/wp-json\/wp\/v2\/product\/13513","targetHints":{"allow":["GET"]}}],"collection":[{"href":"https:\/\/combi-pro.com\/fr\/wp-json\/wp\/v2\/product"}],"about":[{"href":"https:\/\/combi-pro.com\/fr\/wp-json\/wp\/v2\/types\/product"}],"wp:featuredmedia":[{"embeddable":true,"href":"https:\/\/combi-pro.com\/fr\/wp-json\/wp\/v2\/media\/13525"}],"wp:attachment":[{"href":"https:\/\/combi-pro.com\/fr\/wp-json\/wp\/v2\/media?parent=13513"}],"wp:term":[{"taxonomy":"product_brand","embeddable":true,"href":"https:\/\/combi-pro.com\/fr\/wp-json\/wp\/v2\/product_brand?post=13513"},{"taxonomy":"product_cat","embeddable":true,"href":"https:\/\/combi-pro.com\/fr\/wp-json\/wp\/v2\/product_cat?post=13513"},{"taxonomy":"product_tag","embeddable":true,"href":"https:\/\/combi-pro.com\/fr\/wp-json\/wp\/v2\/product_tag?post=13513"}],"curies":[{"name":"wp","href":"https:\/\/api.w.org\/{rel}","templated":true}]}}