{"id":15117,"date":"2025-04-14T23:22:07","date_gmt":"2025-04-14T21:22:07","guid":{"rendered":"https:\/\/combi-pro.com\/?post_type=product&#038;p=15117"},"modified":"2026-05-13T18:03:07","modified_gmt":"2026-05-13T16:03:07","slug":"veste-avec-bandes-reflechissantes-154-velilla","status":"publish","type":"product","link":"https:\/\/combi-pro.com\/fr\/boutique\/veste-avec-bandes-reflechissantes-154-velilla\/","title":{"rendered":"Veste haute visibilit\u00e9 avec bandes r\u00e9fl\u00e9chissantes 154 | VELILLA"},"content":{"rendered":"<p class=\"\" data-start=\"343\" data-end=\"375\"><strong data-start=\"343\" data-end=\"375\">Caract\u00e9ristiques principales:<\/strong><\/p>\n<ul>\n<li data-start=\"378\" data-end=\"440\">Fermeture \u00e0 glissi\u00e8re centrale robuste et facile \u00e0 utiliser.<\/li>\n<li data-start=\"443\" data-end=\"508\">Bandes r\u00e9fl\u00e9chissantes sur le torse et les manches pour plus de s\u00e9curit\u00e9.<\/li>\n<li data-start=\"511\" data-end=\"563\">Taille \u00e9lastiqu\u00e9e sur le c\u00f4t\u00e9 pour un meilleur ajustement.<\/li>\n<li data-start=\"566\" data-end=\"628\">Poignets c\u00f4tel\u00e9s pour le confort et le maintien de la chaleur.<\/li>\n<li data-start=\"631\" data-end=\"685\">Deux poches zipp\u00e9es, pratiques et s\u00fbres.<\/li>\n<\/ul>\n<p class=\"\" data-start=\"687\" data-end=\"707\"><strong data-start=\"687\" data-end=\"705\">Certification: <\/strong>EN 17353 (Classe B3) : Visibilit\u00e9 am\u00e9lior\u00e9e pour les travaux moins expos\u00e9s \u00e0 la circulation ou aux machines.<\/p>\n<p class=\"\" data-start=\"817\" data-end=\"849\"><strong data-start=\"817\" data-end=\"826\">Gamme : <\/strong>Am\u00e9lioration de la visibilit\u00e9<\/p>\n<p class=\"\" data-start=\"851\" data-end=\"910\"><strong data-start=\"851\" data-end=\"862\">Tissu: <\/strong>Serg\u00e9. 65% polyester - 35% coton \/ 200 g\/m\u00b2.<\/p>\n<p class=\"\" data-start=\"912\" data-end=\"1078\"><strong data-start=\"912\" data-end=\"932\">Recommandations:<\/strong><br data-start=\"932\" data-end=\"935\" \/>Parfait pour les secteurs tels que la maintenance, la logistique ou l'industrie l\u00e9g\u00e8re o\u00f9 le confort, la fonctionnalit\u00e9 et une visibilit\u00e9 accrue sont n\u00e9cessaires.<\/p>\n<div class=\"laptop:flex flex-col\">\n<div class=\"wysiwyg font-light\">\n<div class=\"laptop:flex mb-4\">\n<p><img decoding=\"async\" class=\"alignnone wp-image-14962\" src=\"https:\/\/combi-pro.com\/wp-content\/uploads\/2025\/01\/bordado-mukua-300x300.jpg\" alt=\"\" width=\"60\" height=\"60\" srcset=\"https:\/\/combi-pro.com\/wp-content\/uploads\/2025\/01\/bordado-mukua-300x300.jpg 300w, https:\/\/combi-pro.com\/wp-content\/uploads\/2025\/01\/bordado-mukua-100x100.jpg 100w, https:\/\/combi-pro.com\/wp-content\/uploads\/2025\/01\/bordado-mukua-64x64.jpg 64w, https:\/\/combi-pro.com\/wp-content\/uploads\/2025\/01\/bordado-mukua-150x150.jpg 150w, https:\/\/combi-pro.com\/wp-content\/uploads\/2025\/01\/bordado-mukua-12x12.jpg 12w, https:\/\/combi-pro.com\/wp-content\/uploads\/2025\/01\/bordado-mukua.jpg 427w\" sizes=\"(max-width: 60px) 100vw, 60px\" \/> <img decoding=\"async\" class=\"alignnone wp-image-14960\" src=\"https:\/\/combi-pro.com\/wp-content\/uploads\/2025\/01\/impresion-mukua-300x300.jpg\" alt=\"\" width=\"60\" height=\"60\" srcset=\"https:\/\/combi-pro.com\/wp-content\/uploads\/2025\/01\/impresion-mukua-300x300.jpg 300w, https:\/\/combi-pro.com\/wp-content\/uploads\/2025\/01\/impresion-mukua-100x100.jpg 100w, https:\/\/combi-pro.com\/wp-content\/uploads\/2025\/01\/impresion-mukua-64x64.jpg 64w, https:\/\/combi-pro.com\/wp-content\/uploads\/2025\/01\/impresion-mukua-150x150.jpg 150w, https:\/\/combi-pro.com\/wp-content\/uploads\/2025\/01\/impresion-mukua-12x12.jpg 12w, https:\/\/combi-pro.com\/wp-content\/uploads\/2025\/01\/impresion-mukua.jpg 427w\" sizes=\"(max-width: 60px) 100vw, 60px\" \/><\/p>\n<\/div>\n<\/div>\n<\/div>","protected":false},"excerpt":{"rendered":"<p class=\"\" data-start=\"204\" data-end=\"354\">Veste avec bandes r\u00e9fl\u00e9chissantes sur le torse et les manches. Certifi\u00e9e selon la norme EN 17353 classe B3. Fonctionnalit\u00e9, confort et visibilit\u00e9 pour le travail quotidien.<\/p>\n<p class=\"\" data-start=\"343\" data-end=\"375\"><img decoding=\"async\" class=\"alignnone wp-image-15254\" src=\"https:\/\/combi-pro.com\/wp-content\/uploads\/2024\/05\/EN-17353-CLASE-B2-238x300.png\" alt=\"\" width=\"32\" height=\"40\" srcset=\"https:\/\/combi-pro.com\/wp-content\/uploads\/2024\/05\/EN-17353-CLASE-B2-238x300.png 238w, https:\/\/combi-pro.com\/wp-content\/uploads\/2024\/05\/EN-17353-CLASE-B2-64x81.png 64w, https:\/\/combi-pro.com\/wp-content\/uploads\/2024\/05\/EN-17353-CLASE-B2-10x12.png 10w, https:\/\/combi-pro.com\/wp-content\/uploads\/2024\/05\/EN-17353-CLASE-B2.png 310w\" sizes=\"(max-width: 32px) 100vw, 32px\" \/> <img loading=\"lazy\" decoding=\"async\" class=\"alignnone wp-image-15251\" src=\"https:\/\/combi-pro.com\/wp-content\/uploads\/2024\/05\/REFLATEX-300x88.png\" alt=\"\" width=\"136\" height=\"40\" srcset=\"https:\/\/combi-pro.com\/wp-content\/uploads\/2024\/05\/REFLATEX-300x88.png 300w, https:\/\/combi-pro.com\/wp-content\/uploads\/2024\/05\/REFLATEX-450x133.png 450w, https:\/\/combi-pro.com\/wp-content\/uploads\/2024\/05\/REFLATEX-64x19.png 64w, https:\/\/combi-pro.com\/wp-content\/uploads\/2024\/05\/REFLATEX-18x5.png 18w, https:\/\/combi-pro.com\/wp-content\/uploads\/2024\/05\/REFLATEX.png 475w\" sizes=\"(max-width: 136px) 100vw, 136px\" \/><\/p>\n<p data-start=\"144\" data-end=\"358\"><strong>GUIDE DES TAILLES<\/strong><\/p>\n<p data-start=\"144\" data-end=\"358\"><img loading=\"lazy\" decoding=\"async\" class=\"alignnone wp-image-17764\" src=\"https:\/\/combi-pro.com\/wp-content\/uploads\/2025\/04\/70.8-80.3-screenshot-1749949104963-300x102.png\" alt=\"\" width=\"352\" height=\"120\" srcset=\"https:\/\/combi-pro.com\/wp-content\/uploads\/2025\/04\/70.8-80.3-screenshot-1749949104963-300x102.png 300w, https:\/\/combi-pro.com\/wp-content\/uploads\/2025\/04\/70.8-80.3-screenshot-1749949104963-64x22.png 64w, https:\/\/combi-pro.com\/wp-content\/uploads\/2025\/04\/70.8-80.3-screenshot-1749949104963-18x6.png 18w, https:\/\/combi-pro.com\/wp-content\/uploads\/2025\/04\/70.8-80.3-screenshot-1749949104963.png 399w\" sizes=\"(max-width: 352px) 100vw, 352px\" \/> <img loading=\"lazy\" decoding=\"async\" class=\"alignnone wp-image-17696\" src=\"https:\/\/combi-pro.com\/wp-content\/uploads\/2025\/05\/screenshot-1749214923473-300x106.png\" alt=\"\" width=\"226\" height=\"80\" srcset=\"https:\/\/combi-pro.com\/wp-content\/uploads\/2025\/05\/screenshot-1749214923473-300x106.png 300w, https:\/\/combi-pro.com\/wp-content\/uploads\/2025\/05\/screenshot-1749214923473-64x23.png 64w, https:\/\/combi-pro.com\/wp-content\/uploads\/2025\/05\/screenshot-1749214923473-18x6.png 18w, https:\/\/combi-pro.com\/wp-content\/uploads\/2025\/05\/screenshot-1749214923473.png 396w\" sizes=\"(max-width: 226px) 100vw, 226px\" \/><\/p>\n<p data-start=\"144\" data-end=\"358\">","protected":false},"featured_media":15180,"template":"","meta":{"site-sidebar-layout":"default","site-content-layout":"","ast-site-content-layout":"default","site-content-style":"default","site-sidebar-style":"default","ast-global-header-display":"","ast-banner-title-visibility":"","ast-main-header-display":"","ast-hfb-above-header-display":"","ast-hfb-below-header-display":"","ast-hfb-mobile-header-display":"","site-post-title":"","ast-breadcrumbs-content":"","ast-featured-img":"","footer-sml-layout":"","ast-disable-related-posts":"","theme-transparent-header-meta":"default","adv-header-id-meta":"","stick-header-meta":"","header-above-stick-meta":"","header-main-stick-meta":"","header-below-stick-meta":"","astra-migrate-meta-layouts":"set","ast-page-background-enabled":"default","ast-page-background-meta":{"desktop":{"background-color":"","background-image":"","background-repeat":"repeat","background-position":"center center","background-size":"auto","background-attachment":"scroll","background-type":"","background-media":"","overlay-type":"","overlay-color":"","overlay-opacity":"","overlay-gradient":""},"tablet":{"background-color":"","background-image":"","background-repeat":"repeat","background-position":"center center","background-size":"auto","background-attachment":"scroll","background-type":"","background-media":"","overlay-type":"","overlay-color":"","overlay-opacity":"","overlay-gradient":""},"mobile":{"background-color":"","background-image":"","background-repeat":"repeat","background-position":"center center","background-size":"auto","background-attachment":"scroll","background-type":"","background-media":"","overlay-type":"","overlay-color":"","overlay-opacity":"","overlay-gradient":""}},"ast-content-background-meta":{"desktop":{"background-color":"var(--ast-global-color-5)","background-image":"","background-repeat":"repeat","background-position":"center center","background-size":"auto","background-attachment":"scroll","background-type":"","background-media":"","overlay-type":"","overlay-color":"","overlay-opacity":"","overlay-gradient":""},"tablet":{"background-color":"var(--ast-global-color-5)","background-image":"","background-repeat":"repeat","background-position":"center center","background-size":"auto","background-attachment":"scroll","background-type":"","background-media":"","overlay-type":"","overlay-color":"","overlay-opacity":"","overlay-gradient":""},"mobile":{"background-color":"var(--ast-global-color-5)","background-image":"","background-repeat":"repeat","background-position":"center center","background-size":"auto","background-attachment":"scroll","background-type":"","background-media":"","overlay-type":"","overlay-color":"","overlay-opacity":"","overlay-gradient":""}}},"product_brand":[442],"product_cat":[67,96,50],"product_tag":[],"class_list":{"0":"post-15117","1":"product","2":"type-product","3":"status-publish","4":"has-post-thumbnail","6":"product_brand-velilla","7":"product_cat-alta-visibilidad","8":"product_cat-cazadoras-alta-visibilidad","9":"product_cat-ropa-profesional","10":"desktop-align-center","11":"tablet-align-left","12":"mobile-align-left","14":"first","15":"instock","16":"taxable","17":"shipping-taxable","18":"purchasable","19":"product-type-variable","20":"has-default-attributes"},"_links":{"self":[{"href":"https:\/\/combi-pro.com\/fr\/wp-json\/wp\/v2\/product\/15117","targetHints":{"allow":["GET"]}}],"collection":[{"href":"https:\/\/combi-pro.com\/fr\/wp-json\/wp\/v2\/product"}],"about":[{"href":"https:\/\/combi-pro.com\/fr\/wp-json\/wp\/v2\/types\/product"}],"wp:featuredmedia":[{"embeddable":true,"href":"https:\/\/combi-pro.com\/fr\/wp-json\/wp\/v2\/media\/15180"}],"wp:attachment":[{"href":"https:\/\/combi-pro.com\/fr\/wp-json\/wp\/v2\/media?parent=15117"}],"wp:term":[{"taxonomy":"product_brand","embeddable":true,"href":"https:\/\/combi-pro.com\/fr\/wp-json\/wp\/v2\/product_brand?post=15117"},{"taxonomy":"product_cat","embeddable":true,"href":"https:\/\/combi-pro.com\/fr\/wp-json\/wp\/v2\/product_cat?post=15117"},{"taxonomy":"product_tag","embeddable":true,"href":"https:\/\/combi-pro.com\/fr\/wp-json\/wp\/v2\/product_tag?post=15117"}],"curies":[{"name":"wp","href":"https:\/\/api.w.org\/{rel}","templated":true}]}}