{"id":15287,"date":"2025-04-30T22:16:00","date_gmt":"2025-04-30T20:16:00","guid":{"rendered":"https:\/\/combi-pro.com\/?post_type=product&#038;p=15287"},"modified":"2026-05-02T20:08:55","modified_gmt":"2026-05-02T18:08:55","slug":"t-shirt-en-coton-manches-longues-ruban-segmente-305618-velilla","status":"publish","type":"product","link":"https:\/\/combi-pro.com\/fr\/boutique\/t-shirt-en-coton-manches-longues-ruban-segmente-305618-velilla\/","title":{"rendered":"T-shirt en coton haute visibilit\u00e9 \u00e0 manches longues avec bande segment\u00e9e 305618 | VELILLA"},"content":{"rendered":"<p class=\"\" data-start=\"359\" data-end=\"391\"><strong data-start=\"359\" data-end=\"391\">Caract\u00e9ristiques principales:<\/strong><\/p>\n<ul>\n<li data-start=\"394\" data-end=\"473\">Le col rond et les poignets c\u00f4tel\u00e9s assurent une tenue confortable et durable.<\/li>\n<li data-start=\"476\" data-end=\"590\">Rubans r\u00e9fl\u00e9chissants segment\u00e9s et scell\u00e9s \u00e0 chaud sur le torse et les manches, plus l\u00e9gers et plus souples que les rubans traditionnels.<\/li>\n<li data-start=\"593\" data-end=\"680\">Coutures renforc\u00e9es au niveau de l'encolure avec une bande de tissu de base pour plus de solidit\u00e9.<\/li>\n<li data-start=\"683\" data-end=\"786\">Fait partie de la gamme de rubans segment\u00e9s Reflatex RS, con\u00e7us pour une visibilit\u00e9 maximale et un confort technique.<\/li>\n<\/ul>\n<p class=\"\" data-start=\"788\" data-end=\"806\"><strong data-start=\"788\" data-end=\"806\">Certification: <\/strong>EN 20471 (Classe 2) : Haute visibilit\u00e9 dans les zones \u00e0 risque mod\u00e9r\u00e9 \u00e0 \u00e9lev\u00e9.<\/p>\n<p class=\"\" data-start=\"890\" data-end=\"901\"><strong data-start=\"890\" data-end=\"901\">Tissu: <\/strong>Piqu\u00e9 : 55% coton - 45% polyester \/ 150 g\/m\u00b2. Tissu l\u00e9ger, respirant et doux, id\u00e9al pour les climats chauds.<\/p>\n<p class=\"\" data-start=\"1032\" data-end=\"1192\"><strong data-start=\"1032\" data-end=\"1052\">Recommandations:<\/strong> Parfait pour le travail dans la logistique, la maintenance, les travaux publics ou le transport o\u00f9 la visibilit\u00e9, la flexibilit\u00e9 et la fra\u00eecheur sont requises.<\/p>\n<p data-start=\"1032\" data-end=\"1192\"><img decoding=\"async\" class=\"alignnone wp-image-14962\" src=\"https:\/\/combi-pro.com\/wp-content\/uploads\/2025\/01\/bordado-mukua.jpg\" alt=\"\" width=\"60\" height=\"60\" srcset=\"https:\/\/combi-pro.com\/wp-content\/uploads\/2025\/01\/bordado-mukua.jpg 427w, https:\/\/combi-pro.com\/wp-content\/uploads\/2025\/01\/bordado-mukua-100x100.jpg 100w, https:\/\/combi-pro.com\/wp-content\/uploads\/2025\/01\/bordado-mukua-64x64.jpg 64w, https:\/\/combi-pro.com\/wp-content\/uploads\/2025\/01\/bordado-mukua-300x300.jpg 300w, https:\/\/combi-pro.com\/wp-content\/uploads\/2025\/01\/bordado-mukua-150x150.jpg 150w, https:\/\/combi-pro.com\/wp-content\/uploads\/2025\/01\/bordado-mukua-12x12.jpg 12w\" sizes=\"(max-width: 60px) 100vw, 60px\" \/> <img decoding=\"async\" class=\"alignnone wp-image-14960\" src=\"https:\/\/combi-pro.com\/wp-content\/uploads\/2025\/01\/impresion-mukua-300x300.jpg\" alt=\"\" width=\"60\" height=\"60\" srcset=\"https:\/\/combi-pro.com\/wp-content\/uploads\/2025\/01\/impresion-mukua-300x300.jpg 300w, https:\/\/combi-pro.com\/wp-content\/uploads\/2025\/01\/impresion-mukua-100x100.jpg 100w, https:\/\/combi-pro.com\/wp-content\/uploads\/2025\/01\/impresion-mukua-64x64.jpg 64w, https:\/\/combi-pro.com\/wp-content\/uploads\/2025\/01\/impresion-mukua-150x150.jpg 150w, https:\/\/combi-pro.com\/wp-content\/uploads\/2025\/01\/impresion-mukua-12x12.jpg 12w, https:\/\/combi-pro.com\/wp-content\/uploads\/2025\/01\/impresion-mukua.jpg 427w\" sizes=\"(max-width: 60px) 100vw, 60px\" \/><\/p>","protected":false},"excerpt":{"rendered":"<p class=\"\" data-start=\"228\" data-end=\"386\">T-shirt \u00e0 manches longues avec bandes r\u00e9fl\u00e9chissantes scell\u00e9es \u00e0 chaud. Haute visibilit\u00e9 de classe 2 certifi\u00e9e EN ISO 20471. Confortable, l\u00e9ger et protecteur.<\/p>\n<p data-start=\"35\" data-end=\"357\"><img decoding=\"async\" class=\"alignnone wp-image-15250\" src=\"https:\/\/combi-pro.com\/wp-content\/uploads\/2024\/05\/en204712-300x285.png\" alt=\"\" width=\"42\" height=\"40\" srcset=\"https:\/\/combi-pro.com\/wp-content\/uploads\/2024\/05\/en204712-300x285.png 300w, https:\/\/combi-pro.com\/wp-content\/uploads\/2024\/05\/en204712-450x428.png 450w, https:\/\/combi-pro.com\/wp-content\/uploads\/2024\/05\/en204712-64x61.png 64w, https:\/\/combi-pro.com\/wp-content\/uploads\/2024\/05\/en204712-13x12.png 13w, https:\/\/combi-pro.com\/wp-content\/uploads\/2024\/05\/en204712.png 516w\" sizes=\"(max-width: 42px) 100vw, 42px\" \/> <img loading=\"lazy\" decoding=\"async\" class=\"alignnone wp-image-15242\" src=\"https:\/\/combi-pro.com\/wp-content\/uploads\/2025\/04\/icon-hivis-cotton.png\" alt=\"\" width=\"115\" height=\"40\" srcset=\"https:\/\/combi-pro.com\/wp-content\/uploads\/2025\/04\/icon-hivis-cotton.png 228w, https:\/\/combi-pro.com\/wp-content\/uploads\/2025\/04\/icon-hivis-cotton-64x22.png 64w, https:\/\/combi-pro.com\/wp-content\/uploads\/2025\/04\/icon-hivis-cotton-18x6.png 18w\" sizes=\"(max-width: 115px) 100vw, 115px\" \/> <img loading=\"lazy\" decoding=\"async\" class=\"alignnone wp-image-15215\" src=\"https:\/\/combi-pro.com\/wp-content\/uploads\/2025\/04\/icon-breathable.png\" alt=\"\" width=\"40\" height=\"40\" srcset=\"https:\/\/combi-pro.com\/wp-content\/uploads\/2025\/04\/icon-breathable.png 134w, https:\/\/combi-pro.com\/wp-content\/uploads\/2025\/04\/icon-breathable-100x100.png 100w, https:\/\/combi-pro.com\/wp-content\/uploads\/2025\/04\/icon-breathable-64x64.png 64w, https:\/\/combi-pro.com\/wp-content\/uploads\/2025\/04\/icon-breathable-12x12.png 12w\" sizes=\"(max-width: 40px) 100vw, 40px\" \/> <img loading=\"lazy\" decoding=\"async\" class=\"alignnone wp-image-15251\" src=\"https:\/\/combi-pro.com\/wp-content\/uploads\/2024\/05\/REFLATEX-300x88.png\" alt=\"\" width=\"136\" height=\"40\" srcset=\"https:\/\/combi-pro.com\/wp-content\/uploads\/2024\/05\/REFLATEX-300x88.png 300w, https:\/\/combi-pro.com\/wp-content\/uploads\/2024\/05\/REFLATEX-450x133.png 450w, https:\/\/combi-pro.com\/wp-content\/uploads\/2024\/05\/REFLATEX-64x19.png 64w, https:\/\/combi-pro.com\/wp-content\/uploads\/2024\/05\/REFLATEX-18x5.png 18w, https:\/\/combi-pro.com\/wp-content\/uploads\/2024\/05\/REFLATEX.png 475w\" sizes=\"(max-width: 136px) 100vw, 136px\" \/><\/p>\n<p data-start=\"35\" data-end=\"357\"><strong>GUIDE DES TAILLES<\/strong><\/p>\n<p data-start=\"35\" data-end=\"357\"><img loading=\"lazy\" decoding=\"async\" class=\"alignnone wp-image-17761\" src=\"https:\/\/combi-pro.com\/wp-content\/uploads\/2025\/04\/66.5-76.5-screenshot-1749947499217-300x102.png\" alt=\"\" width=\"352\" height=\"120\" srcset=\"https:\/\/combi-pro.com\/wp-content\/uploads\/2025\/04\/66.5-76.5-screenshot-1749947499217-300x102.png 300w, https:\/\/combi-pro.com\/wp-content\/uploads\/2025\/04\/66.5-76.5-screenshot-1749947499217-64x22.png 64w, https:\/\/combi-pro.com\/wp-content\/uploads\/2025\/04\/66.5-76.5-screenshot-1749947499217-18x6.png 18w, https:\/\/combi-pro.com\/wp-content\/uploads\/2025\/04\/66.5-76.5-screenshot-1749947499217.png 399w\" sizes=\"(max-width: 352px) 100vw, 352px\" \/> <img loading=\"lazy\" decoding=\"async\" class=\"alignnone wp-image-17696\" src=\"https:\/\/combi-pro.com\/wp-content\/uploads\/2025\/05\/screenshot-1749214923473-300x106.png\" alt=\"\" width=\"226\" height=\"80\" srcset=\"https:\/\/combi-pro.com\/wp-content\/uploads\/2025\/05\/screenshot-1749214923473-300x106.png 300w, https:\/\/combi-pro.com\/wp-content\/uploads\/2025\/05\/screenshot-1749214923473-64x23.png 64w, https:\/\/combi-pro.com\/wp-content\/uploads\/2025\/05\/screenshot-1749214923473-18x6.png 18w, https:\/\/combi-pro.com\/wp-content\/uploads\/2025\/05\/screenshot-1749214923473.png 396w\" sizes=\"(max-width: 226px) 100vw, 226px\" \/><\/p>\n<p class=\"\" data-start=\"359\" data-end=\"391\">","protected":false},"featured_media":15291,"template":"","meta":{"site-sidebar-layout":"default","site-content-layout":"","ast-site-content-layout":"default","site-content-style":"default","site-sidebar-style":"default","ast-global-header-display":"","ast-banner-title-visibility":"","ast-main-header-display":"","ast-hfb-above-header-display":"","ast-hfb-below-header-display":"","ast-hfb-mobile-header-display":"","site-post-title":"","ast-breadcrumbs-content":"","ast-featured-img":"","footer-sml-layout":"","ast-disable-related-posts":"","theme-transparent-header-meta":"default","adv-header-id-meta":"","stick-header-meta":"","header-above-stick-meta":"","header-main-stick-meta":"","header-below-stick-meta":"","astra-migrate-meta-layouts":"set","ast-page-background-enabled":"default","ast-page-background-meta":{"desktop":{"background-color":"","background-image":"","background-repeat":"repeat","background-position":"center center","background-size":"auto","background-attachment":"scroll","background-type":"","background-media":"","overlay-type":"","overlay-color":"","overlay-opacity":"","overlay-gradient":""},"tablet":{"background-color":"","background-image":"","background-repeat":"repeat","background-position":"center center","background-size":"auto","background-attachment":"scroll","background-type":"","background-media":"","overlay-type":"","overlay-color":"","overlay-opacity":"","overlay-gradient":""},"mobile":{"background-color":"","background-image":"","background-repeat":"repeat","background-position":"center center","background-size":"auto","background-attachment":"scroll","background-type":"","background-media":"","overlay-type":"","overlay-color":"","overlay-opacity":"","overlay-gradient":""}},"ast-content-background-meta":{"desktop":{"background-color":"var(--ast-global-color-5)","background-image":"","background-repeat":"repeat","background-position":"center center","background-size":"auto","background-attachment":"scroll","background-type":"","background-media":"","overlay-type":"","overlay-color":"","overlay-opacity":"","overlay-gradient":""},"tablet":{"background-color":"var(--ast-global-color-5)","background-image":"","background-repeat":"repeat","background-position":"center center","background-size":"auto","background-attachment":"scroll","background-type":"","background-media":"","overlay-type":"","overlay-color":"","overlay-opacity":"","overlay-gradient":""},"mobile":{"background-color":"var(--ast-global-color-5)","background-image":"","background-repeat":"repeat","background-position":"center center","background-size":"auto","background-attachment":"scroll","background-type":"","background-media":"","overlay-type":"","overlay-color":"","overlay-opacity":"","overlay-gradient":""}}},"product_brand":[442],"product_cat":[67,95,50],"product_tag":[],"class_list":{"0":"post-15287","1":"product","2":"type-product","3":"status-publish","4":"has-post-thumbnail","6":"product_brand-velilla","7":"product_cat-alta-visibilidad","8":"product_cat-camisetas-alta-visibilidad","9":"product_cat-ropa-profesional","10":"desktop-align-center","11":"tablet-align-left","12":"mobile-align-left","14":"first","15":"instock","16":"taxable","17":"shipping-taxable","18":"purchasable","19":"product-type-variable","20":"has-default-attributes"},"_links":{"self":[{"href":"https:\/\/combi-pro.com\/fr\/wp-json\/wp\/v2\/product\/15287","targetHints":{"allow":["GET"]}}],"collection":[{"href":"https:\/\/combi-pro.com\/fr\/wp-json\/wp\/v2\/product"}],"about":[{"href":"https:\/\/combi-pro.com\/fr\/wp-json\/wp\/v2\/types\/product"}],"wp:featuredmedia":[{"embeddable":true,"href":"https:\/\/combi-pro.com\/fr\/wp-json\/wp\/v2\/media\/15291"}],"wp:attachment":[{"href":"https:\/\/combi-pro.com\/fr\/wp-json\/wp\/v2\/media?parent=15287"}],"wp:term":[{"taxonomy":"product_brand","embeddable":true,"href":"https:\/\/combi-pro.com\/fr\/wp-json\/wp\/v2\/product_brand?post=15287"},{"taxonomy":"product_cat","embeddable":true,"href":"https:\/\/combi-pro.com\/fr\/wp-json\/wp\/v2\/product_cat?post=15287"},{"taxonomy":"product_tag","embeddable":true,"href":"https:\/\/combi-pro.com\/fr\/wp-json\/wp\/v2\/product_tag?post=15287"}],"curies":[{"name":"wp","href":"https:\/\/api.w.org\/{rel}","templated":true}]}}