{"id":15394,"date":"2025-05-02T14:58:03","date_gmt":"2025-05-02T12:58:03","guid":{"rendered":"https:\/\/combi-pro.com\/?post_type=product&#038;p=15394"},"modified":"2026-04-13T20:44:15","modified_gmt":"2026-04-13T18:44:15","slug":"polo-en-polyester-recycle-av-manches-courtes-ruban-segmente-305532-velilla","status":"publish","type":"product","link":"https:\/\/combi-pro.com\/fr\/boutique\/polo-en-polyester-recycle-av-manches-courtes-ruban-segmente-305532-velilla\/","title":{"rendered":"Polo haute visibilit\u00e9 en polyester recycl\u00e9, manches courtes, bandes r\u00e9fl\u00e9chissantes segment\u00e9es 305532 | VELILLA"},"content":{"rendered":"<p data-start=\"1064\" data-end=\"1100\"><strong data-start=\"1071\" data-end=\"1100\">Caract\u00e9ristiques techniques :<\/strong><\/p>\n<ul>\n<li data-start=\"1103\" data-end=\"1135\">Fermeture centrale par bouton<\/li>\n<li data-start=\"1138\" data-end=\"1208\">Rubans r\u00e9fl\u00e9chissants segment\u00e9s et thermosoud\u00e9s sur le torse et les manches<\/li>\n<li data-start=\"1211\" data-end=\"1251\">Col c\u00f4tel\u00e9 confortable et durable<\/li>\n<li data-start=\"1254\" data-end=\"1316\">1 poche plaqu\u00e9e sur la poitrine, pratique au quotidien<\/li>\n<\/ul>\n<p data-start=\"1323\" data-end=\"1351\"><strong data-start=\"1331\" data-end=\"1351\">Certifications :<\/strong><\/p>\n<ul>\n<li data-start=\"1354\" data-end=\"1421\">EN ISO 20471 (Classe 2) : Haute visibilit\u00e9 pour risque mod\u00e9r\u00e9<\/li>\n<li data-start=\"1424\" data-end=\"1501\">GRS (Global Recycled Standard) : garantit l'utilisation de polyester recycl\u00e9.<\/li>\n<li data-start=\"1504\" data-end=\"1558\">EN 13758-2 UPF 50+ : protection contre les rayons UV<\/li>\n<li data-start=\"1504\" data-end=\"1558\"><img decoding=\"async\" class=\"alignnone wp-image-15310\" src=\"https:\/\/combi-pro.com\/wp-content\/uploads\/2025\/04\/UPF-50.png\" alt=\"\" width=\"40\" height=\"40\" srcset=\"https:\/\/combi-pro.com\/wp-content\/uploads\/2025\/04\/UPF-50.png 120w, https:\/\/combi-pro.com\/wp-content\/uploads\/2025\/04\/UPF-50-100x100.png 100w, https:\/\/combi-pro.com\/wp-content\/uploads\/2025\/04\/UPF-50-64x63.png 64w, https:\/\/combi-pro.com\/wp-content\/uploads\/2025\/04\/UPF-50-12x12.png 12w\" sizes=\"(max-width: 40px) 100vw, 40px\" \/> <img decoding=\"async\" class=\"alignnone wp-image-15311\" src=\"https:\/\/combi-pro.com\/wp-content\/uploads\/2025\/04\/GRS-300x146.png\" alt=\"\" width=\"82\" height=\"40\" srcset=\"https:\/\/combi-pro.com\/wp-content\/uploads\/2025\/04\/GRS-300x146.png 300w, https:\/\/combi-pro.com\/wp-content\/uploads\/2025\/04\/GRS-450x219.png 450w, https:\/\/combi-pro.com\/wp-content\/uploads\/2025\/04\/GRS-64x31.png 64w, https:\/\/combi-pro.com\/wp-content\/uploads\/2025\/04\/GRS-18x9.png 18w, https:\/\/combi-pro.com\/wp-content\/uploads\/2025\/04\/GRS.png 568w\" sizes=\"(max-width: 82px) 100vw, 82px\" \/><\/li>\n<\/ul>\n<p data-start=\"1565\" data-end=\"1588\"><strong data-start=\"1572\" data-end=\"1588\">Composition :<\/strong><\/p>\n<ul>\n<li data-start=\"1591\" data-end=\"1652\">Micro Bird-Eye : 100% polyester recycl\u00e9 GRS \/ 140 g\/m\u00b2.<\/li>\n<li data-start=\"1655\" data-end=\"1695\">Tissu l\u00e9ger, respirant et durable<\/li>\n<\/ul>\n<p><strong data-start=\"1932\" data-end=\"1941\">Gamme :<\/strong> Reflatex RS Ruban segment\u00e9 recycl\u00e9<\/p>\n<p data-start=\"1702\" data-end=\"1733\"><strong data-start=\"1708\" data-end=\"1733\">Recommandation d'utilisation : <\/strong>Id\u00e9al pour les professionnels de la logistique, du transport, de la maintenance ou du travail en ext\u00e9rieur, qui ont besoin d'une grande visibilit\u00e9, d'une protection solaire et d'un engagement en faveur de l'environnement.<\/p>\n<p data-start=\"1702\" data-end=\"1733\"><img decoding=\"async\" class=\"alignnone wp-image-14962\" src=\"https:\/\/combi-pro.com\/wp-content\/uploads\/2025\/01\/bordado-mukua.jpg\" alt=\"\" width=\"60\" height=\"60\" srcset=\"https:\/\/combi-pro.com\/wp-content\/uploads\/2025\/01\/bordado-mukua.jpg 427w, https:\/\/combi-pro.com\/wp-content\/uploads\/2025\/01\/bordado-mukua-100x100.jpg 100w, https:\/\/combi-pro.com\/wp-content\/uploads\/2025\/01\/bordado-mukua-64x64.jpg 64w, https:\/\/combi-pro.com\/wp-content\/uploads\/2025\/01\/bordado-mukua-300x300.jpg 300w, https:\/\/combi-pro.com\/wp-content\/uploads\/2025\/01\/bordado-mukua-150x150.jpg 150w, https:\/\/combi-pro.com\/wp-content\/uploads\/2025\/01\/bordado-mukua-12x12.jpg 12w\" sizes=\"(max-width: 60px) 100vw, 60px\" \/> <img loading=\"lazy\" decoding=\"async\" class=\"alignnone wp-image-14960\" src=\"https:\/\/combi-pro.com\/wp-content\/uploads\/2025\/01\/impresion-mukua-300x300.jpg\" alt=\"\" width=\"60\" height=\"60\" srcset=\"https:\/\/combi-pro.com\/wp-content\/uploads\/2025\/01\/impresion-mukua-300x300.jpg 300w, https:\/\/combi-pro.com\/wp-content\/uploads\/2025\/01\/impresion-mukua-100x100.jpg 100w, https:\/\/combi-pro.com\/wp-content\/uploads\/2025\/01\/impresion-mukua-64x64.jpg 64w, https:\/\/combi-pro.com\/wp-content\/uploads\/2025\/01\/impresion-mukua-150x150.jpg 150w, https:\/\/combi-pro.com\/wp-content\/uploads\/2025\/01\/impresion-mukua-12x12.jpg 12w, https:\/\/combi-pro.com\/wp-content\/uploads\/2025\/01\/impresion-mukua.jpg 427w\" sizes=\"(max-width: 60px) 100vw, 60px\" \/><\/p>\n<hr class=\"\" data-start=\"1927\" data-end=\"1930\" \/>\n<p class=\"\" data-start=\"1932\" data-end=\"2095\">","protected":false},"excerpt":{"rendered":"<p class=\"\" data-start=\"246\" data-end=\"465\">Polo \u00e0 manches courtes en polyester recycl\u00e9, avec bandes r\u00e9fl\u00e9chissantes segment\u00e9es sur le torse et les manches pour assurer la visibilit\u00e9 et la protection contre les UV, id\u00e9al pour le travail en ext\u00e9rieur.<\/p>\n<p data-start=\"559\" data-end=\"671\"><img loading=\"lazy\" decoding=\"async\" class=\"alignnone wp-image-15250\" src=\"https:\/\/combi-pro.com\/wp-content\/uploads\/2024\/05\/en204712-300x285.png\" alt=\"\" width=\"42\" height=\"40\" srcset=\"https:\/\/combi-pro.com\/wp-content\/uploads\/2024\/05\/en204712-300x285.png 300w, https:\/\/combi-pro.com\/wp-content\/uploads\/2024\/05\/en204712-450x428.png 450w, https:\/\/combi-pro.com\/wp-content\/uploads\/2024\/05\/en204712-64x61.png 64w, https:\/\/combi-pro.com\/wp-content\/uploads\/2024\/05\/en204712-13x12.png 13w, https:\/\/combi-pro.com\/wp-content\/uploads\/2024\/05\/en204712.png 516w\" sizes=\"(max-width: 42px) 100vw, 42px\" \/> <img loading=\"lazy\" decoding=\"async\" class=\"alignnone wp-image-15251\" src=\"https:\/\/combi-pro.com\/wp-content\/uploads\/2024\/05\/REFLATEX-300x88.png\" alt=\"\" width=\"136\" height=\"40\" srcset=\"https:\/\/combi-pro.com\/wp-content\/uploads\/2024\/05\/REFLATEX-300x88.png 300w, https:\/\/combi-pro.com\/wp-content\/uploads\/2024\/05\/REFLATEX-450x133.png 450w, https:\/\/combi-pro.com\/wp-content\/uploads\/2024\/05\/REFLATEX-64x19.png 64w, https:\/\/combi-pro.com\/wp-content\/uploads\/2024\/05\/REFLATEX-18x5.png 18w, https:\/\/combi-pro.com\/wp-content\/uploads\/2024\/05\/REFLATEX.png 475w\" sizes=\"(max-width: 136px) 100vw, 136px\" \/> <img loading=\"lazy\" decoding=\"async\" class=\"alignnone wp-image-15308\" src=\"https:\/\/combi-pro.com\/wp-content\/uploads\/2025\/04\/23-botellas.png\" alt=\"\" width=\"41\" height=\"40\" srcset=\"https:\/\/combi-pro.com\/wp-content\/uploads\/2025\/04\/23-botellas.png 293w, https:\/\/combi-pro.com\/wp-content\/uploads\/2025\/04\/23-botellas-100x100.png 100w, https:\/\/combi-pro.com\/wp-content\/uploads\/2025\/04\/23-botellas-64x63.png 64w, https:\/\/combi-pro.com\/wp-content\/uploads\/2025\/04\/23-botellas-150x150.png 150w, https:\/\/combi-pro.com\/wp-content\/uploads\/2025\/04\/23-botellas-12x12.png 12w\" sizes=\"(max-width: 41px) 100vw, 41px\" \/> <img loading=\"lazy\" decoding=\"async\" class=\"alignnone wp-image-15309\" src=\"https:\/\/combi-pro.com\/wp-content\/uploads\/2025\/04\/RECYCLED.png\" alt=\"\" width=\"226\" height=\"40\" srcset=\"https:\/\/combi-pro.com\/wp-content\/uploads\/2025\/04\/RECYCLED.png 220w, https:\/\/combi-pro.com\/wp-content\/uploads\/2025\/04\/RECYCLED-64x11.png 64w, https:\/\/combi-pro.com\/wp-content\/uploads\/2025\/04\/RECYCLED-18x3.png 18w\" sizes=\"(max-width: 226px) 100vw, 226px\" \/><\/p>\n<p data-start=\"559\" data-end=\"671\"><strong>GUIDE DES TAILLES\u00a0<\/strong><\/p>\n<p data-start=\"559\" data-end=\"671\"><strong><img loading=\"lazy\" decoding=\"async\" class=\"alignnone wp-image-17695\" src=\"https:\/\/combi-pro.com\/wp-content\/uploads\/2025\/05\/screenshot-1749215235047-300x132.png\" alt=\"\" width=\"273\" height=\"120\" srcset=\"https:\/\/combi-pro.com\/wp-content\/uploads\/2025\/05\/screenshot-1749215235047-300x132.png 300w, https:\/\/combi-pro.com\/wp-content\/uploads\/2025\/05\/screenshot-1749215235047-64x28.png 64w, https:\/\/combi-pro.com\/wp-content\/uploads\/2025\/05\/screenshot-1749215235047-18x8.png 18w, https:\/\/combi-pro.com\/wp-content\/uploads\/2025\/05\/screenshot-1749215235047.png 401w\" sizes=\"(max-width: 273px) 100vw, 273px\" \/><\/strong> <img loading=\"lazy\" decoding=\"async\" class=\"alignnone wp-image-17696\" src=\"https:\/\/combi-pro.com\/wp-content\/uploads\/2025\/05\/screenshot-1749214923473-300x106.png\" alt=\"\" width=\"226\" height=\"80\" srcset=\"https:\/\/combi-pro.com\/wp-content\/uploads\/2025\/05\/screenshot-1749214923473-300x106.png 300w, https:\/\/combi-pro.com\/wp-content\/uploads\/2025\/05\/screenshot-1749214923473-64x23.png 64w, https:\/\/combi-pro.com\/wp-content\/uploads\/2025\/05\/screenshot-1749214923473-18x6.png 18w, https:\/\/combi-pro.com\/wp-content\/uploads\/2025\/05\/screenshot-1749214923473.png 396w\" sizes=\"(max-width: 226px) 100vw, 226px\" \/><\/p>","protected":false},"featured_media":15396,"template":"","meta":{"site-sidebar-layout":"default","site-content-layout":"","ast-site-content-layout":"default","site-content-style":"default","site-sidebar-style":"default","ast-global-header-display":"","ast-banner-title-visibility":"","ast-main-header-display":"","ast-hfb-above-header-display":"","ast-hfb-below-header-display":"","ast-hfb-mobile-header-display":"","site-post-title":"","ast-breadcrumbs-content":"","ast-featured-img":"","footer-sml-layout":"","ast-disable-related-posts":"","theme-transparent-header-meta":"default","adv-header-id-meta":"","stick-header-meta":"","header-above-stick-meta":"","header-main-stick-meta":"","header-below-stick-meta":"","astra-migrate-meta-layouts":"set","ast-page-background-enabled":"default","ast-page-background-meta":{"desktop":{"background-color":"","background-image":"","background-repeat":"repeat","background-position":"center center","background-size":"auto","background-attachment":"scroll","background-type":"","background-media":"","overlay-type":"","overlay-color":"","overlay-opacity":"","overlay-gradient":""},"tablet":{"background-color":"","background-image":"","background-repeat":"repeat","background-position":"center center","background-size":"auto","background-attachment":"scroll","background-type":"","background-media":"","overlay-type":"","overlay-color":"","overlay-opacity":"","overlay-gradient":""},"mobile":{"background-color":"","background-image":"","background-repeat":"repeat","background-position":"center center","background-size":"auto","background-attachment":"scroll","background-type":"","background-media":"","overlay-type":"","overlay-color":"","overlay-opacity":"","overlay-gradient":""}},"ast-content-background-meta":{"desktop":{"background-color":"var(--ast-global-color-5)","background-image":"","background-repeat":"repeat","background-position":"center center","background-size":"auto","background-attachment":"scroll","background-type":"","background-media":"","overlay-type":"","overlay-color":"","overlay-opacity":"","overlay-gradient":""},"tablet":{"background-color":"var(--ast-global-color-5)","background-image":"","background-repeat":"repeat","background-position":"center center","background-size":"auto","background-attachment":"scroll","background-type":"","background-media":"","overlay-type":"","overlay-color":"","overlay-opacity":"","overlay-gradient":""},"mobile":{"background-color":"var(--ast-global-color-5)","background-image":"","background-repeat":"repeat","background-position":"center center","background-size":"auto","background-attachment":"scroll","background-type":"","background-media":"","overlay-type":"","overlay-color":"","overlay-opacity":"","overlay-gradient":""}}},"product_brand":[442],"product_cat":[67,102,50],"product_tag":[],"class_list":{"0":"post-15394","1":"product","2":"type-product","3":"status-publish","4":"has-post-thumbnail","6":"product_brand-velilla","7":"product_cat-alta-visibilidad","8":"product_cat-polos-alta-visibilidad","9":"product_cat-ropa-profesional","10":"desktop-align-center","11":"tablet-align-left","12":"mobile-align-left","14":"first","15":"instock","16":"taxable","17":"shipping-taxable","18":"purchasable","19":"product-type-variable","20":"has-default-attributes"},"_links":{"self":[{"href":"https:\/\/combi-pro.com\/fr\/wp-json\/wp\/v2\/product\/15394","targetHints":{"allow":["GET"]}}],"collection":[{"href":"https:\/\/combi-pro.com\/fr\/wp-json\/wp\/v2\/product"}],"about":[{"href":"https:\/\/combi-pro.com\/fr\/wp-json\/wp\/v2\/types\/product"}],"wp:featuredmedia":[{"embeddable":true,"href":"https:\/\/combi-pro.com\/fr\/wp-json\/wp\/v2\/media\/15396"}],"wp:attachment":[{"href":"https:\/\/combi-pro.com\/fr\/wp-json\/wp\/v2\/media?parent=15394"}],"wp:term":[{"taxonomy":"product_brand","embeddable":true,"href":"https:\/\/combi-pro.com\/fr\/wp-json\/wp\/v2\/product_brand?post=15394"},{"taxonomy":"product_cat","embeddable":true,"href":"https:\/\/combi-pro.com\/fr\/wp-json\/wp\/v2\/product_cat?post=15394"},{"taxonomy":"product_tag","embeddable":true,"href":"https:\/\/combi-pro.com\/fr\/wp-json\/wp\/v2\/product_tag?post=15394"}],"curies":[{"name":"wp","href":"https:\/\/api.w.org\/{rel}","templated":true}]}}