{"id":15632,"date":"2025-05-07T23:12:58","date_gmt":"2025-05-07T21:12:58","guid":{"rendered":"https:\/\/combi-pro.com\/?post_type=product&#038;p=15632"},"modified":"2026-04-13T20:53:48","modified_gmt":"2026-04-13T18:53:48","slug":"camisole-pyjama-microfibre-antibacterienne-a-manches-courtes-535207-velilla","status":"publish","type":"product","link":"https:\/\/combi-pro.com\/fr\/boutique\/camisole-pyjama-microfibre-antibacterienne-a-manches-courtes-535207-velilla\/","title":{"rendered":"Chemise de nuit \u00e0 manches courtes microfibre antibact\u00e9rienne 535207 | VELILLA"},"content":{"rendered":"<p data-start=\"1260\" data-end=\"1295\"><strong data-start=\"1266\" data-end=\"1295\">Caract\u00e9ristiques techniques :<\/strong><\/p>\n<ul>\n<li data-start=\"1299\" data-end=\"1319\">Design : unisexe<\/li>\n<li data-start=\"1322\" data-end=\"1340\">Manches : courtes<\/li>\n<li data-start=\"1343\" data-end=\"1364\">Col : Col en V<\/li>\n<li data-start=\"1367\" data-end=\"1396\">Ouvertures lat\u00e9rales : Oui<\/li>\n<li data-start=\"1399\" data-end=\"1415\">Poches :<\/li>\n<li data-start=\"1420\" data-end=\"1454\">2 poches inf\u00e9rieures plaqu\u00e9es<\/li>\n<li data-start=\"1459\" data-end=\"1490\">1 poche int\u00e9rieure suppl\u00e9mentaire<\/li>\n<li data-start=\"1493\" data-end=\"1517\">Tissu : Microfibre<\/li>\n<li data-start=\"1520\" data-end=\"1553\">Composition : polyester 100%<\/li>\n<li data-start=\"1556\" data-end=\"1579\">Grammage : 140 g\/m\u00b2.<\/li>\n<li data-start=\"1582\" data-end=\"1638\">Traitements : Antibact\u00e9rien, r\u00e9pulsif liquide<\/li>\n<\/ul>\n<p><strong>Gamme :<\/strong> Microfibre intelligente<\/p>\n<p data-start=\"1676\" data-end=\"1708\"><strong data-start=\"1681\" data-end=\"1706\">Recommandation d'utilisation :<\/strong><\/p>\n<ul>\n<li data-start=\"1709\" data-end=\"1855\">Parfait pour les professionnels de la sant\u00e9, de la beaut\u00e9, de la m\u00e9decine v\u00e9t\u00e9rinaire ou du nettoyage qui ont besoin d'un v\u00eatement l\u00e9ger, hygi\u00e9nique et facile d'entretien.<\/li>\n<\/ul>","protected":false},"excerpt":{"rendered":"<p class=\"\" data-start=\"273\" data-end=\"433\">Camisole \u00e0 manches courtes en microfibre avec col en V, traitement antibact\u00e9rien et tissu hydrofuge. Fonctionnelle et l\u00e9g\u00e8re, id\u00e9ale pour un usage professionnel.<\/p>\n<p data-start=\"273\" data-end=\"433\"><img decoding=\"async\" class=\"alignnone wp-image-15241\" src=\"https:\/\/combi-pro.com\/wp-content\/uploads\/2025\/04\/icon-microfiber.png\" alt=\"\" width=\"90\" height=\"40\" srcset=\"https:\/\/combi-pro.com\/wp-content\/uploads\/2025\/04\/icon-microfiber.png 228w, https:\/\/combi-pro.com\/wp-content\/uploads\/2025\/04\/icon-microfiber-64x29.png 64w, https:\/\/combi-pro.com\/wp-content\/uploads\/2025\/04\/icon-microfiber-18x8.png 18w\" sizes=\"(max-width: 90px) 100vw, 90px\" \/><\/p>\n<p><strong>GUIDE DES TAILLES<\/strong><\/p>\n<p><img decoding=\"async\" class=\"alignnone wp-image-17953\" src=\"https:\/\/combi-pro.com\/wp-content\/uploads\/2025\/05\/67.21-78.61-300x128.png\" alt=\"\" width=\"305\" height=\"130\" srcset=\"https:\/\/combi-pro.com\/wp-content\/uploads\/2025\/05\/67.21-78.61-300x128.png 300w, https:\/\/combi-pro.com\/wp-content\/uploads\/2025\/05\/67.21-78.61-18x8.png 18w, https:\/\/combi-pro.com\/wp-content\/uploads\/2025\/05\/67.21-78.61-64x27.png 64w, https:\/\/combi-pro.com\/wp-content\/uploads\/2025\/05\/67.21-78.61.png 399w\" sizes=\"(max-width: 305px) 100vw, 305px\" \/> <img decoding=\"async\" class=\"alignnone wp-image-17696\" src=\"https:\/\/combi-pro.com\/wp-content\/uploads\/2025\/05\/screenshot-1749214923473-300x106.png\" alt=\"\" width=\"283\" height=\"100\" srcset=\"https:\/\/combi-pro.com\/wp-content\/uploads\/2025\/05\/screenshot-1749214923473-300x106.png 300w, https:\/\/combi-pro.com\/wp-content\/uploads\/2025\/05\/screenshot-1749214923473-64x23.png 64w, https:\/\/combi-pro.com\/wp-content\/uploads\/2025\/05\/screenshot-1749214923473-18x6.png 18w, https:\/\/combi-pro.com\/wp-content\/uploads\/2025\/05\/screenshot-1749214923473.png 396w\" sizes=\"(max-width: 283px) 100vw, 283px\" \/><\/p>","protected":false},"featured_media":15647,"template":"","meta":{"site-sidebar-layout":"default","site-content-layout":"","ast-site-content-layout":"default","site-content-style":"default","site-sidebar-style":"default","ast-global-header-display":"","ast-banner-title-visibility":"","ast-main-header-display":"","ast-hfb-above-header-display":"","ast-hfb-below-header-display":"","ast-hfb-mobile-header-display":"","site-post-title":"","ast-breadcrumbs-content":"","ast-featured-img":"","footer-sml-layout":"","ast-disable-related-posts":"","theme-transparent-header-meta":"default","adv-header-id-meta":"","stick-header-meta":"","header-above-stick-meta":"","header-main-stick-meta":"","header-below-stick-meta":"","astra-migrate-meta-layouts":"set","ast-page-background-enabled":"default","ast-page-background-meta":{"desktop":{"background-color":"","background-image":"","background-repeat":"repeat","background-position":"center center","background-size":"auto","background-attachment":"scroll","background-type":"","background-media":"","overlay-type":"","overlay-color":"","overlay-opacity":"","overlay-gradient":""},"tablet":{"background-color":"","background-image":"","background-repeat":"repeat","background-position":"center center","background-size":"auto","background-attachment":"scroll","background-type":"","background-media":"","overlay-type":"","overlay-color":"","overlay-opacity":"","overlay-gradient":""},"mobile":{"background-color":"","background-image":"","background-repeat":"repeat","background-position":"center center","background-size":"auto","background-attachment":"scroll","background-type":"","background-media":"","overlay-type":"","overlay-color":"","overlay-opacity":"","overlay-gradient":""}},"ast-content-background-meta":{"desktop":{"background-color":"var(--ast-global-color-5)","background-image":"","background-repeat":"repeat","background-position":"center center","background-size":"auto","background-attachment":"scroll","background-type":"","background-media":"","overlay-type":"","overlay-color":"","overlay-opacity":"","overlay-gradient":""},"tablet":{"background-color":"var(--ast-global-color-5)","background-image":"","background-repeat":"repeat","background-position":"center center","background-size":"auto","background-attachment":"scroll","background-type":"","background-media":"","overlay-type":"","overlay-color":"","overlay-opacity":"","overlay-gradient":""},"mobile":{"background-color":"var(--ast-global-color-5)","background-image":"","background-repeat":"repeat","background-position":"center center","background-size":"auto","background-attachment":"scroll","background-type":"","background-media":"","overlay-type":"","overlay-color":"","overlay-opacity":"","overlay-gradient":""}}},"product_brand":[442],"product_cat":[132,50,71],"product_tag":[],"class_list":{"0":"post-15632","1":"product","2":"type-product","3":"status-publish","4":"has-post-thumbnail","6":"product_brand-velilla","7":"product_cat-camisolas-sanidad-y-servicios","8":"product_cat-ropa-profesional","9":"product_cat-sanidad-y-servicios","10":"desktop-align-center","11":"tablet-align-left","12":"mobile-align-left","14":"first","15":"instock","16":"taxable","17":"shipping-taxable","18":"purchasable","19":"product-type-variable","20":"has-default-attributes"},"_links":{"self":[{"href":"https:\/\/combi-pro.com\/fr\/wp-json\/wp\/v2\/product\/15632","targetHints":{"allow":["GET"]}}],"collection":[{"href":"https:\/\/combi-pro.com\/fr\/wp-json\/wp\/v2\/product"}],"about":[{"href":"https:\/\/combi-pro.com\/fr\/wp-json\/wp\/v2\/types\/product"}],"wp:featuredmedia":[{"embeddable":true,"href":"https:\/\/combi-pro.com\/fr\/wp-json\/wp\/v2\/media\/15647"}],"wp:attachment":[{"href":"https:\/\/combi-pro.com\/fr\/wp-json\/wp\/v2\/media?parent=15632"}],"wp:term":[{"taxonomy":"product_brand","embeddable":true,"href":"https:\/\/combi-pro.com\/fr\/wp-json\/wp\/v2\/product_brand?post=15632"},{"taxonomy":"product_cat","embeddable":true,"href":"https:\/\/combi-pro.com\/fr\/wp-json\/wp\/v2\/product_cat?post=15632"},{"taxonomy":"product_tag","embeddable":true,"href":"https:\/\/combi-pro.com\/fr\/wp-json\/wp\/v2\/product_tag?post=15632"}],"curies":[{"name":"wp","href":"https:\/\/api.w.org\/{rel}","templated":true}]}}