{"id":15695,"date":"2025-05-08T12:33:44","date_gmt":"2025-05-08T10:33:44","guid":{"rendered":"https:\/\/combi-pro.com\/?post_type=product&#038;p=15695"},"modified":"2026-04-13T20:53:57","modified_gmt":"2026-04-13T18:53:57","slug":"purestretch-pyjama-technique-a-manches-courtes-pour-femmes-doux-et-durable-535221s-velilla","status":"publish","type":"product","link":"https:\/\/combi-pro.com\/fr\/boutique\/purestretch-pyjama-technique-a-manches-courtes-pour-femmes-doux-et-durable-535221s-velilla\/","title":{"rendered":"Chemise de nuit purestretch femme \u00e0 manches courtes technique durable et doux 535221S | VELILLA"},"content":{"rendered":"<p data-start=\"1241\" data-end=\"1276\"><strong data-start=\"1247\" data-end=\"1276\">Caract\u00e9ristiques techniques :<\/strong><\/p>\n<ul>\n<li data-start=\"1280\" data-end=\"1299\">Design : Femme<\/li>\n<li data-start=\"1302\" data-end=\"1320\">Manches : courtes<\/li>\n<li data-start=\"1323\" data-end=\"1344\">Col : Col en V<\/li>\n<li data-start=\"1347\" data-end=\"1392\">Coupe : Sportive avec fentes d'a\u00e9ration \u00e0 l'arri\u00e8re<\/li>\n<li data-start=\"1395\" data-end=\"1433\">Poches : 3 poches plaqu\u00e9es<\/li>\n<li data-start=\"1436\" data-end=\"1461\">Tissu : PureStretch<\/li>\n<li data-start=\"1464\" data-end=\"1530\">Composition : 73% polyester recycl\u00e9, 21% rayonne, 6% \u00e9lasthanne<\/li>\n<li data-start=\"1533\" data-end=\"1556\">Grammage : 180 g\/m\u00b2.<\/li>\n<li data-start=\"1559\" data-end=\"1589\">Propri\u00e9t\u00e9s suppl\u00e9mentaires :<\/li>\n<li data-start=\"1594\" data-end=\"1611\">Touche de p\u00eache<\/li>\n<li data-start=\"1616\" data-end=\"1668\">Traitement antibact\u00e9rien et r\u00e9pulsif liquide<\/li>\n<li data-start=\"1673\" data-end=\"1690\">Lavable \u00e0 60 \u00b0C<\/li>\n<li data-start=\"1693\" data-end=\"1744\">Certification : GRS (Global Recycled Standard)<\/li>\n<\/ul>\n<p><strong>Gamme :<\/strong> PureStretch (Collection essentielle)<\/p>\n<p><img decoding=\"async\" class=\"alignnone wp-image-15311\" src=\"https:\/\/combi-pro.com\/wp-content\/uploads\/2025\/04\/GRS-300x146.png\" alt=\"\" width=\"103\" height=\"50\" srcset=\"https:\/\/combi-pro.com\/wp-content\/uploads\/2025\/04\/GRS-300x146.png 300w, https:\/\/combi-pro.com\/wp-content\/uploads\/2025\/04\/GRS-450x219.png 450w, https:\/\/combi-pro.com\/wp-content\/uploads\/2025\/04\/GRS-64x31.png 64w, https:\/\/combi-pro.com\/wp-content\/uploads\/2025\/04\/GRS-18x9.png 18w, https:\/\/combi-pro.com\/wp-content\/uploads\/2025\/04\/GRS.png 568w\" sizes=\"(max-width: 103px) 100vw, 103px\" \/> <img decoding=\"async\" class=\"alignnone wp-image-15668\" src=\"https:\/\/combi-pro.com\/wp-content\/uploads\/2025\/05\/PureStretch-300x108.png\" alt=\"\" width=\"139\" height=\"50\" srcset=\"https:\/\/combi-pro.com\/wp-content\/uploads\/2025\/05\/PureStretch-300x108.png 300w, https:\/\/combi-pro.com\/wp-content\/uploads\/2025\/05\/PureStretch-450x162.png 450w, https:\/\/combi-pro.com\/wp-content\/uploads\/2025\/05\/PureStretch-64x23.png 64w, https:\/\/combi-pro.com\/wp-content\/uploads\/2025\/05\/PureStretch-18x6.png 18w, https:\/\/combi-pro.com\/wp-content\/uploads\/2025\/05\/PureStretch.png 568w\" sizes=\"(max-width: 139px) 100vw, 139px\" \/> <img decoding=\"async\" class=\"alignnone wp-image-15669\" src=\"https:\/\/combi-pro.com\/wp-content\/uploads\/2025\/05\/ECOdesign-300x57.png\" alt=\"\" width=\"263\" height=\"50\"><\/p>\n<p data-start=\"1797\" data-end=\"1829\"><strong data-start=\"1802\" data-end=\"1827\">Recommandation d'utilisation :<\/strong><\/p>\n<ul>\n<li data-start=\"1830\" data-end=\"2002\">Parfait pour les professionnelles de la sant\u00e9, des soins infirmiers, de l'esth\u00e9tique, des cliniques et des maisons de retraite, qui recherchent un v\u00eatement l\u00e9ger, technique et durable au design moderne.<\/li>\n<\/ul>","protected":false},"excerpt":{"rendered":"<p class=\"\" data-start=\"284\" data-end=\"438\">Camisole hygi\u00e9nique technique pour femmes, coupe sportive, tissu antibact\u00e9rien et lavable \u00e0 60\u00b0C. Confort, style et durabilit\u00e9 en un seul v\u00eatement.<\/p>\n<p data-start=\"287\" data-end=\"443\"><img loading=\"lazy\" decoding=\"async\" class=\"alignnone wp-image-15583\" src=\"https:\/\/combi-pro.com\/wp-content\/uploads\/2025\/05\/360o-stretch-300x215.png\" alt=\"\" width=\"56\" height=\"40\" srcset=\"https:\/\/combi-pro.com\/wp-content\/uploads\/2025\/05\/360o-stretch-300x215.png 300w, https:\/\/combi-pro.com\/wp-content\/uploads\/2025\/05\/360o-stretch-450x323.png 450w, https:\/\/combi-pro.com\/wp-content\/uploads\/2025\/05\/360o-stretch-64x46.png 64w, https:\/\/combi-pro.com\/wp-content\/uploads\/2025\/05\/360o-stretch-18x12.png 18w, https:\/\/combi-pro.com\/wp-content\/uploads\/2025\/05\/360o-stretch.png 552w\" sizes=\"(max-width: 56px) 100vw, 56px\" \/> <img loading=\"lazy\" decoding=\"async\" class=\"alignnone wp-image-15584\" src=\"https:\/\/combi-pro.com\/wp-content\/uploads\/2025\/05\/Antibacterial-300x213.png\" alt=\"\" width=\"56\" height=\"40\" srcset=\"https:\/\/combi-pro.com\/wp-content\/uploads\/2025\/05\/Antibacterial-300x213.png 300w, https:\/\/combi-pro.com\/wp-content\/uploads\/2025\/05\/Antibacterial-450x320.png 450w, https:\/\/combi-pro.com\/wp-content\/uploads\/2025\/05\/Antibacterial-64x45.png 64w, https:\/\/combi-pro.com\/wp-content\/uploads\/2025\/05\/Antibacterial-18x12.png 18w, https:\/\/combi-pro.com\/wp-content\/uploads\/2025\/05\/Antibacterial.png 570w\" sizes=\"(max-width: 56px) 100vw, 56px\" \/> <img loading=\"lazy\" decoding=\"async\" class=\"alignnone wp-image-15586\" src=\"https:\/\/combi-pro.com\/wp-content\/uploads\/2025\/05\/Easy-care-300x260.png\" alt=\"\" width=\"46\" height=\"40\" srcset=\"https:\/\/combi-pro.com\/wp-content\/uploads\/2025\/05\/Easy-care-300x260.png 300w, https:\/\/combi-pro.com\/wp-content\/uploads\/2025\/05\/Easy-care-64x55.png 64w, https:\/\/combi-pro.com\/wp-content\/uploads\/2025\/05\/Easy-care-14x12.png 14w, https:\/\/combi-pro.com\/wp-content\/uploads\/2025\/05\/Easy-care.png 425w\" sizes=\"(max-width: 46px) 100vw, 46px\" \/> <img loading=\"lazy\" decoding=\"async\" class=\"alignnone wp-image-15588\" src=\"https:\/\/combi-pro.com\/wp-content\/uploads\/2025\/05\/Water-repellent_0-2.webp\" alt=\"\" width=\"55\" height=\"40\" srcset=\"https:\/\/combi-pro.com\/wp-content\/uploads\/2025\/05\/Water-repellent_0-2.webp 137w, https:\/\/combi-pro.com\/wp-content\/uploads\/2025\/05\/Water-repellent_0-2-64x47.webp 64w, https:\/\/combi-pro.com\/wp-content\/uploads\/2025\/05\/Water-repellent_0-2-16x12.webp 16w\" sizes=\"(max-width: 55px) 100vw, 55px\" \/> <img loading=\"lazy\" decoding=\"async\" class=\"alignnone wp-image-15585\" src=\"https:\/\/combi-pro.com\/wp-content\/uploads\/2025\/05\/Breathable.png\" alt=\"\" width=\"64\" height=\"40\" srcset=\"https:\/\/combi-pro.com\/wp-content\/uploads\/2025\/05\/Breathable.png 167w, https:\/\/combi-pro.com\/wp-content\/uploads\/2025\/05\/Breathable-64x40.png 64w, https:\/\/combi-pro.com\/wp-content\/uploads\/2025\/05\/Breathable-18x12.png 18w\" sizes=\"(max-width: 64px) 100vw, 64px\" \/> <img loading=\"lazy\" decoding=\"async\" class=\"alignnone wp-image-15587\" src=\"https:\/\/combi-pro.com\/wp-content\/uploads\/2025\/05\/Super-soft-300x232.png\" alt=\"\" width=\"52\" height=\"40\" srcset=\"https:\/\/combi-pro.com\/wp-content\/uploads\/2025\/05\/Super-soft-300x232.png 300w, https:\/\/combi-pro.com\/wp-content\/uploads\/2025\/05\/Super-soft-450x348.png 450w, https:\/\/combi-pro.com\/wp-content\/uploads\/2025\/05\/Super-soft-64x50.png 64w, https:\/\/combi-pro.com\/wp-content\/uploads\/2025\/05\/Super-soft-16x12.png 16w, https:\/\/combi-pro.com\/wp-content\/uploads\/2025\/05\/Super-soft.png 455w\" sizes=\"(max-width: 52px) 100vw, 52px\" \/><\/p>\n<p data-start=\"287\" data-end=\"443\"><strong>GUIDE DES TAILLES<\/strong><\/p>\n<p data-start=\"287\" data-end=\"443\"><img loading=\"lazy\" decoding=\"async\" class=\"alignnone wp-image-17956\" src=\"https:\/\/combi-pro.com\/wp-content\/uploads\/2025\/05\/581-681-300x114.png\" alt=\"\" width=\"317\" height=\"120\" srcset=\"https:\/\/combi-pro.com\/wp-content\/uploads\/2025\/05\/581-681-300x114.png 300w, https:\/\/combi-pro.com\/wp-content\/uploads\/2025\/05\/581-681-18x7.png 18w, https:\/\/combi-pro.com\/wp-content\/uploads\/2025\/05\/581-681-64x24.png 64w, https:\/\/combi-pro.com\/wp-content\/uploads\/2025\/05\/581-681.png 401w\" sizes=\"(max-width: 317px) 100vw, 317px\" \/> <img loading=\"lazy\" decoding=\"async\" class=\"alignnone wp-image-17696\" src=\"https:\/\/combi-pro.com\/wp-content\/uploads\/2025\/05\/screenshot-1749214923473-300x106.png\" alt=\"\" width=\"283\" height=\"100\" srcset=\"https:\/\/combi-pro.com\/wp-content\/uploads\/2025\/05\/screenshot-1749214923473-300x106.png 300w, https:\/\/combi-pro.com\/wp-content\/uploads\/2025\/05\/screenshot-1749214923473-64x23.png 64w, https:\/\/combi-pro.com\/wp-content\/uploads\/2025\/05\/screenshot-1749214923473-18x6.png 18w, https:\/\/combi-pro.com\/wp-content\/uploads\/2025\/05\/screenshot-1749214923473.png 396w\" sizes=\"(max-width: 283px) 100vw, 283px\" \/><\/p>","protected":false},"featured_media":15708,"template":"","meta":{"site-sidebar-layout":"default","site-content-layout":"","ast-site-content-layout":"default","site-content-style":"default","site-sidebar-style":"default","ast-global-header-display":"","ast-banner-title-visibility":"","ast-main-header-display":"","ast-hfb-above-header-display":"","ast-hfb-below-header-display":"","ast-hfb-mobile-header-display":"","site-post-title":"","ast-breadcrumbs-content":"","ast-featured-img":"","footer-sml-layout":"","ast-disable-related-posts":"","theme-transparent-header-meta":"default","adv-header-id-meta":"","stick-header-meta":"","header-above-stick-meta":"","header-main-stick-meta":"","header-below-stick-meta":"","astra-migrate-meta-layouts":"set","ast-page-background-enabled":"default","ast-page-background-meta":{"desktop":{"background-color":"","background-image":"","background-repeat":"repeat","background-position":"center center","background-size":"auto","background-attachment":"scroll","background-type":"","background-media":"","overlay-type":"","overlay-color":"","overlay-opacity":"","overlay-gradient":""},"tablet":{"background-color":"","background-image":"","background-repeat":"repeat","background-position":"center center","background-size":"auto","background-attachment":"scroll","background-type":"","background-media":"","overlay-type":"","overlay-color":"","overlay-opacity":"","overlay-gradient":""},"mobile":{"background-color":"","background-image":"","background-repeat":"repeat","background-position":"center center","background-size":"auto","background-attachment":"scroll","background-type":"","background-media":"","overlay-type":"","overlay-color":"","overlay-opacity":"","overlay-gradient":""}},"ast-content-background-meta":{"desktop":{"background-color":"var(--ast-global-color-5)","background-image":"","background-repeat":"repeat","background-position":"center center","background-size":"auto","background-attachment":"scroll","background-type":"","background-media":"","overlay-type":"","overlay-color":"","overlay-opacity":"","overlay-gradient":""},"tablet":{"background-color":"var(--ast-global-color-5)","background-image":"","background-repeat":"repeat","background-position":"center center","background-size":"auto","background-attachment":"scroll","background-type":"","background-media":"","overlay-type":"","overlay-color":"","overlay-opacity":"","overlay-gradient":""},"mobile":{"background-color":"var(--ast-global-color-5)","background-image":"","background-repeat":"repeat","background-position":"center center","background-size":"auto","background-attachment":"scroll","background-type":"","background-media":"","overlay-type":"","overlay-color":"","overlay-opacity":"","overlay-gradient":""}}},"product_brand":[442],"product_cat":[132,50,71],"product_tag":[],"class_list":{"0":"post-15695","1":"product","2":"type-product","3":"status-publish","4":"has-post-thumbnail","6":"product_brand-velilla","7":"product_cat-camisolas-sanidad-y-servicios","8":"product_cat-ropa-profesional","9":"product_cat-sanidad-y-servicios","10":"desktop-align-center","11":"tablet-align-left","12":"mobile-align-left","14":"first","15":"instock","16":"taxable","17":"shipping-taxable","18":"purchasable","19":"product-type-variable","20":"has-default-attributes"},"_links":{"self":[{"href":"https:\/\/combi-pro.com\/fr\/wp-json\/wp\/v2\/product\/15695","targetHints":{"allow":["GET"]}}],"collection":[{"href":"https:\/\/combi-pro.com\/fr\/wp-json\/wp\/v2\/product"}],"about":[{"href":"https:\/\/combi-pro.com\/fr\/wp-json\/wp\/v2\/types\/product"}],"wp:featuredmedia":[{"embeddable":true,"href":"https:\/\/combi-pro.com\/fr\/wp-json\/wp\/v2\/media\/15708"}],"wp:attachment":[{"href":"https:\/\/combi-pro.com\/fr\/wp-json\/wp\/v2\/media?parent=15695"}],"wp:term":[{"taxonomy":"product_brand","embeddable":true,"href":"https:\/\/combi-pro.com\/fr\/wp-json\/wp\/v2\/product_brand?post=15695"},{"taxonomy":"product_cat","embeddable":true,"href":"https:\/\/combi-pro.com\/fr\/wp-json\/wp\/v2\/product_cat?post=15695"},{"taxonomy":"product_tag","embeddable":true,"href":"https:\/\/combi-pro.com\/fr\/wp-json\/wp\/v2\/product_tag?post=15695"}],"curies":[{"name":"wp","href":"https:\/\/api.w.org\/{rel}","templated":true}]}}