{"id":15736,"date":"2025-05-08T23:52:46","date_gmt":"2025-05-08T21:52:46","guid":{"rendered":"https:\/\/combi-pro.com\/?post_type=product&#038;p=15736"},"modified":"2026-05-13T18:06:01","modified_gmt":"2026-05-13T16:06:01","slug":"pantalon-de-pyjama-unisexe-purestretch-coupe-sportive-et-multipoches-533020s-velilla","status":"publish","type":"product","link":"https:\/\/combi-pro.com\/fr\/boutique\/pantalon-de-pyjama-unisexe-purestretch-coupe-sportive-et-multipoches-533020s-velilla\/","title":{"rendered":"Pantalon de pyjama unisexe en pure stretch, coupe sportive et multi-poches 533020S | VELILLA"},"content":{"rendered":"<p data-start=\"1394\" data-end=\"1429\"><strong data-start=\"1400\" data-end=\"1429\">Caract\u00e9ristiques techniques :<\/strong><\/p>\n<ul>\n<li data-start=\"1433\" data-end=\"1458\">Tissu : PureStretch<\/li>\n<li data-start=\"1461\" data-end=\"1527\">Composition : 73% polyester recycl\u00e9, 21% rayonne, 6% \u00e9lasthanne<\/li>\n<li data-start=\"1530\" data-end=\"1553\">Grammage : 180 g\/m\u00b2.<\/li>\n<li data-start=\"1556\" data-end=\"1628\">Taille : \u00e9lastiqu\u00e9e avec \u00e9lastique au dos + bretelles contrast\u00e9es r\u00e9glables<\/li>\n<li data-start=\"1631\" data-end=\"1651\">Poches (8) :<\/li>\n<li data-start=\"1656\" data-end=\"1679\">2 poches fran\u00e7aises<\/li>\n<li data-start=\"1684\" data-end=\"1716\">2 poches arri\u00e8re plaqu\u00e9es<\/li>\n<li data-start=\"1721\" data-end=\"1774\">2 poches lat\u00e9rales (dont une \u00e0 double compartiment)<\/li>\n<li data-start=\"1779\" data-end=\"1809\">1 poche int\u00e9rieure pour la monnaie<\/li>\n<li data-start=\"1812\" data-end=\"1869\">Traitements : Antibact\u00e9rien et r\u00e9pulsif liquide<\/li>\n<li data-start=\"1872\" data-end=\"1901\">Lavage : lavable \u00e0 60 \u00b0C<\/li>\n<li data-start=\"1904\" data-end=\"1932\">Toucher : P\u00eache douce<\/li>\n<li data-start=\"1935\" data-end=\"1986\">Certification : GRS (Global Recycled Standard)<\/li>\n<\/ul>\n<p><strong>Gammes<\/strong>Cuisine, PureStretch (Collection essentielle)<\/p>\n<p><img decoding=\"async\" class=\"alignnone wp-image-15311\" src=\"https:\/\/combi-pro.com\/wp-content\/uploads\/2025\/04\/GRS-300x146.png\" alt=\"\" width=\"103\" height=\"50\" srcset=\"https:\/\/combi-pro.com\/wp-content\/uploads\/2025\/04\/GRS-300x146.png 300w, https:\/\/combi-pro.com\/wp-content\/uploads\/2025\/04\/GRS-450x219.png 450w, https:\/\/combi-pro.com\/wp-content\/uploads\/2025\/04\/GRS-64x31.png 64w, https:\/\/combi-pro.com\/wp-content\/uploads\/2025\/04\/GRS-18x9.png 18w, https:\/\/combi-pro.com\/wp-content\/uploads\/2025\/04\/GRS.png 568w\" sizes=\"(max-width: 103px) 100vw, 103px\" \/> <img decoding=\"async\" class=\"alignnone wp-image-15668\" src=\"https:\/\/combi-pro.com\/wp-content\/uploads\/2025\/05\/PureStretch-300x108.png\" alt=\"\" width=\"139\" height=\"50\" srcset=\"https:\/\/combi-pro.com\/wp-content\/uploads\/2025\/05\/PureStretch-300x108.png 300w, https:\/\/combi-pro.com\/wp-content\/uploads\/2025\/05\/PureStretch-450x162.png 450w, https:\/\/combi-pro.com\/wp-content\/uploads\/2025\/05\/PureStretch-64x23.png 64w, https:\/\/combi-pro.com\/wp-content\/uploads\/2025\/05\/PureStretch-18x6.png 18w, https:\/\/combi-pro.com\/wp-content\/uploads\/2025\/05\/PureStretch.png 568w\" sizes=\"(max-width: 139px) 100vw, 139px\" \/> <img decoding=\"async\" class=\"alignnone wp-image-15669\" src=\"https:\/\/combi-pro.com\/wp-content\/uploads\/2025\/05\/ECOdesign-300x57.png\" alt=\"\" width=\"263\" height=\"50\"><\/p>\n<p data-start=\"2048\" data-end=\"2080\"><strong data-start=\"2053\" data-end=\"2078\">Recommandation d'utilisation :<\/strong><\/p>\n<ul>\n<li data-start=\"2081\" data-end=\"2287\">Id\u00e9al pour le personnel de sant\u00e9, les cuisiniers, le personnel des cliniques, les salons de beaut\u00e9 et les professionnels du nettoyage, qui ont besoin de v\u00eatements techniques, respirants, confortables et dot\u00e9s de multiples compartiments fonctionnels.<\/li>\n<\/ul>","protected":false},"excerpt":{"rendered":"<p class=\"\" data-start=\"293\" data-end=\"445\">Pantalon hygi\u00e9nique unisexe avec tissu technique antibact\u00e9rien PureStretch et huit poches fonctionnelles. R\u00e9glable, hydrofuge et lavable \u00e0 60\u00b0C.<\/p>\n<p data-start=\"287\" data-end=\"443\"><img loading=\"lazy\" decoding=\"async\" class=\"alignnone wp-image-15583\" src=\"https:\/\/combi-pro.com\/wp-content\/uploads\/2025\/05\/360o-stretch-300x215.png\" alt=\"\" width=\"56\" height=\"40\" srcset=\"https:\/\/combi-pro.com\/wp-content\/uploads\/2025\/05\/360o-stretch-300x215.png 300w, https:\/\/combi-pro.com\/wp-content\/uploads\/2025\/05\/360o-stretch-450x323.png 450w, https:\/\/combi-pro.com\/wp-content\/uploads\/2025\/05\/360o-stretch-64x46.png 64w, https:\/\/combi-pro.com\/wp-content\/uploads\/2025\/05\/360o-stretch-18x12.png 18w, https:\/\/combi-pro.com\/wp-content\/uploads\/2025\/05\/360o-stretch.png 552w\" sizes=\"(max-width: 56px) 100vw, 56px\" \/> <img loading=\"lazy\" decoding=\"async\" class=\"alignnone wp-image-15584\" src=\"https:\/\/combi-pro.com\/wp-content\/uploads\/2025\/05\/Antibacterial-300x213.png\" alt=\"\" width=\"56\" height=\"40\" srcset=\"https:\/\/combi-pro.com\/wp-content\/uploads\/2025\/05\/Antibacterial-300x213.png 300w, https:\/\/combi-pro.com\/wp-content\/uploads\/2025\/05\/Antibacterial-450x320.png 450w, https:\/\/combi-pro.com\/wp-content\/uploads\/2025\/05\/Antibacterial-64x45.png 64w, https:\/\/combi-pro.com\/wp-content\/uploads\/2025\/05\/Antibacterial-18x12.png 18w, https:\/\/combi-pro.com\/wp-content\/uploads\/2025\/05\/Antibacterial.png 570w\" sizes=\"(max-width: 56px) 100vw, 56px\" \/> <img loading=\"lazy\" decoding=\"async\" class=\"alignnone wp-image-15586\" src=\"https:\/\/combi-pro.com\/wp-content\/uploads\/2025\/05\/Easy-care-300x260.png\" alt=\"\" width=\"46\" height=\"40\" srcset=\"https:\/\/combi-pro.com\/wp-content\/uploads\/2025\/05\/Easy-care-300x260.png 300w, https:\/\/combi-pro.com\/wp-content\/uploads\/2025\/05\/Easy-care-64x55.png 64w, https:\/\/combi-pro.com\/wp-content\/uploads\/2025\/05\/Easy-care-14x12.png 14w, https:\/\/combi-pro.com\/wp-content\/uploads\/2025\/05\/Easy-care.png 425w\" sizes=\"(max-width: 46px) 100vw, 46px\" \/> <img loading=\"lazy\" decoding=\"async\" class=\"alignnone wp-image-15588\" src=\"https:\/\/combi-pro.com\/wp-content\/uploads\/2025\/05\/Water-repellent_0-2.webp\" alt=\"\" width=\"55\" height=\"40\" srcset=\"https:\/\/combi-pro.com\/wp-content\/uploads\/2025\/05\/Water-repellent_0-2.webp 137w, https:\/\/combi-pro.com\/wp-content\/uploads\/2025\/05\/Water-repellent_0-2-64x47.webp 64w, https:\/\/combi-pro.com\/wp-content\/uploads\/2025\/05\/Water-repellent_0-2-16x12.webp 16w\" sizes=\"(max-width: 55px) 100vw, 55px\" \/> <img loading=\"lazy\" decoding=\"async\" class=\"alignnone wp-image-15585\" src=\"https:\/\/combi-pro.com\/wp-content\/uploads\/2025\/05\/Breathable.png\" alt=\"\" width=\"64\" height=\"40\" srcset=\"https:\/\/combi-pro.com\/wp-content\/uploads\/2025\/05\/Breathable.png 167w, https:\/\/combi-pro.com\/wp-content\/uploads\/2025\/05\/Breathable-64x40.png 64w, https:\/\/combi-pro.com\/wp-content\/uploads\/2025\/05\/Breathable-18x12.png 18w\" sizes=\"(max-width: 64px) 100vw, 64px\" \/> <img loading=\"lazy\" decoding=\"async\" class=\"alignnone wp-image-15587\" src=\"https:\/\/combi-pro.com\/wp-content\/uploads\/2025\/05\/Super-soft-300x232.png\" alt=\"\" width=\"52\" height=\"40\" srcset=\"https:\/\/combi-pro.com\/wp-content\/uploads\/2025\/05\/Super-soft-300x232.png 300w, https:\/\/combi-pro.com\/wp-content\/uploads\/2025\/05\/Super-soft-450x348.png 450w, https:\/\/combi-pro.com\/wp-content\/uploads\/2025\/05\/Super-soft-64x50.png 64w, https:\/\/combi-pro.com\/wp-content\/uploads\/2025\/05\/Super-soft-16x12.png 16w, https:\/\/combi-pro.com\/wp-content\/uploads\/2025\/05\/Super-soft.png 455w\" sizes=\"(max-width: 52px) 100vw, 52px\" \/><\/p>\n<p data-start=\"287\" data-end=\"443\"><strong>GUIDE DES TAILLES<\/strong><\/p>\n<p data-start=\"287\" data-end=\"443\"><img loading=\"lazy\" decoding=\"async\" class=\"alignnone wp-image-17969\" src=\"https:\/\/combi-pro.com\/wp-content\/uploads\/2025\/05\/106.5-112.5-2-300x128.png\" alt=\"\" width=\"304\" height=\"130\" srcset=\"https:\/\/combi-pro.com\/wp-content\/uploads\/2025\/05\/106.5-112.5-2-300x128.png 300w, https:\/\/combi-pro.com\/wp-content\/uploads\/2025\/05\/106.5-112.5-2-18x8.png 18w, https:\/\/combi-pro.com\/wp-content\/uploads\/2025\/05\/106.5-112.5-2-64x27.png 64w, https:\/\/combi-pro.com\/wp-content\/uploads\/2025\/05\/106.5-112.5-2.png 400w\" sizes=\"(max-width: 304px) 100vw, 304px\" \/> <img loading=\"lazy\" decoding=\"async\" class=\"alignnone wp-image-17729\" src=\"https:\/\/combi-pro.com\/wp-content\/uploads\/2024\/05\/screenshot-1749765502228.png\" alt=\"\" width=\"146\" height=\"110\" srcset=\"https:\/\/combi-pro.com\/wp-content\/uploads\/2024\/05\/screenshot-1749765502228.png 292w, https:\/\/combi-pro.com\/wp-content\/uploads\/2024\/05\/screenshot-1749765502228-64x48.png 64w, https:\/\/combi-pro.com\/wp-content\/uploads\/2024\/05\/screenshot-1749765502228-16x12.png 16w\" sizes=\"(max-width: 146px) 100vw, 146px\" \/><\/p>","protected":false},"featured_media":15750,"template":"","meta":{"site-sidebar-layout":"default","site-content-layout":"","ast-site-content-layout":"default","site-content-style":"default","site-sidebar-style":"default","ast-global-header-display":"","ast-banner-title-visibility":"","ast-main-header-display":"","ast-hfb-above-header-display":"","ast-hfb-below-header-display":"","ast-hfb-mobile-header-display":"","site-post-title":"","ast-breadcrumbs-content":"","ast-featured-img":"","footer-sml-layout":"","ast-disable-related-posts":"","theme-transparent-header-meta":"default","adv-header-id-meta":"","stick-header-meta":"","header-above-stick-meta":"","header-main-stick-meta":"","header-below-stick-meta":"","astra-migrate-meta-layouts":"set","ast-page-background-enabled":"default","ast-page-background-meta":{"desktop":{"background-color":"","background-image":"","background-repeat":"repeat","background-position":"center center","background-size":"auto","background-attachment":"scroll","background-type":"","background-media":"","overlay-type":"","overlay-color":"","overlay-opacity":"","overlay-gradient":""},"tablet":{"background-color":"","background-image":"","background-repeat":"repeat","background-position":"center center","background-size":"auto","background-attachment":"scroll","background-type":"","background-media":"","overlay-type":"","overlay-color":"","overlay-opacity":"","overlay-gradient":""},"mobile":{"background-color":"","background-image":"","background-repeat":"repeat","background-position":"center center","background-size":"auto","background-attachment":"scroll","background-type":"","background-media":"","overlay-type":"","overlay-color":"","overlay-opacity":"","overlay-gradient":""}},"ast-content-background-meta":{"desktop":{"background-color":"var(--ast-global-color-5)","background-image":"","background-repeat":"repeat","background-position":"center center","background-size":"auto","background-attachment":"scroll","background-type":"","background-media":"","overlay-type":"","overlay-color":"","overlay-opacity":"","overlay-gradient":""},"tablet":{"background-color":"var(--ast-global-color-5)","background-image":"","background-repeat":"repeat","background-position":"center center","background-size":"auto","background-attachment":"scroll","background-type":"","background-media":"","overlay-type":"","overlay-color":"","overlay-opacity":"","overlay-gradient":""},"mobile":{"background-color":"var(--ast-global-color-5)","background-image":"","background-repeat":"repeat","background-position":"center center","background-size":"auto","background-attachment":"scroll","background-type":"","background-media":"","overlay-type":"","overlay-color":"","overlay-opacity":"","overlay-gradient":""}}},"product_brand":[442],"product_cat":[72,112,134,50,71],"product_tag":[],"class_list":{"0":"post-15736","1":"product","2":"type-product","3":"status-publish","4":"has-post-thumbnail","6":"product_brand-velilla","7":"product_cat-hosteleria","8":"product_cat-pantalones-hosteleria","9":"product_cat-pantalones-sanidad-y-servicios","10":"product_cat-ropa-profesional","11":"product_cat-sanidad-y-servicios","12":"desktop-align-center","13":"tablet-align-left","14":"mobile-align-left","16":"first","17":"instock","18":"taxable","19":"shipping-taxable","20":"purchasable","21":"product-type-variable","22":"has-default-attributes"},"_links":{"self":[{"href":"https:\/\/combi-pro.com\/fr\/wp-json\/wp\/v2\/product\/15736","targetHints":{"allow":["GET"]}}],"collection":[{"href":"https:\/\/combi-pro.com\/fr\/wp-json\/wp\/v2\/product"}],"about":[{"href":"https:\/\/combi-pro.com\/fr\/wp-json\/wp\/v2\/types\/product"}],"wp:featuredmedia":[{"embeddable":true,"href":"https:\/\/combi-pro.com\/fr\/wp-json\/wp\/v2\/media\/15750"}],"wp:attachment":[{"href":"https:\/\/combi-pro.com\/fr\/wp-json\/wp\/v2\/media?parent=15736"}],"wp:term":[{"taxonomy":"product_brand","embeddable":true,"href":"https:\/\/combi-pro.com\/fr\/wp-json\/wp\/v2\/product_brand?post=15736"},{"taxonomy":"product_cat","embeddable":true,"href":"https:\/\/combi-pro.com\/fr\/wp-json\/wp\/v2\/product_cat?post=15736"},{"taxonomy":"product_tag","embeddable":true,"href":"https:\/\/combi-pro.com\/fr\/wp-json\/wp\/v2\/product_tag?post=15736"}],"curies":[{"name":"wp","href":"https:\/\/api.w.org\/{rel}","templated":true}]}}