{"id":15759,"date":"2025-05-09T00:12:01","date_gmt":"2025-05-08T22:12:01","guid":{"rendered":"https:\/\/combi-pro.com\/?post_type=product&#038;p=15759"},"modified":"2026-05-13T18:06:17","modified_gmt":"2026-05-13T16:06:17","slug":"pantalon-de-pyjama-unisexe-purestretch-10-poches-et-tissu-technique-antibacterien-533021s-velilla","status":"publish","type":"product","link":"https:\/\/combi-pro.com\/fr\/boutique\/pantalon-de-pyjama-unisexe-purestretch-10-poches-et-tissu-technique-antibacterien-533021s-velilla\/","title":{"rendered":"Pantalon de pyjama unisexe stretch tissu technique antibact\u00e9rien 533021S | VELILLA"},"content":{"rendered":"<p data-start=\"1456\" data-end=\"1491\"><strong data-start=\"1462\" data-end=\"1491\">Caract\u00e9ristiques techniques :<\/strong><\/p>\n<ul>\n<li data-start=\"1495\" data-end=\"1520\">Tissu : PureStretch<\/li>\n<li data-start=\"1523\" data-end=\"1589\">Composition : 73% polyester recycl\u00e9, 21% rayonne, 6% \u00e9lasthanne<\/li>\n<li data-start=\"1592\" data-end=\"1615\">Grammage : 180 g\/m\u00b2.<\/li>\n<li data-start=\"1618\" data-end=\"1652\">Coupe : Joggers<\/li>\n<li data-start=\"1655\" data-end=\"1727\">Taille : \u00e9lastiqu\u00e9e avec \u00e9lastique au dos + bretelles contrast\u00e9es r\u00e9glables<\/li>\n<li data-start=\"1730\" data-end=\"1760\">Bas : Avec poignet \u00e9lastique<\/li>\n<li data-start=\"1763\" data-end=\"1819\">Traitements : Antibact\u00e9rien, r\u00e9pulsif liquide<\/li>\n<li data-start=\"1822\" data-end=\"1851\">Lavage : lavable \u00e0 60 \u00b0C<\/li>\n<li data-start=\"1854\" data-end=\"1882\">Toucher : P\u00eache douce<\/li>\n<li data-start=\"1885\" data-end=\"1906\">Poches (10) :<\/li>\n<li data-start=\"1911\" data-end=\"1962\">2 poches fran\u00e7aises (dont une avec pochette de montre)<\/li>\n<li data-start=\"1967\" data-end=\"1997\">2 poches passepoil\u00e9es au dos<\/li>\n<li data-start=\"2002\" data-end=\"2061\">2 poches lat\u00e9rales plaqu\u00e9es \u00e0 double compartiment<\/li>\n<li data-start=\"2066\" data-end=\"2096\">1 poche int\u00e9rieure pour la monnaie<\/li>\n<li data-start=\"2099\" data-end=\"2150\">Certification : GRS (Global Recycled Standard)<\/li>\n<\/ul>\n<p><strong>Gamme de produits :<\/strong> Cuisine, PureStretch (Collection essentielle)<\/p>\n<p data-start=\"2212\" data-end=\"2244\"><strong data-start=\"2217\" data-end=\"2242\">Recommandation d'utilisation :<\/strong><\/p>\n<ul>\n<li data-start=\"2245\" data-end=\"2432\">Parfait pour les travailleurs de la sant\u00e9, les cuisiniers, les esth\u00e9ticiennes et les professionnels du nettoyage ou de l'industrie alimentaire, qui appr\u00e9cient un pantalon technique et durable avec de multiples compartiments.<\/li>\n<\/ul>","protected":false},"excerpt":{"rendered":"<p class=\"\" data-start=\"294\" data-end=\"451\">Pantalon de jogging unisexe avec coupe sportive, 10 poches fonctionnelles et tissu technique antibact\u00e9rien. Lavable \u00e0 60\u00b0C, avec poignets \u00e9lastiques et toucher p\u00eache.<\/p>\n<p data-start=\"287\" data-end=\"443\"><img decoding=\"async\" class=\"alignnone wp-image-15583\" src=\"https:\/\/combi-pro.com\/wp-content\/uploads\/2025\/05\/360o-stretch-300x215.png\" alt=\"\" width=\"56\" height=\"40\" srcset=\"https:\/\/combi-pro.com\/wp-content\/uploads\/2025\/05\/360o-stretch-300x215.png 300w, https:\/\/combi-pro.com\/wp-content\/uploads\/2025\/05\/360o-stretch-450x323.png 450w, https:\/\/combi-pro.com\/wp-content\/uploads\/2025\/05\/360o-stretch-64x46.png 64w, https:\/\/combi-pro.com\/wp-content\/uploads\/2025\/05\/360o-stretch-18x12.png 18w, https:\/\/combi-pro.com\/wp-content\/uploads\/2025\/05\/360o-stretch.png 552w\" sizes=\"(max-width: 56px) 100vw, 56px\" \/> <img decoding=\"async\" class=\"alignnone wp-image-15584\" src=\"https:\/\/combi-pro.com\/wp-content\/uploads\/2025\/05\/Antibacterial-300x213.png\" alt=\"\" width=\"56\" height=\"40\" srcset=\"https:\/\/combi-pro.com\/wp-content\/uploads\/2025\/05\/Antibacterial-300x213.png 300w, https:\/\/combi-pro.com\/wp-content\/uploads\/2025\/05\/Antibacterial-450x320.png 450w, https:\/\/combi-pro.com\/wp-content\/uploads\/2025\/05\/Antibacterial-64x45.png 64w, https:\/\/combi-pro.com\/wp-content\/uploads\/2025\/05\/Antibacterial-18x12.png 18w, https:\/\/combi-pro.com\/wp-content\/uploads\/2025\/05\/Antibacterial.png 570w\" sizes=\"(max-width: 56px) 100vw, 56px\" \/> <img decoding=\"async\" class=\"alignnone wp-image-15586\" src=\"https:\/\/combi-pro.com\/wp-content\/uploads\/2025\/05\/Easy-care-300x260.png\" alt=\"\" width=\"46\" height=\"40\" srcset=\"https:\/\/combi-pro.com\/wp-content\/uploads\/2025\/05\/Easy-care-300x260.png 300w, https:\/\/combi-pro.com\/wp-content\/uploads\/2025\/05\/Easy-care-64x55.png 64w, https:\/\/combi-pro.com\/wp-content\/uploads\/2025\/05\/Easy-care-14x12.png 14w, https:\/\/combi-pro.com\/wp-content\/uploads\/2025\/05\/Easy-care.png 425w\" sizes=\"(max-width: 46px) 100vw, 46px\" \/> <img loading=\"lazy\" decoding=\"async\" class=\"alignnone wp-image-15588\" src=\"https:\/\/combi-pro.com\/wp-content\/uploads\/2025\/05\/Water-repellent_0-2.webp\" alt=\"\" width=\"55\" height=\"40\" srcset=\"https:\/\/combi-pro.com\/wp-content\/uploads\/2025\/05\/Water-repellent_0-2.webp 137w, https:\/\/combi-pro.com\/wp-content\/uploads\/2025\/05\/Water-repellent_0-2-64x47.webp 64w, https:\/\/combi-pro.com\/wp-content\/uploads\/2025\/05\/Water-repellent_0-2-16x12.webp 16w\" sizes=\"(max-width: 55px) 100vw, 55px\" \/> <img loading=\"lazy\" decoding=\"async\" class=\"alignnone wp-image-15585\" src=\"https:\/\/combi-pro.com\/wp-content\/uploads\/2025\/05\/Breathable.png\" alt=\"\" width=\"64\" height=\"40\" srcset=\"https:\/\/combi-pro.com\/wp-content\/uploads\/2025\/05\/Breathable.png 167w, https:\/\/combi-pro.com\/wp-content\/uploads\/2025\/05\/Breathable-64x40.png 64w, https:\/\/combi-pro.com\/wp-content\/uploads\/2025\/05\/Breathable-18x12.png 18w\" sizes=\"(max-width: 64px) 100vw, 64px\" \/> <img loading=\"lazy\" decoding=\"async\" class=\"alignnone wp-image-15587\" src=\"https:\/\/combi-pro.com\/wp-content\/uploads\/2025\/05\/Super-soft-300x232.png\" alt=\"\" width=\"52\" height=\"40\" srcset=\"https:\/\/combi-pro.com\/wp-content\/uploads\/2025\/05\/Super-soft-300x232.png 300w, https:\/\/combi-pro.com\/wp-content\/uploads\/2025\/05\/Super-soft-450x348.png 450w, https:\/\/combi-pro.com\/wp-content\/uploads\/2025\/05\/Super-soft-64x50.png 64w, https:\/\/combi-pro.com\/wp-content\/uploads\/2025\/05\/Super-soft-16x12.png 16w, https:\/\/combi-pro.com\/wp-content\/uploads\/2025\/05\/Super-soft.png 455w\" sizes=\"(max-width: 52px) 100vw, 52px\" \/><\/p>\n<p data-start=\"287\" data-end=\"443\"><strong>GUIDE DES TAILLES<\/strong><\/p>\n<p data-start=\"287\" data-end=\"443\"><img loading=\"lazy\" decoding=\"async\" class=\"alignnone wp-image-17969\" src=\"https:\/\/combi-pro.com\/wp-content\/uploads\/2025\/05\/106.5-112.5-2-300x128.png\" alt=\"\" width=\"304\" height=\"130\" srcset=\"https:\/\/combi-pro.com\/wp-content\/uploads\/2025\/05\/106.5-112.5-2-300x128.png 300w, https:\/\/combi-pro.com\/wp-content\/uploads\/2025\/05\/106.5-112.5-2-18x8.png 18w, https:\/\/combi-pro.com\/wp-content\/uploads\/2025\/05\/106.5-112.5-2-64x27.png 64w, https:\/\/combi-pro.com\/wp-content\/uploads\/2025\/05\/106.5-112.5-2.png 400w\" sizes=\"(max-width: 304px) 100vw, 304px\" \/> <img loading=\"lazy\" decoding=\"async\" class=\"alignnone wp-image-17729\" src=\"https:\/\/combi-pro.com\/wp-content\/uploads\/2024\/05\/screenshot-1749765502228.png\" alt=\"\" width=\"146\" height=\"110\" srcset=\"https:\/\/combi-pro.com\/wp-content\/uploads\/2024\/05\/screenshot-1749765502228.png 292w, https:\/\/combi-pro.com\/wp-content\/uploads\/2024\/05\/screenshot-1749765502228-64x48.png 64w, https:\/\/combi-pro.com\/wp-content\/uploads\/2024\/05\/screenshot-1749765502228-16x12.png 16w\" sizes=\"(max-width: 146px) 100vw, 146px\" \/><\/p>","protected":false},"featured_media":15775,"template":"","meta":{"site-sidebar-layout":"default","site-content-layout":"","ast-site-content-layout":"default","site-content-style":"default","site-sidebar-style":"default","ast-global-header-display":"","ast-banner-title-visibility":"","ast-main-header-display":"","ast-hfb-above-header-display":"","ast-hfb-below-header-display":"","ast-hfb-mobile-header-display":"","site-post-title":"","ast-breadcrumbs-content":"","ast-featured-img":"","footer-sml-layout":"","ast-disable-related-posts":"","theme-transparent-header-meta":"default","adv-header-id-meta":"","stick-header-meta":"","header-above-stick-meta":"","header-main-stick-meta":"","header-below-stick-meta":"","astra-migrate-meta-layouts":"set","ast-page-background-enabled":"default","ast-page-background-meta":{"desktop":{"background-color":"","background-image":"","background-repeat":"repeat","background-position":"center center","background-size":"auto","background-attachment":"scroll","background-type":"","background-media":"","overlay-type":"","overlay-color":"","overlay-opacity":"","overlay-gradient":""},"tablet":{"background-color":"","background-image":"","background-repeat":"repeat","background-position":"center center","background-size":"auto","background-attachment":"scroll","background-type":"","background-media":"","overlay-type":"","overlay-color":"","overlay-opacity":"","overlay-gradient":""},"mobile":{"background-color":"","background-image":"","background-repeat":"repeat","background-position":"center center","background-size":"auto","background-attachment":"scroll","background-type":"","background-media":"","overlay-type":"","overlay-color":"","overlay-opacity":"","overlay-gradient":""}},"ast-content-background-meta":{"desktop":{"background-color":"var(--ast-global-color-5)","background-image":"","background-repeat":"repeat","background-position":"center center","background-size":"auto","background-attachment":"scroll","background-type":"","background-media":"","overlay-type":"","overlay-color":"","overlay-opacity":"","overlay-gradient":""},"tablet":{"background-color":"var(--ast-global-color-5)","background-image":"","background-repeat":"repeat","background-position":"center center","background-size":"auto","background-attachment":"scroll","background-type":"","background-media":"","overlay-type":"","overlay-color":"","overlay-opacity":"","overlay-gradient":""},"mobile":{"background-color":"var(--ast-global-color-5)","background-image":"","background-repeat":"repeat","background-position":"center center","background-size":"auto","background-attachment":"scroll","background-type":"","background-media":"","overlay-type":"","overlay-color":"","overlay-opacity":"","overlay-gradient":""}}},"product_brand":[442],"product_cat":[72,112,134,50,71],"product_tag":[],"class_list":{"0":"post-15759","1":"product","2":"type-product","3":"status-publish","4":"has-post-thumbnail","6":"product_brand-velilla","7":"product_cat-hosteleria","8":"product_cat-pantalones-hosteleria","9":"product_cat-pantalones-sanidad-y-servicios","10":"product_cat-ropa-profesional","11":"product_cat-sanidad-y-servicios","12":"desktop-align-center","13":"tablet-align-left","14":"mobile-align-left","16":"first","17":"instock","18":"taxable","19":"shipping-taxable","20":"purchasable","21":"product-type-variable","22":"has-default-attributes"},"_links":{"self":[{"href":"https:\/\/combi-pro.com\/fr\/wp-json\/wp\/v2\/product\/15759","targetHints":{"allow":["GET"]}}],"collection":[{"href":"https:\/\/combi-pro.com\/fr\/wp-json\/wp\/v2\/product"}],"about":[{"href":"https:\/\/combi-pro.com\/fr\/wp-json\/wp\/v2\/types\/product"}],"wp:featuredmedia":[{"embeddable":true,"href":"https:\/\/combi-pro.com\/fr\/wp-json\/wp\/v2\/media\/15775"}],"wp:attachment":[{"href":"https:\/\/combi-pro.com\/fr\/wp-json\/wp\/v2\/media?parent=15759"}],"wp:term":[{"taxonomy":"product_brand","embeddable":true,"href":"https:\/\/combi-pro.com\/fr\/wp-json\/wp\/v2\/product_brand?post=15759"},{"taxonomy":"product_cat","embeddable":true,"href":"https:\/\/combi-pro.com\/fr\/wp-json\/wp\/v2\/product_cat?post=15759"},{"taxonomy":"product_tag","embeddable":true,"href":"https:\/\/combi-pro.com\/fr\/wp-json\/wp\/v2\/product_tag?post=15759"}],"curies":[{"name":"wp","href":"https:\/\/api.w.org\/{rel}","templated":true}]}}