{"id":15897,"date":"2025-05-14T12:52:48","date_gmt":"2025-05-14T10:52:48","guid":{"rendered":"https:\/\/combi-pro.com\/?post_type=product&#038;p=15897"},"modified":"2026-02-01T20:50:30","modified_gmt":"2026-02-01T19:50:30","slug":"t-shirt-manches-courtes-nino-melbourne-kids-mk175wv-mukua","status":"publish","type":"product","link":"https:\/\/combi-pro.com\/fr\/boutique\/t-shirt-manches-courtes-nino-melbourne-kids-mk175wv-mukua\/","title":{"rendered":"T-shirt MELBOURNE ENFANTS MK175WV | MUKUA"},"content":{"rendered":"<p class=\"\" data-start=\"311\" data-end=\"343\"><strong data-start=\"311\" data-end=\"343\">Caract\u00e9ristiques principales:<\/strong><\/p>\n<ul>\n<li data-start=\"347\" data-end=\"397\">Col rond point de c\u00f4tes 1\u00d71 \u00e9lasthanne.<\/li>\n<li data-start=\"400\" data-end=\"469\">Coutures renforc\u00e9es d'une \u00e9paule \u00e0 l'autre pour \u00e9viter les d\u00e9formations.<\/li>\n<li data-start=\"472\" data-end=\"515\">Coutures lat\u00e9rales pour un meilleur ajustement.<\/li>\n<li data-start=\"518\" data-end=\"557\">Doux et agr\u00e9able pour la peau.<\/li>\n<li data-start=\"560\" data-end=\"635\">\u00c9galement disponible en version unisexe (MELBOURNE) et f\u00e9minine (MELBOURNE WOMAN).<\/li>\n<\/ul>\n<p><strong data-start=\"637\" data-end=\"655\">Certification:<\/strong><\/p>\n<ul>\n<li>Con\u00e7u pour un usage quotidien et professionnel.<\/li>\n<\/ul>\n<p><strong data-start=\"705\" data-end=\"716\">Tissu:\u00a0<\/strong><\/p>\n<ul>\n<li>Single Jersey - 100 % Ringspun cotton \/ 155 g\/m\u00b2.<\/li>\n<li>Id\u00e9al pour les \u00e9coles, les activit\u00e9s de plein air, les camps ou comme v\u00eatement de base pour les enfants.<\/li>\n<\/ul>\n<p><strong data-start=\"835\" data-end=\"855\">Recommandations:<\/strong><\/p>\n<ul>\n<li>Id\u00e9al pour les \u00e9coles, les activit\u00e9s de plein air, les camps ou comme v\u00eatement de base pour les enfants.<\/li>\n<\/ul>","protected":false},"excerpt":{"rendered":"<p class=\"\" data-start=\"195\" data-end=\"309\">T-shirt enfant basique et r\u00e9sistant, id\u00e9al pour la vie quotidienne, les activit\u00e9s scolaires ou les uniformes personnalis\u00e9s.<\/p>\n<p class=\"\" data-start=\"311\" data-end=\"343\"><img decoding=\"async\" class=\"alignnone size-full wp-image-15281\" src=\"https:\/\/combi-pro.com\/wp-content\/uploads\/2025\/01\/OEKOTEX-31_0.png\" alt=\"\" width=\"91\" height=\"40\" srcset=\"https:\/\/combi-pro.com\/wp-content\/uploads\/2025\/01\/OEKOTEX-31_0.png 91w, https:\/\/combi-pro.com\/wp-content\/uploads\/2025\/01\/OEKOTEX-31_0-64x28.png 64w, https:\/\/combi-pro.com\/wp-content\/uploads\/2025\/01\/OEKOTEX-31_0-18x8.png 18w\" sizes=\"(max-width: 91px) 100vw, 91px\" \/><\/p>\n<p data-start=\"311\" data-end=\"343\"><strong>GUIDE DES TAILLES<\/strong><\/p>\n<p data-start=\"311\" data-end=\"343\"><img fetchpriority=\"high\" decoding=\"async\" class=\"alignnone wp-image-17717 size-full\" src=\"https:\/\/combi-pro.com\/wp-content\/uploads\/2025\/05\/Design-sans-titre-15.png\" alt=\"\" width=\"500\" height=\"220\" srcset=\"https:\/\/combi-pro.com\/wp-content\/uploads\/2025\/05\/Design-sans-titre-15.png 500w, https:\/\/combi-pro.com\/wp-content\/uploads\/2025\/05\/Design-sans-titre-15-450x198.png 450w, https:\/\/combi-pro.com\/wp-content\/uploads\/2025\/05\/Design-sans-titre-15-64x28.png 64w, https:\/\/combi-pro.com\/wp-content\/uploads\/2025\/05\/Design-sans-titre-15-300x132.png 300w, https:\/\/combi-pro.com\/wp-content\/uploads\/2025\/05\/Design-sans-titre-15-18x8.png 18w\" sizes=\"(max-width: 500px) 100vw, 500px\" \/><\/p>","protected":false},"featured_media":15898,"template":"","meta":{"site-sidebar-layout":"default","site-content-layout":"","ast-site-content-layout":"default","site-content-style":"default","site-sidebar-style":"default","ast-global-header-display":"","ast-banner-title-visibility":"","ast-main-header-display":"","ast-hfb-above-header-display":"","ast-hfb-below-header-display":"","ast-hfb-mobile-header-display":"","site-post-title":"","ast-breadcrumbs-content":"","ast-featured-img":"","footer-sml-layout":"","ast-disable-related-posts":"","theme-transparent-header-meta":"default","adv-header-id-meta":"","stick-header-meta":"","header-above-stick-meta":"","header-main-stick-meta":"","header-below-stick-meta":"","astra-migrate-meta-layouts":"set","ast-page-background-enabled":"default","ast-page-background-meta":{"desktop":{"background-color":"","background-image":"","background-repeat":"repeat","background-position":"center center","background-size":"auto","background-attachment":"scroll","background-type":"","background-media":"","overlay-type":"","overlay-color":"","overlay-opacity":"","overlay-gradient":""},"tablet":{"background-color":"","background-image":"","background-repeat":"repeat","background-position":"center center","background-size":"auto","background-attachment":"scroll","background-type":"","background-media":"","overlay-type":"","overlay-color":"","overlay-opacity":"","overlay-gradient":""},"mobile":{"background-color":"","background-image":"","background-repeat":"repeat","background-position":"center center","background-size":"auto","background-attachment":"scroll","background-type":"","background-media":"","overlay-type":"","overlay-color":"","overlay-opacity":"","overlay-gradient":""}},"ast-content-background-meta":{"desktop":{"background-color":"var(--ast-global-color-5)","background-image":"","background-repeat":"repeat","background-position":"center center","background-size":"auto","background-attachment":"scroll","background-type":"","background-media":"","overlay-type":"","overlay-color":"","overlay-opacity":"","overlay-gradient":""},"tablet":{"background-color":"var(--ast-global-color-5)","background-image":"","background-repeat":"repeat","background-position":"center center","background-size":"auto","background-attachment":"scroll","background-type":"","background-media":"","overlay-type":"","overlay-color":"","overlay-opacity":"","overlay-gradient":""},"mobile":{"background-color":"var(--ast-global-color-5)","background-image":"","background-repeat":"repeat","background-position":"center center","background-size":"auto","background-attachment":"scroll","background-type":"","background-media":"","overlay-type":"","overlay-color":"","overlay-opacity":"","overlay-gradient":""}}},"product_brand":[444],"product_cat":[348,340],"product_tag":[],"class_list":{"0":"post-15897","1":"product","2":"type-product","3":"status-publish","4":"has-post-thumbnail","6":"product_brand-mukua","7":"product_cat-camisetas-textil-promocional","8":"product_cat-textil-promocional","9":"desktop-align-center","10":"tablet-align-left","11":"mobile-align-left","13":"first","14":"instock","15":"taxable","16":"shipping-taxable","17":"purchasable","18":"product-type-variable"},"_links":{"self":[{"href":"https:\/\/combi-pro.com\/fr\/wp-json\/wp\/v2\/product\/15897","targetHints":{"allow":["GET"]}}],"collection":[{"href":"https:\/\/combi-pro.com\/fr\/wp-json\/wp\/v2\/product"}],"about":[{"href":"https:\/\/combi-pro.com\/fr\/wp-json\/wp\/v2\/types\/product"}],"wp:featuredmedia":[{"embeddable":true,"href":"https:\/\/combi-pro.com\/fr\/wp-json\/wp\/v2\/media\/15898"}],"wp:attachment":[{"href":"https:\/\/combi-pro.com\/fr\/wp-json\/wp\/v2\/media?parent=15897"}],"wp:term":[{"taxonomy":"product_brand","embeddable":true,"href":"https:\/\/combi-pro.com\/fr\/wp-json\/wp\/v2\/product_brand?post=15897"},{"taxonomy":"product_cat","embeddable":true,"href":"https:\/\/combi-pro.com\/fr\/wp-json\/wp\/v2\/product_cat?post=15897"},{"taxonomy":"product_tag","embeddable":true,"href":"https:\/\/combi-pro.com\/fr\/wp-json\/wp\/v2\/product_tag?post=15897"}],"curies":[{"name":"wp","href":"https:\/\/api.w.org\/{rel}","templated":true}]}}