{"id":15903,"date":"2025-05-14T13:33:50","date_gmt":"2025-05-14T11:33:50","guid":{"rendered":"https:\/\/combi-pro.com\/?post_type=product&#038;p=15903"},"modified":"2026-04-11T00:56:23","modified_gmt":"2026-04-10T22:56:23","slug":"t-shirt-unisexe-manches-courtes-tasmanie-ts150uc-mukua","status":"publish","type":"product","link":"https:\/\/combi-pro.com\/fr\/boutique\/t-shirt-unisexe-manches-courtes-tasmanie-ts150uc-mukua\/","title":{"rendered":"T-shirt \u00e0 manches courtes unisexe TASMANIE TS150UC | MUKUA"},"content":{"rendered":"<p class=\"\" data-start=\"370\" data-end=\"402\"><strong data-start=\"370\" data-end=\"402\">Caract\u00e9ristiques principales:<\/strong><\/p>\n<ul>\n<li data-start=\"406\" data-end=\"443\">Col rond en tricot c\u00f4tel\u00e9 1\u00d71.<\/li>\n<li data-start=\"446\" data-end=\"509\">Couverture de la couture du cou renforc\u00e9e pour \u00e9viter les d\u00e9formations.<\/li>\n<li data-start=\"512\" data-end=\"552\">Tissu tubulaire sans coutures lat\u00e9rales.<\/li>\n<li data-start=\"555\" data-end=\"575\">Coupe Regular Fit.<\/li>\n<li data-start=\"578\" data-end=\"616\">Conception confortable et facile \u00e0 personnaliser.<\/li>\n<\/ul>\n<p><strong data-start=\"618\" data-end=\"636\">Certification:<\/strong><\/p>\n<ul>\n<li data-start=\"618\" data-end=\"684\">Con\u00e7u pour un usage quotidien et professionnel.<\/li>\n<\/ul>\n<p><strong data-start=\"686\" data-end=\"697\">Tissu:<\/strong><\/p>\n<ul>\n<li>Single Jersey - 100 % coton Ringspun \/ 150 g\/m\u00b2.<\/li>\n<li>Couleur gris chin\u00e9 : 85 % coton \/ 15 % viscose.<\/li>\n<li>Tissu naturel, l\u00e9ger, respirant et agr\u00e9able au toucher.<\/li>\n<\/ul>\n<p class=\"\" data-start=\"864\" data-end=\"1008\"><strong data-start=\"864\" data-end=\"884\">Recommandations:<\/strong><\/p>\n<ul>\n<li data-start=\"864\" data-end=\"1008\">Parfait pour les \u00e9v\u00e9nements promotionnels, les activit\u00e9s d'entreprise, les v\u00eatements de tous les jours ou comme v\u00eatement de base pour les uniformes personnalis\u00e9s.<\/li>\n<\/ul>\n<p><img decoding=\"async\" class=\"alignnone wp-image-14960\" src=\"https:\/\/combi-pro.com\/wp-content\/uploads\/2025\/01\/impresion-mukua-300x300.jpg\" alt=\"\" width=\"60\" height=\"60\" srcset=\"https:\/\/combi-pro.com\/wp-content\/uploads\/2025\/01\/impresion-mukua-300x300.jpg 300w, https:\/\/combi-pro.com\/wp-content\/uploads\/2025\/01\/impresion-mukua-100x100.jpg 100w, https:\/\/combi-pro.com\/wp-content\/uploads\/2025\/01\/impresion-mukua-64x64.jpg 64w, https:\/\/combi-pro.com\/wp-content\/uploads\/2025\/01\/impresion-mukua-150x150.jpg 150w, https:\/\/combi-pro.com\/wp-content\/uploads\/2025\/01\/impresion-mukua-12x12.jpg 12w, https:\/\/combi-pro.com\/wp-content\/uploads\/2025\/01\/impresion-mukua.jpg 427w\" sizes=\"(max-width: 60px) 100vw, 60px\" \/> <img decoding=\"async\" class=\"alignnone wp-image-14962\" src=\"https:\/\/combi-pro.com\/wp-content\/uploads\/2025\/01\/bordado-mukua.jpg\" alt=\"\" width=\"60\" height=\"60\" srcset=\"https:\/\/combi-pro.com\/wp-content\/uploads\/2025\/01\/bordado-mukua.jpg 427w, https:\/\/combi-pro.com\/wp-content\/uploads\/2025\/01\/bordado-mukua-100x100.jpg 100w, https:\/\/combi-pro.com\/wp-content\/uploads\/2025\/01\/bordado-mukua-64x64.jpg 64w, https:\/\/combi-pro.com\/wp-content\/uploads\/2025\/01\/bordado-mukua-300x300.jpg 300w, https:\/\/combi-pro.com\/wp-content\/uploads\/2025\/01\/bordado-mukua-150x150.jpg 150w, https:\/\/combi-pro.com\/wp-content\/uploads\/2025\/01\/bordado-mukua-12x12.jpg 12w\" sizes=\"(max-width: 60px) 100vw, 60px\" \/><\/p>","protected":false},"excerpt":{"rendered":"<p>T-shirt l\u00e9ger et polyvalent au design classique, id\u00e9al pour les v\u00eatements de tous les jours, les promotions ou les uniformes personnalis\u00e9s dans les climats plus chauds.<\/p>\n<p><img decoding=\"async\" class=\"alignnone size-full wp-image-15281\" src=\"https:\/\/combi-pro.com\/wp-content\/uploads\/2025\/01\/OEKOTEX-31_0.png\" alt=\"\" width=\"91\" height=\"40\" srcset=\"https:\/\/combi-pro.com\/wp-content\/uploads\/2025\/01\/OEKOTEX-31_0.png 91w, https:\/\/combi-pro.com\/wp-content\/uploads\/2025\/01\/OEKOTEX-31_0-64x28.png 64w, https:\/\/combi-pro.com\/wp-content\/uploads\/2025\/01\/OEKOTEX-31_0-18x8.png 18w\" sizes=\"(max-width: 91px) 100vw, 91px\" \/><\/p>\n<p><strong>GUIDE DES TAILLES<\/strong><\/p>\n<p><img loading=\"lazy\" decoding=\"async\" class=\"alignnone wp-image-17981 size-full\" src=\"https:\/\/combi-pro.com\/wp-content\/uploads\/2025\/05\/Design-sans-titre-22.png\" alt=\"\" width=\"500\" height=\"131\" srcset=\"https:\/\/combi-pro.com\/wp-content\/uploads\/2025\/05\/Design-sans-titre-22.png 500w, https:\/\/combi-pro.com\/wp-content\/uploads\/2025\/05\/Design-sans-titre-22-300x79.png 300w, https:\/\/combi-pro.com\/wp-content\/uploads\/2025\/05\/Design-sans-titre-22-18x5.png 18w, https:\/\/combi-pro.com\/wp-content\/uploads\/2025\/05\/Design-sans-titre-22-450x118.png 450w, https:\/\/combi-pro.com\/wp-content\/uploads\/2025\/05\/Design-sans-titre-22-64x17.png 64w\" sizes=\"(max-width: 500px) 100vw, 500px\" \/><\/p>","protected":false},"featured_media":15915,"template":"","meta":{"site-sidebar-layout":"default","site-content-layout":"","ast-site-content-layout":"default","site-content-style":"default","site-sidebar-style":"default","ast-global-header-display":"","ast-banner-title-visibility":"","ast-main-header-display":"","ast-hfb-above-header-display":"","ast-hfb-below-header-display":"","ast-hfb-mobile-header-display":"","site-post-title":"","ast-breadcrumbs-content":"","ast-featured-img":"","footer-sml-layout":"","ast-disable-related-posts":"","theme-transparent-header-meta":"default","adv-header-id-meta":"","stick-header-meta":"","header-above-stick-meta":"","header-main-stick-meta":"","header-below-stick-meta":"","astra-migrate-meta-layouts":"set","ast-page-background-enabled":"default","ast-page-background-meta":{"desktop":{"background-color":"","background-image":"","background-repeat":"repeat","background-position":"center center","background-size":"auto","background-attachment":"scroll","background-type":"","background-media":"","overlay-type":"","overlay-color":"","overlay-opacity":"","overlay-gradient":""},"tablet":{"background-color":"","background-image":"","background-repeat":"repeat","background-position":"center center","background-size":"auto","background-attachment":"scroll","background-type":"","background-media":"","overlay-type":"","overlay-color":"","overlay-opacity":"","overlay-gradient":""},"mobile":{"background-color":"","background-image":"","background-repeat":"repeat","background-position":"center center","background-size":"auto","background-attachment":"scroll","background-type":"","background-media":"","overlay-type":"","overlay-color":"","overlay-opacity":"","overlay-gradient":""}},"ast-content-background-meta":{"desktop":{"background-color":"var(--ast-global-color-5)","background-image":"","background-repeat":"repeat","background-position":"center center","background-size":"auto","background-attachment":"scroll","background-type":"","background-media":"","overlay-type":"","overlay-color":"","overlay-opacity":"","overlay-gradient":""},"tablet":{"background-color":"var(--ast-global-color-5)","background-image":"","background-repeat":"repeat","background-position":"center center","background-size":"auto","background-attachment":"scroll","background-type":"","background-media":"","overlay-type":"","overlay-color":"","overlay-opacity":"","overlay-gradient":""},"mobile":{"background-color":"var(--ast-global-color-5)","background-image":"","background-repeat":"repeat","background-position":"center center","background-size":"auto","background-attachment":"scroll","background-type":"","background-media":"","overlay-type":"","overlay-color":"","overlay-opacity":"","overlay-gradient":""}}},"product_brand":[444],"product_cat":[348,340],"product_tag":[],"class_list":{"0":"post-15903","1":"product","2":"type-product","3":"status-publish","4":"has-post-thumbnail","6":"product_brand-mukua","7":"product_cat-camisetas-textil-promocional","8":"product_cat-textil-promocional","9":"desktop-align-center","10":"tablet-align-left","11":"mobile-align-left","13":"first","14":"instock","15":"taxable","16":"shipping-taxable","17":"purchasable","18":"product-type-variable","19":"has-default-attributes"},"_links":{"self":[{"href":"https:\/\/combi-pro.com\/fr\/wp-json\/wp\/v2\/product\/15903","targetHints":{"allow":["GET"]}}],"collection":[{"href":"https:\/\/combi-pro.com\/fr\/wp-json\/wp\/v2\/product"}],"about":[{"href":"https:\/\/combi-pro.com\/fr\/wp-json\/wp\/v2\/types\/product"}],"wp:featuredmedia":[{"embeddable":true,"href":"https:\/\/combi-pro.com\/fr\/wp-json\/wp\/v2\/media\/15915"}],"wp:attachment":[{"href":"https:\/\/combi-pro.com\/fr\/wp-json\/wp\/v2\/media?parent=15903"}],"wp:term":[{"taxonomy":"product_brand","embeddable":true,"href":"https:\/\/combi-pro.com\/fr\/wp-json\/wp\/v2\/product_brand?post=15903"},{"taxonomy":"product_cat","embeddable":true,"href":"https:\/\/combi-pro.com\/fr\/wp-json\/wp\/v2\/product_cat?post=15903"},{"taxonomy":"product_tag","embeddable":true,"href":"https:\/\/combi-pro.com\/fr\/wp-json\/wp\/v2\/product_tag?post=15903"}],"curies":[{"name":"wp","href":"https:\/\/api.w.org\/{rel}","templated":true}]}}