{"id":15958,"date":"2025-05-14T14:50:40","date_gmt":"2025-05-14T12:50:40","guid":{"rendered":"https:\/\/combi-pro.com\/?post_type=product&#038;p=15958"},"modified":"2026-05-13T18:07:55","modified_gmt":"2026-05-13T16:07:55","slug":"t-shirt-manches-courtes-femme-melbourne-woman-ts155wc-mukua","status":"publish","type":"product","link":"https:\/\/combi-pro.com\/fr\/boutique\/t-shirt-manches-courtes-femme-melbourne-woman-ts155wc-mukua\/","title":{"rendered":"T-shirt femme MELBOURNE TS155WC | MUKUA"},"content":{"rendered":"<p class=\"\" data-start=\"379\" data-end=\"411\"><strong data-start=\"379\" data-end=\"411\">Caract\u00e9ristiques principales:<\/strong><\/p>\n<ul>\n<li data-start=\"415\" data-end=\"465\">Col rond point de c\u00f4tes 1\u00d71 \u00e9lasthanne.<\/li>\n<li data-start=\"468\" data-end=\"537\">Coutures renforc\u00e9es d'une \u00e9paule \u00e0 l'autre pour \u00e9viter les d\u00e9formations.<\/li>\n<li data-start=\"540\" data-end=\"584\">Coutures lat\u00e9rales rehaussant la silhouette.<\/li>\n<li data-start=\"587\" data-end=\"613\">Doux et agr\u00e9able au toucher.<\/li>\n<li data-start=\"616\" data-end=\"689\">\u00c9galement disponible en version unisexe (MELBOURNE) et enfant (MELBOURNE KIDS).<\/li>\n<\/ul>\n<p><strong data-start=\"691\" data-end=\"709\">Certification:<\/strong><\/p>\n<ul>\n<li>Con\u00e7u pour un usage quotidien et professionnel.<\/li>\n<\/ul>\n<p class=\"\" data-start=\"759\" data-end=\"924\"><strong data-start=\"759\" data-end=\"770\">Tissu:<\/strong><\/p>\n<ul>\n<li data-start=\"759\" data-end=\"924\">Single Jersey - 100 % Ringspun cotton \/ 155 g\/m\u00b2.<\/li>\n<li data-start=\"759\" data-end=\"924\">Couleur gris chin\u00e9 : 85 % coton \/ 15 % viscose.<\/li>\n<li data-start=\"759\" data-end=\"924\">Tissu naturel, l\u00e9ger et facile \u00e0 personnaliser.<\/li>\n<\/ul>\n<p class=\"\" data-start=\"926\" data-end=\"1060\"><strong data-start=\"926\" data-end=\"946\">Recommandations:<\/strong><\/p>\n<ul>\n<li data-start=\"926\" data-end=\"1060\">Parfait pour les uniformes d'entreprise, les campagnes promotionnelles ou comme v\u00eatement de base polyvalent pour les climats plus chauds.<\/li>\n<\/ul>\n<p><img decoding=\"async\" class=\"alignnone wp-image-14960\" src=\"https:\/\/combi-pro.com\/wp-content\/uploads\/2025\/01\/impresion-mukua-300x300.jpg\" alt=\"\" width=\"60\" height=\"60\" srcset=\"https:\/\/combi-pro.com\/wp-content\/uploads\/2025\/01\/impresion-mukua-300x300.jpg 300w, https:\/\/combi-pro.com\/wp-content\/uploads\/2025\/01\/impresion-mukua-100x100.jpg 100w, https:\/\/combi-pro.com\/wp-content\/uploads\/2025\/01\/impresion-mukua-64x64.jpg 64w, https:\/\/combi-pro.com\/wp-content\/uploads\/2025\/01\/impresion-mukua-150x150.jpg 150w, https:\/\/combi-pro.com\/wp-content\/uploads\/2025\/01\/impresion-mukua-12x12.jpg 12w, https:\/\/combi-pro.com\/wp-content\/uploads\/2025\/01\/impresion-mukua.jpg 427w\" sizes=\"(max-width: 60px) 100vw, 60px\" \/> <img decoding=\"async\" class=\"alignnone wp-image-14962\" src=\"https:\/\/combi-pro.com\/wp-content\/uploads\/2025\/01\/bordado-mukua.jpg\" alt=\"\" width=\"60\" height=\"60\" srcset=\"https:\/\/combi-pro.com\/wp-content\/uploads\/2025\/01\/bordado-mukua.jpg 427w, https:\/\/combi-pro.com\/wp-content\/uploads\/2025\/01\/bordado-mukua-100x100.jpg 100w, https:\/\/combi-pro.com\/wp-content\/uploads\/2025\/01\/bordado-mukua-64x64.jpg 64w, https:\/\/combi-pro.com\/wp-content\/uploads\/2025\/01\/bordado-mukua-300x300.jpg 300w, https:\/\/combi-pro.com\/wp-content\/uploads\/2025\/01\/bordado-mukua-150x150.jpg 150w, https:\/\/combi-pro.com\/wp-content\/uploads\/2025\/01\/bordado-mukua-12x12.jpg 12w\" sizes=\"(max-width: 60px) 100vw, 60px\" \/><\/p>","protected":false},"excerpt":{"rendered":"<p class=\"\" data-start=\"245\" data-end=\"377\">T-shirt basique en coton avec une coupe f\u00e9minine, id\u00e9al pour une utilisation quotidienne, des activit\u00e9s promotionnelles ou comme uniforme confortable et durable.<\/p>\n<p class=\"\" data-start=\"379\" data-end=\"411\"><img decoding=\"async\" class=\"alignnone size-full wp-image-15281\" src=\"https:\/\/combi-pro.com\/wp-content\/uploads\/2025\/01\/OEKOTEX-31_0.png\" alt=\"\" width=\"91\" height=\"40\" srcset=\"https:\/\/combi-pro.com\/wp-content\/uploads\/2025\/01\/OEKOTEX-31_0.png 91w, https:\/\/combi-pro.com\/wp-content\/uploads\/2025\/01\/OEKOTEX-31_0-64x28.png 64w, https:\/\/combi-pro.com\/wp-content\/uploads\/2025\/01\/OEKOTEX-31_0-18x8.png 18w\" sizes=\"(max-width: 91px) 100vw, 91px\" \/><\/p>\n<p data-start=\"379\" data-end=\"411\"><strong>GUIDE DES TAILLES<\/strong><\/p>\n<p data-start=\"379\" data-end=\"411\"><img loading=\"lazy\" decoding=\"async\" class=\"alignnone wp-image-17712 size-full\" src=\"https:\/\/combi-pro.com\/wp-content\/uploads\/2025\/05\/Design-sans-titre-12.png\" alt=\"\" width=\"500\" height=\"220\" srcset=\"https:\/\/combi-pro.com\/wp-content\/uploads\/2025\/05\/Design-sans-titre-12.png 500w, https:\/\/combi-pro.com\/wp-content\/uploads\/2025\/05\/Design-sans-titre-12-450x198.png 450w, https:\/\/combi-pro.com\/wp-content\/uploads\/2025\/05\/Design-sans-titre-12-64x28.png 64w, https:\/\/combi-pro.com\/wp-content\/uploads\/2025\/05\/Design-sans-titre-12-300x132.png 300w, https:\/\/combi-pro.com\/wp-content\/uploads\/2025\/05\/Design-sans-titre-12-18x8.png 18w\" sizes=\"(max-width: 500px) 100vw, 500px\" \/><\/p>","protected":false},"featured_media":15989,"template":"","meta":{"site-sidebar-layout":"default","site-content-layout":"","ast-site-content-layout":"default","site-content-style":"default","site-sidebar-style":"default","ast-global-header-display":"","ast-banner-title-visibility":"","ast-main-header-display":"","ast-hfb-above-header-display":"","ast-hfb-below-header-display":"","ast-hfb-mobile-header-display":"","site-post-title":"","ast-breadcrumbs-content":"","ast-featured-img":"","footer-sml-layout":"","ast-disable-related-posts":"","theme-transparent-header-meta":"default","adv-header-id-meta":"","stick-header-meta":"","header-above-stick-meta":"","header-main-stick-meta":"","header-below-stick-meta":"","astra-migrate-meta-layouts":"set","ast-page-background-enabled":"default","ast-page-background-meta":{"desktop":{"background-color":"","background-image":"","background-repeat":"repeat","background-position":"center center","background-size":"auto","background-attachment":"scroll","background-type":"","background-media":"","overlay-type":"","overlay-color":"","overlay-opacity":"","overlay-gradient":""},"tablet":{"background-color":"","background-image":"","background-repeat":"repeat","background-position":"center center","background-size":"auto","background-attachment":"scroll","background-type":"","background-media":"","overlay-type":"","overlay-color":"","overlay-opacity":"","overlay-gradient":""},"mobile":{"background-color":"","background-image":"","background-repeat":"repeat","background-position":"center center","background-size":"auto","background-attachment":"scroll","background-type":"","background-media":"","overlay-type":"","overlay-color":"","overlay-opacity":"","overlay-gradient":""}},"ast-content-background-meta":{"desktop":{"background-color":"var(--ast-global-color-5)","background-image":"","background-repeat":"repeat","background-position":"center center","background-size":"auto","background-attachment":"scroll","background-type":"","background-media":"","overlay-type":"","overlay-color":"","overlay-opacity":"","overlay-gradient":""},"tablet":{"background-color":"var(--ast-global-color-5)","background-image":"","background-repeat":"repeat","background-position":"center center","background-size":"auto","background-attachment":"scroll","background-type":"","background-media":"","overlay-type":"","overlay-color":"","overlay-opacity":"","overlay-gradient":""},"mobile":{"background-color":"var(--ast-global-color-5)","background-image":"","background-repeat":"repeat","background-position":"center center","background-size":"auto","background-attachment":"scroll","background-type":"","background-media":"","overlay-type":"","overlay-color":"","overlay-opacity":"","overlay-gradient":""}}},"product_brand":[444],"product_cat":[348,340],"product_tag":[],"class_list":{"0":"post-15958","1":"product","2":"type-product","3":"status-publish","4":"has-post-thumbnail","6":"product_brand-mukua","7":"product_cat-camisetas-textil-promocional","8":"product_cat-textil-promocional","9":"desktop-align-center","10":"tablet-align-left","11":"mobile-align-left","13":"first","14":"instock","15":"taxable","16":"shipping-taxable","17":"purchasable","18":"product-type-variable"},"_links":{"self":[{"href":"https:\/\/combi-pro.com\/fr\/wp-json\/wp\/v2\/product\/15958","targetHints":{"allow":["GET"]}}],"collection":[{"href":"https:\/\/combi-pro.com\/fr\/wp-json\/wp\/v2\/product"}],"about":[{"href":"https:\/\/combi-pro.com\/fr\/wp-json\/wp\/v2\/types\/product"}],"wp:featuredmedia":[{"embeddable":true,"href":"https:\/\/combi-pro.com\/fr\/wp-json\/wp\/v2\/media\/15989"}],"wp:attachment":[{"href":"https:\/\/combi-pro.com\/fr\/wp-json\/wp\/v2\/media?parent=15958"}],"wp:term":[{"taxonomy":"product_brand","embeddable":true,"href":"https:\/\/combi-pro.com\/fr\/wp-json\/wp\/v2\/product_brand?post=15958"},{"taxonomy":"product_cat","embeddable":true,"href":"https:\/\/combi-pro.com\/fr\/wp-json\/wp\/v2\/product_cat?post=15958"},{"taxonomy":"product_tag","embeddable":true,"href":"https:\/\/combi-pro.com\/fr\/wp-json\/wp\/v2\/product_tag?post=15958"}],"curies":[{"name":"wp","href":"https:\/\/api.w.org\/{rel}","templated":true}]}}