{"id":16024,"date":"2025-05-14T15:12:52","date_gmt":"2025-05-14T13:12:52","guid":{"rendered":"https:\/\/combi-pro.com\/?post_type=product&#038;p=16024"},"modified":"2026-05-13T18:08:05","modified_gmt":"2026-05-13T16:08:05","slug":"t-shirt-manches-courtes-femme-palm-woman-ts190ww-mukua","status":"publish","type":"product","link":"https:\/\/combi-pro.com\/fr\/boutique\/t-shirt-manches-courtes-femme-palm-woman-ts190ww-mukua\/","title":{"rendered":"T-shirt femme PALM FEMME TS190WW | MUKUA"},"content":{"rendered":"<p class=\"\" data-start=\"353\" data-end=\"385\"><strong data-start=\"353\" data-end=\"385\">Caract\u00e9ristiques principales:<\/strong><\/p>\n<ul>\n<li data-start=\"389\" data-end=\"439\">Col rond point de c\u00f4tes 1\u00d71 \u00e9lasthanne.<\/li>\n<li data-start=\"442\" data-end=\"511\">Coutures renforc\u00e9es d'une \u00e9paule \u00e0 l'autre pour \u00e9viter les d\u00e9formations.<\/li>\n<li data-start=\"514\" data-end=\"557\">Coutures lat\u00e9rales pour un meilleur ajustement.<\/li>\n<li data-start=\"560\" data-end=\"588\">Doux et confortable au toucher.<\/li>\n<li data-start=\"591\" data-end=\"611\">Coupe Regular Fit.<\/li>\n<li data-start=\"614\" data-end=\"677\">\u00c9galement disponible en version unisexe (PALM) et en version pour enfants (PALM KIDS).<\/li>\n<\/ul>\n<p class=\"\" data-start=\"679\" data-end=\"745\"><strong data-start=\"679\" data-end=\"697\">Certification:<\/strong><\/p>\n<ul>\n<li data-start=\"679\" data-end=\"745\">Con\u00e7u pour un usage quotidien et professionnel.<\/li>\n<\/ul>\n<p class=\"\" data-start=\"747\" data-end=\"880\"><strong data-start=\"747\" data-end=\"758\">Tissu:<\/strong><\/p>\n<ul>\n<li data-start=\"747\" data-end=\"880\">Single Jersey - 100 % Ringspun cotton \/ 190 g\/m\u00b2.<\/li>\n<li data-start=\"747\" data-end=\"880\">Tissu \u00e0 haut grammage, r\u00e9sistant, respirant et personnalisable.<\/li>\n<\/ul>\n<p class=\"\" data-start=\"882\" data-end=\"1009\"><strong data-start=\"882\" data-end=\"902\">Recommandations:<\/strong><\/p>\n<ul>\n<li data-start=\"882\" data-end=\"1009\">Parfait pour les entreprises, l'h\u00f4tellerie, les \u00e9v\u00e9nements ou tout autre usage quotidien n\u00e9cessitant durabilit\u00e9 et pr\u00e9sence.<\/li>\n<\/ul>\n<p><img decoding=\"async\" class=\"alignnone wp-image-14960\" src=\"https:\/\/combi-pro.com\/wp-content\/uploads\/2025\/01\/impresion-mukua-300x300.jpg\" alt=\"\" width=\"60\" height=\"60\" srcset=\"https:\/\/combi-pro.com\/wp-content\/uploads\/2025\/01\/impresion-mukua-300x300.jpg 300w, https:\/\/combi-pro.com\/wp-content\/uploads\/2025\/01\/impresion-mukua-100x100.jpg 100w, https:\/\/combi-pro.com\/wp-content\/uploads\/2025\/01\/impresion-mukua-64x64.jpg 64w, https:\/\/combi-pro.com\/wp-content\/uploads\/2025\/01\/impresion-mukua-150x150.jpg 150w, https:\/\/combi-pro.com\/wp-content\/uploads\/2025\/01\/impresion-mukua-12x12.jpg 12w, https:\/\/combi-pro.com\/wp-content\/uploads\/2025\/01\/impresion-mukua.jpg 427w\" sizes=\"(max-width: 60px) 100vw, 60px\" \/> <img decoding=\"async\" class=\"alignnone wp-image-14962\" src=\"https:\/\/combi-pro.com\/wp-content\/uploads\/2025\/01\/bordado-mukua.jpg\" alt=\"\" width=\"60\" height=\"60\" srcset=\"https:\/\/combi-pro.com\/wp-content\/uploads\/2025\/01\/bordado-mukua.jpg 427w, https:\/\/combi-pro.com\/wp-content\/uploads\/2025\/01\/bordado-mukua-100x100.jpg 100w, https:\/\/combi-pro.com\/wp-content\/uploads\/2025\/01\/bordado-mukua-64x64.jpg 64w, https:\/\/combi-pro.com\/wp-content\/uploads\/2025\/01\/bordado-mukua-300x300.jpg 300w, https:\/\/combi-pro.com\/wp-content\/uploads\/2025\/01\/bordado-mukua-150x150.jpg 150w, https:\/\/combi-pro.com\/wp-content\/uploads\/2025\/01\/bordado-mukua-12x12.jpg 12w\" sizes=\"(max-width: 60px) 100vw, 60px\" \/><\/p>","protected":false},"excerpt":{"rendered":"<p>T-shirt en coton \u00e9pais \u00e0 la coupe f\u00e9minine, id\u00e9al pour un usage quotidien intensif, les uniformes ou les actions promotionnelles de qualit\u00e9.<\/p>\n<p><img decoding=\"async\" class=\"alignnone size-full wp-image-15281\" src=\"https:\/\/combi-pro.com\/wp-content\/uploads\/2025\/01\/OEKOTEX-31_0.png\" alt=\"\" width=\"91\" height=\"40\" srcset=\"https:\/\/combi-pro.com\/wp-content\/uploads\/2025\/01\/OEKOTEX-31_0.png 91w, https:\/\/combi-pro.com\/wp-content\/uploads\/2025\/01\/OEKOTEX-31_0-64x28.png 64w, https:\/\/combi-pro.com\/wp-content\/uploads\/2025\/01\/OEKOTEX-31_0-18x8.png 18w\" sizes=\"(max-width: 91px) 100vw, 91px\" \/><\/p>\n<p><strong>GUIDE DES TAILLES\u00a0<\/strong><\/p>\n<p><img loading=\"lazy\" decoding=\"async\" class=\"alignnone wp-image-17712 size-full\" src=\"https:\/\/combi-pro.com\/wp-content\/uploads\/2025\/05\/Design-sans-titre-12.png\" alt=\"\" width=\"500\" height=\"220\" srcset=\"https:\/\/combi-pro.com\/wp-content\/uploads\/2025\/05\/Design-sans-titre-12.png 500w, https:\/\/combi-pro.com\/wp-content\/uploads\/2025\/05\/Design-sans-titre-12-450x198.png 450w, https:\/\/combi-pro.com\/wp-content\/uploads\/2025\/05\/Design-sans-titre-12-64x28.png 64w, https:\/\/combi-pro.com\/wp-content\/uploads\/2025\/05\/Design-sans-titre-12-300x132.png 300w, https:\/\/combi-pro.com\/wp-content\/uploads\/2025\/05\/Design-sans-titre-12-18x8.png 18w\" sizes=\"(max-width: 500px) 100vw, 500px\" \/><\/p>","protected":false},"featured_media":16022,"template":"","meta":{"site-sidebar-layout":"default","site-content-layout":"","ast-site-content-layout":"default","site-content-style":"default","site-sidebar-style":"default","ast-global-header-display":"","ast-banner-title-visibility":"","ast-main-header-display":"","ast-hfb-above-header-display":"","ast-hfb-below-header-display":"","ast-hfb-mobile-header-display":"","site-post-title":"","ast-breadcrumbs-content":"","ast-featured-img":"","footer-sml-layout":"","ast-disable-related-posts":"","theme-transparent-header-meta":"default","adv-header-id-meta":"","stick-header-meta":"","header-above-stick-meta":"","header-main-stick-meta":"","header-below-stick-meta":"","astra-migrate-meta-layouts":"set","ast-page-background-enabled":"default","ast-page-background-meta":{"desktop":{"background-color":"","background-image":"","background-repeat":"repeat","background-position":"center center","background-size":"auto","background-attachment":"scroll","background-type":"","background-media":"","overlay-type":"","overlay-color":"","overlay-opacity":"","overlay-gradient":""},"tablet":{"background-color":"","background-image":"","background-repeat":"repeat","background-position":"center center","background-size":"auto","background-attachment":"scroll","background-type":"","background-media":"","overlay-type":"","overlay-color":"","overlay-opacity":"","overlay-gradient":""},"mobile":{"background-color":"","background-image":"","background-repeat":"repeat","background-position":"center center","background-size":"auto","background-attachment":"scroll","background-type":"","background-media":"","overlay-type":"","overlay-color":"","overlay-opacity":"","overlay-gradient":""}},"ast-content-background-meta":{"desktop":{"background-color":"var(--ast-global-color-5)","background-image":"","background-repeat":"repeat","background-position":"center center","background-size":"auto","background-attachment":"scroll","background-type":"","background-media":"","overlay-type":"","overlay-color":"","overlay-opacity":"","overlay-gradient":""},"tablet":{"background-color":"var(--ast-global-color-5)","background-image":"","background-repeat":"repeat","background-position":"center center","background-size":"auto","background-attachment":"scroll","background-type":"","background-media":"","overlay-type":"","overlay-color":"","overlay-opacity":"","overlay-gradient":""},"mobile":{"background-color":"var(--ast-global-color-5)","background-image":"","background-repeat":"repeat","background-position":"center center","background-size":"auto","background-attachment":"scroll","background-type":"","background-media":"","overlay-type":"","overlay-color":"","overlay-opacity":"","overlay-gradient":""}}},"product_brand":[444],"product_cat":[348,340],"product_tag":[],"class_list":{"0":"post-16024","1":"product","2":"type-product","3":"status-publish","4":"has-post-thumbnail","6":"product_brand-mukua","7":"product_cat-camisetas-textil-promocional","8":"product_cat-textil-promocional","9":"desktop-align-center","10":"tablet-align-left","11":"mobile-align-left","13":"first","14":"instock","15":"taxable","16":"shipping-taxable","17":"purchasable","18":"product-type-variable"},"_links":{"self":[{"href":"https:\/\/combi-pro.com\/fr\/wp-json\/wp\/v2\/product\/16024","targetHints":{"allow":["GET"]}}],"collection":[{"href":"https:\/\/combi-pro.com\/fr\/wp-json\/wp\/v2\/product"}],"about":[{"href":"https:\/\/combi-pro.com\/fr\/wp-json\/wp\/v2\/types\/product"}],"wp:featuredmedia":[{"embeddable":true,"href":"https:\/\/combi-pro.com\/fr\/wp-json\/wp\/v2\/media\/16022"}],"wp:attachment":[{"href":"https:\/\/combi-pro.com\/fr\/wp-json\/wp\/v2\/media?parent=16024"}],"wp:term":[{"taxonomy":"product_brand","embeddable":true,"href":"https:\/\/combi-pro.com\/fr\/wp-json\/wp\/v2\/product_brand?post=16024"},{"taxonomy":"product_cat","embeddable":true,"href":"https:\/\/combi-pro.com\/fr\/wp-json\/wp\/v2\/product_cat?post=16024"},{"taxonomy":"product_tag","embeddable":true,"href":"https:\/\/combi-pro.com\/fr\/wp-json\/wp\/v2\/product_tag?post=16024"}],"curies":[{"name":"wp","href":"https:\/\/api.w.org\/{rel}","templated":true}]}}