{"id":16094,"date":"2025-05-14T16:39:20","date_gmt":"2025-05-14T14:39:20","guid":{"rendered":"https:\/\/combi-pro.com\/?post_type=product&#038;p=16094"},"modified":"2026-05-13T18:09:11","modified_gmt":"2026-05-13T16:09:11","slug":"t-shirt-manches-courtes-femmes-tasmania-ts150uw-mukua","status":"publish","type":"product","link":"https:\/\/combi-pro.com\/fr\/boutique\/t-shirt-manches-courtes-femmes-tasmania-ts150uw-mukua\/","title":{"rendered":"T-shirt femme TASMANIA TS150UW | MUKUA"},"content":{"rendered":"<p class=\"\" data-start=\"350\" data-end=\"382\"><strong data-start=\"350\" data-end=\"382\">Caract\u00e9ristiques principales:<\/strong><\/p>\n<ul>\n<li data-start=\"386\" data-end=\"423\">Col rond en tricot c\u00f4tel\u00e9 1\u00d71.<\/li>\n<li data-start=\"426\" data-end=\"489\">Couverture de la couture du cou renforc\u00e9e pour \u00e9viter les d\u00e9formations.<\/li>\n<li data-start=\"492\" data-end=\"532\">Tissu tubulaire sans coutures lat\u00e9rales.<\/li>\n<li data-start=\"535\" data-end=\"555\">Coupe Regular Fit.<\/li>\n<li data-start=\"558\" data-end=\"596\">Conception confortable et facile \u00e0 personnaliser.<\/li>\n<\/ul>\n<p class=\"\" data-start=\"598\" data-end=\"664\"><strong data-start=\"598\" data-end=\"616\">Certification:<\/strong><\/p>\n<ul>\n<li data-start=\"598\" data-end=\"664\">Con\u00e7u pour un usage quotidien et professionnel.<\/li>\n<\/ul>\n<p class=\"\" data-start=\"666\" data-end=\"791\"><strong data-start=\"666\" data-end=\"677\">Tissu:<\/strong><\/p>\n<ul>\n<li data-start=\"666\" data-end=\"791\">Single Jersey - 100 % Ringspun cotton \/ 150 g\/m\u00b2.<\/li>\n<li data-start=\"666\" data-end=\"791\">Tissu naturel, l\u00e9ger, respirant et agr\u00e9able au toucher.<\/li>\n<\/ul>\n<p class=\"\" data-start=\"793\" data-end=\"918\"><strong data-start=\"793\" data-end=\"813\">Recommandations:<\/strong><\/p>\n<ul>\n<li data-start=\"793\" data-end=\"918\">Id\u00e9al pour les actions promotionnelles, les uniformes l\u00e9gers, les campagnes de personnalisation ou l'utilisation quotidienne de base.<\/li>\n<\/ul>\n<p><img decoding=\"async\" class=\"alignnone wp-image-14960\" src=\"https:\/\/combi-pro.com\/wp-content\/uploads\/2025\/01\/impresion-mukua-300x300.jpg\" alt=\"\" width=\"60\" height=\"60\" srcset=\"https:\/\/combi-pro.com\/wp-content\/uploads\/2025\/01\/impresion-mukua-300x300.jpg 300w, https:\/\/combi-pro.com\/wp-content\/uploads\/2025\/01\/impresion-mukua-100x100.jpg 100w, https:\/\/combi-pro.com\/wp-content\/uploads\/2025\/01\/impresion-mukua-64x64.jpg 64w, https:\/\/combi-pro.com\/wp-content\/uploads\/2025\/01\/impresion-mukua-150x150.jpg 150w, https:\/\/combi-pro.com\/wp-content\/uploads\/2025\/01\/impresion-mukua-12x12.jpg 12w, https:\/\/combi-pro.com\/wp-content\/uploads\/2025\/01\/impresion-mukua.jpg 427w\" sizes=\"(max-width: 60px) 100vw, 60px\" \/> <img decoding=\"async\" class=\"alignnone wp-image-14962\" src=\"https:\/\/combi-pro.com\/wp-content\/uploads\/2025\/01\/bordado-mukua.jpg\" alt=\"\" width=\"60\" height=\"60\" srcset=\"https:\/\/combi-pro.com\/wp-content\/uploads\/2025\/01\/bordado-mukua.jpg 427w, https:\/\/combi-pro.com\/wp-content\/uploads\/2025\/01\/bordado-mukua-100x100.jpg 100w, https:\/\/combi-pro.com\/wp-content\/uploads\/2025\/01\/bordado-mukua-64x64.jpg 64w, https:\/\/combi-pro.com\/wp-content\/uploads\/2025\/01\/bordado-mukua-300x300.jpg 300w, https:\/\/combi-pro.com\/wp-content\/uploads\/2025\/01\/bordado-mukua-150x150.jpg 150w, https:\/\/combi-pro.com\/wp-content\/uploads\/2025\/01\/bordado-mukua-12x12.jpg 12w\" sizes=\"(max-width: 60px) 100vw, 60px\" \/><\/p>","protected":false},"excerpt":{"rendered":"<p>T-shirt f\u00e9minin en coton l\u00e9ger, parfait comme basique pour les promotions, les uniformes ou les tenues de tous les jours dans les climats chauds.<\/p>\n<p><img decoding=\"async\" class=\"alignnone size-full wp-image-15281\" src=\"https:\/\/combi-pro.com\/wp-content\/uploads\/2025\/01\/OEKOTEX-31_0.png\" alt=\"\" width=\"91\" height=\"40\" srcset=\"https:\/\/combi-pro.com\/wp-content\/uploads\/2025\/01\/OEKOTEX-31_0.png 91w, https:\/\/combi-pro.com\/wp-content\/uploads\/2025\/01\/OEKOTEX-31_0-64x28.png 64w, https:\/\/combi-pro.com\/wp-content\/uploads\/2025\/01\/OEKOTEX-31_0-18x8.png 18w\" sizes=\"(max-width: 91px) 100vw, 91px\" \/><\/p>\n<p><strong>GUIDE DES TAILLES\u00a0<\/strong><\/p>\n<p><img loading=\"lazy\" decoding=\"async\" class=\"alignnone wp-image-17715 size-full\" src=\"https:\/\/combi-pro.com\/wp-content\/uploads\/2025\/05\/Design-sans-titre-13-1.png\" alt=\"\" width=\"500\" height=\"220\" srcset=\"https:\/\/combi-pro.com\/wp-content\/uploads\/2025\/05\/Design-sans-titre-13-1.png 500w, https:\/\/combi-pro.com\/wp-content\/uploads\/2025\/05\/Design-sans-titre-13-1-450x198.png 450w, https:\/\/combi-pro.com\/wp-content\/uploads\/2025\/05\/Design-sans-titre-13-1-64x28.png 64w, https:\/\/combi-pro.com\/wp-content\/uploads\/2025\/05\/Design-sans-titre-13-1-300x132.png 300w, https:\/\/combi-pro.com\/wp-content\/uploads\/2025\/05\/Design-sans-titre-13-1-18x8.png 18w\" sizes=\"(max-width: 500px) 100vw, 500px\" \/><\/p>","protected":false},"featured_media":16098,"template":"","meta":{"site-sidebar-layout":"default","site-content-layout":"","ast-site-content-layout":"default","site-content-style":"default","site-sidebar-style":"default","ast-global-header-display":"","ast-banner-title-visibility":"","ast-main-header-display":"","ast-hfb-above-header-display":"","ast-hfb-below-header-display":"","ast-hfb-mobile-header-display":"","site-post-title":"","ast-breadcrumbs-content":"","ast-featured-img":"","footer-sml-layout":"","ast-disable-related-posts":"","theme-transparent-header-meta":"default","adv-header-id-meta":"","stick-header-meta":"","header-above-stick-meta":"","header-main-stick-meta":"","header-below-stick-meta":"","astra-migrate-meta-layouts":"set","ast-page-background-enabled":"default","ast-page-background-meta":{"desktop":{"background-color":"","background-image":"","background-repeat":"repeat","background-position":"center center","background-size":"auto","background-attachment":"scroll","background-type":"","background-media":"","overlay-type":"","overlay-color":"","overlay-opacity":"","overlay-gradient":""},"tablet":{"background-color":"","background-image":"","background-repeat":"repeat","background-position":"center center","background-size":"auto","background-attachment":"scroll","background-type":"","background-media":"","overlay-type":"","overlay-color":"","overlay-opacity":"","overlay-gradient":""},"mobile":{"background-color":"","background-image":"","background-repeat":"repeat","background-position":"center center","background-size":"auto","background-attachment":"scroll","background-type":"","background-media":"","overlay-type":"","overlay-color":"","overlay-opacity":"","overlay-gradient":""}},"ast-content-background-meta":{"desktop":{"background-color":"var(--ast-global-color-5)","background-image":"","background-repeat":"repeat","background-position":"center center","background-size":"auto","background-attachment":"scroll","background-type":"","background-media":"","overlay-type":"","overlay-color":"","overlay-opacity":"","overlay-gradient":""},"tablet":{"background-color":"var(--ast-global-color-5)","background-image":"","background-repeat":"repeat","background-position":"center center","background-size":"auto","background-attachment":"scroll","background-type":"","background-media":"","overlay-type":"","overlay-color":"","overlay-opacity":"","overlay-gradient":""},"mobile":{"background-color":"var(--ast-global-color-5)","background-image":"","background-repeat":"repeat","background-position":"center center","background-size":"auto","background-attachment":"scroll","background-type":"","background-media":"","overlay-type":"","overlay-color":"","overlay-opacity":"","overlay-gradient":""}}},"product_brand":[444],"product_cat":[348,340],"product_tag":[],"class_list":{"0":"post-16094","1":"product","2":"type-product","3":"status-publish","4":"has-post-thumbnail","6":"product_brand-mukua","7":"product_cat-camisetas-textil-promocional","8":"product_cat-textil-promocional","9":"desktop-align-center","10":"tablet-align-left","11":"mobile-align-left","13":"first","14":"instock","15":"taxable","16":"shipping-taxable","17":"purchasable","18":"product-type-variable"},"_links":{"self":[{"href":"https:\/\/combi-pro.com\/fr\/wp-json\/wp\/v2\/product\/16094","targetHints":{"allow":["GET"]}}],"collection":[{"href":"https:\/\/combi-pro.com\/fr\/wp-json\/wp\/v2\/product"}],"about":[{"href":"https:\/\/combi-pro.com\/fr\/wp-json\/wp\/v2\/types\/product"}],"wp:featuredmedia":[{"embeddable":true,"href":"https:\/\/combi-pro.com\/fr\/wp-json\/wp\/v2\/media\/16098"}],"wp:attachment":[{"href":"https:\/\/combi-pro.com\/fr\/wp-json\/wp\/v2\/media?parent=16094"}],"wp:term":[{"taxonomy":"product_brand","embeddable":true,"href":"https:\/\/combi-pro.com\/fr\/wp-json\/wp\/v2\/product_brand?post=16094"},{"taxonomy":"product_cat","embeddable":true,"href":"https:\/\/combi-pro.com\/fr\/wp-json\/wp\/v2\/product_cat?post=16094"},{"taxonomy":"product_tag","embeddable":true,"href":"https:\/\/combi-pro.com\/fr\/wp-json\/wp\/v2\/product_tag?post=16094"}],"curies":[{"name":"wp","href":"https:\/\/api.w.org\/{rel}","templated":true}]}}