{"id":16117,"date":"2025-05-15T01:35:19","date_gmt":"2025-05-14T23:35:19","guid":{"rendered":"https:\/\/combi-pro.com\/?post_type=product&#038;p=16117"},"modified":"2026-04-13T20:47:20","modified_gmt":"2026-04-13T18:47:20","slug":"pantalon-de-travail-multipoches-pret-avec-slim-fit-103026-velilla","status":"publish","type":"product","link":"https:\/\/combi-pro.com\/fr\/boutique\/pantalon-de-travail-multipoches-pret-avec-slim-fit-103026-velilla\/","title":{"rendered":"Pantalon de travail multi-poches READY avec coupe slim 103026 | VELILLA"},"content":{"rendered":"<p data-start=\"672\" data-end=\"704\"><strong data-start=\"675\" data-end=\"704\">Caract\u00e9ristiques techniques :<\/strong><\/p>\n<ul>\n<li data-start=\"708\" data-end=\"724\">Coupe cintr\u00e9e<\/li>\n<li data-start=\"727\" data-end=\"766\">Fermeture centrale \u00e0 glissi\u00e8re et bouton<\/li>\n<li data-start=\"769\" data-end=\"790\">Taille \u00e9lastiqu\u00e9e<\/li>\n<li data-start=\"793\" data-end=\"821\">Double couture de s\u00e9curit\u00e9<\/li>\n<li data-start=\"824\" data-end=\"847\">Clips de renforcement<\/li>\n<li data-start=\"850\" data-end=\"867\">Six poches :<\/li>\n<li data-start=\"872\" data-end=\"895\">2 poches fran\u00e7aises<\/li>\n<li data-start=\"900\" data-end=\"959\">2 poches lat\u00e9rales avec soufflet central, rabat et velcro<\/li>\n<li data-start=\"964\" data-end=\"1016\">2 poches arri\u00e8re plaqu\u00e9es avec rabat et velcro<\/li>\n<\/ul>\n<p data-start=\"1018\" data-end=\"1032\"><strong data-start=\"1021\" data-end=\"1032\">Tissu:<\/strong><\/p>\n<ul>\n<li data-start=\"1036\" data-end=\"1072\">Twill : 65% polyester - 35% coton<\/li>\n<li data-start=\"1075\" data-end=\"1092\">Poids : 190 g\/m\u00b2.<\/li>\n<\/ul>\n<p data-start=\"1094\" data-end=\"1112\"><strong data-start=\"1097\" data-end=\"1106\">Gamme :<\/strong> PR\u00caT<\/p>\n<p data-start=\"1114\" data-end=\"1328\"><strong data-start=\"1116\" data-end=\"1141\">Recommandation d'utilisation :<\/strong><\/p>\n<ul>\n<li data-start=\"1114\" data-end=\"1328\">Id\u00e9al pour les professionnels qui ont besoin de libert\u00e9 de mouvement et de durabilit\u00e9. Sa coupe moderne et ses multiples poches en font un v\u00eatement fonctionnel pour le travail quotidien.<\/li>\n<\/ul>","protected":false},"excerpt":{"rendered":"<p data-start=\"288\" data-end=\"474\">Pantalon slim multi-poches READY avec ceinture \u00e9lastiqu\u00e9e et passants de ceinture renforc\u00e9s. Id\u00e9al pour un usage intensif et professionnel.<\/p>\n<p data-start=\"476\" data-end=\"670\"><strong>GUIDE DES TAILLES<\/strong><\/p>\n<p data-start=\"476\" data-end=\"670\"><strong><img decoding=\"async\" class=\"alignnone wp-image-17877\" src=\"https:\/\/combi-pro.com\/wp-content\/uploads\/2025\/05\/106.1-113.9-screenshot-1750331688231-300x258.png\" alt=\"\" width=\"232\" height=\"200\" srcset=\"https:\/\/combi-pro.com\/wp-content\/uploads\/2025\/05\/106.1-113.9-screenshot-1750331688231-300x258.png 300w, https:\/\/combi-pro.com\/wp-content\/uploads\/2025\/05\/106.1-113.9-screenshot-1750331688231-14x12.png 14w, https:\/\/combi-pro.com\/wp-content\/uploads\/2025\/05\/106.1-113.9-screenshot-1750331688231-64x55.png 64w, https:\/\/combi-pro.com\/wp-content\/uploads\/2025\/05\/106.1-113.9-screenshot-1750331688231.png 401w\" sizes=\"(max-width: 232px) 100vw, 232px\" \/> <img decoding=\"async\" class=\"alignnone wp-image-17729\" src=\"https:\/\/combi-pro.com\/wp-content\/uploads\/2024\/05\/screenshot-1749765502228.png\" alt=\"\" width=\"212\" height=\"160\" srcset=\"https:\/\/combi-pro.com\/wp-content\/uploads\/2024\/05\/screenshot-1749765502228.png 292w, https:\/\/combi-pro.com\/wp-content\/uploads\/2024\/05\/screenshot-1749765502228-64x48.png 64w, https:\/\/combi-pro.com\/wp-content\/uploads\/2024\/05\/screenshot-1749765502228-16x12.png 16w\" sizes=\"(max-width: 212px) 100vw, 212px\" \/>\u00a0 \u00a0<\/strong><\/p>","protected":false},"featured_media":16131,"template":"","meta":{"site-sidebar-layout":"default","site-content-layout":"","ast-site-content-layout":"default","site-content-style":"default","site-sidebar-style":"default","ast-global-header-display":"","ast-banner-title-visibility":"","ast-main-header-display":"","ast-hfb-above-header-display":"","ast-hfb-below-header-display":"","ast-hfb-mobile-header-display":"","site-post-title":"","ast-breadcrumbs-content":"","ast-featured-img":"","footer-sml-layout":"","ast-disable-related-posts":"","theme-transparent-header-meta":"default","adv-header-id-meta":"","stick-header-meta":"","header-above-stick-meta":"","header-main-stick-meta":"","header-below-stick-meta":"","astra-migrate-meta-layouts":"set","ast-page-background-enabled":"default","ast-page-background-meta":{"desktop":{"background-color":"","background-image":"","background-repeat":"repeat","background-position":"center center","background-size":"auto","background-attachment":"scroll","background-type":"","background-media":"","overlay-type":"","overlay-color":"","overlay-opacity":"","overlay-gradient":""},"tablet":{"background-color":"","background-image":"","background-repeat":"repeat","background-position":"center center","background-size":"auto","background-attachment":"scroll","background-type":"","background-media":"","overlay-type":"","overlay-color":"","overlay-opacity":"","overlay-gradient":""},"mobile":{"background-color":"","background-image":"","background-repeat":"repeat","background-position":"center center","background-size":"auto","background-attachment":"scroll","background-type":"","background-media":"","overlay-type":"","overlay-color":"","overlay-opacity":"","overlay-gradient":""}},"ast-content-background-meta":{"desktop":{"background-color":"var(--ast-global-color-5)","background-image":"","background-repeat":"repeat","background-position":"center center","background-size":"auto","background-attachment":"scroll","background-type":"","background-media":"","overlay-type":"","overlay-color":"","overlay-opacity":"","overlay-gradient":""},"tablet":{"background-color":"var(--ast-global-color-5)","background-image":"","background-repeat":"repeat","background-position":"center center","background-size":"auto","background-attachment":"scroll","background-type":"","background-media":"","overlay-type":"","overlay-color":"","overlay-opacity":"","overlay-gradient":""},"mobile":{"background-color":"var(--ast-global-color-5)","background-image":"","background-repeat":"repeat","background-position":"center center","background-size":"auto","background-attachment":"scroll","background-type":"","background-media":"","overlay-type":"","overlay-color":"","overlay-opacity":"","overlay-gradient":""}}},"product_brand":[442],"product_cat":[30,86,50],"product_tag":[],"class_list":{"0":"post-16117","1":"product","2":"type-product","3":"status-publish","4":"has-post-thumbnail","6":"product_brand-velilla","7":"product_cat-industria-base","8":"product_cat-pantalones","9":"product_cat-ropa-profesional","10":"desktop-align-center","11":"tablet-align-left","12":"mobile-align-left","14":"first","15":"instock","16":"taxable","17":"shipping-taxable","18":"purchasable","19":"product-type-variable","20":"has-default-attributes"},"_links":{"self":[{"href":"https:\/\/combi-pro.com\/fr\/wp-json\/wp\/v2\/product\/16117","targetHints":{"allow":["GET"]}}],"collection":[{"href":"https:\/\/combi-pro.com\/fr\/wp-json\/wp\/v2\/product"}],"about":[{"href":"https:\/\/combi-pro.com\/fr\/wp-json\/wp\/v2\/types\/product"}],"wp:featuredmedia":[{"embeddable":true,"href":"https:\/\/combi-pro.com\/fr\/wp-json\/wp\/v2\/media\/16131"}],"wp:attachment":[{"href":"https:\/\/combi-pro.com\/fr\/wp-json\/wp\/v2\/media?parent=16117"}],"wp:term":[{"taxonomy":"product_brand","embeddable":true,"href":"https:\/\/combi-pro.com\/fr\/wp-json\/wp\/v2\/product_brand?post=16117"},{"taxonomy":"product_cat","embeddable":true,"href":"https:\/\/combi-pro.com\/fr\/wp-json\/wp\/v2\/product_cat?post=16117"},{"taxonomy":"product_tag","embeddable":true,"href":"https:\/\/combi-pro.com\/fr\/wp-json\/wp\/v2\/product_tag?post=16117"}],"curies":[{"name":"wp","href":"https:\/\/api.w.org\/{rel}","templated":true}]}}