{"id":16144,"date":"2025-05-15T02:01:34","date_gmt":"2025-05-15T00:01:34","guid":{"rendered":"https:\/\/combi-pro.com\/?post_type=product&#038;p=16144"},"modified":"2026-04-13T20:47:27","modified_gmt":"2026-04-13T18:47:27","slug":"pantalon-de-travail-4-xtreme-arrow-multipockets-103030x-velilla","status":"publish","type":"product","link":"https:\/\/combi-pro.com\/fr\/boutique\/pantalon-de-travail-4-xtreme-arrow-multipockets-103030x-velilla\/","title":{"rendered":"Pantalon de travail 4-Xtreme ARROW multi-poches 103030X | VELILLA"},"content":{"rendered":"<p data-start=\"678\" data-end=\"710\"><strong data-start=\"681\" data-end=\"710\">Caract\u00e9ristiques techniques :<\/strong><\/p>\n<ul>\n<li data-start=\"714\" data-end=\"730\">Coupe cintr\u00e9e<\/li>\n<li data-start=\"733\" data-end=\"772\">Pantalon stretch haute performance<\/li>\n<li data-start=\"775\" data-end=\"828\">Fermeture centrale \u00e0 glissi\u00e8re avec bouton personnalis\u00e9<\/li>\n<li data-start=\"831\" data-end=\"860\">Taille \u00e9lastiqu\u00e9e au dos<\/li>\n<li data-start=\"863\" data-end=\"892\">Triple couture de s\u00e9curit\u00e9<\/li>\n<li data-start=\"895\" data-end=\"928\">Coutures renforc\u00e9es aux genoux<\/li>\n<li data-start=\"931\" data-end=\"974\">Larges passants de ceinture et panneau arri\u00e8re ergonomique<\/li>\n<li data-start=\"977\" data-end=\"994\">Basses extensibles<\/li>\n<li data-start=\"997\" data-end=\"1051\">Poche de s\u00e9curit\u00e9 suppl\u00e9mentaire avec fermeture \u00e0 glissi\u00e8re invers\u00e9e<\/li>\n<li data-start=\"1054\" data-end=\"1071\">Six poches :<\/li>\n<li data-start=\"1076\" data-end=\"1099\">2 poches fran\u00e7aises<\/li>\n<li data-start=\"1104\" data-end=\"1155\">1 poche lat\u00e9rale avec rabat, velcro et tirettes<\/li>\n<li data-start=\"1160\" data-end=\"1209\">1 poche lat\u00e9rale multifonctionnelle pour un acc\u00e8s facile<\/li>\n<li data-start=\"1214\" data-end=\"1246\">2 poches arri\u00e8re plaqu\u00e9es<\/li>\n<\/ul>\n<p data-start=\"1248\" data-end=\"1311\"><strong data-start=\"1251\" data-end=\"1271\">Certifications : <\/strong>EN 13758-2 UPF 50+ (protection solaire)<\/p>\n<p data-start=\"1313\" data-end=\"1329\"><strong data-start=\"1316\" data-end=\"1327\">Tissu:<\/strong><\/p>\n<ul>\n<li data-start=\"1332\" data-end=\"1368\">Serg\u00e9 : 100% \u00e9lastomultiester (EME)<\/li>\n<li data-start=\"1371\" data-end=\"1388\">Grammage : 280 g\/m\u00b2.<\/li>\n<\/ul>\n<p data-start=\"1390\" data-end=\"1411\"><strong data-start=\"1393\" data-end=\"1402\">Gamme :<\/strong> 4-Xtreme<\/p>\n<p data-start=\"1413\" data-end=\"1601\"><strong data-start=\"1415\" data-end=\"1440\">Recommandation d'utilisation :<\/strong><\/p>\n<ul>\n<li data-start=\"1413\" data-end=\"1601\">Con\u00e7u pour les professionnels qui ont besoin d'un maximum de mobilit\u00e9, de durabilit\u00e9 et de protection solaire. Id\u00e9al pour les travaux intensifs en ext\u00e9rieur ou les environnements techniques.<\/li>\n<\/ul>","protected":false},"excerpt":{"rendered":"<p data-start=\"289\" data-end=\"486\">Pantalon multi-poches ARROW 4-Xtreme, \u00e9lastique, r\u00e9sistant, avec protection solaire UPF 50+, poches fonctionnelles et ourlet extensible. Mobilit\u00e9 maximale.<\/p>\n<p data-start=\"488\" data-end=\"676\"><img decoding=\"async\" class=\"alignnone wp-image-16146\" src=\"https:\/\/combi-pro.com\/wp-content\/uploads\/2025\/05\/Ultimate-comfort.png\" alt=\"\" width=\"31\" height=\"40\" srcset=\"https:\/\/combi-pro.com\/wp-content\/uploads\/2025\/05\/Ultimate-comfort.png 128w, https:\/\/combi-pro.com\/wp-content\/uploads\/2025\/05\/Ultimate-comfort-64x82.png 64w, https:\/\/combi-pro.com\/wp-content\/uploads\/2025\/05\/Ultimate-comfort-9x12.png 9w\" sizes=\"(max-width: 31px) 100vw, 31px\" \/> <img decoding=\"async\" class=\"alignnone wp-image-16147\" src=\"https:\/\/combi-pro.com\/wp-content\/uploads\/2025\/05\/4-way.png\" alt=\"\" width=\"34\" height=\"40\" srcset=\"https:\/\/combi-pro.com\/wp-content\/uploads\/2025\/05\/4-way.png 126w, https:\/\/combi-pro.com\/wp-content\/uploads\/2025\/05\/4-way-64x75.png 64w, https:\/\/combi-pro.com\/wp-content\/uploads\/2025\/05\/4-way-10x12.png 10w\" sizes=\"(max-width: 34px) 100vw, 34px\" \/> <img decoding=\"async\" class=\"alignnone wp-image-16148\" src=\"https:\/\/combi-pro.com\/wp-content\/uploads\/2025\/05\/Wrinkle.png\" alt=\"\" width=\"32\" height=\"40\" srcset=\"https:\/\/combi-pro.com\/wp-content\/uploads\/2025\/05\/Wrinkle.png 117w, https:\/\/combi-pro.com\/wp-content\/uploads\/2025\/05\/Wrinkle-64x80.png 64w, https:\/\/combi-pro.com\/wp-content\/uploads\/2025\/05\/Wrinkle-10x12.png 10w\" sizes=\"(max-width: 32px) 100vw, 32px\" \/> <img loading=\"lazy\" decoding=\"async\" class=\"alignnone wp-image-16145\" src=\"https:\/\/combi-pro.com\/wp-content\/uploads\/2025\/05\/Ultra-durable.png\" alt=\"\" width=\"33\" height=\"40\" srcset=\"https:\/\/combi-pro.com\/wp-content\/uploads\/2025\/05\/Ultra-durable.png 118w, https:\/\/combi-pro.com\/wp-content\/uploads\/2025\/05\/Ultra-durable-64x76.png 64w, https:\/\/combi-pro.com\/wp-content\/uploads\/2025\/05\/Ultra-durable-10x12.png 10w\" sizes=\"(max-width: 33px) 100vw, 33px\" \/> <img loading=\"lazy\" decoding=\"async\" class=\"alignnone wp-image-15585\" src=\"https:\/\/combi-pro.com\/wp-content\/uploads\/2025\/05\/Breathable.png\" alt=\"\" width=\"64\" height=\"40\" srcset=\"https:\/\/combi-pro.com\/wp-content\/uploads\/2025\/05\/Breathable.png 167w, https:\/\/combi-pro.com\/wp-content\/uploads\/2025\/05\/Breathable-64x40.png 64w, https:\/\/combi-pro.com\/wp-content\/uploads\/2025\/05\/Breathable-18x12.png 18w\" sizes=\"(max-width: 64px) 100vw, 64px\" \/> <img loading=\"lazy\" decoding=\"async\" class=\"alignnone wp-image-16149\" src=\"https:\/\/combi-pro.com\/wp-content\/uploads\/2025\/05\/Memory-shape.png\" alt=\"\" width=\"34\" height=\"40\" srcset=\"https:\/\/combi-pro.com\/wp-content\/uploads\/2025\/05\/Memory-shape.png 128w, https:\/\/combi-pro.com\/wp-content\/uploads\/2025\/05\/Memory-shape-64x75.png 64w, https:\/\/combi-pro.com\/wp-content\/uploads\/2025\/05\/Memory-shape-10x12.png 10w\" sizes=\"(max-width: 34px) 100vw, 34px\" \/><\/p>\n<p data-start=\"488\" data-end=\"676\"><strong>GUIDE DES TAILLES<\/strong><\/p>\n<p data-start=\"488\" data-end=\"676\"><strong><img loading=\"lazy\" decoding=\"async\" class=\"alignnone wp-image-17879\" src=\"https:\/\/combi-pro.com\/wp-content\/uploads\/2025\/05\/106.1-113.3-screenshot-1750332061799-300x114.png\" alt=\"\" width=\"316\" height=\"120\" srcset=\"https:\/\/combi-pro.com\/wp-content\/uploads\/2025\/05\/106.1-113.3-screenshot-1750332061799-300x114.png 300w, https:\/\/combi-pro.com\/wp-content\/uploads\/2025\/05\/106.1-113.3-screenshot-1750332061799-18x7.png 18w, https:\/\/combi-pro.com\/wp-content\/uploads\/2025\/05\/106.1-113.3-screenshot-1750332061799-64x24.png 64w, https:\/\/combi-pro.com\/wp-content\/uploads\/2025\/05\/106.1-113.3-screenshot-1750332061799.png 400w\" sizes=\"(max-width: 316px) 100vw, 316px\" \/> <img loading=\"lazy\" decoding=\"async\" class=\"alignnone wp-image-17729\" src=\"https:\/\/combi-pro.com\/wp-content\/uploads\/2024\/05\/screenshot-1749765502228.png\" alt=\"\" width=\"133\" height=\"100\" srcset=\"https:\/\/combi-pro.com\/wp-content\/uploads\/2024\/05\/screenshot-1749765502228.png 292w, https:\/\/combi-pro.com\/wp-content\/uploads\/2024\/05\/screenshot-1749765502228-64x48.png 64w, https:\/\/combi-pro.com\/wp-content\/uploads\/2024\/05\/screenshot-1749765502228-16x12.png 16w\" sizes=\"(max-width: 133px) 100vw, 133px\" \/>\u00a0 \u00a0<\/strong><\/p>","protected":false},"featured_media":16157,"template":"","meta":{"site-sidebar-layout":"default","site-content-layout":"","ast-site-content-layout":"default","site-content-style":"default","site-sidebar-style":"default","ast-global-header-display":"","ast-banner-title-visibility":"","ast-main-header-display":"","ast-hfb-above-header-display":"","ast-hfb-below-header-display":"","ast-hfb-mobile-header-display":"","site-post-title":"","ast-breadcrumbs-content":"","ast-featured-img":"","footer-sml-layout":"","ast-disable-related-posts":"","theme-transparent-header-meta":"default","adv-header-id-meta":"","stick-header-meta":"","header-above-stick-meta":"","header-main-stick-meta":"","header-below-stick-meta":"","astra-migrate-meta-layouts":"set","ast-page-background-enabled":"default","ast-page-background-meta":{"desktop":{"background-color":"","background-image":"","background-repeat":"repeat","background-position":"center center","background-size":"auto","background-attachment":"scroll","background-type":"","background-media":"","overlay-type":"","overlay-color":"","overlay-opacity":"","overlay-gradient":""},"tablet":{"background-color":"","background-image":"","background-repeat":"repeat","background-position":"center center","background-size":"auto","background-attachment":"scroll","background-type":"","background-media":"","overlay-type":"","overlay-color":"","overlay-opacity":"","overlay-gradient":""},"mobile":{"background-color":"","background-image":"","background-repeat":"repeat","background-position":"center center","background-size":"auto","background-attachment":"scroll","background-type":"","background-media":"","overlay-type":"","overlay-color":"","overlay-opacity":"","overlay-gradient":""}},"ast-content-background-meta":{"desktop":{"background-color":"var(--ast-global-color-5)","background-image":"","background-repeat":"repeat","background-position":"center center","background-size":"auto","background-attachment":"scroll","background-type":"","background-media":"","overlay-type":"","overlay-color":"","overlay-opacity":"","overlay-gradient":""},"tablet":{"background-color":"var(--ast-global-color-5)","background-image":"","background-repeat":"repeat","background-position":"center center","background-size":"auto","background-attachment":"scroll","background-type":"","background-media":"","overlay-type":"","overlay-color":"","overlay-opacity":"","overlay-gradient":""},"mobile":{"background-color":"var(--ast-global-color-5)","background-image":"","background-repeat":"repeat","background-position":"center center","background-size":"auto","background-attachment":"scroll","background-type":"","background-media":"","overlay-type":"","overlay-color":"","overlay-opacity":"","overlay-gradient":""}}},"product_brand":[442],"product_cat":[30,86,50],"product_tag":[],"class_list":{"0":"post-16144","1":"product","2":"type-product","3":"status-publish","4":"has-post-thumbnail","6":"product_brand-velilla","7":"product_cat-industria-base","8":"product_cat-pantalones","9":"product_cat-ropa-profesional","10":"desktop-align-center","11":"tablet-align-left","12":"mobile-align-left","14":"first","15":"instock","16":"taxable","17":"shipping-taxable","18":"purchasable","19":"product-type-variable","20":"has-default-attributes"},"_links":{"self":[{"href":"https:\/\/combi-pro.com\/fr\/wp-json\/wp\/v2\/product\/16144","targetHints":{"allow":["GET"]}}],"collection":[{"href":"https:\/\/combi-pro.com\/fr\/wp-json\/wp\/v2\/product"}],"about":[{"href":"https:\/\/combi-pro.com\/fr\/wp-json\/wp\/v2\/types\/product"}],"wp:featuredmedia":[{"embeddable":true,"href":"https:\/\/combi-pro.com\/fr\/wp-json\/wp\/v2\/media\/16157"}],"wp:attachment":[{"href":"https:\/\/combi-pro.com\/fr\/wp-json\/wp\/v2\/media?parent=16144"}],"wp:term":[{"taxonomy":"product_brand","embeddable":true,"href":"https:\/\/combi-pro.com\/fr\/wp-json\/wp\/v2\/product_brand?post=16144"},{"taxonomy":"product_cat","embeddable":true,"href":"https:\/\/combi-pro.com\/fr\/wp-json\/wp\/v2\/product_cat?post=16144"},{"taxonomy":"product_tag","embeddable":true,"href":"https:\/\/combi-pro.com\/fr\/wp-json\/wp\/v2\/product_tag?post=16144"}],"curies":[{"name":"wp","href":"https:\/\/api.w.org\/{rel}","templated":true}]}}