{"id":16221,"date":"2025-05-15T12:58:35","date_gmt":"2025-05-15T10:58:35","guid":{"rendered":"https:\/\/combi-pro.com\/?post_type=product&#038;p=16221"},"modified":"2026-04-13T20:48:06","modified_gmt":"2026-04-13T18:48:06","slug":"coast-unisex-short-sleeve-t-shirt-tsn165uw-mukua","status":"publish","type":"product","link":"https:\/\/combi-pro.com\/fr\/boutique\/coast-unisex-short-sleeve-t-shirt-tsn165uw-mukua\/","title":{"rendered":"T-shirt \u00e0 manches courtes unisexe C\u00d4TE TSN165UW | MUKUA"},"content":{"rendered":"<p class=\"\" data-start=\"340\" data-end=\"372\"><strong data-start=\"340\" data-end=\"372\">Caract\u00e9ristiques principales:<\/strong><\/p>\n<ul>\n<li data-start=\"376\" data-end=\"413\">Col rond en tricot c\u00f4tel\u00e9 1\u00d71.<\/li>\n<li data-start=\"416\" data-end=\"485\">Coutures renforc\u00e9es d'une \u00e9paule \u00e0 l'autre pour \u00e9viter les d\u00e9formations.<\/li>\n<li data-start=\"488\" data-end=\"533\">Coutures lat\u00e9rales pour un ajustement parfait.<\/li>\n<li data-start=\"536\" data-end=\"559\">Doux et confortable au toucher.<\/li>\n<li data-start=\"562\" data-end=\"596\">Pas d'\u00e9tiquette de marque sur le col.<\/li>\n<li data-start=\"599\" data-end=\"618\">Medium Fit.<\/li>\n<li data-start=\"621\" data-end=\"691\">\u00c9galement disponible en version femme (COAST WOMAN) et en version enfant (COAST KIDS).<\/li>\n<\/ul>\n<p><strong data-start=\"693\" data-end=\"711\">Certification:<\/strong><\/p>\n<ul>\n<li>Con\u00e7u pour un usage quotidien et professionnel.<\/li>\n<\/ul>\n<p class=\"\" data-start=\"761\" data-end=\"895\"><strong data-start=\"761\" data-end=\"772\">Tissu:<\/strong><\/p>\n<ul>\n<li data-start=\"761\" data-end=\"895\">Single Jersey - 100 % organic cotton Ringspun \/ 165 g\/m\u00b2.<\/li>\n<li data-start=\"761\" data-end=\"895\">Tissu \u00e9cologique et naturel, personnalisable.<\/li>\n<\/ul>\n<p class=\"\" data-start=\"897\" data-end=\"1049\"><strong data-start=\"897\" data-end=\"917\">Recommandations:<\/strong><\/p>\n<ul>\n<li data-start=\"897\" data-end=\"1049\">Id\u00e9al pour les entreprises responsables, les \u00e9v\u00e9nements durables, l'utilisation personnelle consciente ou les campagnes promotionnelles avec un engagement environnemental.<\/li>\n<\/ul>","protected":false},"excerpt":{"rendered":"<p>T-shirt de base en coton biologique, doux et polyvalent, parfait pour les v\u00eatements de tous les jours, les promotions responsables ou les uniformes durables.<\/p>\n<p><img decoding=\"async\" class=\"alignnone size-full wp-image-15281\" src=\"https:\/\/combi-pro.com\/wp-content\/uploads\/2025\/01\/OEKOTEX-31_0.png\" alt=\"\" width=\"91\" height=\"40\" srcset=\"https:\/\/combi-pro.com\/wp-content\/uploads\/2025\/01\/OEKOTEX-31_0.png 91w, https:\/\/combi-pro.com\/wp-content\/uploads\/2025\/01\/OEKOTEX-31_0-64x28.png 64w, https:\/\/combi-pro.com\/wp-content\/uploads\/2025\/01\/OEKOTEX-31_0-18x8.png 18w\" sizes=\"(max-width: 91px) 100vw, 91px\" \/> <img decoding=\"async\" class=\"alignnone size-full wp-image-15280\" src=\"https:\/\/combi-pro.com\/wp-content\/uploads\/2025\/01\/Textile-Exchange-ORGANIC_0.png\" alt=\"\" width=\"123\" height=\"40\" srcset=\"https:\/\/combi-pro.com\/wp-content\/uploads\/2025\/01\/Textile-Exchange-ORGANIC_0.png 123w, https:\/\/combi-pro.com\/wp-content\/uploads\/2025\/01\/Textile-Exchange-ORGANIC_0-64x21.png 64w, https:\/\/combi-pro.com\/wp-content\/uploads\/2025\/01\/Textile-Exchange-ORGANIC_0-18x6.png 18w\" sizes=\"(max-width: 123px) 100vw, 123px\" \/><\/p>\n<p><strong>GUIDE DES TAILLES<\/strong><\/p>\n<p><img fetchpriority=\"high\" decoding=\"async\" class=\"alignnone wp-image-17988 size-full\" src=\"https:\/\/combi-pro.com\/wp-content\/uploads\/2025\/01\/Design-sans-titre-29.png\" alt=\"\" width=\"500\" height=\"131\" srcset=\"https:\/\/combi-pro.com\/wp-content\/uploads\/2025\/01\/Design-sans-titre-29.png 500w, https:\/\/combi-pro.com\/wp-content\/uploads\/2025\/01\/Design-sans-titre-29-300x79.png 300w, https:\/\/combi-pro.com\/wp-content\/uploads\/2025\/01\/Design-sans-titre-29-18x5.png 18w, https:\/\/combi-pro.com\/wp-content\/uploads\/2025\/01\/Design-sans-titre-29-450x118.png 450w, https:\/\/combi-pro.com\/wp-content\/uploads\/2025\/01\/Design-sans-titre-29-64x17.png 64w\" sizes=\"(max-width: 500px) 100vw, 500px\" \/><\/p>\n<p>&nbsp;<\/p>","protected":false},"featured_media":16224,"template":"","meta":{"site-sidebar-layout":"default","site-content-layout":"","ast-site-content-layout":"default","site-content-style":"default","site-sidebar-style":"default","ast-global-header-display":"","ast-banner-title-visibility":"","ast-main-header-display":"","ast-hfb-above-header-display":"","ast-hfb-below-header-display":"","ast-hfb-mobile-header-display":"","site-post-title":"","ast-breadcrumbs-content":"","ast-featured-img":"","footer-sml-layout":"","ast-disable-related-posts":"","theme-transparent-header-meta":"default","adv-header-id-meta":"","stick-header-meta":"","header-above-stick-meta":"","header-main-stick-meta":"","header-below-stick-meta":"","astra-migrate-meta-layouts":"set","ast-page-background-enabled":"default","ast-page-background-meta":{"desktop":{"background-color":"","background-image":"","background-repeat":"repeat","background-position":"center center","background-size":"auto","background-attachment":"scroll","background-type":"","background-media":"","overlay-type":"","overlay-color":"","overlay-opacity":"","overlay-gradient":""},"tablet":{"background-color":"","background-image":"","background-repeat":"repeat","background-position":"center center","background-size":"auto","background-attachment":"scroll","background-type":"","background-media":"","overlay-type":"","overlay-color":"","overlay-opacity":"","overlay-gradient":""},"mobile":{"background-color":"","background-image":"","background-repeat":"repeat","background-position":"center center","background-size":"auto","background-attachment":"scroll","background-type":"","background-media":"","overlay-type":"","overlay-color":"","overlay-opacity":"","overlay-gradient":""}},"ast-content-background-meta":{"desktop":{"background-color":"var(--ast-global-color-5)","background-image":"","background-repeat":"repeat","background-position":"center center","background-size":"auto","background-attachment":"scroll","background-type":"","background-media":"","overlay-type":"","overlay-color":"","overlay-opacity":"","overlay-gradient":""},"tablet":{"background-color":"var(--ast-global-color-5)","background-image":"","background-repeat":"repeat","background-position":"center center","background-size":"auto","background-attachment":"scroll","background-type":"","background-media":"","overlay-type":"","overlay-color":"","overlay-opacity":"","overlay-gradient":""},"mobile":{"background-color":"var(--ast-global-color-5)","background-image":"","background-repeat":"repeat","background-position":"center center","background-size":"auto","background-attachment":"scroll","background-type":"","background-media":"","overlay-type":"","overlay-color":"","overlay-opacity":"","overlay-gradient":""}}},"product_brand":[444],"product_cat":[344,340],"product_tag":[],"class_list":{"0":"post-16221","1":"product","2":"type-product","3":"status-publish","4":"has-post-thumbnail","6":"product_brand-mukua","7":"product_cat-gama-natura","8":"product_cat-textil-promocional","9":"desktop-align-center","10":"tablet-align-left","11":"mobile-align-left","13":"first","14":"outofstock","15":"taxable","16":"shipping-taxable","17":"purchasable","18":"product-type-variable"},"_links":{"self":[{"href":"https:\/\/combi-pro.com\/fr\/wp-json\/wp\/v2\/product\/16221","targetHints":{"allow":["GET"]}}],"collection":[{"href":"https:\/\/combi-pro.com\/fr\/wp-json\/wp\/v2\/product"}],"about":[{"href":"https:\/\/combi-pro.com\/fr\/wp-json\/wp\/v2\/types\/product"}],"wp:featuredmedia":[{"embeddable":true,"href":"https:\/\/combi-pro.com\/fr\/wp-json\/wp\/v2\/media\/16224"}],"wp:attachment":[{"href":"https:\/\/combi-pro.com\/fr\/wp-json\/wp\/v2\/media?parent=16221"}],"wp:term":[{"taxonomy":"product_brand","embeddable":true,"href":"https:\/\/combi-pro.com\/fr\/wp-json\/wp\/v2\/product_brand?post=16221"},{"taxonomy":"product_cat","embeddable":true,"href":"https:\/\/combi-pro.com\/fr\/wp-json\/wp\/v2\/product_cat?post=16221"},{"taxonomy":"product_tag","embeddable":true,"href":"https:\/\/combi-pro.com\/fr\/wp-json\/wp\/v2\/product_tag?post=16221"}],"curies":[{"name":"wp","href":"https:\/\/api.w.org\/{rel}","templated":true}]}}