{"id":16226,"date":"2025-05-15T13:06:55","date_gmt":"2025-05-15T11:06:55","guid":{"rendered":"https:\/\/combi-pro.com\/?post_type=product&#038;p=16226"},"modified":"2026-04-13T20:48:09","modified_gmt":"2026-04-13T18:48:09","slug":"t-shirt-a-manches-courtes-pour-femmes-coast-woman-tsn165ww-mukua","status":"publish","type":"product","link":"https:\/\/combi-pro.com\/fr\/boutique\/t-shirt-a-manches-courtes-pour-femmes-coast-woman-tsn165ww-mukua\/","title":{"rendered":"T-shirt manches courtes femme enfant TSN165WW KIDS TSN165KW | MUKUA"},"content":{"rendered":"<p class=\"\" data-start=\"351\" data-end=\"383\"><strong data-start=\"351\" data-end=\"383\">Caract\u00e9ristiques principales:<\/strong><\/p>\n<ul>\n<li data-start=\"387\" data-end=\"424\">Col rond en tricot c\u00f4tel\u00e9 1\u00d71.<\/li>\n<li data-start=\"427\" data-end=\"496\">Coutures renforc\u00e9es d'une \u00e9paule \u00e0 l'autre pour \u00e9viter les d\u00e9formations.<\/li>\n<li data-start=\"499\" data-end=\"553\">Coutures lat\u00e9rales pour une coupe f\u00e9minine.<\/li>\n<li data-start=\"556\" data-end=\"582\">Doux et agr\u00e9able au toucher.<\/li>\n<li data-start=\"585\" data-end=\"619\">Pas d'\u00e9tiquette de marque sur le col.<\/li>\n<li data-start=\"622\" data-end=\"641\">Medium Fit.<\/li>\n<li data-start=\"644\" data-end=\"709\">\u00c9galement disponible en version unisexe (COAST) et en version pour enfants (COAST KIDS).<\/li>\n<\/ul>\n<p class=\"\" data-start=\"711\" data-end=\"777\"><strong data-start=\"711\" data-end=\"729\">Certification:<\/strong><\/p>\n<ul>\n<li data-start=\"711\" data-end=\"777\">Con\u00e7u pour un usage quotidien et professionnel.<\/li>\n<\/ul>\n<p class=\"\" data-start=\"779\" data-end=\"919\"><strong data-start=\"779\" data-end=\"790\">Tissu:<\/strong><\/p>\n<ul>\n<li data-start=\"779\" data-end=\"919\">Single Jersey - 100 % organic cotton Ringspun \/ 165 g\/m\u00b2.<\/li>\n<li data-start=\"779\" data-end=\"919\">Tissu naturel, \u00e9cologique, respirant et facile \u00e0 personnaliser.<\/li>\n<\/ul>\n<p class=\"\" data-start=\"921\" data-end=\"1076\"><strong data-start=\"921\" data-end=\"941\">Recommandations:<\/strong><\/p>\n<ul>\n<li data-start=\"921\" data-end=\"1076\">Parfait pour les uniformes durables, les \u00e9v\u00e9nements promotionnels respectueux de l'environnement ou comme basique en coton responsable \u00e0 porter au quotidien.<\/li>\n<\/ul>","protected":false},"excerpt":{"rendered":"<p>T-shirt \u00e9cologique et f\u00e9minin en coton biologique, id\u00e9al pour un usage quotidien confortable, responsable et personnalisable.<\/p>\n<p><img decoding=\"async\" class=\"alignnone size-full wp-image-15281\" src=\"https:\/\/combi-pro.com\/wp-content\/uploads\/2025\/01\/OEKOTEX-31_0.png\" alt=\"\" width=\"91\" height=\"40\" srcset=\"https:\/\/combi-pro.com\/wp-content\/uploads\/2025\/01\/OEKOTEX-31_0.png 91w, https:\/\/combi-pro.com\/wp-content\/uploads\/2025\/01\/OEKOTEX-31_0-64x28.png 64w, https:\/\/combi-pro.com\/wp-content\/uploads\/2025\/01\/OEKOTEX-31_0-18x8.png 18w\" sizes=\"(max-width: 91px) 100vw, 91px\" \/> <img decoding=\"async\" class=\"alignnone size-full wp-image-15280\" src=\"https:\/\/combi-pro.com\/wp-content\/uploads\/2025\/01\/Textile-Exchange-ORGANIC_0.png\" alt=\"\" width=\"123\" height=\"40\" srcset=\"https:\/\/combi-pro.com\/wp-content\/uploads\/2025\/01\/Textile-Exchange-ORGANIC_0.png 123w, https:\/\/combi-pro.com\/wp-content\/uploads\/2025\/01\/Textile-Exchange-ORGANIC_0-64x21.png 64w, https:\/\/combi-pro.com\/wp-content\/uploads\/2025\/01\/Textile-Exchange-ORGANIC_0-18x6.png 18w\" sizes=\"(max-width: 123px) 100vw, 123px\" \/><\/p>\n<p><strong>GUIDE DES TAILLES<\/strong><\/p>\n<p><img fetchpriority=\"high\" decoding=\"async\" class=\"alignnone wp-image-17984 size-full\" src=\"https:\/\/combi-pro.com\/wp-content\/uploads\/2025\/01\/Design-sans-titre-25.png\" alt=\"\" width=\"500\" height=\"131\" srcset=\"https:\/\/combi-pro.com\/wp-content\/uploads\/2025\/01\/Design-sans-titre-25.png 500w, https:\/\/combi-pro.com\/wp-content\/uploads\/2025\/01\/Design-sans-titre-25-300x79.png 300w, https:\/\/combi-pro.com\/wp-content\/uploads\/2025\/01\/Design-sans-titre-25-18x5.png 18w, https:\/\/combi-pro.com\/wp-content\/uploads\/2025\/01\/Design-sans-titre-25-450x118.png 450w, https:\/\/combi-pro.com\/wp-content\/uploads\/2025\/01\/Design-sans-titre-25-64x17.png 64w\" sizes=\"(max-width: 500px) 100vw, 500px\" \/><\/p>","protected":false},"featured_media":16229,"template":"","meta":{"site-sidebar-layout":"default","site-content-layout":"","ast-site-content-layout":"default","site-content-style":"default","site-sidebar-style":"default","ast-global-header-display":"","ast-banner-title-visibility":"","ast-main-header-display":"","ast-hfb-above-header-display":"","ast-hfb-below-header-display":"","ast-hfb-mobile-header-display":"","site-post-title":"","ast-breadcrumbs-content":"","ast-featured-img":"","footer-sml-layout":"","ast-disable-related-posts":"","theme-transparent-header-meta":"default","adv-header-id-meta":"","stick-header-meta":"","header-above-stick-meta":"","header-main-stick-meta":"","header-below-stick-meta":"","astra-migrate-meta-layouts":"set","ast-page-background-enabled":"default","ast-page-background-meta":{"desktop":{"background-color":"","background-image":"","background-repeat":"repeat","background-position":"center center","background-size":"auto","background-attachment":"scroll","background-type":"","background-media":"","overlay-type":"","overlay-color":"","overlay-opacity":"","overlay-gradient":""},"tablet":{"background-color":"","background-image":"","background-repeat":"repeat","background-position":"center center","background-size":"auto","background-attachment":"scroll","background-type":"","background-media":"","overlay-type":"","overlay-color":"","overlay-opacity":"","overlay-gradient":""},"mobile":{"background-color":"","background-image":"","background-repeat":"repeat","background-position":"center center","background-size":"auto","background-attachment":"scroll","background-type":"","background-media":"","overlay-type":"","overlay-color":"","overlay-opacity":"","overlay-gradient":""}},"ast-content-background-meta":{"desktop":{"background-color":"var(--ast-global-color-5)","background-image":"","background-repeat":"repeat","background-position":"center center","background-size":"auto","background-attachment":"scroll","background-type":"","background-media":"","overlay-type":"","overlay-color":"","overlay-opacity":"","overlay-gradient":""},"tablet":{"background-color":"var(--ast-global-color-5)","background-image":"","background-repeat":"repeat","background-position":"center center","background-size":"auto","background-attachment":"scroll","background-type":"","background-media":"","overlay-type":"","overlay-color":"","overlay-opacity":"","overlay-gradient":""},"mobile":{"background-color":"var(--ast-global-color-5)","background-image":"","background-repeat":"repeat","background-position":"center center","background-size":"auto","background-attachment":"scroll","background-type":"","background-media":"","overlay-type":"","overlay-color":"","overlay-opacity":"","overlay-gradient":""}}},"product_brand":[444],"product_cat":[344,340],"product_tag":[],"class_list":{"0":"post-16226","1":"product","2":"type-product","3":"status-publish","4":"has-post-thumbnail","6":"product_brand-mukua","7":"product_cat-gama-natura","8":"product_cat-textil-promocional","9":"desktop-align-center","10":"tablet-align-left","11":"mobile-align-left","13":"first","14":"outofstock","15":"taxable","16":"shipping-taxable","17":"purchasable","18":"product-type-variable"},"_links":{"self":[{"href":"https:\/\/combi-pro.com\/fr\/wp-json\/wp\/v2\/product\/16226","targetHints":{"allow":["GET"]}}],"collection":[{"href":"https:\/\/combi-pro.com\/fr\/wp-json\/wp\/v2\/product"}],"about":[{"href":"https:\/\/combi-pro.com\/fr\/wp-json\/wp\/v2\/types\/product"}],"wp:featuredmedia":[{"embeddable":true,"href":"https:\/\/combi-pro.com\/fr\/wp-json\/wp\/v2\/media\/16229"}],"wp:attachment":[{"href":"https:\/\/combi-pro.com\/fr\/wp-json\/wp\/v2\/media?parent=16226"}],"wp:term":[{"taxonomy":"product_brand","embeddable":true,"href":"https:\/\/combi-pro.com\/fr\/wp-json\/wp\/v2\/product_brand?post=16226"},{"taxonomy":"product_cat","embeddable":true,"href":"https:\/\/combi-pro.com\/fr\/wp-json\/wp\/v2\/product_cat?post=16226"},{"taxonomy":"product_tag","embeddable":true,"href":"https:\/\/combi-pro.com\/fr\/wp-json\/wp\/v2\/product_tag?post=16226"}],"curies":[{"name":"wp","href":"https:\/\/api.w.org\/{rel}","templated":true}]}}