{"id":16541,"date":"2025-05-16T13:02:40","date_gmt":"2025-05-16T11:02:40","guid":{"rendered":"https:\/\/combi-pro.com\/?post_type=product&#038;p=16541"},"modified":"2026-04-13T20:48:47","modified_gmt":"2026-04-13T18:48:47","slug":"chemise-de-restauration-a-manches-courtes-oxford-stretch-pour-hommes-405024s-velilla","status":"publish","type":"product","link":"https:\/\/combi-pro.com\/fr\/boutique\/chemise-de-restauration-a-manches-courtes-oxford-stretch-pour-hommes-405024s-velilla\/","title":{"rendered":"Chemise h\u00f4tellerie \u00e0 manches courtes en tissu Oxford extensible homme 405024S | VELILLA"},"content":{"rendered":"<div class=\"data item\" role=\"tablist\">\n<div id=\"tab-label-description\" class=\"data item title active\" tabindex=\"0\" role=\"tab\" data-role=\"collapsible\" data-collapsible=\"true\" aria-controls=\"description\" aria-selected=\"false\" aria-expanded=\"true\">\n<p class=\"\" data-start=\"990\" data-end=\"1022\"><strong data-start=\"993\" data-end=\"1022\">Caract\u00e9ristiques techniques :<\/strong><\/p>\n<ul>\n<li data-start=\"804\" data-end=\"839\">Fermeture centrale avec rabat anglais<\/li>\n<li data-start=\"842\" data-end=\"869\">Col de chemise boutonn\u00e9<\/li>\n<li data-start=\"872\" data-end=\"893\">Boutons de rechange<\/li>\n<li data-start=\"896\" data-end=\"928\">Clip \u00e0 encoche arri\u00e8re<\/li>\n<li data-start=\"931\" data-end=\"945\">Tissu extensible<\/li>\n<\/ul>\n<p class=\"\" data-start=\"1249\" data-end=\"1264\"><strong data-start=\"1252\" data-end=\"1264\">Tissus :<\/strong><\/p>\n<ul data-start=\"1265\" data-end=\"1330\">\n<li class=\"\" data-start=\"1265\" data-end=\"1330\">\n<p class=\"\" data-start=\"1267\" data-end=\"1330\">Oxford stretch : 70 % coton - 26 % polyester - 4 % \u00e9lasthanne \/ 140 g\/m\u00b2.<\/p>\n<\/li>\n<\/ul>\n<p><strong data-start=\"799\" data-end=\"808\">Gamme :<\/strong> Chambre<\/p>\n<p class=\"\" data-start=\"1332\" data-end=\"1550\"><strong data-start=\"1334\" data-end=\"1359\">Recommandation d'utilisation :<\/strong><\/p>\n<ul>\n<li data-start=\"1332\" data-end=\"1550\">\n<p data-start=\"1267\" data-end=\"1417\">Id\u00e9al pour les professionnels de l'h\u00f4tellerie, de la vente au d\u00e9tail ou du service \u00e0 la client\u00e8le \u00e0 la recherche d'un v\u00eatement classique, confortable et professionnel \u00e0 porter tous les jours.<\/p>\n<\/li>\n<\/ul>\n<\/div>\n<\/div>","protected":false},"excerpt":{"rendered":"<p data-start=\"410\" data-end=\"528\">Chemise \u00e0 manches courtes en tissu oxford extensible. \u00c9l\u00e9gance classique et confort moderne pour les environnements d'accueil.<\/p>\n<p><img decoding=\"async\" class=\"alignnone wp-image-15240\" src=\"https:\/\/combi-pro.com\/wp-content\/uploads\/2025\/04\/icon-stretch.png\" alt=\"\" width=\"99\" height=\"40\" srcset=\"https:\/\/combi-pro.com\/wp-content\/uploads\/2025\/04\/icon-stretch.png 228w, https:\/\/combi-pro.com\/wp-content\/uploads\/2025\/04\/icon-stretch-64x26.png 64w, https:\/\/combi-pro.com\/wp-content\/uploads\/2025\/04\/icon-stretch-18x7.png 18w\" sizes=\"(max-width: 99px) 100vw, 99px\" \/><\/p>\n<p><a href=\"https:\/\/combi-pro.com\/wp-content\/uploads\/2025\/04\/Guide-de-taille-Velilla_Partes-Superiores-y-Batas-Homme.jpg\">guide des tailles<\/a><\/p>\n<p>&nbsp;<\/p>","protected":false},"featured_media":16552,"template":"","meta":{"site-sidebar-layout":"default","site-content-layout":"","ast-site-content-layout":"default","site-content-style":"default","site-sidebar-style":"default","ast-global-header-display":"","ast-banner-title-visibility":"","ast-main-header-display":"","ast-hfb-above-header-display":"","ast-hfb-below-header-display":"","ast-hfb-mobile-header-display":"","site-post-title":"","ast-breadcrumbs-content":"","ast-featured-img":"","footer-sml-layout":"","ast-disable-related-posts":"","theme-transparent-header-meta":"default","adv-header-id-meta":"","stick-header-meta":"","header-above-stick-meta":"","header-main-stick-meta":"","header-below-stick-meta":"","astra-migrate-meta-layouts":"set","ast-page-background-enabled":"default","ast-page-background-meta":{"desktop":{"background-color":"","background-image":"","background-repeat":"repeat","background-position":"center center","background-size":"auto","background-attachment":"scroll","background-type":"","background-media":"","overlay-type":"","overlay-color":"","overlay-opacity":"","overlay-gradient":""},"tablet":{"background-color":"","background-image":"","background-repeat":"repeat","background-position":"center center","background-size":"auto","background-attachment":"scroll","background-type":"","background-media":"","overlay-type":"","overlay-color":"","overlay-opacity":"","overlay-gradient":""},"mobile":{"background-color":"","background-image":"","background-repeat":"repeat","background-position":"center center","background-size":"auto","background-attachment":"scroll","background-type":"","background-media":"","overlay-type":"","overlay-color":"","overlay-opacity":"","overlay-gradient":""}},"ast-content-background-meta":{"desktop":{"background-color":"var(--ast-global-color-5)","background-image":"","background-repeat":"repeat","background-position":"center center","background-size":"auto","background-attachment":"scroll","background-type":"","background-media":"","overlay-type":"","overlay-color":"","overlay-opacity":"","overlay-gradient":""},"tablet":{"background-color":"var(--ast-global-color-5)","background-image":"","background-repeat":"repeat","background-position":"center center","background-size":"auto","background-attachment":"scroll","background-type":"","background-media":"","overlay-type":"","overlay-color":"","overlay-opacity":"","overlay-gradient":""},"mobile":{"background-color":"var(--ast-global-color-5)","background-image":"","background-repeat":"repeat","background-position":"center center","background-size":"auto","background-attachment":"scroll","background-type":"","background-media":"","overlay-type":"","overlay-color":"","overlay-opacity":"","overlay-gradient":""}}},"product_brand":[442],"product_cat":[119,72,50],"product_tag":[],"class_list":{"0":"post-16541","1":"product","2":"type-product","3":"status-publish","4":"has-post-thumbnail","6":"product_brand-velilla","7":"product_cat-camisas-hosteleria","8":"product_cat-hosteleria","9":"product_cat-ropa-profesional","10":"desktop-align-center","11":"tablet-align-left","12":"mobile-align-left","14":"first","15":"outofstock","16":"taxable","17":"shipping-taxable","18":"purchasable","19":"product-type-variable","20":"has-default-attributes"},"_links":{"self":[{"href":"https:\/\/combi-pro.com\/fr\/wp-json\/wp\/v2\/product\/16541","targetHints":{"allow":["GET"]}}],"collection":[{"href":"https:\/\/combi-pro.com\/fr\/wp-json\/wp\/v2\/product"}],"about":[{"href":"https:\/\/combi-pro.com\/fr\/wp-json\/wp\/v2\/types\/product"}],"wp:featuredmedia":[{"embeddable":true,"href":"https:\/\/combi-pro.com\/fr\/wp-json\/wp\/v2\/media\/16552"}],"wp:attachment":[{"href":"https:\/\/combi-pro.com\/fr\/wp-json\/wp\/v2\/media?parent=16541"}],"wp:term":[{"taxonomy":"product_brand","embeddable":true,"href":"https:\/\/combi-pro.com\/fr\/wp-json\/wp\/v2\/product_brand?post=16541"},{"taxonomy":"product_cat","embeddable":true,"href":"https:\/\/combi-pro.com\/fr\/wp-json\/wp\/v2\/product_cat?post=16541"},{"taxonomy":"product_tag","embeddable":true,"href":"https:\/\/combi-pro.com\/fr\/wp-json\/wp\/v2\/product_tag?post=16541"}],"curies":[{"name":"wp","href":"https:\/\/api.w.org\/{rel}","templated":true}]}}