{"id":16592,"date":"2025-05-16T15:20:53","date_gmt":"2025-05-16T13:20:53","guid":{"rendered":"https:\/\/combi-pro.com\/?post_type=product&#038;p=16592"},"modified":"2026-04-13T20:49:04","modified_gmt":"2026-04-13T18:49:04","slug":"pantalon-femme-polyester-elastique-303-velilla","status":"publish","type":"product","link":"https:\/\/combi-pro.com\/fr\/boutique\/pantalon-femme-polyester-elastique-303-velilla\/","title":{"rendered":"Pantalon femme en polyester extensible 303 | VELILLA"},"content":{"rendered":"<p class=\"\" data-start=\"390\" data-end=\"419\"><strong data-start=\"390\" data-end=\"419\">Caract\u00e9ristiques techniques :<\/strong><\/p>\n<ul>\n<li data-start=\"423\" data-end=\"462\">Fermeture centrale \u00e0 glissi\u00e8re et bouton<\/li>\n<li data-start=\"465\" data-end=\"502\">Double couture de s\u00e9curit\u00e9 int\u00e9rieure<\/li>\n<li data-start=\"505\" data-end=\"541\">Ceinture renforc\u00e9e avec entoilage<\/li>\n<li data-start=\"544\" data-end=\"582\">Tissu extensible et facile \u00e0 repasser<\/li>\n<li data-start=\"585\" data-end=\"602\">\u00c9triers arri\u00e8re<\/li>\n<\/ul>\n<p class=\"\" data-start=\"604\" data-end=\"616\"><strong data-start=\"604\" data-end=\"616\">Tissus :<\/strong><\/p>\n<ul>\n<li data-start=\"618\" data-end=\"654\">Plat - 100 % polyester \/ 180 g\/m\u00b2.<\/li>\n<\/ul>\n<p class=\"\" data-start=\"656\" data-end=\"674\"><strong data-start=\"656\" data-end=\"665\">Gamme : <\/strong>Chambre<\/p>\n<p class=\"\" data-start=\"676\" data-end=\"701\"><strong data-start=\"676\" data-end=\"701\">Recommandation d'utilisation :<\/strong><\/p>\n<ul>\n<li data-start=\"703\" data-end=\"847\">Parfait pour les professionnels \u00e0 la recherche d'un v\u00eatement r\u00e9sistant, \u00e9l\u00e9gant, facile d'entretien et de coupe f\u00e9minine pour les environnements de travail dynamiques.<\/li>\n<\/ul>","protected":false},"excerpt":{"rendered":"<p>Pantalon f\u00e9minin confortable et fonctionnel, id\u00e9al pour les longues journ\u00e9es de travail dans des secteurs tels que l'h\u00f4tellerie ou le service \u00e0 la client\u00e8le.<\/p>\n<p><a href=\"https:\/\/combi-pro.com\/wp-content\/uploads\/2025\/04\/Guide-de-taille-Velilla_Partes-Superiores-y-Batas-Homme.jpg\">guide des tailles<\/a><\/p>","protected":false},"featured_media":16594,"template":"","meta":{"site-sidebar-layout":"default","site-content-layout":"","ast-site-content-layout":"default","site-content-style":"default","site-sidebar-style":"default","ast-global-header-display":"","ast-banner-title-visibility":"","ast-main-header-display":"","ast-hfb-above-header-display":"","ast-hfb-below-header-display":"","ast-hfb-mobile-header-display":"","site-post-title":"","ast-breadcrumbs-content":"","ast-featured-img":"","footer-sml-layout":"","ast-disable-related-posts":"","theme-transparent-header-meta":"default","adv-header-id-meta":"","stick-header-meta":"","header-above-stick-meta":"","header-main-stick-meta":"","header-below-stick-meta":"","astra-migrate-meta-layouts":"set","ast-page-background-enabled":"default","ast-page-background-meta":{"desktop":{"background-color":"","background-image":"","background-repeat":"repeat","background-position":"center center","background-size":"auto","background-attachment":"scroll","background-type":"","background-media":"","overlay-type":"","overlay-color":"","overlay-opacity":"","overlay-gradient":""},"tablet":{"background-color":"","background-image":"","background-repeat":"repeat","background-position":"center center","background-size":"auto","background-attachment":"scroll","background-type":"","background-media":"","overlay-type":"","overlay-color":"","overlay-opacity":"","overlay-gradient":""},"mobile":{"background-color":"","background-image":"","background-repeat":"repeat","background-position":"center center","background-size":"auto","background-attachment":"scroll","background-type":"","background-media":"","overlay-type":"","overlay-color":"","overlay-opacity":"","overlay-gradient":""}},"ast-content-background-meta":{"desktop":{"background-color":"var(--ast-global-color-5)","background-image":"","background-repeat":"repeat","background-position":"center center","background-size":"auto","background-attachment":"scroll","background-type":"","background-media":"","overlay-type":"","overlay-color":"","overlay-opacity":"","overlay-gradient":""},"tablet":{"background-color":"var(--ast-global-color-5)","background-image":"","background-repeat":"repeat","background-position":"center center","background-size":"auto","background-attachment":"scroll","background-type":"","background-media":"","overlay-type":"","overlay-color":"","overlay-opacity":"","overlay-gradient":""},"mobile":{"background-color":"var(--ast-global-color-5)","background-image":"","background-repeat":"repeat","background-position":"center center","background-size":"auto","background-attachment":"scroll","background-type":"","background-media":"","overlay-type":"","overlay-color":"","overlay-opacity":"","overlay-gradient":""}}},"product_brand":[442],"product_cat":[72,112,50],"product_tag":[],"class_list":{"0":"post-16592","1":"product","2":"type-product","3":"status-publish","4":"has-post-thumbnail","6":"product_brand-velilla","7":"product_cat-hosteleria","8":"product_cat-pantalones-hosteleria","9":"product_cat-ropa-profesional","10":"desktop-align-center","11":"tablet-align-left","12":"mobile-align-left","14":"first","15":"instock","16":"taxable","17":"shipping-taxable","18":"purchasable","19":"product-type-variable","20":"has-default-attributes"},"_links":{"self":[{"href":"https:\/\/combi-pro.com\/fr\/wp-json\/wp\/v2\/product\/16592","targetHints":{"allow":["GET"]}}],"collection":[{"href":"https:\/\/combi-pro.com\/fr\/wp-json\/wp\/v2\/product"}],"about":[{"href":"https:\/\/combi-pro.com\/fr\/wp-json\/wp\/v2\/types\/product"}],"wp:featuredmedia":[{"embeddable":true,"href":"https:\/\/combi-pro.com\/fr\/wp-json\/wp\/v2\/media\/16594"}],"wp:attachment":[{"href":"https:\/\/combi-pro.com\/fr\/wp-json\/wp\/v2\/media?parent=16592"}],"wp:term":[{"taxonomy":"product_brand","embeddable":true,"href":"https:\/\/combi-pro.com\/fr\/wp-json\/wp\/v2\/product_brand?post=16592"},{"taxonomy":"product_cat","embeddable":true,"href":"https:\/\/combi-pro.com\/fr\/wp-json\/wp\/v2\/product_cat?post=16592"},{"taxonomy":"product_tag","embeddable":true,"href":"https:\/\/combi-pro.com\/fr\/wp-json\/wp\/v2\/product_tag?post=16592"}],"curies":[{"name":"wp","href":"https:\/\/api.w.org\/{rel}","templated":true}]}}