{"id":16683,"date":"2025-05-19T13:29:34","date_gmt":"2025-05-19T11:29:34","guid":{"rendered":"https:\/\/combi-pro.com\/?post_type=product&#038;p=16683"},"modified":"2026-04-13T20:50:19","modified_gmt":"2026-04-13T18:50:19","slug":"pantalon-de-cuisine-leger-a-jambe-galopante-350-velilla","status":"publish","type":"product","link":"https:\/\/combi-pro.com\/fr\/boutique\/pantalon-de-cuisine-leger-a-jambe-galopante-350-velilla\/","title":{"rendered":"Pantalon de gal\u00e8re l\u00e9ger 350 | VELILLA"},"content":{"rendered":"<p class=\"\" data-start=\"380\" data-end=\"409\"><strong data-start=\"380\" data-end=\"409\">Caract\u00e9ristiques techniques :<\/strong><\/p>\n<ul>\n<li data-start=\"413\" data-end=\"452\">Fermeture centrale \u00e0 glissi\u00e8re et bouton<\/li>\n<li data-start=\"455\" data-end=\"485\">Coutures de s\u00e9curit\u00e9 \u00e0 l'arri\u00e8re<\/li>\n<li data-start=\"488\" data-end=\"509\">Taille \u00e9lastiqu\u00e9e<\/li>\n<li data-start=\"512\" data-end=\"520\">Pince \u00e0 \u00e9piler<\/li>\n<li data-start=\"523\" data-end=\"601\">Trois poches : 2 poches fran\u00e7aises et 1 poche arri\u00e8re passepoil\u00e9e avec rabat et bouton<\/li>\n<\/ul>\n<p class=\"\" data-start=\"603\" data-end=\"615\"><strong data-start=\"603\" data-end=\"615\">Tissus :<\/strong><\/p>\n<ul>\n<li data-start=\"617\" data-end=\"667\">Twill - 65 % polyester \/ 35 % coton \/ 140 g\/m\u00b2.<\/li>\n<\/ul>\n<p class=\"\" data-start=\"669\" data-end=\"689\"><strong data-start=\"669\" data-end=\"678\">Gamme : <\/strong>Cuisine<\/p>\n<p class=\"\" data-start=\"691\" data-end=\"716\"><strong data-start=\"691\" data-end=\"716\">Recommandation d'utilisation :<\/strong><\/p>\n<ul>\n<li data-start=\"691\" data-end=\"716\">Recommand\u00e9 pour les cuisiniers et les professionnels de la cuisine qui ont besoin d'un v\u00eatement durable et l\u00e9ger offrant une grande libert\u00e9 de mouvement au quotidien.<\/li>\n<\/ul>","protected":false},"excerpt":{"rendered":"<p>Pantalon de cuisine classique au design fonctionnel et confortable, id\u00e9al pour les longues journ\u00e9es dans des environnements de restauration exigeants.<\/p>\n<p><a href=\"https:\/\/combi-pro.com\/wp-content\/uploads\/2025\/04\/Guide-de-taille-Velilla_Partes-Superiores-y-Batas-Homme.jpg\">guide des tailles<\/a><\/p>","protected":false},"featured_media":16691,"template":"","meta":{"site-sidebar-layout":"default","site-content-layout":"","ast-site-content-layout":"default","site-content-style":"default","site-sidebar-style":"default","ast-global-header-display":"","ast-banner-title-visibility":"","ast-main-header-display":"","ast-hfb-above-header-display":"","ast-hfb-below-header-display":"","ast-hfb-mobile-header-display":"","site-post-title":"","ast-breadcrumbs-content":"","ast-featured-img":"","footer-sml-layout":"","ast-disable-related-posts":"","theme-transparent-header-meta":"default","adv-header-id-meta":"","stick-header-meta":"","header-above-stick-meta":"","header-main-stick-meta":"","header-below-stick-meta":"","astra-migrate-meta-layouts":"set","ast-page-background-enabled":"default","ast-page-background-meta":{"desktop":{"background-color":"","background-image":"","background-repeat":"repeat","background-position":"center center","background-size":"auto","background-attachment":"scroll","background-type":"","background-media":"","overlay-type":"","overlay-color":"","overlay-opacity":"","overlay-gradient":""},"tablet":{"background-color":"","background-image":"","background-repeat":"repeat","background-position":"center center","background-size":"auto","background-attachment":"scroll","background-type":"","background-media":"","overlay-type":"","overlay-color":"","overlay-opacity":"","overlay-gradient":""},"mobile":{"background-color":"","background-image":"","background-repeat":"repeat","background-position":"center center","background-size":"auto","background-attachment":"scroll","background-type":"","background-media":"","overlay-type":"","overlay-color":"","overlay-opacity":"","overlay-gradient":""}},"ast-content-background-meta":{"desktop":{"background-color":"var(--ast-global-color-5)","background-image":"","background-repeat":"repeat","background-position":"center center","background-size":"auto","background-attachment":"scroll","background-type":"","background-media":"","overlay-type":"","overlay-color":"","overlay-opacity":"","overlay-gradient":""},"tablet":{"background-color":"var(--ast-global-color-5)","background-image":"","background-repeat":"repeat","background-position":"center center","background-size":"auto","background-attachment":"scroll","background-type":"","background-media":"","overlay-type":"","overlay-color":"","overlay-opacity":"","overlay-gradient":""},"mobile":{"background-color":"var(--ast-global-color-5)","background-image":"","background-repeat":"repeat","background-position":"center center","background-size":"auto","background-attachment":"scroll","background-type":"","background-media":"","overlay-type":"","overlay-color":"","overlay-opacity":"","overlay-gradient":""}}},"product_brand":[442],"product_cat":[72,112,50],"product_tag":[],"class_list":{"0":"post-16683","1":"product","2":"type-product","3":"status-publish","4":"has-post-thumbnail","6":"product_brand-velilla","7":"product_cat-hosteleria","8":"product_cat-pantalones-hosteleria","9":"product_cat-ropa-profesional","10":"desktop-align-center","11":"tablet-align-left","12":"mobile-align-left","14":"first","15":"instock","16":"taxable","17":"shipping-taxable","18":"purchasable","19":"product-type-variable","20":"has-default-attributes"},"_links":{"self":[{"href":"https:\/\/combi-pro.com\/fr\/wp-json\/wp\/v2\/product\/16683","targetHints":{"allow":["GET"]}}],"collection":[{"href":"https:\/\/combi-pro.com\/fr\/wp-json\/wp\/v2\/product"}],"about":[{"href":"https:\/\/combi-pro.com\/fr\/wp-json\/wp\/v2\/types\/product"}],"wp:featuredmedia":[{"embeddable":true,"href":"https:\/\/combi-pro.com\/fr\/wp-json\/wp\/v2\/media\/16691"}],"wp:attachment":[{"href":"https:\/\/combi-pro.com\/fr\/wp-json\/wp\/v2\/media?parent=16683"}],"wp:term":[{"taxonomy":"product_brand","embeddable":true,"href":"https:\/\/combi-pro.com\/fr\/wp-json\/wp\/v2\/product_brand?post=16683"},{"taxonomy":"product_cat","embeddable":true,"href":"https:\/\/combi-pro.com\/fr\/wp-json\/wp\/v2\/product_cat?post=16683"},{"taxonomy":"product_tag","embeddable":true,"href":"https:\/\/combi-pro.com\/fr\/wp-json\/wp\/v2\/product_tag?post=16683"}],"curies":[{"name":"wp","href":"https:\/\/api.w.org\/{rel}","templated":true}]}}