{"id":16684,"date":"2025-05-19T13:38:03","date_gmt":"2025-05-19T11:38:03","guid":{"rendered":"https:\/\/combi-pro.com\/?post_type=product&#038;p=16684"},"modified":"2026-04-13T20:49:09","modified_gmt":"2026-04-13T18:49:09","slug":"pantalon-de-cuisine-a-carreaux-clairs-351-velilla","status":"publish","type":"product","link":"https:\/\/combi-pro.com\/fr\/boutique\/pantalon-de-cuisine-a-carreaux-clairs-351-velilla\/","title":{"rendered":"Pantalon de cuisine \u00e0 carreaux clairs 351 | VELILLA"},"content":{"rendered":"<p class=\"\" data-start=\"344\" data-end=\"373\"><strong data-start=\"344\" data-end=\"373\">Caract\u00e9ristiques techniques :<\/strong><\/p>\n<ul>\n<li data-start=\"377\" data-end=\"416\">Fermeture centrale \u00e0 glissi\u00e8re et bouton<\/li>\n<li data-start=\"419\" data-end=\"449\">Coutures de s\u00e9curit\u00e9 \u00e0 l'arri\u00e8re<\/li>\n<li data-start=\"452\" data-end=\"473\">Taille \u00e9lastiqu\u00e9e<\/li>\n<li data-start=\"476\" data-end=\"484\">Pince \u00e0 \u00e9piler<\/li>\n<li data-start=\"487\" data-end=\"565\">Trois poches : 2 poches fran\u00e7aises et 1 poche arri\u00e8re passepoil\u00e9e avec rabat et bouton<\/li>\n<\/ul>\n<p class=\"\" data-start=\"567\" data-end=\"579\"><strong data-start=\"567\" data-end=\"579\">Tissus :<\/strong><\/p>\n<ul>\n<li data-start=\"581\" data-end=\"631\">Plat - 65 % polyester \/ 35 % coton \/ 120 g\/m\u00b2.<\/li>\n<\/ul>\n<p class=\"\" data-start=\"633\" data-end=\"653\"><strong data-start=\"633\" data-end=\"642\">Gamme : <\/strong>Cuisine<\/p>\n<p class=\"\" data-start=\"655\" data-end=\"680\"><strong data-start=\"655\" data-end=\"680\">Recommandation d'utilisation :<\/strong><\/p>\n<ul>\n<li data-start=\"682\" data-end=\"824\">Parfait pour les chefs qui recherchent un v\u00eatement l\u00e9ger, respirant et pratique avec un design traditionnel pour les environnements professionnels exigeants.<\/li>\n<\/ul>","protected":false},"excerpt":{"rendered":"<p>Con\u00e7u pour les cuisines dynamiques, ce pantalon allie l\u00e9g\u00e8ret\u00e9, confort et durabilit\u00e9 \u00e0 un design \u00e0 carreaux classique.<\/p>\n<p><a href=\"https:\/\/combi-pro.com\/wp-content\/uploads\/2025\/04\/Guide-de-taille-Velilla_Partes-Superiores-y-Batas-Homme.jpg\">\u00a0guide des tailles<\/a><\/p>","protected":false},"featured_media":16691,"template":"","meta":{"site-sidebar-layout":"default","site-content-layout":"","ast-site-content-layout":"default","site-content-style":"default","site-sidebar-style":"default","ast-global-header-display":"","ast-banner-title-visibility":"","ast-main-header-display":"","ast-hfb-above-header-display":"","ast-hfb-below-header-display":"","ast-hfb-mobile-header-display":"","site-post-title":"","ast-breadcrumbs-content":"","ast-featured-img":"","footer-sml-layout":"","ast-disable-related-posts":"","theme-transparent-header-meta":"default","adv-header-id-meta":"","stick-header-meta":"","header-above-stick-meta":"","header-main-stick-meta":"","header-below-stick-meta":"","astra-migrate-meta-layouts":"set","ast-page-background-enabled":"default","ast-page-background-meta":{"desktop":{"background-color":"","background-image":"","background-repeat":"repeat","background-position":"center center","background-size":"auto","background-attachment":"scroll","background-type":"","background-media":"","overlay-type":"","overlay-color":"","overlay-opacity":"","overlay-gradient":""},"tablet":{"background-color":"","background-image":"","background-repeat":"repeat","background-position":"center center","background-size":"auto","background-attachment":"scroll","background-type":"","background-media":"","overlay-type":"","overlay-color":"","overlay-opacity":"","overlay-gradient":""},"mobile":{"background-color":"","background-image":"","background-repeat":"repeat","background-position":"center center","background-size":"auto","background-attachment":"scroll","background-type":"","background-media":"","overlay-type":"","overlay-color":"","overlay-opacity":"","overlay-gradient":""}},"ast-content-background-meta":{"desktop":{"background-color":"var(--ast-global-color-5)","background-image":"","background-repeat":"repeat","background-position":"center center","background-size":"auto","background-attachment":"scroll","background-type":"","background-media":"","overlay-type":"","overlay-color":"","overlay-opacity":"","overlay-gradient":""},"tablet":{"background-color":"var(--ast-global-color-5)","background-image":"","background-repeat":"repeat","background-position":"center center","background-size":"auto","background-attachment":"scroll","background-type":"","background-media":"","overlay-type":"","overlay-color":"","overlay-opacity":"","overlay-gradient":""},"mobile":{"background-color":"var(--ast-global-color-5)","background-image":"","background-repeat":"repeat","background-position":"center center","background-size":"auto","background-attachment":"scroll","background-type":"","background-media":"","overlay-type":"","overlay-color":"","overlay-opacity":"","overlay-gradient":""}}},"product_brand":[442],"product_cat":[72,112,50],"product_tag":[],"class_list":{"0":"post-16684","1":"product","2":"type-product","3":"status-publish","4":"has-post-thumbnail","6":"product_brand-velilla","7":"product_cat-hosteleria","8":"product_cat-pantalones-hosteleria","9":"product_cat-ropa-profesional","10":"desktop-align-center","11":"tablet-align-left","12":"mobile-align-left","14":"first","15":"instock","16":"taxable","17":"shipping-taxable","18":"purchasable","19":"product-type-variable","20":"has-default-attributes"},"_links":{"self":[{"href":"https:\/\/combi-pro.com\/fr\/wp-json\/wp\/v2\/product\/16684","targetHints":{"allow":["GET"]}}],"collection":[{"href":"https:\/\/combi-pro.com\/fr\/wp-json\/wp\/v2\/product"}],"about":[{"href":"https:\/\/combi-pro.com\/fr\/wp-json\/wp\/v2\/types\/product"}],"wp:featuredmedia":[{"embeddable":true,"href":"https:\/\/combi-pro.com\/fr\/wp-json\/wp\/v2\/media\/16691"}],"wp:attachment":[{"href":"https:\/\/combi-pro.com\/fr\/wp-json\/wp\/v2\/media?parent=16684"}],"wp:term":[{"taxonomy":"product_brand","embeddable":true,"href":"https:\/\/combi-pro.com\/fr\/wp-json\/wp\/v2\/product_brand?post=16684"},{"taxonomy":"product_cat","embeddable":true,"href":"https:\/\/combi-pro.com\/fr\/wp-json\/wp\/v2\/product_cat?post=16684"},{"taxonomy":"product_tag","embeddable":true,"href":"https:\/\/combi-pro.com\/fr\/wp-json\/wp\/v2\/product_tag?post=16684"}],"curies":[{"name":"wp","href":"https:\/\/api.w.org\/{rel}","templated":true}]}}