{"id":16702,"date":"2025-05-19T13:53:35","date_gmt":"2025-05-19T11:53:35","guid":{"rendered":"https:\/\/combi-pro.com\/?post_type=product&#038;p=16702"},"modified":"2026-04-13T20:49:15","modified_gmt":"2026-04-13T18:49:15","slug":"pantalon-chino-skinny-stretch-pour-hommes-403002s-velilla","status":"publish","type":"product","link":"https:\/\/combi-pro.com\/fr\/boutique\/pantalon-chino-skinny-stretch-pour-hommes-403002s-velilla\/","title":{"rendered":"Pantalon chino skinny stretch pour hommes 403002S | VELILLA"},"content":{"rendered":"<p class=\"\" data-start=\"401\" data-end=\"430\"><strong data-start=\"401\" data-end=\"430\">Caract\u00e9ristiques techniques :<\/strong><\/p>\n<ul>\n<li data-start=\"434\" data-end=\"468\">Coupe \u00e9troite et moulante\u201c<\/li>\n<li data-start=\"471\" data-end=\"510\">Fermeture centrale \u00e0 glissi\u00e8re et bouton<\/li>\n<li data-start=\"513\" data-end=\"543\">Coutures de s\u00e9curit\u00e9 \u00e0 l'arri\u00e8re<\/li>\n<li data-start=\"546\" data-end=\"563\">\u00c9triers arri\u00e8re<\/li>\n<li data-start=\"566\" data-end=\"583\">Tissu extensible<\/li>\n<li data-start=\"586\" data-end=\"659\">Cinq poches : 1 poche montre, 2 poches fran\u00e7aises et 2 poches passepoil\u00e9es au dos avec fermetures \u00e0 boutons<\/li>\n<\/ul>\n<p class=\"\" data-start=\"661\" data-end=\"673\"><strong data-start=\"661\" data-end=\"673\">Tissus :<\/strong><\/p>\n<ul>\n<li data-start=\"675\" data-end=\"738\">Stretch - 46 % coton \/ 38 % EME \/ 16 % polyester \/ 240 g\/m\u00b2.<\/li>\n<\/ul>\n<p class=\"\" data-start=\"740\" data-end=\"758\"><strong data-start=\"740\" data-end=\"749\">Gamme : <\/strong>Chambre<\/p>\n<p class=\"\" data-start=\"760\" data-end=\"785\"><strong data-start=\"760\" data-end=\"785\">Recommandation d'utilisation :<\/strong><\/p>\n<ul>\n<li data-start=\"787\" data-end=\"925\">Parfait pour les professionnels du commerce de d\u00e9tail, de l'h\u00f4tellerie ou du service \u00e0 la client\u00e8le qui souhaitent un v\u00eatement souple, \u00e0 la mode et esth\u00e9tique.<\/li>\n<\/ul>","protected":false},"excerpt":{"rendered":"<p class=\"\" data-start=\"280\" data-end=\"399\">Pantalon moderne et extensible avec une coupe \u00e9troite, id\u00e9al pour un look professionnel moderne et confortable tout au long de la journ\u00e9e.<\/p>\n<p data-start=\"280\" data-end=\"399\"><img decoding=\"async\" class=\"alignnone wp-image-15240\" src=\"https:\/\/combi-pro.com\/wp-content\/uploads\/2025\/04\/icon-stretch.png\" alt=\"\" width=\"99\" height=\"40\" srcset=\"https:\/\/combi-pro.com\/wp-content\/uploads\/2025\/04\/icon-stretch.png 228w, https:\/\/combi-pro.com\/wp-content\/uploads\/2025\/04\/icon-stretch-64x26.png 64w, https:\/\/combi-pro.com\/wp-content\/uploads\/2025\/04\/icon-stretch-18x7.png 18w\" sizes=\"(max-width: 99px) 100vw, 99px\" \/> <img decoding=\"async\" class=\"alignnone wp-image-15212\" src=\"https:\/\/combi-pro.com\/wp-content\/uploads\/2025\/04\/icon-skinny.png\" alt=\"\" width=\"40\" height=\"40\" srcset=\"https:\/\/combi-pro.com\/wp-content\/uploads\/2025\/04\/icon-skinny.png 134w, https:\/\/combi-pro.com\/wp-content\/uploads\/2025\/04\/icon-skinny-100x100.png 100w, https:\/\/combi-pro.com\/wp-content\/uploads\/2025\/04\/icon-skinny-64x64.png 64w, https:\/\/combi-pro.com\/wp-content\/uploads\/2025\/04\/icon-skinny-12x12.png 12w\" sizes=\"(max-width: 40px) 100vw, 40px\" \/><\/p>\n<p><a href=\"https:\/\/combi-pro.com\/wp-content\/uploads\/2025\/04\/Guide-de-taille-Velilla_Partes-Superiores-y-Batas-Homme.jpg\">guide des tailles<\/a><\/p>","protected":false},"featured_media":16703,"template":"","meta":{"site-sidebar-layout":"default","site-content-layout":"","ast-site-content-layout":"default","site-content-style":"default","site-sidebar-style":"default","ast-global-header-display":"","ast-banner-title-visibility":"","ast-main-header-display":"","ast-hfb-above-header-display":"","ast-hfb-below-header-display":"","ast-hfb-mobile-header-display":"","site-post-title":"","ast-breadcrumbs-content":"","ast-featured-img":"","footer-sml-layout":"","ast-disable-related-posts":"","theme-transparent-header-meta":"default","adv-header-id-meta":"","stick-header-meta":"","header-above-stick-meta":"","header-main-stick-meta":"","header-below-stick-meta":"","astra-migrate-meta-layouts":"set","ast-page-background-enabled":"default","ast-page-background-meta":{"desktop":{"background-color":"","background-image":"","background-repeat":"repeat","background-position":"center center","background-size":"auto","background-attachment":"scroll","background-type":"","background-media":"","overlay-type":"","overlay-color":"","overlay-opacity":"","overlay-gradient":""},"tablet":{"background-color":"","background-image":"","background-repeat":"repeat","background-position":"center center","background-size":"auto","background-attachment":"scroll","background-type":"","background-media":"","overlay-type":"","overlay-color":"","overlay-opacity":"","overlay-gradient":""},"mobile":{"background-color":"","background-image":"","background-repeat":"repeat","background-position":"center center","background-size":"auto","background-attachment":"scroll","background-type":"","background-media":"","overlay-type":"","overlay-color":"","overlay-opacity":"","overlay-gradient":""}},"ast-content-background-meta":{"desktop":{"background-color":"var(--ast-global-color-5)","background-image":"","background-repeat":"repeat","background-position":"center center","background-size":"auto","background-attachment":"scroll","background-type":"","background-media":"","overlay-type":"","overlay-color":"","overlay-opacity":"","overlay-gradient":""},"tablet":{"background-color":"var(--ast-global-color-5)","background-image":"","background-repeat":"repeat","background-position":"center center","background-size":"auto","background-attachment":"scroll","background-type":"","background-media":"","overlay-type":"","overlay-color":"","overlay-opacity":"","overlay-gradient":""},"mobile":{"background-color":"var(--ast-global-color-5)","background-image":"","background-repeat":"repeat","background-position":"center center","background-size":"auto","background-attachment":"scroll","background-type":"","background-media":"","overlay-type":"","overlay-color":"","overlay-opacity":"","overlay-gradient":""}}},"product_brand":[442],"product_cat":[72,112,50],"product_tag":[],"class_list":{"0":"post-16702","1":"product","2":"type-product","3":"status-publish","4":"has-post-thumbnail","6":"product_brand-velilla","7":"product_cat-hosteleria","8":"product_cat-pantalones-hosteleria","9":"product_cat-ropa-profesional","10":"desktop-align-center","11":"tablet-align-left","12":"mobile-align-left","14":"first","15":"outofstock","16":"taxable","17":"shipping-taxable","18":"purchasable","19":"product-type-variable","20":"has-default-attributes"},"_links":{"self":[{"href":"https:\/\/combi-pro.com\/fr\/wp-json\/wp\/v2\/product\/16702","targetHints":{"allow":["GET"]}}],"collection":[{"href":"https:\/\/combi-pro.com\/fr\/wp-json\/wp\/v2\/product"}],"about":[{"href":"https:\/\/combi-pro.com\/fr\/wp-json\/wp\/v2\/types\/product"}],"wp:featuredmedia":[{"embeddable":true,"href":"https:\/\/combi-pro.com\/fr\/wp-json\/wp\/v2\/media\/16703"}],"wp:attachment":[{"href":"https:\/\/combi-pro.com\/fr\/wp-json\/wp\/v2\/media?parent=16702"}],"wp:term":[{"taxonomy":"product_brand","embeddable":true,"href":"https:\/\/combi-pro.com\/fr\/wp-json\/wp\/v2\/product_brand?post=16702"},{"taxonomy":"product_cat","embeddable":true,"href":"https:\/\/combi-pro.com\/fr\/wp-json\/wp\/v2\/product_cat?post=16702"},{"taxonomy":"product_tag","embeddable":true,"href":"https:\/\/combi-pro.com\/fr\/wp-json\/wp\/v2\/product_tag?post=16702"}],"curies":[{"name":"wp","href":"https:\/\/api.w.org\/{rel}","templated":true}]}}