{"id":16711,"date":"2025-05-19T14:00:51","date_gmt":"2025-05-19T12:00:51","guid":{"rendered":"https:\/\/combi-pro.com\/?post_type=product&#038;p=16711"},"modified":"2026-04-13T20:49:18","modified_gmt":"2026-04-13T18:49:18","slug":"pantalon-chino-skinny-extensible-pour-femmes-403003s-velilla","status":"publish","type":"product","link":"https:\/\/combi-pro.com\/fr\/boutique\/pantalon-chino-skinny-extensible-pour-femmes-403003s-velilla\/","title":{"rendered":"Pantalon chino stretch femme 403003S | VELILLA"},"content":{"rendered":"<p class=\"\" data-start=\"350\" data-end=\"379\"><strong data-start=\"350\" data-end=\"379\">Caract\u00e9ristiques techniques :<\/strong><\/p>\n<ul>\n<li data-start=\"383\" data-end=\"417\">Coupe \u00e9troite et moulante\u201c<\/li>\n<li data-start=\"420\" data-end=\"459\">Fermeture centrale \u00e0 glissi\u00e8re et bouton<\/li>\n<li data-start=\"462\" data-end=\"492\">Coutures de s\u00e9curit\u00e9 \u00e0 l'arri\u00e8re<\/li>\n<li data-start=\"495\" data-end=\"512\">\u00c9triers arri\u00e8re<\/li>\n<li data-start=\"515\" data-end=\"532\">Tissu extensible<\/li>\n<li data-start=\"535\" data-end=\"608\">Cinq poches : 1 poche montre, 2 poches fran\u00e7aises et 2 poches passepoil\u00e9es au dos avec fermetures \u00e0 boutons<\/li>\n<\/ul>\n<p class=\"\" data-start=\"610\" data-end=\"622\"><strong data-start=\"610\" data-end=\"622\">Tissus :<\/strong><\/p>\n<ul>\n<li data-start=\"624\" data-end=\"687\">Stretch - 46 % coton \/ 38 % EME \/ 16 % polyester \/ 240 g\/m\u00b2.<\/li>\n<\/ul>\n<p class=\"\" data-start=\"689\" data-end=\"707\"><strong data-start=\"689\" data-end=\"698\">Gamme : <\/strong>Chambre<\/p>\n<p class=\"\" data-start=\"709\" data-end=\"734\"><strong data-start=\"709\" data-end=\"734\">Recommandation d'utilisation :<\/strong><\/p>\n<ul>\n<li data-start=\"736\" data-end=\"884\">Id\u00e9al pour les professionnels des secteurs de l'h\u00f4tellerie, de la vente au d\u00e9tail ou du service \u00e0 la client\u00e8le qui souhaitent un pantalon confortable et ajust\u00e9 au look moderne et soign\u00e9.<\/li>\n<\/ul>","protected":false},"excerpt":{"rendered":"<p class=\"\" data-start=\"223\" data-end=\"348\">Pantalon pour femmes \u00e0 la coupe moderne et \u00e9lastique, id\u00e9al pour celles qui recherchent confort, style et \u00e9l\u00e9gance sur le lieu de travail.<\/p>\n<p data-start=\"223\" data-end=\"348\"><img decoding=\"async\" class=\"alignnone wp-image-15240\" src=\"https:\/\/combi-pro.com\/wp-content\/uploads\/2025\/04\/icon-stretch.png\" alt=\"\" width=\"99\" height=\"40\" srcset=\"https:\/\/combi-pro.com\/wp-content\/uploads\/2025\/04\/icon-stretch.png 228w, https:\/\/combi-pro.com\/wp-content\/uploads\/2025\/04\/icon-stretch-64x26.png 64w, https:\/\/combi-pro.com\/wp-content\/uploads\/2025\/04\/icon-stretch-18x7.png 18w\" sizes=\"(max-width: 99px) 100vw, 99px\" \/> <img decoding=\"async\" class=\"alignnone wp-image-15212\" src=\"https:\/\/combi-pro.com\/wp-content\/uploads\/2025\/04\/icon-skinny.png\" alt=\"\" width=\"40\" height=\"40\" srcset=\"https:\/\/combi-pro.com\/wp-content\/uploads\/2025\/04\/icon-skinny.png 134w, https:\/\/combi-pro.com\/wp-content\/uploads\/2025\/04\/icon-skinny-100x100.png 100w, https:\/\/combi-pro.com\/wp-content\/uploads\/2025\/04\/icon-skinny-64x64.png 64w, https:\/\/combi-pro.com\/wp-content\/uploads\/2025\/04\/icon-skinny-12x12.png 12w\" sizes=\"(max-width: 40px) 100vw, 40px\" \/><\/p>\n<p data-start=\"223\" data-end=\"348\"><a href=\"https:\/\/combi-pro.com\/wp-content\/uploads\/2025\/04\/Guide-de-taille-Velilla_Partes-Superiores-y-Batas-Homme.jpg\">guide des tailles<\/a><\/p>\n<p class=\"\" data-start=\"350\" data-end=\"379\">","protected":false},"featured_media":16717,"template":"","meta":{"site-sidebar-layout":"default","site-content-layout":"","ast-site-content-layout":"default","site-content-style":"default","site-sidebar-style":"default","ast-global-header-display":"","ast-banner-title-visibility":"","ast-main-header-display":"","ast-hfb-above-header-display":"","ast-hfb-below-header-display":"","ast-hfb-mobile-header-display":"","site-post-title":"","ast-breadcrumbs-content":"","ast-featured-img":"","footer-sml-layout":"","ast-disable-related-posts":"","theme-transparent-header-meta":"default","adv-header-id-meta":"","stick-header-meta":"","header-above-stick-meta":"","header-main-stick-meta":"","header-below-stick-meta":"","astra-migrate-meta-layouts":"set","ast-page-background-enabled":"default","ast-page-background-meta":{"desktop":{"background-color":"","background-image":"","background-repeat":"repeat","background-position":"center center","background-size":"auto","background-attachment":"scroll","background-type":"","background-media":"","overlay-type":"","overlay-color":"","overlay-opacity":"","overlay-gradient":""},"tablet":{"background-color":"","background-image":"","background-repeat":"repeat","background-position":"center center","background-size":"auto","background-attachment":"scroll","background-type":"","background-media":"","overlay-type":"","overlay-color":"","overlay-opacity":"","overlay-gradient":""},"mobile":{"background-color":"","background-image":"","background-repeat":"repeat","background-position":"center center","background-size":"auto","background-attachment":"scroll","background-type":"","background-media":"","overlay-type":"","overlay-color":"","overlay-opacity":"","overlay-gradient":""}},"ast-content-background-meta":{"desktop":{"background-color":"var(--ast-global-color-5)","background-image":"","background-repeat":"repeat","background-position":"center center","background-size":"auto","background-attachment":"scroll","background-type":"","background-media":"","overlay-type":"","overlay-color":"","overlay-opacity":"","overlay-gradient":""},"tablet":{"background-color":"var(--ast-global-color-5)","background-image":"","background-repeat":"repeat","background-position":"center center","background-size":"auto","background-attachment":"scroll","background-type":"","background-media":"","overlay-type":"","overlay-color":"","overlay-opacity":"","overlay-gradient":""},"mobile":{"background-color":"var(--ast-global-color-5)","background-image":"","background-repeat":"repeat","background-position":"center center","background-size":"auto","background-attachment":"scroll","background-type":"","background-media":"","overlay-type":"","overlay-color":"","overlay-opacity":"","overlay-gradient":""}}},"product_brand":[442],"product_cat":[72,112,50],"product_tag":[],"class_list":{"0":"post-16711","1":"product","2":"type-product","3":"status-publish","4":"has-post-thumbnail","6":"product_brand-velilla","7":"product_cat-hosteleria","8":"product_cat-pantalones-hosteleria","9":"product_cat-ropa-profesional","10":"desktop-align-center","11":"tablet-align-left","12":"mobile-align-left","14":"first","15":"instock","16":"taxable","17":"shipping-taxable","18":"purchasable","19":"product-type-variable","20":"has-default-attributes"},"_links":{"self":[{"href":"https:\/\/combi-pro.com\/fr\/wp-json\/wp\/v2\/product\/16711","targetHints":{"allow":["GET"]}}],"collection":[{"href":"https:\/\/combi-pro.com\/fr\/wp-json\/wp\/v2\/product"}],"about":[{"href":"https:\/\/combi-pro.com\/fr\/wp-json\/wp\/v2\/types\/product"}],"wp:featuredmedia":[{"embeddable":true,"href":"https:\/\/combi-pro.com\/fr\/wp-json\/wp\/v2\/media\/16717"}],"wp:attachment":[{"href":"https:\/\/combi-pro.com\/fr\/wp-json\/wp\/v2\/media?parent=16711"}],"wp:term":[{"taxonomy":"product_brand","embeddable":true,"href":"https:\/\/combi-pro.com\/fr\/wp-json\/wp\/v2\/product_brand?post=16711"},{"taxonomy":"product_cat","embeddable":true,"href":"https:\/\/combi-pro.com\/fr\/wp-json\/wp\/v2\/product_cat?post=16711"},{"taxonomy":"product_tag","embeddable":true,"href":"https:\/\/combi-pro.com\/fr\/wp-json\/wp\/v2\/product_tag?post=16711"}],"curies":[{"name":"wp","href":"https:\/\/api.w.org\/{rel}","templated":true}]}}