{"id":16719,"date":"2025-05-19T14:07:11","date_gmt":"2025-05-19T12:07:11","guid":{"rendered":"https:\/\/combi-pro.com\/?post_type=product&#038;p=16719"},"modified":"2026-04-13T20:49:21","modified_gmt":"2026-04-13T18:49:21","slug":"pantalon-en-popeline-legere-avec-bandes-403006-velilla","status":"publish","type":"product","link":"https:\/\/combi-pro.com\/fr\/boutique\/pantalon-en-popeline-legere-avec-bandes-403006-velilla\/","title":{"rendered":"Pantalon en popeline avec rubans l\u00e9gers 403006 | VELILLA"},"content":{"rendered":"<p class=\"\" data-start=\"376\" data-end=\"405\"><strong data-start=\"376\" data-end=\"405\">Caract\u00e9ristiques techniques :<\/strong><\/p>\n<ul>\n<li>\u00a0Taille \u00e9lastiqu\u00e9e<\/li>\n<li>R\u00e9glable avec des sangles<\/li>\n<li>Trois poches : 2 poches fran\u00e7aises et 1 poche arri\u00e8re plaqu\u00e9e<\/li>\n<\/ul>\n<p><strong data-start=\"521\" data-end=\"533\">Tissus :<\/strong><\/p>\n<ul>\n<li data-start=\"535\" data-end=\"587\">Popeline - 65 % polyester \/ 35 % coton \/ 110 g\/m\u00b2.<\/li>\n<\/ul>\n<p class=\"\" data-start=\"589\" data-end=\"609\"><strong data-start=\"589\" data-end=\"598\">Gamme : <\/strong>Cuisine<\/p>\n<p class=\"\" data-start=\"611\" data-end=\"636\"><strong data-start=\"611\" data-end=\"636\">Recommandation d'utilisation :<\/strong><\/p>\n<ul>\n<li data-start=\"638\" data-end=\"778\">Id\u00e9al pour les cuisiniers et le personnel de cuisine qui ont besoin d'un v\u00eatement frais, l\u00e9ger et ajustable, parfait pour les environnements chauds et exigeants.<\/li>\n<\/ul>","protected":false},"excerpt":{"rendered":"<p class=\"\" data-start=\"258\" data-end=\"374\">Pantalon confortable et l\u00e9ger con\u00e7u pour assurer la libert\u00e9 de mouvement et la fra\u00eecheur pendant les longues journ\u00e9es en cuisine.<\/p>\n<p><a href=\"https:\/\/combi-pro.com\/wp-content\/uploads\/2025\/04\/Guide-de-taille-Velilla_Partes-Superiores-y-Batas-Homme.jpg\">guide des tailles<\/a><\/p>","protected":false},"featured_media":16725,"template":"","meta":{"site-sidebar-layout":"default","site-content-layout":"","ast-site-content-layout":"default","site-content-style":"default","site-sidebar-style":"default","ast-global-header-display":"","ast-banner-title-visibility":"","ast-main-header-display":"","ast-hfb-above-header-display":"","ast-hfb-below-header-display":"","ast-hfb-mobile-header-display":"","site-post-title":"","ast-breadcrumbs-content":"","ast-featured-img":"","footer-sml-layout":"","ast-disable-related-posts":"","theme-transparent-header-meta":"default","adv-header-id-meta":"","stick-header-meta":"","header-above-stick-meta":"","header-main-stick-meta":"","header-below-stick-meta":"","astra-migrate-meta-layouts":"set","ast-page-background-enabled":"default","ast-page-background-meta":{"desktop":{"background-color":"","background-image":"","background-repeat":"repeat","background-position":"center center","background-size":"auto","background-attachment":"scroll","background-type":"","background-media":"","overlay-type":"","overlay-color":"","overlay-opacity":"","overlay-gradient":""},"tablet":{"background-color":"","background-image":"","background-repeat":"repeat","background-position":"center center","background-size":"auto","background-attachment":"scroll","background-type":"","background-media":"","overlay-type":"","overlay-color":"","overlay-opacity":"","overlay-gradient":""},"mobile":{"background-color":"","background-image":"","background-repeat":"repeat","background-position":"center center","background-size":"auto","background-attachment":"scroll","background-type":"","background-media":"","overlay-type":"","overlay-color":"","overlay-opacity":"","overlay-gradient":""}},"ast-content-background-meta":{"desktop":{"background-color":"var(--ast-global-color-5)","background-image":"","background-repeat":"repeat","background-position":"center center","background-size":"auto","background-attachment":"scroll","background-type":"","background-media":"","overlay-type":"","overlay-color":"","overlay-opacity":"","overlay-gradient":""},"tablet":{"background-color":"var(--ast-global-color-5)","background-image":"","background-repeat":"repeat","background-position":"center center","background-size":"auto","background-attachment":"scroll","background-type":"","background-media":"","overlay-type":"","overlay-color":"","overlay-opacity":"","overlay-gradient":""},"mobile":{"background-color":"var(--ast-global-color-5)","background-image":"","background-repeat":"repeat","background-position":"center center","background-size":"auto","background-attachment":"scroll","background-type":"","background-media":"","overlay-type":"","overlay-color":"","overlay-opacity":"","overlay-gradient":""}}},"product_brand":[442],"product_cat":[72,112,50],"product_tag":[],"class_list":{"0":"post-16719","1":"product","2":"type-product","3":"status-publish","4":"has-post-thumbnail","6":"product_brand-velilla","7":"product_cat-hosteleria","8":"product_cat-pantalones-hosteleria","9":"product_cat-ropa-profesional","10":"desktop-align-center","11":"tablet-align-left","12":"mobile-align-left","14":"first","15":"instock","16":"taxable","17":"shipping-taxable","18":"purchasable","19":"product-type-variable"},"_links":{"self":[{"href":"https:\/\/combi-pro.com\/fr\/wp-json\/wp\/v2\/product\/16719","targetHints":{"allow":["GET"]}}],"collection":[{"href":"https:\/\/combi-pro.com\/fr\/wp-json\/wp\/v2\/product"}],"about":[{"href":"https:\/\/combi-pro.com\/fr\/wp-json\/wp\/v2\/types\/product"}],"wp:featuredmedia":[{"embeddable":true,"href":"https:\/\/combi-pro.com\/fr\/wp-json\/wp\/v2\/media\/16725"}],"wp:attachment":[{"href":"https:\/\/combi-pro.com\/fr\/wp-json\/wp\/v2\/media?parent=16719"}],"wp:term":[{"taxonomy":"product_brand","embeddable":true,"href":"https:\/\/combi-pro.com\/fr\/wp-json\/wp\/v2\/product_brand?post=16719"},{"taxonomy":"product_cat","embeddable":true,"href":"https:\/\/combi-pro.com\/fr\/wp-json\/wp\/v2\/product_cat?post=16719"},{"taxonomy":"product_tag","embeddable":true,"href":"https:\/\/combi-pro.com\/fr\/wp-json\/wp\/v2\/product_tag?post=16719"}],"curies":[{"name":"wp","href":"https:\/\/api.w.org\/{rel}","templated":true}]}}