{"id":16742,"date":"2025-05-19T14:31:46","date_gmt":"2025-05-19T12:31:46","guid":{"rendered":"https:\/\/combi-pro.com\/?post_type=product&#038;p=16742"},"modified":"2026-04-13T20:49:36","modified_gmt":"2026-04-13T18:49:36","slug":"pantalon-chino-stretch-unisexe-403010s-velilla","status":"publish","type":"product","link":"https:\/\/combi-pro.com\/fr\/boutique\/pantalon-chino-stretch-unisexe-403010s-velilla\/","title":{"rendered":"Pantalon chino stretch unisexe 403010S | VELILLA"},"content":{"rendered":"<p class=\"\" data-start=\"390\" data-end=\"419\"><strong data-start=\"390\" data-end=\"419\">Caract\u00e9ristiques techniques :<\/strong><\/p>\n<ul>\n<li data-start=\"423\" data-end=\"462\">Fermeture centrale \u00e0 glissi\u00e8re et bouton<\/li>\n<li data-start=\"465\" data-end=\"493\">Double couture de s\u00e9curit\u00e9<\/li>\n<li data-start=\"496\" data-end=\"513\">\u00c9triers arri\u00e8re<\/li>\n<li data-start=\"516\" data-end=\"529\">Toucher doux<\/li>\n<li data-start=\"532\" data-end=\"550\">Cinq poches :<\/li>\n<li data-start=\"555\" data-end=\"578\">2 poches fran\u00e7aises<\/li>\n<li data-start=\"583\" data-end=\"604\">1 pochette de montre<\/li>\n<li data-start=\"609\" data-end=\"649\">2 poches passepoil\u00e9es au dos avec bouton<\/li>\n<\/ul>\n<p class=\"\" data-start=\"651\" data-end=\"663\"><strong data-start=\"651\" data-end=\"663\">Tissus :<\/strong><\/p>\n<ul>\n<li data-start=\"665\" data-end=\"715\">Stretch - 98 % coton \/ 2 % \u00e9lasthanne \/ 260 g\/m\u00b2.<\/li>\n<\/ul>\n<p class=\"\" data-start=\"717\" data-end=\"735\"><strong data-start=\"717\" data-end=\"726\">Gamme : <\/strong>Chambre<\/p>\n<p class=\"\" data-start=\"737\" data-end=\"762\"><strong data-start=\"737\" data-end=\"762\">Recommandation d'utilisation :<\/strong><\/p>\n<ul>\n<li data-start=\"764\" data-end=\"905\">Id\u00e9al pour les professionnels du service \u00e0 la client\u00e8le, de l'h\u00f4tellerie ou de la vente au d\u00e9tail \u00e0 la recherche d'un v\u00eatement \u00e0 la coupe moderne, confortable et \u00e0 la finition soign\u00e9e.<\/li>\n<\/ul>","protected":false},"excerpt":{"rendered":"<p>Pantalon moderne, confortable et polyvalent en tissu extensible, con\u00e7u pour le style et la fonctionnalit\u00e9 dans l'environnement professionnel quotidien.<\/p>\n<p><img decoding=\"async\" class=\"alignnone wp-image-15240\" src=\"https:\/\/combi-pro.com\/wp-content\/uploads\/2025\/04\/icon-stretch.png\" alt=\"\" width=\"99\" height=\"40\" srcset=\"https:\/\/combi-pro.com\/wp-content\/uploads\/2025\/04\/icon-stretch.png 228w, https:\/\/combi-pro.com\/wp-content\/uploads\/2025\/04\/icon-stretch-64x26.png 64w, https:\/\/combi-pro.com\/wp-content\/uploads\/2025\/04\/icon-stretch-18x7.png 18w\" sizes=\"(max-width: 99px) 100vw, 99px\" \/><\/p>\n<p><a href=\"https:\/\/combi-pro.com\/wp-content\/uploads\/2025\/04\/Guide-de-taille-Velilla_Partes-Superiores-y-Batas-Homme.jpg\">guide des tailles<\/a><\/p>","protected":false},"featured_media":16752,"template":"","meta":{"site-sidebar-layout":"default","site-content-layout":"","ast-site-content-layout":"default","site-content-style":"default","site-sidebar-style":"default","ast-global-header-display":"","ast-banner-title-visibility":"","ast-main-header-display":"","ast-hfb-above-header-display":"","ast-hfb-below-header-display":"","ast-hfb-mobile-header-display":"","site-post-title":"","ast-breadcrumbs-content":"","ast-featured-img":"","footer-sml-layout":"","ast-disable-related-posts":"","theme-transparent-header-meta":"default","adv-header-id-meta":"","stick-header-meta":"","header-above-stick-meta":"","header-main-stick-meta":"","header-below-stick-meta":"","astra-migrate-meta-layouts":"set","ast-page-background-enabled":"default","ast-page-background-meta":{"desktop":{"background-color":"","background-image":"","background-repeat":"repeat","background-position":"center center","background-size":"auto","background-attachment":"scroll","background-type":"","background-media":"","overlay-type":"","overlay-color":"","overlay-opacity":"","overlay-gradient":""},"tablet":{"background-color":"","background-image":"","background-repeat":"repeat","background-position":"center center","background-size":"auto","background-attachment":"scroll","background-type":"","background-media":"","overlay-type":"","overlay-color":"","overlay-opacity":"","overlay-gradient":""},"mobile":{"background-color":"","background-image":"","background-repeat":"repeat","background-position":"center center","background-size":"auto","background-attachment":"scroll","background-type":"","background-media":"","overlay-type":"","overlay-color":"","overlay-opacity":"","overlay-gradient":""}},"ast-content-background-meta":{"desktop":{"background-color":"var(--ast-global-color-5)","background-image":"","background-repeat":"repeat","background-position":"center center","background-size":"auto","background-attachment":"scroll","background-type":"","background-media":"","overlay-type":"","overlay-color":"","overlay-opacity":"","overlay-gradient":""},"tablet":{"background-color":"var(--ast-global-color-5)","background-image":"","background-repeat":"repeat","background-position":"center center","background-size":"auto","background-attachment":"scroll","background-type":"","background-media":"","overlay-type":"","overlay-color":"","overlay-opacity":"","overlay-gradient":""},"mobile":{"background-color":"var(--ast-global-color-5)","background-image":"","background-repeat":"repeat","background-position":"center center","background-size":"auto","background-attachment":"scroll","background-type":"","background-media":"","overlay-type":"","overlay-color":"","overlay-opacity":"","overlay-gradient":""}}},"product_brand":[442],"product_cat":[72,112,50],"product_tag":[],"class_list":{"0":"post-16742","1":"product","2":"type-product","3":"status-publish","4":"has-post-thumbnail","6":"product_brand-velilla","7":"product_cat-hosteleria","8":"product_cat-pantalones-hosteleria","9":"product_cat-ropa-profesional","10":"desktop-align-center","11":"tablet-align-left","12":"mobile-align-left","14":"first","15":"instock","16":"taxable","17":"shipping-taxable","18":"purchasable","19":"product-type-variable","20":"has-default-attributes"},"_links":{"self":[{"href":"https:\/\/combi-pro.com\/fr\/wp-json\/wp\/v2\/product\/16742","targetHints":{"allow":["GET"]}}],"collection":[{"href":"https:\/\/combi-pro.com\/fr\/wp-json\/wp\/v2\/product"}],"about":[{"href":"https:\/\/combi-pro.com\/fr\/wp-json\/wp\/v2\/types\/product"}],"wp:featuredmedia":[{"embeddable":true,"href":"https:\/\/combi-pro.com\/fr\/wp-json\/wp\/v2\/media\/16752"}],"wp:attachment":[{"href":"https:\/\/combi-pro.com\/fr\/wp-json\/wp\/v2\/media?parent=16742"}],"wp:term":[{"taxonomy":"product_brand","embeddable":true,"href":"https:\/\/combi-pro.com\/fr\/wp-json\/wp\/v2\/product_brand?post=16742"},{"taxonomy":"product_cat","embeddable":true,"href":"https:\/\/combi-pro.com\/fr\/wp-json\/wp\/v2\/product_cat?post=16742"},{"taxonomy":"product_tag","embeddable":true,"href":"https:\/\/combi-pro.com\/fr\/wp-json\/wp\/v2\/product_tag?post=16742"}],"curies":[{"name":"wp","href":"https:\/\/api.w.org\/{rel}","templated":true}]}}