{"id":16776,"date":"2025-05-19T15:09:52","date_gmt":"2025-05-19T13:09:52","guid":{"rendered":"https:\/\/combi-pro.com\/?post_type=product&#038;p=16776"},"modified":"2026-04-13T20:49:58","modified_gmt":"2026-04-13T18:49:58","slug":"pantalon-chino-stretch-pour-femmes-403012s-velilla","status":"publish","type":"product","link":"https:\/\/combi-pro.com\/fr\/boutique\/pantalon-chino-stretch-pour-femmes-403012s-velilla\/","title":{"rendered":"Pantalon chino stretch pour femme 403012S | VELILLA"},"content":{"rendered":"<p class=\"\" data-start=\"387\" data-end=\"416\"><strong data-start=\"387\" data-end=\"416\">Caract\u00e9ristiques techniques :<\/strong><\/p>\n<ul>\n<li data-start=\"420\" data-end=\"459\">Fermeture centrale \u00e0 glissi\u00e8re et bouton<\/li>\n<li data-start=\"462\" data-end=\"490\">Double couture de s\u00e9curit\u00e9<\/li>\n<li data-start=\"493\" data-end=\"510\">\u00c9triers arri\u00e8re<\/li>\n<li data-start=\"513\" data-end=\"526\">Toucher doux<\/li>\n<li data-start=\"529\" data-end=\"547\">Cinq poches :<\/li>\n<li data-start=\"552\" data-end=\"575\">2 poches fran\u00e7aises<\/li>\n<li data-start=\"580\" data-end=\"601\">1 pochette de montre<\/li>\n<li data-start=\"606\" data-end=\"646\">2 poches passepoil\u00e9es au dos avec bouton<\/li>\n<\/ul>\n<p class=\"\" data-start=\"648\" data-end=\"660\"><strong data-start=\"648\" data-end=\"660\">Tissus :<\/strong><\/p>\n<ul>\n<li data-start=\"662\" data-end=\"712\">Stretch - 98 % coton \/ 2 % \u00e9lasthanne \/ 260 g\/m\u00b2.<\/li>\n<\/ul>\n<p class=\"\" data-start=\"714\" data-end=\"732\"><strong data-start=\"714\" data-end=\"723\">Gamme : <\/strong>Chambre<\/p>\n<p class=\"\" data-start=\"734\" data-end=\"759\"><strong data-start=\"734\" data-end=\"759\">Recommandation d'utilisation :<\/strong><\/p>\n<ul>\n<li data-start=\"761\" data-end=\"905\">Id\u00e9al pour les professionnels de l'h\u00f4tellerie, de la vente au d\u00e9tail ou du service \u00e0 la client\u00e8le qui souhaitent un v\u00eatement fonctionnel et confortable avec une coupe f\u00e9minine moderne.<\/li>\n<\/ul>","protected":false},"excerpt":{"rendered":"<p class=\"\" data-start=\"253\" data-end=\"385\">Pantalon f\u00e9minin et \u00e9lastique \u00e0 la coupe moderne, con\u00e7u pour offrir \u00e9l\u00e9gance, confort et mobilit\u00e9 dans l'environnement professionnel quotidien.<\/p>\n<p><img decoding=\"async\" class=\"alignnone wp-image-15240\" src=\"https:\/\/combi-pro.com\/wp-content\/uploads\/2025\/04\/icon-stretch.png\" alt=\"\" width=\"99\" height=\"40\" srcset=\"https:\/\/combi-pro.com\/wp-content\/uploads\/2025\/04\/icon-stretch.png 228w, https:\/\/combi-pro.com\/wp-content\/uploads\/2025\/04\/icon-stretch-64x26.png 64w, https:\/\/combi-pro.com\/wp-content\/uploads\/2025\/04\/icon-stretch-18x7.png 18w\" sizes=\"(max-width: 99px) 100vw, 99px\" \/><\/p>\n<p><a href=\"https:\/\/combi-pro.com\/wp-content\/uploads\/2025\/04\/Guide-de-taille-Velilla_Partes-Superiores-y-Batas-Homme.jpg\">guide des tailles<\/a><\/p>","protected":false},"featured_media":16787,"template":"","meta":{"site-sidebar-layout":"default","site-content-layout":"","ast-site-content-layout":"default","site-content-style":"default","site-sidebar-style":"default","ast-global-header-display":"","ast-banner-title-visibility":"","ast-main-header-display":"","ast-hfb-above-header-display":"","ast-hfb-below-header-display":"","ast-hfb-mobile-header-display":"","site-post-title":"","ast-breadcrumbs-content":"","ast-featured-img":"","footer-sml-layout":"","ast-disable-related-posts":"","theme-transparent-header-meta":"default","adv-header-id-meta":"","stick-header-meta":"","header-above-stick-meta":"","header-main-stick-meta":"","header-below-stick-meta":"","astra-migrate-meta-layouts":"set","ast-page-background-enabled":"default","ast-page-background-meta":{"desktop":{"background-color":"","background-image":"","background-repeat":"repeat","background-position":"center center","background-size":"auto","background-attachment":"scroll","background-type":"","background-media":"","overlay-type":"","overlay-color":"","overlay-opacity":"","overlay-gradient":""},"tablet":{"background-color":"","background-image":"","background-repeat":"repeat","background-position":"center center","background-size":"auto","background-attachment":"scroll","background-type":"","background-media":"","overlay-type":"","overlay-color":"","overlay-opacity":"","overlay-gradient":""},"mobile":{"background-color":"","background-image":"","background-repeat":"repeat","background-position":"center center","background-size":"auto","background-attachment":"scroll","background-type":"","background-media":"","overlay-type":"","overlay-color":"","overlay-opacity":"","overlay-gradient":""}},"ast-content-background-meta":{"desktop":{"background-color":"var(--ast-global-color-5)","background-image":"","background-repeat":"repeat","background-position":"center center","background-size":"auto","background-attachment":"scroll","background-type":"","background-media":"","overlay-type":"","overlay-color":"","overlay-opacity":"","overlay-gradient":""},"tablet":{"background-color":"var(--ast-global-color-5)","background-image":"","background-repeat":"repeat","background-position":"center center","background-size":"auto","background-attachment":"scroll","background-type":"","background-media":"","overlay-type":"","overlay-color":"","overlay-opacity":"","overlay-gradient":""},"mobile":{"background-color":"var(--ast-global-color-5)","background-image":"","background-repeat":"repeat","background-position":"center center","background-size":"auto","background-attachment":"scroll","background-type":"","background-media":"","overlay-type":"","overlay-color":"","overlay-opacity":"","overlay-gradient":""}}},"product_brand":[442],"product_cat":[72,112,50],"product_tag":[],"class_list":{"0":"post-16776","1":"product","2":"type-product","3":"status-publish","4":"has-post-thumbnail","6":"product_brand-velilla","7":"product_cat-hosteleria","8":"product_cat-pantalones-hosteleria","9":"product_cat-ropa-profesional","10":"desktop-align-center","11":"tablet-align-left","12":"mobile-align-left","14":"first","15":"instock","16":"taxable","17":"shipping-taxable","18":"purchasable","19":"product-type-variable","20":"has-default-attributes"},"_links":{"self":[{"href":"https:\/\/combi-pro.com\/fr\/wp-json\/wp\/v2\/product\/16776","targetHints":{"allow":["GET"]}}],"collection":[{"href":"https:\/\/combi-pro.com\/fr\/wp-json\/wp\/v2\/product"}],"about":[{"href":"https:\/\/combi-pro.com\/fr\/wp-json\/wp\/v2\/types\/product"}],"wp:featuredmedia":[{"embeddable":true,"href":"https:\/\/combi-pro.com\/fr\/wp-json\/wp\/v2\/media\/16787"}],"wp:attachment":[{"href":"https:\/\/combi-pro.com\/fr\/wp-json\/wp\/v2\/media?parent=16776"}],"wp:term":[{"taxonomy":"product_brand","embeddable":true,"href":"https:\/\/combi-pro.com\/fr\/wp-json\/wp\/v2\/product_brand?post=16776"},{"taxonomy":"product_cat","embeddable":true,"href":"https:\/\/combi-pro.com\/fr\/wp-json\/wp\/v2\/product_cat?post=16776"},{"taxonomy":"product_tag","embeddable":true,"href":"https:\/\/combi-pro.com\/fr\/wp-json\/wp\/v2\/product_tag?post=16776"}],"curies":[{"name":"wp","href":"https:\/\/api.w.org\/{rel}","templated":true}]}}