{"id":16794,"date":"2025-05-19T15:20:09","date_gmt":"2025-05-19T13:20:09","guid":{"rendered":"https:\/\/combi-pro.com\/?post_type=product&#038;p=16794"},"modified":"2026-05-02T20:17:25","modified_gmt":"2026-05-02T18:17:25","slug":"bermuda-chino-stretch-femme-403013s-velilla","status":"publish","type":"product","link":"https:\/\/combi-pro.com\/fr\/boutique\/bermuda-chino-stretch-femme-403013s-velilla\/","title":{"rendered":"Bermuda chino stretch femme 403013S | VELILLA"},"content":{"rendered":"<p class=\"\" data-start=\"355\" data-end=\"384\"><strong data-start=\"355\" data-end=\"384\">Caract\u00e9ristiques techniques :<\/strong><\/p>\n<ul>\n<li data-start=\"388\" data-end=\"427\">Fermeture centrale \u00e0 glissi\u00e8re et bouton<\/li>\n<li data-start=\"430\" data-end=\"458\">Double couture de s\u00e9curit\u00e9<\/li>\n<li data-start=\"461\" data-end=\"478\">\u00c9triers arri\u00e8re<\/li>\n<li data-start=\"481\" data-end=\"502\">Bordure ourl\u00e9e<\/li>\n<li data-start=\"505\" data-end=\"518\">Toucher doux<\/li>\n<li data-start=\"521\" data-end=\"539\">Cinq poches :<\/li>\n<li data-start=\"544\" data-end=\"567\">2 poches fran\u00e7aises<\/li>\n<li data-start=\"572\" data-end=\"593\">1 pochette de montre<\/li>\n<li data-start=\"598\" data-end=\"638\">2 poches passepoil\u00e9es au dos avec bouton<\/li>\n<\/ul>\n<p class=\"\" data-start=\"640\" data-end=\"652\"><strong data-start=\"640\" data-end=\"652\">Tissus :<\/strong><\/p>\n<ul>\n<li data-start=\"654\" data-end=\"704\">Stretch - 98 % coton \/ 2 % \u00e9lasthanne \/ 260 g\/m\u00b2.<\/li>\n<\/ul>\n<p class=\"\" data-start=\"706\" data-end=\"724\"><strong data-start=\"706\" data-end=\"715\">Gamme : <\/strong>Chambre<\/p>\n<p class=\"\" data-start=\"726\" data-end=\"751\"><strong data-start=\"726\" data-end=\"751\">Recommandation d'utilisation :<\/strong><\/p>\n<ul>\n<li data-start=\"753\" data-end=\"895\">Parfait pour les travailleurs du secteur tertiaire ou commercial \u00e0 la recherche d'un v\u00eatement fonctionnel et frais avec une coupe f\u00e9minine \u00e9l\u00e9gante et confortable.<\/li>\n<\/ul>","protected":false},"excerpt":{"rendered":"<p>Bermuda frais et confortable pour femmes, id\u00e9al pour le style et la libert\u00e9 de mouvement pendant les journ\u00e9es de travail par temps chaud.<\/p>\n<p><a href=\"https:\/\/combi-pro.com\/wp-content\/uploads\/2025\/04\/Guide-de-taille-Velilla_Partes-Superiores-y-Batas-Homme.jpg\">guide des tailles<\/a><\/p>","protected":false},"featured_media":16804,"template":"","meta":{"site-sidebar-layout":"default","site-content-layout":"","ast-site-content-layout":"default","site-content-style":"default","site-sidebar-style":"default","ast-global-header-display":"","ast-banner-title-visibility":"","ast-main-header-display":"","ast-hfb-above-header-display":"","ast-hfb-below-header-display":"","ast-hfb-mobile-header-display":"","site-post-title":"","ast-breadcrumbs-content":"","ast-featured-img":"","footer-sml-layout":"","ast-disable-related-posts":"","theme-transparent-header-meta":"default","adv-header-id-meta":"","stick-header-meta":"","header-above-stick-meta":"","header-main-stick-meta":"","header-below-stick-meta":"","astra-migrate-meta-layouts":"set","ast-page-background-enabled":"default","ast-page-background-meta":{"desktop":{"background-color":"","background-image":"","background-repeat":"repeat","background-position":"center center","background-size":"auto","background-attachment":"scroll","background-type":"","background-media":"","overlay-type":"","overlay-color":"","overlay-opacity":"","overlay-gradient":""},"tablet":{"background-color":"","background-image":"","background-repeat":"repeat","background-position":"center center","background-size":"auto","background-attachment":"scroll","background-type":"","background-media":"","overlay-type":"","overlay-color":"","overlay-opacity":"","overlay-gradient":""},"mobile":{"background-color":"","background-image":"","background-repeat":"repeat","background-position":"center center","background-size":"auto","background-attachment":"scroll","background-type":"","background-media":"","overlay-type":"","overlay-color":"","overlay-opacity":"","overlay-gradient":""}},"ast-content-background-meta":{"desktop":{"background-color":"var(--ast-global-color-5)","background-image":"","background-repeat":"repeat","background-position":"center center","background-size":"auto","background-attachment":"scroll","background-type":"","background-media":"","overlay-type":"","overlay-color":"","overlay-opacity":"","overlay-gradient":""},"tablet":{"background-color":"var(--ast-global-color-5)","background-image":"","background-repeat":"repeat","background-position":"center center","background-size":"auto","background-attachment":"scroll","background-type":"","background-media":"","overlay-type":"","overlay-color":"","overlay-opacity":"","overlay-gradient":""},"mobile":{"background-color":"var(--ast-global-color-5)","background-image":"","background-repeat":"repeat","background-position":"center center","background-size":"auto","background-attachment":"scroll","background-type":"","background-media":"","overlay-type":"","overlay-color":"","overlay-opacity":"","overlay-gradient":""}}},"product_brand":[442],"product_cat":[525,72,341,112,50],"product_tag":[],"class_list":{"0":"post-16794","1":"product","2":"type-product","3":"status-publish","4":"has-post-thumbnail","6":"product_brand-velilla","7":"product_cat-bermudas-hosteleria","8":"product_cat-hosteleria","9":"product_cat-outlet","10":"product_cat-pantalones-hosteleria","11":"product_cat-ropa-profesional","12":"desktop-align-center","13":"tablet-align-left","14":"mobile-align-left","16":"first","17":"instock","18":"sale","19":"taxable","20":"shipping-taxable","21":"purchasable","22":"product-type-variable","23":"has-default-attributes"},"_links":{"self":[{"href":"https:\/\/combi-pro.com\/fr\/wp-json\/wp\/v2\/product\/16794","targetHints":{"allow":["GET"]}}],"collection":[{"href":"https:\/\/combi-pro.com\/fr\/wp-json\/wp\/v2\/product"}],"about":[{"href":"https:\/\/combi-pro.com\/fr\/wp-json\/wp\/v2\/types\/product"}],"wp:featuredmedia":[{"embeddable":true,"href":"https:\/\/combi-pro.com\/fr\/wp-json\/wp\/v2\/media\/16804"}],"wp:attachment":[{"href":"https:\/\/combi-pro.com\/fr\/wp-json\/wp\/v2\/media?parent=16794"}],"wp:term":[{"taxonomy":"product_brand","embeddable":true,"href":"https:\/\/combi-pro.com\/fr\/wp-json\/wp\/v2\/product_brand?post=16794"},{"taxonomy":"product_cat","embeddable":true,"href":"https:\/\/combi-pro.com\/fr\/wp-json\/wp\/v2\/product_cat?post=16794"},{"taxonomy":"product_tag","embeddable":true,"href":"https:\/\/combi-pro.com\/fr\/wp-json\/wp\/v2\/product_tag?post=16794"}],"curies":[{"name":"wp","href":"https:\/\/api.w.org\/{rel}","templated":true}]}}