{"id":17013,"date":"2025-05-21T11:21:53","date_gmt":"2025-05-21T09:21:53","guid":{"rendered":"https:\/\/combi-pro.com\/?post_type=product&#038;p=17013"},"modified":"2026-04-13T20:50:25","modified_gmt":"2026-04-13T18:50:25","slug":"salopette-en-coton-sans-poche-11-velilla","status":"publish","type":"product","link":"https:\/\/combi-pro.com\/fr\/boutique\/salopette-en-coton-sans-poche-11-velilla\/","title":{"rendered":"Salopette en coton sans poche 11 | VELILLA"},"content":{"rendered":"<p class=\"\" data-start=\"366\" data-end=\"395\"><strong data-start=\"366\" data-end=\"395\">Caract\u00e9ristiques techniques :<\/strong><\/p>\n<ul>\n<li data-start=\"399\" data-end=\"430\">Rubans de fil\u00e9 sur les cols<\/li>\n<li data-start=\"433\" data-end=\"463\">Sangles pour ajuster le v\u00eatement<\/li>\n<li data-start=\"466\" data-end=\"480\">Sans pochette<\/li>\n<\/ul>\n<p class=\"\" data-start=\"482\" data-end=\"494\"><strong data-start=\"482\" data-end=\"494\">Tissus :<\/strong><\/p>\n<ul>\n<li data-start=\"496\" data-end=\"530\">A plat - 100 coton % \/ 180 g\/m\u00b2.<\/li>\n<\/ul>\n<p class=\"\" data-start=\"561\" data-end=\"586\"><strong data-start=\"561\" data-end=\"586\">Recommandation d'utilisation :<\/strong><\/p>\n<ul>\n<li data-start=\"588\" data-end=\"731\">Recommand\u00e9 pour les cuisines, les services ou les ateliers qui ont besoin d'un v\u00eatement simple, frais et r\u00e9sistant, sans \u00e9l\u00e9ments suppl\u00e9mentaires ni poches.<\/li>\n<\/ul>","protected":false},"excerpt":{"rendered":"<p>Tablier basique en coton naturel, confortable et l\u00e9ger, id\u00e9al pour les t\u00e2ches professionnelles qui requi\u00e8rent fra\u00eecheur et libert\u00e9 de mouvement.<\/p>\n<p><img decoding=\"async\" class=\"alignnone wp-image-17014\" src=\"https:\/\/combi-pro.com\/wp-content\/uploads\/2025\/05\/100-COTTON_0.png\" alt=\"\" width=\"116\" height=\"40\" srcset=\"https:\/\/combi-pro.com\/wp-content\/uploads\/2025\/05\/100-COTTON_0.png 116w, https:\/\/combi-pro.com\/wp-content\/uploads\/2025\/05\/100-COTTON_0-18x6.png 18w, https:\/\/combi-pro.com\/wp-content\/uploads\/2025\/05\/100-COTTON_0-64x22.png 64w\" sizes=\"(max-width: 116px) 100vw, 116px\" \/><\/p>\n<p><a href=\"https:\/\/combi-pro.com\/wp-content\/uploads\/2025\/04\/Guide-de-taille-Velilla_Partes-Superiores-y-Batas-Homme.jpg\">guide des tailles<\/a><\/p>","protected":false},"featured_media":17015,"template":"","meta":{"site-sidebar-layout":"default","site-content-layout":"","ast-site-content-layout":"default","site-content-style":"default","site-sidebar-style":"default","ast-global-header-display":"","ast-banner-title-visibility":"","ast-main-header-display":"","ast-hfb-above-header-display":"","ast-hfb-below-header-display":"","ast-hfb-mobile-header-display":"","site-post-title":"","ast-breadcrumbs-content":"","ast-featured-img":"","footer-sml-layout":"","ast-disable-related-posts":"","theme-transparent-header-meta":"default","adv-header-id-meta":"","stick-header-meta":"","header-above-stick-meta":"","header-main-stick-meta":"","header-below-stick-meta":"","astra-migrate-meta-layouts":"set","ast-page-background-enabled":"default","ast-page-background-meta":{"desktop":{"background-color":"","background-image":"","background-repeat":"repeat","background-position":"center center","background-size":"auto","background-attachment":"scroll","background-type":"","background-media":"","overlay-type":"","overlay-color":"","overlay-opacity":"","overlay-gradient":""},"tablet":{"background-color":"","background-image":"","background-repeat":"repeat","background-position":"center center","background-size":"auto","background-attachment":"scroll","background-type":"","background-media":"","overlay-type":"","overlay-color":"","overlay-opacity":"","overlay-gradient":""},"mobile":{"background-color":"","background-image":"","background-repeat":"repeat","background-position":"center center","background-size":"auto","background-attachment":"scroll","background-type":"","background-media":"","overlay-type":"","overlay-color":"","overlay-opacity":"","overlay-gradient":""}},"ast-content-background-meta":{"desktop":{"background-color":"var(--ast-global-color-5)","background-image":"","background-repeat":"repeat","background-position":"center center","background-size":"auto","background-attachment":"scroll","background-type":"","background-media":"","overlay-type":"","overlay-color":"","overlay-opacity":"","overlay-gradient":""},"tablet":{"background-color":"var(--ast-global-color-5)","background-image":"","background-repeat":"repeat","background-position":"center center","background-size":"auto","background-attachment":"scroll","background-type":"","background-media":"","overlay-type":"","overlay-color":"","overlay-opacity":"","overlay-gradient":""},"mobile":{"background-color":"var(--ast-global-color-5)","background-image":"","background-repeat":"repeat","background-position":"center center","background-size":"auto","background-attachment":"scroll","background-type":"","background-media":"","overlay-type":"","overlay-color":"","overlay-opacity":"","overlay-gradient":""}}},"product_brand":[442],"product_cat":[114,72,50],"product_tag":[],"class_list":{"0":"post-17013","1":"product","2":"type-product","3":"status-publish","4":"has-post-thumbnail","6":"product_brand-velilla","7":"product_cat-delantal-hosteleria","8":"product_cat-hosteleria","9":"product_cat-ropa-profesional","10":"desktop-align-center","11":"tablet-align-left","12":"mobile-align-left","14":"first","15":"outofstock","16":"taxable","17":"shipping-taxable","18":"purchasable","19":"product-type-variable"},"_links":{"self":[{"href":"https:\/\/combi-pro.com\/fr\/wp-json\/wp\/v2\/product\/17013","targetHints":{"allow":["GET"]}}],"collection":[{"href":"https:\/\/combi-pro.com\/fr\/wp-json\/wp\/v2\/product"}],"about":[{"href":"https:\/\/combi-pro.com\/fr\/wp-json\/wp\/v2\/types\/product"}],"wp:featuredmedia":[{"embeddable":true,"href":"https:\/\/combi-pro.com\/fr\/wp-json\/wp\/v2\/media\/17015"}],"wp:attachment":[{"href":"https:\/\/combi-pro.com\/fr\/wp-json\/wp\/v2\/media?parent=17013"}],"wp:term":[{"taxonomy":"product_brand","embeddable":true,"href":"https:\/\/combi-pro.com\/fr\/wp-json\/wp\/v2\/product_brand?post=17013"},{"taxonomy":"product_cat","embeddable":true,"href":"https:\/\/combi-pro.com\/fr\/wp-json\/wp\/v2\/product_cat?post=17013"},{"taxonomy":"product_tag","embeddable":true,"href":"https:\/\/combi-pro.com\/fr\/wp-json\/wp\/v2\/product_tag?post=17013"}],"curies":[{"name":"wp","href":"https:\/\/api.w.org\/{rel}","templated":true}]}}