{"id":17280,"date":"2025-05-21T15:04:49","date_gmt":"2025-05-21T13:04:49","guid":{"rendered":"https:\/\/combi-pro.com\/?post_type=product&#038;p=17280"},"modified":"2026-04-13T20:51:03","modified_gmt":"2026-04-13T18:51:03","slug":"tablier-long-avec-fente-et-poches-404209-velilla","status":"publish","type":"product","link":"https:\/\/combi-pro.com\/fr\/boutique\/tablier-long-avec-fente-et-poches-404209-velilla\/","title":{"rendered":"Tablier long avec fente et poches 404209 | VELILLA"},"content":{"rendered":"<p class=\"\" data-start=\"445\" data-end=\"474\"><strong data-start=\"445\" data-end=\"474\">Caract\u00e9ristiques techniques :<\/strong><\/p>\n<ul>\n<li data-start=\"478\" data-end=\"528\">Deux sangles aux extr\u00e9mit\u00e9s pour resserrer le v\u00eatement<\/li>\n<li data-start=\"531\" data-end=\"549\">Ouverture centrale<\/li>\n<li data-start=\"552\" data-end=\"577\">Deux poches lat\u00e9rales<\/li>\n<li data-start=\"580\" data-end=\"606\">Disponible en 25 couleurs<\/li>\n<\/ul>\n<p class=\"\" data-start=\"608\" data-end=\"620\"><strong data-start=\"608\" data-end=\"620\">Tissus :<\/strong><\/p>\n<ul>\n<li data-start=\"622\" data-end=\"672\">Twill - 65 % polyester \/ 35 % coton \/ 190 g\/m\u00b2.<\/li>\n<\/ul>\n<p class=\"\" data-start=\"706\" data-end=\"731\"><strong data-start=\"706\" data-end=\"731\">Recommandation d'utilisation :<\/strong><\/p>\n<ul>\n<li data-start=\"733\" data-end=\"889\">Id\u00e9al pour les serveurs, les vendeurs ou le personnel d'accueil qui ont besoin d'un v\u00eatement long, confortable et fonctionnel offrant une grande libert\u00e9 de mouvement et des rangements utiles.<\/li>\n<\/ul>","protected":false},"excerpt":{"rendered":"<p class=\"\" data-start=\"291\" data-end=\"443\">Tablier long avec ouverture frontale pour faciliter les mouvements et poches lat\u00e9rales, con\u00e7u pour les professionnels recherchant fonctionnalit\u00e9 et confort.<\/p>\n<p>&nbsp;<\/p>","protected":false},"featured_media":17298,"template":"","meta":{"site-sidebar-layout":"default","site-content-layout":"","ast-site-content-layout":"default","site-content-style":"default","site-sidebar-style":"default","ast-global-header-display":"","ast-banner-title-visibility":"","ast-main-header-display":"","ast-hfb-above-header-display":"","ast-hfb-below-header-display":"","ast-hfb-mobile-header-display":"","site-post-title":"","ast-breadcrumbs-content":"","ast-featured-img":"","footer-sml-layout":"","ast-disable-related-posts":"","theme-transparent-header-meta":"default","adv-header-id-meta":"","stick-header-meta":"","header-above-stick-meta":"","header-main-stick-meta":"","header-below-stick-meta":"","astra-migrate-meta-layouts":"set","ast-page-background-enabled":"default","ast-page-background-meta":{"desktop":{"background-color":"","background-image":"","background-repeat":"repeat","background-position":"center center","background-size":"auto","background-attachment":"scroll","background-type":"","background-media":"","overlay-type":"","overlay-color":"","overlay-opacity":"","overlay-gradient":""},"tablet":{"background-color":"","background-image":"","background-repeat":"repeat","background-position":"center center","background-size":"auto","background-attachment":"scroll","background-type":"","background-media":"","overlay-type":"","overlay-color":"","overlay-opacity":"","overlay-gradient":""},"mobile":{"background-color":"","background-image":"","background-repeat":"repeat","background-position":"center center","background-size":"auto","background-attachment":"scroll","background-type":"","background-media":"","overlay-type":"","overlay-color":"","overlay-opacity":"","overlay-gradient":""}},"ast-content-background-meta":{"desktop":{"background-color":"var(--ast-global-color-5)","background-image":"","background-repeat":"repeat","background-position":"center center","background-size":"auto","background-attachment":"scroll","background-type":"","background-media":"","overlay-type":"","overlay-color":"","overlay-opacity":"","overlay-gradient":""},"tablet":{"background-color":"var(--ast-global-color-5)","background-image":"","background-repeat":"repeat","background-position":"center center","background-size":"auto","background-attachment":"scroll","background-type":"","background-media":"","overlay-type":"","overlay-color":"","overlay-opacity":"","overlay-gradient":""},"mobile":{"background-color":"var(--ast-global-color-5)","background-image":"","background-repeat":"repeat","background-position":"center center","background-size":"auto","background-attachment":"scroll","background-type":"","background-media":"","overlay-type":"","overlay-color":"","overlay-opacity":"","overlay-gradient":""}}},"product_brand":[442],"product_cat":[114,72,50],"product_tag":[],"class_list":{"0":"post-17280","1":"product","2":"type-product","3":"status-publish","4":"has-post-thumbnail","6":"product_brand-velilla","7":"product_cat-delantal-hosteleria","8":"product_cat-hosteleria","9":"product_cat-ropa-profesional","10":"desktop-align-center","11":"tablet-align-left","12":"mobile-align-left","14":"first","15":"instock","16":"taxable","17":"shipping-taxable","18":"purchasable","19":"product-type-variable","20":"has-default-attributes"},"_links":{"self":[{"href":"https:\/\/combi-pro.com\/fr\/wp-json\/wp\/v2\/product\/17280","targetHints":{"allow":["GET"]}}],"collection":[{"href":"https:\/\/combi-pro.com\/fr\/wp-json\/wp\/v2\/product"}],"about":[{"href":"https:\/\/combi-pro.com\/fr\/wp-json\/wp\/v2\/types\/product"}],"wp:featuredmedia":[{"embeddable":true,"href":"https:\/\/combi-pro.com\/fr\/wp-json\/wp\/v2\/media\/17298"}],"wp:attachment":[{"href":"https:\/\/combi-pro.com\/fr\/wp-json\/wp\/v2\/media?parent=17280"}],"wp:term":[{"taxonomy":"product_brand","embeddable":true,"href":"https:\/\/combi-pro.com\/fr\/wp-json\/wp\/v2\/product_brand?post=17280"},{"taxonomy":"product_cat","embeddable":true,"href":"https:\/\/combi-pro.com\/fr\/wp-json\/wp\/v2\/product_cat?post=17280"},{"taxonomy":"product_tag","embeddable":true,"href":"https:\/\/combi-pro.com\/fr\/wp-json\/wp\/v2\/product_tag?post=17280"}],"curies":[{"name":"wp","href":"https:\/\/api.w.org\/{rel}","templated":true}]}}