{"id":17331,"date":"2025-05-21T15:13:33","date_gmt":"2025-05-21T13:13:33","guid":{"rendered":"https:\/\/combi-pro.com\/?post_type=product&#038;p=17331"},"modified":"2026-04-13T20:51:08","modified_gmt":"2026-04-13T18:51:08","slug":"salopette-en-toile-bicolore-tablier-404211b-velilla","status":"publish","type":"product","link":"https:\/\/combi-pro.com\/fr\/boutique\/salopette-en-toile-bicolore-tablier-404211b-velilla\/","title":{"rendered":"Tablier \u00e0 bavette en toile bicolore 404211B | VELILLA"},"content":{"rendered":"<p class=\"\" data-start=\"405\" data-end=\"434\"><strong data-start=\"405\" data-end=\"434\">Caract\u00e9ristiques techniques :<\/strong><\/p>\n<ul>\n<li data-start=\"438\" data-end=\"501\">Bretelles de r\u00e9glage de la bande de coton \u00e0 chevrons contrast\u00e9s<\/li>\n<li data-start=\"504\" data-end=\"521\">Dos crois\u00e9<\/li>\n<li data-start=\"524\" data-end=\"549\">Rivets style Denim<\/li>\n<li data-start=\"552\" data-end=\"571\">Quatre poches :<\/li>\n<li data-start=\"576\" data-end=\"639\">1 double poche poitrine avec compartiment \u00e0 stylos<\/li>\n<li data-start=\"644\" data-end=\"668\">2 poches inf\u00e9rieures<\/li>\n<\/ul>\n<p class=\"\" data-start=\"670\" data-end=\"682\"><strong data-start=\"670\" data-end=\"682\">Tissus :<\/strong><\/p>\n<ul>\n<li data-start=\"684\" data-end=\"735\">Toile - 65 % polyester \/ 35 % coton \/ 320 g\/m\u00b2.<\/li>\n<\/ul>\n<p class=\"\" data-start=\"737\" data-end=\"767\"><strong style=\"font-size: 16px;\" data-start=\"769\" data-end=\"794\">Recommandation d'utilisation :<\/strong><\/p>\n<ul>\n<li data-start=\"796\" data-end=\"940\">Parfait pour les baristas, les barmen, les \u00e9piceries fines ou les d\u00e9taillants \u00e0 la recherche d'un aspect professionnel avec une touche artisanale, durable et \u00e9l\u00e9gante.<\/li>\n<\/ul>","protected":false},"excerpt":{"rendered":"<p>Tablier robuste et moderne avec dos crois\u00e9 et d\u00e9tails contrast\u00e9s, id\u00e9al pour se d\u00e9marquer dans les environnements professionnels avec style et fonctionnalit\u00e9.<\/p>\n<p>&nbsp;<\/p>","protected":false},"featured_media":17338,"template":"","meta":{"site-sidebar-layout":"default","site-content-layout":"","ast-site-content-layout":"default","site-content-style":"default","site-sidebar-style":"default","ast-global-header-display":"","ast-banner-title-visibility":"","ast-main-header-display":"","ast-hfb-above-header-display":"","ast-hfb-below-header-display":"","ast-hfb-mobile-header-display":"","site-post-title":"","ast-breadcrumbs-content":"","ast-featured-img":"","footer-sml-layout":"","ast-disable-related-posts":"","theme-transparent-header-meta":"default","adv-header-id-meta":"","stick-header-meta":"","header-above-stick-meta":"","header-main-stick-meta":"","header-below-stick-meta":"","astra-migrate-meta-layouts":"set","ast-page-background-enabled":"default","ast-page-background-meta":{"desktop":{"background-color":"","background-image":"","background-repeat":"repeat","background-position":"center center","background-size":"auto","background-attachment":"scroll","background-type":"","background-media":"","overlay-type":"","overlay-color":"","overlay-opacity":"","overlay-gradient":""},"tablet":{"background-color":"","background-image":"","background-repeat":"repeat","background-position":"center center","background-size":"auto","background-attachment":"scroll","background-type":"","background-media":"","overlay-type":"","overlay-color":"","overlay-opacity":"","overlay-gradient":""},"mobile":{"background-color":"","background-image":"","background-repeat":"repeat","background-position":"center center","background-size":"auto","background-attachment":"scroll","background-type":"","background-media":"","overlay-type":"","overlay-color":"","overlay-opacity":"","overlay-gradient":""}},"ast-content-background-meta":{"desktop":{"background-color":"var(--ast-global-color-5)","background-image":"","background-repeat":"repeat","background-position":"center center","background-size":"auto","background-attachment":"scroll","background-type":"","background-media":"","overlay-type":"","overlay-color":"","overlay-opacity":"","overlay-gradient":""},"tablet":{"background-color":"var(--ast-global-color-5)","background-image":"","background-repeat":"repeat","background-position":"center center","background-size":"auto","background-attachment":"scroll","background-type":"","background-media":"","overlay-type":"","overlay-color":"","overlay-opacity":"","overlay-gradient":""},"mobile":{"background-color":"var(--ast-global-color-5)","background-image":"","background-repeat":"repeat","background-position":"center center","background-size":"auto","background-attachment":"scroll","background-type":"","background-media":"","overlay-type":"","overlay-color":"","overlay-opacity":"","overlay-gradient":""}}},"product_brand":[442],"product_cat":[114,72,50],"product_tag":[],"class_list":{"0":"post-17331","1":"product","2":"type-product","3":"status-publish","4":"has-post-thumbnail","6":"product_brand-velilla","7":"product_cat-delantal-hosteleria","8":"product_cat-hosteleria","9":"product_cat-ropa-profesional","10":"desktop-align-center","11":"tablet-align-left","12":"mobile-align-left","14":"first","15":"instock","16":"taxable","17":"shipping-taxable","18":"purchasable","19":"product-type-variable","20":"has-default-attributes"},"_links":{"self":[{"href":"https:\/\/combi-pro.com\/fr\/wp-json\/wp\/v2\/product\/17331","targetHints":{"allow":["GET"]}}],"collection":[{"href":"https:\/\/combi-pro.com\/fr\/wp-json\/wp\/v2\/product"}],"about":[{"href":"https:\/\/combi-pro.com\/fr\/wp-json\/wp\/v2\/types\/product"}],"wp:featuredmedia":[{"embeddable":true,"href":"https:\/\/combi-pro.com\/fr\/wp-json\/wp\/v2\/media\/17338"}],"wp:attachment":[{"href":"https:\/\/combi-pro.com\/fr\/wp-json\/wp\/v2\/media?parent=17331"}],"wp:term":[{"taxonomy":"product_brand","embeddable":true,"href":"https:\/\/combi-pro.com\/fr\/wp-json\/wp\/v2\/product_brand?post=17331"},{"taxonomy":"product_cat","embeddable":true,"href":"https:\/\/combi-pro.com\/fr\/wp-json\/wp\/v2\/product_cat?post=17331"},{"taxonomy":"product_tag","embeddable":true,"href":"https:\/\/combi-pro.com\/fr\/wp-json\/wp\/v2\/product_tag?post=17331"}],"curies":[{"name":"wp","href":"https:\/\/api.w.org\/{rel}","templated":true}]}}