{"id":17339,"date":"2025-05-21T15:23:13","date_gmt":"2025-05-21T13:23:13","guid":{"rendered":"https:\/\/combi-pro.com\/?post_type=product&#038;p=17339"},"modified":"2026-04-13T20:51:06","modified_gmt":"2026-04-13T18:51:06","slug":"tablier-sommelier-bavette-et-bretelle-404213-velilla","status":"publish","type":"product","link":"https:\/\/combi-pro.com\/fr\/boutique\/tablier-sommelier-bavette-et-bretelle-404213-velilla\/","title":{"rendered":"Sommelier tablier salopette boutonn\u00e9e 404213 | VELILLA"},"content":{"rendered":"<p class=\"\" data-start=\"415\" data-end=\"444\"><strong data-start=\"415\" data-end=\"444\">Caract\u00e9ristiques techniques :<\/strong><\/p>\n<ul>\n<li data-start=\"448\" data-end=\"504\">Courroie de cou r\u00e9glable avec boutons (deux positions)<\/li>\n<li data-start=\"507\" data-end=\"557\">Deux sangles aux extr\u00e9mit\u00e9s pour resserrer le v\u00eatement<\/li>\n<li data-start=\"560\" data-end=\"587\">Tissu facile \u00e0 repasser<\/li>\n<li data-start=\"590\" data-end=\"607\">Trois poches :<\/li>\n<li data-start=\"612\" data-end=\"636\">1 poche poitrine<\/li>\n<li data-start=\"641\" data-end=\"665\">2 poches inf\u00e9rieures<\/li>\n<\/ul>\n<p class=\"\" data-start=\"667\" data-end=\"679\"><strong data-start=\"667\" data-end=\"679\">Tissus :<\/strong><\/p>\n<ul>\n<li data-start=\"681\" data-end=\"717\">Plat - 100 % polyester \/ 160 g\/m\u00b2.<\/li>\n<\/ul>\n<p class=\"\" data-start=\"751\" data-end=\"776\"><strong data-start=\"751\" data-end=\"776\">Recommandation d'utilisation :<\/strong><\/p>\n<ul>\n<li data-start=\"778\" data-end=\"916\">Parfait pour les sommeliers, les serveurs, les serveuses ou les professionnels du service qui ont besoin d'un v\u00eatement pratique, \u00e9l\u00e9gant et facile \u00e0 entretenir.<\/li>\n<\/ul>","protected":false},"excerpt":{"rendered":"<p class=\"\" data-start=\"263\" data-end=\"413\">Tablier \u00e9l\u00e9gant et fonctionnel avec col r\u00e9glable et trois poches, id\u00e9al pour les sommeliers et les professionnels qui recherchent le confort et une apparence impeccable.<\/p>\n<p>&nbsp;<\/p>","protected":false},"featured_media":17347,"template":"","meta":{"site-sidebar-layout":"default","site-content-layout":"","ast-site-content-layout":"default","site-content-style":"default","site-sidebar-style":"default","ast-global-header-display":"","ast-banner-title-visibility":"","ast-main-header-display":"","ast-hfb-above-header-display":"","ast-hfb-below-header-display":"","ast-hfb-mobile-header-display":"","site-post-title":"","ast-breadcrumbs-content":"","ast-featured-img":"","footer-sml-layout":"","ast-disable-related-posts":"","theme-transparent-header-meta":"default","adv-header-id-meta":"","stick-header-meta":"","header-above-stick-meta":"","header-main-stick-meta":"","header-below-stick-meta":"","astra-migrate-meta-layouts":"set","ast-page-background-enabled":"default","ast-page-background-meta":{"desktop":{"background-color":"","background-image":"","background-repeat":"repeat","background-position":"center center","background-size":"auto","background-attachment":"scroll","background-type":"","background-media":"","overlay-type":"","overlay-color":"","overlay-opacity":"","overlay-gradient":""},"tablet":{"background-color":"","background-image":"","background-repeat":"repeat","background-position":"center center","background-size":"auto","background-attachment":"scroll","background-type":"","background-media":"","overlay-type":"","overlay-color":"","overlay-opacity":"","overlay-gradient":""},"mobile":{"background-color":"","background-image":"","background-repeat":"repeat","background-position":"center center","background-size":"auto","background-attachment":"scroll","background-type":"","background-media":"","overlay-type":"","overlay-color":"","overlay-opacity":"","overlay-gradient":""}},"ast-content-background-meta":{"desktop":{"background-color":"var(--ast-global-color-5)","background-image":"","background-repeat":"repeat","background-position":"center center","background-size":"auto","background-attachment":"scroll","background-type":"","background-media":"","overlay-type":"","overlay-color":"","overlay-opacity":"","overlay-gradient":""},"tablet":{"background-color":"var(--ast-global-color-5)","background-image":"","background-repeat":"repeat","background-position":"center center","background-size":"auto","background-attachment":"scroll","background-type":"","background-media":"","overlay-type":"","overlay-color":"","overlay-opacity":"","overlay-gradient":""},"mobile":{"background-color":"var(--ast-global-color-5)","background-image":"","background-repeat":"repeat","background-position":"center center","background-size":"auto","background-attachment":"scroll","background-type":"","background-media":"","overlay-type":"","overlay-color":"","overlay-opacity":"","overlay-gradient":""}}},"product_brand":[442],"product_cat":[114,72,50],"product_tag":[],"class_list":{"0":"post-17339","1":"product","2":"type-product","3":"status-publish","4":"has-post-thumbnail","6":"product_brand-velilla","7":"product_cat-delantal-hosteleria","8":"product_cat-hosteleria","9":"product_cat-ropa-profesional","10":"desktop-align-center","11":"tablet-align-left","12":"mobile-align-left","14":"first","15":"instock","16":"taxable","17":"shipping-taxable","18":"purchasable","19":"product-type-variable","20":"has-default-attributes"},"_links":{"self":[{"href":"https:\/\/combi-pro.com\/fr\/wp-json\/wp\/v2\/product\/17339","targetHints":{"allow":["GET"]}}],"collection":[{"href":"https:\/\/combi-pro.com\/fr\/wp-json\/wp\/v2\/product"}],"about":[{"href":"https:\/\/combi-pro.com\/fr\/wp-json\/wp\/v2\/types\/product"}],"wp:featuredmedia":[{"embeddable":true,"href":"https:\/\/combi-pro.com\/fr\/wp-json\/wp\/v2\/media\/17347"}],"wp:attachment":[{"href":"https:\/\/combi-pro.com\/fr\/wp-json\/wp\/v2\/media?parent=17339"}],"wp:term":[{"taxonomy":"product_brand","embeddable":true,"href":"https:\/\/combi-pro.com\/fr\/wp-json\/wp\/v2\/product_brand?post=17339"},{"taxonomy":"product_cat","embeddable":true,"href":"https:\/\/combi-pro.com\/fr\/wp-json\/wp\/v2\/product_cat?post=17339"},{"taxonomy":"product_tag","embeddable":true,"href":"https:\/\/combi-pro.com\/fr\/wp-json\/wp\/v2\/product_tag?post=17339"}],"curies":[{"name":"wp","href":"https:\/\/api.w.org\/{rel}","templated":true}]}}