{"id":17375,"date":"2025-05-21T15:48:10","date_gmt":"2025-05-21T13:48:10","guid":{"rendered":"https:\/\/combi-pro.com\/?post_type=product&#038;p=17375"},"modified":"2025-12-03T17:07:53","modified_gmt":"2025-12-03T16:07:53","slug":"tablier-a-bavette-pvc-impermeable-7-velilla","status":"publish","type":"product","link":"https:\/\/combi-pro.com\/fr\/boutique\/tablier-a-bavette-pvc-impermeable-7-velilla\/","title":{"rendered":"Tablier \u00e0 bavette en PVC imperm\u00e9able 7 | VELILLA"},"content":{"rendered":"<p class=\"\" data-start=\"420\" data-end=\"449\"><strong data-start=\"420\" data-end=\"449\">Caract\u00e9ristiques techniques :<\/strong><\/p>\n<ul>\n<li data-start=\"453\" data-end=\"503\">Deux sangles aux extr\u00e9mit\u00e9s pour resserrer le v\u00eatement<\/li>\n<li data-start=\"506\" data-end=\"547\">Boucle d'ajustement de la sangle de cou<\/li>\n<li data-start=\"550\" data-end=\"563\">Taille unique<\/li>\n<li data-start=\"566\" data-end=\"596\">Disponible en plusieurs couleurs<\/li>\n<\/ul>\n<p class=\"\" data-start=\"598\" data-end=\"610\"><strong data-start=\"598\" data-end=\"610\">Tissus :<\/strong><\/p>\n<ul>\n<li data-start=\"612\" data-end=\"656\">PVC - 80 % PVC \/ 20 % polyester \/ 470 g\/m\u00b2.<\/li>\n<\/ul>\n<p class=\"\" data-start=\"690\" data-end=\"715\"><strong data-start=\"690\" data-end=\"715\">Recommandation d'utilisation :<\/strong><\/p>\n<ul>\n<li data-start=\"717\" data-end=\"857\">Parfait pour l'industrie alimentaire, le nettoyage ou le travail avec des liquides o\u00f9 une barri\u00e8re solide, durable et facile \u00e0 nettoyer est n\u00e9cessaire.<\/li>\n<\/ul>","protected":false},"excerpt":{"rendered":"<p class=\"\" data-start=\"263\" data-end=\"418\">Tablier robuste et imperm\u00e9able, id\u00e9al pour les t\u00e2ches n\u00e9cessitant une protection totale contre les liquides et les agents ext\u00e9rieurs dans des environnements professionnels exigeants.<\/p>\n<p>&nbsp;<\/p>","protected":false},"featured_media":17376,"template":"","meta":{"site-sidebar-layout":"default","site-content-layout":"","ast-site-content-layout":"default","site-content-style":"default","site-sidebar-style":"default","ast-global-header-display":"","ast-banner-title-visibility":"","ast-main-header-display":"","ast-hfb-above-header-display":"","ast-hfb-below-header-display":"","ast-hfb-mobile-header-display":"","site-post-title":"","ast-breadcrumbs-content":"","ast-featured-img":"","footer-sml-layout":"","ast-disable-related-posts":"","theme-transparent-header-meta":"default","adv-header-id-meta":"","stick-header-meta":"","header-above-stick-meta":"","header-main-stick-meta":"","header-below-stick-meta":"","astra-migrate-meta-layouts":"set","ast-page-background-enabled":"default","ast-page-background-meta":{"desktop":{"background-color":"","background-image":"","background-repeat":"repeat","background-position":"center center","background-size":"auto","background-attachment":"scroll","background-type":"","background-media":"","overlay-type":"","overlay-color":"","overlay-opacity":"","overlay-gradient":""},"tablet":{"background-color":"","background-image":"","background-repeat":"repeat","background-position":"center center","background-size":"auto","background-attachment":"scroll","background-type":"","background-media":"","overlay-type":"","overlay-color":"","overlay-opacity":"","overlay-gradient":""},"mobile":{"background-color":"","background-image":"","background-repeat":"repeat","background-position":"center center","background-size":"auto","background-attachment":"scroll","background-type":"","background-media":"","overlay-type":"","overlay-color":"","overlay-opacity":"","overlay-gradient":""}},"ast-content-background-meta":{"desktop":{"background-color":"var(--ast-global-color-5)","background-image":"","background-repeat":"repeat","background-position":"center center","background-size":"auto","background-attachment":"scroll","background-type":"","background-media":"","overlay-type":"","overlay-color":"","overlay-opacity":"","overlay-gradient":""},"tablet":{"background-color":"var(--ast-global-color-5)","background-image":"","background-repeat":"repeat","background-position":"center center","background-size":"auto","background-attachment":"scroll","background-type":"","background-media":"","overlay-type":"","overlay-color":"","overlay-opacity":"","overlay-gradient":""},"mobile":{"background-color":"var(--ast-global-color-5)","background-image":"","background-repeat":"repeat","background-position":"center center","background-size":"auto","background-attachment":"scroll","background-type":"","background-media":"","overlay-type":"","overlay-color":"","overlay-opacity":"","overlay-gradient":""}}},"product_brand":[442],"product_cat":[114,72,50],"product_tag":[],"class_list":{"0":"post-17375","1":"product","2":"type-product","3":"status-publish","4":"has-post-thumbnail","6":"product_brand-velilla","7":"product_cat-delantal-hosteleria","8":"product_cat-hosteleria","9":"product_cat-ropa-profesional","10":"desktop-align-center","11":"tablet-align-left","12":"mobile-align-left","14":"first","15":"instock","16":"taxable","17":"shipping-taxable","18":"purchasable","19":"product-type-variable"},"_links":{"self":[{"href":"https:\/\/combi-pro.com\/fr\/wp-json\/wp\/v2\/product\/17375","targetHints":{"allow":["GET"]}}],"collection":[{"href":"https:\/\/combi-pro.com\/fr\/wp-json\/wp\/v2\/product"}],"about":[{"href":"https:\/\/combi-pro.com\/fr\/wp-json\/wp\/v2\/types\/product"}],"wp:featuredmedia":[{"embeddable":true,"href":"https:\/\/combi-pro.com\/fr\/wp-json\/wp\/v2\/media\/17376"}],"wp:attachment":[{"href":"https:\/\/combi-pro.com\/fr\/wp-json\/wp\/v2\/media?parent=17375"}],"wp:term":[{"taxonomy":"product_brand","embeddable":true,"href":"https:\/\/combi-pro.com\/fr\/wp-json\/wp\/v2\/product_brand?post=17375"},{"taxonomy":"product_cat","embeddable":true,"href":"https:\/\/combi-pro.com\/fr\/wp-json\/wp\/v2\/product_cat?post=17375"},{"taxonomy":"product_tag","embeddable":true,"href":"https:\/\/combi-pro.com\/fr\/wp-json\/wp\/v2\/product_tag?post=17375"}],"curies":[{"name":"wp","href":"https:\/\/api.w.org\/{rel}","templated":true}]}}